{"id":44924,"date":"2024-12-07T09:17:36","date_gmt":"2024-12-07T08:17:36","guid":{"rendered":"https:\/\/librairie7l.com\/?post_type=product&#038;p=44924"},"modified":"2026-04-17T04:26:09","modified_gmt":"2026-04-17T02:26:09","slug":"tapis-dartisanat-dart-un-siecle-de-creations-de-la-manufacture-cogolin-2","status":"publish","type":"product","link":"https:\/\/librairie7l.com\/en\/produit\/tapis-dartisanat-dart-un-siecle-de-creations-de-la-manufacture-cogolin-2\/","title":{"rendered":"TAPIS D&#8217;ARTISANAT D&#8217;ART : UN SI\u00c8CLE DE CR\u00c9ATIONS DE LA MANUFACTURE COGOLIN"},"content":{"rendered":"<p>Dominant le Golfe de Saint-Tropez, la manufacture Cogolin a conserv\u00e9 son d\u00e9cor d&#8217;origine. Ici, depuis 1924, des lign\u00e9es de femmes ex\u00e9cutent des gestes ancestraux sur des m\u00e9tiers \u00e0 tisser en bois, incarnant l&#8217;excellence artisanale \u00e0 la fran\u00e7aise.<br \/>\nCet ouvrage d\u00e9voile les secrets et les tr\u00e9sors de cette maison centenaire qui a habill\u00e9 les int\u00e9rieurs du monde entier : du paquebot Normandie au Palais de L&#8217;Elys\u00e9e et de la Maison Blanche au Vatican. Une fabuleuse histoire s&#8217;appuyant sur le talent de Jean Cocteau, Jean Marais, Piet Mondrian, Fernand L\u00e9ger ou encore Jacques Henri Lartigue, prolong\u00e9e aujourd&#8217;hui par les grands noms du design contemporain : India Mahdavi, Jacques Grange, St\u00e9phane Parmentier, Sandra Benhamou ou Pierre Yovanovitch.<\/p>\n","protected":false},"excerpt":{"rendered":"<p>Dominant le Golfe de Saint-Tropez, la manufacture Cogolin a conserv\u00e9 son d\u00e9cor d&#8217;origine. Ici, depuis 1924, des lign\u00e9es de femmes ex\u00e9cutent des gestes ancestraux sur des m\u00e9tiers \u00e0 tisser en bois, incarnant l&#8217;excellence artisanale \u00e0 la fran\u00e7aise. Cet ouvrage d\u00e9voile les secrets et les tr\u00e9sors de cette maison centenaire qui a habill\u00e9 les int\u00e9rieurs du [&hellip;]<\/p>\n","protected":false},"featured_media":44922,"template":"","meta":[],"product_cat":[2948],"product_tag":[],"acf":[],"yoast_head":"<!-- This site is optimized with the Yoast SEO plugin v20.11 - https:\/\/yoast.com\/wordpress\/plugins\/seo\/ -->\n<title>Tapis d&#039;artisanat d&#039;art : Un si\u00e8cle de cr\u00e9ations de la manufacture Cogolin - Librairie 7L<\/title>\n<meta name=\"robots\" content=\"index, follow, max-snippet:-1, max-image-preview:large, max-video-preview:-1\" \/>\n<link rel=\"canonical\" href=\"https:\/\/librairie7l.com\/en\/produit\/tapis-dartisanat-dart-un-siecle-de-creations-de-la-manufacture-cogolin-2\/\" \/>\n<meta property=\"og:locale\" content=\"en_US\" \/>\n<meta property=\"og:type\" content=\"article\" \/>\n<meta property=\"og:title\" content=\"Tapis d&#039;artisanat d&#039;art : Un si\u00e8cle de cr\u00e9ations de la manufacture Cogolin - Librairie 7L\" \/>\n<meta property=\"og:description\" content=\"Dominant le Golfe de Saint-Tropez, la manufacture Cogolin a conserv\u00e9 son d\u00e9cor d&#8217;origine. Ici, depuis 1924, des lign\u00e9es de femmes ex\u00e9cutent des gestes ancestraux sur des m\u00e9tiers \u00e0 tisser en bois, incarnant l&#8217;excellence artisanale \u00e0 la fran\u00e7aise. Cet ouvrage d\u00e9voile les secrets et les tr\u00e9sors de cette maison centenaire qui a habill\u00e9 les int\u00e9rieurs du [&hellip;]\" \/>\n<meta property=\"og:url\" content=\"https:\/\/librairie7l.com\/en\/produit\/tapis-dartisanat-dart-un-siecle-de-creations-de-la-manufacture-cogolin-2\/\" \/>\n<meta property=\"og:site_name\" content=\"Librairie 7L\" \/>\n<meta property=\"article:modified_time\" content=\"2026-04-17T02:26:09+00:00\" \/>\n<meta property=\"og:image\" content=\"https:\/\/librairie7l.com\/wp-content\/uploads\/2024\/07\/9782226492647_1_75.jpg\" \/>\n\t<meta property=\"og:image:width\" content=\"600\" \/>\n\t<meta property=\"og:image:height\" content=\"717\" \/>\n\t<meta property=\"og:image:type\" content=\"image\/jpeg\" \/>\n<meta name=\"twitter:card\" content=\"summary_large_image\" \/>\n<meta name=\"twitter:label1\" content=\"Est. reading time\" \/>\n\t<meta name=\"twitter:data1\" content=\"1 minute\" \/>\n<script type=\"application\/ld+json\" class=\"yoast-schema-graph\">{\"@context\":\"https:\/\/schema.org\",\"@graph\":[{\"@type\":\"WebPage\",\"@id\":\"https:\/\/librairie7l.com\/en\/produit\/tapis-dartisanat-dart-un-siecle-de-creations-de-la-manufacture-cogolin-2\/\",\"url\":\"https:\/\/librairie7l.com\/en\/produit\/tapis-dartisanat-dart-un-siecle-de-creations-de-la-manufacture-cogolin-2\/\",\"name\":\"Tapis d'artisanat d'art : Un si\u00e8cle de cr\u00e9ations de la manufacture Cogolin - Librairie 7L\",\"isPartOf\":{\"@id\":\"https:\/\/librairie7l.com\/en\/#website\"},\"datePublished\":\"2024-12-07T08:17:36+00:00\",\"dateModified\":\"2026-04-17T02:26:09+00:00\",\"breadcrumb\":{\"@id\":\"https:\/\/librairie7l.com\/en\/produit\/tapis-dartisanat-dart-un-siecle-de-creations-de-la-manufacture-cogolin-2\/#breadcrumb\"},\"inLanguage\":\"en-US\",\"potentialAction\":[{\"@type\":\"ReadAction\",\"target\":[\"https:\/\/librairie7l.com\/en\/produit\/tapis-dartisanat-dart-un-siecle-de-creations-de-la-manufacture-cogolin-2\/\"]}]},{\"@type\":\"BreadcrumbList\",\"@id\":\"https:\/\/librairie7l.com\/en\/produit\/tapis-dartisanat-dart-un-siecle-de-creations-de-la-manufacture-cogolin-2\/#breadcrumb\",\"itemListElement\":[{\"@type\":\"ListItem\",\"position\":1,\"name\":\"Accueil\",\"item\":\"https:\/\/librairie7l.com\/en\/\"},{\"@type\":\"ListItem\",\"position\":2,\"name\":\"Shop\",\"item\":\"https:\/\/librairie7l.com\/en\/shop\/\"},{\"@type\":\"ListItem\",\"position\":3,\"name\":\"TAPIS D&#8217;ARTISANAT D&#8217;ART : UN SI\u00c8CLE DE CR\u00c9ATIONS DE LA MANUFACTURE COGOLIN\"}]},{\"@type\":\"WebSite\",\"@id\":\"https:\/\/librairie7l.com\/en\/#website\",\"url\":\"https:\/\/librairie7l.com\/en\/\",\"name\":\"Librairie 7L\",\"description\":\"Librairie fond\u00e9e en 1999 par Karl Lagerfeld \u00e0 Paris\",\"publisher\":{\"@id\":\"https:\/\/librairie7l.com\/en\/#organization\"},\"potentialAction\":[{\"@type\":\"SearchAction\",\"target\":{\"@type\":\"EntryPoint\",\"urlTemplate\":\"https:\/\/librairie7l.com\/en\/?s={search_term_string}\"},\"query-input\":\"required name=search_term_string\"}],\"inLanguage\":\"en-US\"},{\"@type\":\"Organization\",\"@id\":\"https:\/\/librairie7l.com\/en\/#organization\",\"name\":\"Librairie 7L\",\"url\":\"https:\/\/librairie7l.com\/en\/\",\"logo\":{\"@type\":\"ImageObject\",\"inLanguage\":\"en-US\",\"@id\":\"https:\/\/librairie7l.com\/en\/#\/schema\/logo\/image\/\",\"url\":\"https:\/\/librairie7l.com\/wp-content\/uploads\/2022\/08\/logo-1.png\",\"contentUrl\":\"https:\/\/librairie7l.com\/wp-content\/uploads\/2022\/08\/logo-1.png\",\"width\":227,\"height\":301,\"caption\":\"Librairie 7L\"},\"image\":{\"@id\":\"https:\/\/librairie7l.com\/en\/#\/schema\/logo\/image\/\"}}]}<\/script>\n<!-- \/ Yoast SEO plugin. -->","yoast_head_json":{"title":"Tapis d'artisanat d'art : Un si\u00e8cle de cr\u00e9ations de la manufacture Cogolin - Librairie 7L","robots":{"index":"index","follow":"follow","max-snippet":"max-snippet:-1","max-image-preview":"max-image-preview:large","max-video-preview":"max-video-preview:-1"},"canonical":"https:\/\/librairie7l.com\/en\/produit\/tapis-dartisanat-dart-un-siecle-de-creations-de-la-manufacture-cogolin-2\/","og_locale":"en_US","og_type":"article","og_title":"Tapis d'artisanat d'art : Un si\u00e8cle de cr\u00e9ations de la manufacture Cogolin - Librairie 7L","og_description":"Dominant le Golfe de Saint-Tropez, la manufacture Cogolin a conserv\u00e9 son d\u00e9cor d&#8217;origine. Ici, depuis 1924, des lign\u00e9es de femmes ex\u00e9cutent des gestes ancestraux sur des m\u00e9tiers \u00e0 tisser en bois, incarnant l&#8217;excellence artisanale \u00e0 la fran\u00e7aise. Cet ouvrage d\u00e9voile les secrets et les tr\u00e9sors de cette maison centenaire qui a habill\u00e9 les int\u00e9rieurs du [&hellip;]","og_url":"https:\/\/librairie7l.com\/en\/produit\/tapis-dartisanat-dart-un-siecle-de-creations-de-la-manufacture-cogolin-2\/","og_site_name":"Librairie 7L","article_modified_time":"2026-04-17T02:26:09+00:00","og_image":[{"width":600,"height":717,"url":"https:\/\/librairie7l.com\/wp-content\/uploads\/2024\/07\/9782226492647_1_75.jpg","type":"image\/jpeg"}],"twitter_card":"summary_large_image","twitter_misc":{"Est. reading time":"1 minute"},"schema":{"@context":"https:\/\/schema.org","@graph":[{"@type":"WebPage","@id":"https:\/\/librairie7l.com\/en\/produit\/tapis-dartisanat-dart-un-siecle-de-creations-de-la-manufacture-cogolin-2\/","url":"https:\/\/librairie7l.com\/en\/produit\/tapis-dartisanat-dart-un-siecle-de-creations-de-la-manufacture-cogolin-2\/","name":"Tapis d'artisanat d'art : Un si\u00e8cle de cr\u00e9ations de la manufacture Cogolin - Librairie 7L","isPartOf":{"@id":"https:\/\/librairie7l.com\/en\/#website"},"datePublished":"2024-12-07T08:17:36+00:00","dateModified":"2026-04-17T02:26:09+00:00","breadcrumb":{"@id":"https:\/\/librairie7l.com\/en\/produit\/tapis-dartisanat-dart-un-siecle-de-creations-de-la-manufacture-cogolin-2\/#breadcrumb"},"inLanguage":"en-US","potentialAction":[{"@type":"ReadAction","target":["https:\/\/librairie7l.com\/en\/produit\/tapis-dartisanat-dart-un-siecle-de-creations-de-la-manufacture-cogolin-2\/"]}]},{"@type":"BreadcrumbList","@id":"https:\/\/librairie7l.com\/en\/produit\/tapis-dartisanat-dart-un-siecle-de-creations-de-la-manufacture-cogolin-2\/#breadcrumb","itemListElement":[{"@type":"ListItem","position":1,"name":"Accueil","item":"https:\/\/librairie7l.com\/en\/"},{"@type":"ListItem","position":2,"name":"Shop","item":"https:\/\/librairie7l.com\/en\/shop\/"},{"@type":"ListItem","position":3,"name":"TAPIS D&#8217;ARTISANAT D&#8217;ART : UN SI\u00c8CLE DE CR\u00c9ATIONS DE LA MANUFACTURE COGOLIN"}]},{"@type":"WebSite","@id":"https:\/\/librairie7l.com\/en\/#website","url":"https:\/\/librairie7l.com\/en\/","name":"Librairie 7L","description":"Librairie fond\u00e9e en 1999 par Karl Lagerfeld \u00e0 Paris","publisher":{"@id":"https:\/\/librairie7l.com\/en\/#organization"},"potentialAction":[{"@type":"SearchAction","target":{"@type":"EntryPoint","urlTemplate":"https:\/\/librairie7l.com\/en\/?s={search_term_string}"},"query-input":"required name=search_term_string"}],"inLanguage":"en-US"},{"@type":"Organization","@id":"https:\/\/librairie7l.com\/en\/#organization","name":"Librairie 7L","url":"https:\/\/librairie7l.com\/en\/","logo":{"@type":"ImageObject","inLanguage":"en-US","@id":"https:\/\/librairie7l.com\/en\/#\/schema\/logo\/image\/","url":"https:\/\/librairie7l.com\/wp-content\/uploads\/2022\/08\/logo-1.png","contentUrl":"https:\/\/librairie7l.com\/wp-content\/uploads\/2022\/08\/logo-1.png","width":227,"height":301,"caption":"Librairie 7L"},"image":{"@id":"https:\/\/librairie7l.com\/en\/#\/schema\/logo\/image\/"}}]}},"_links":{"self":[{"href":"https:\/\/librairie7l.com\/en\/wp-json\/wp\/v2\/product\/44924"}],"collection":[{"href":"https:\/\/librairie7l.com\/en\/wp-json\/wp\/v2\/product"}],"about":[{"href":"https:\/\/librairie7l.com\/en\/wp-json\/wp\/v2\/types\/product"}],"wp:featuredmedia":[{"embeddable":true,"href":"https:\/\/librairie7l.com\/en\/wp-json\/wp\/v2\/media\/44922"}],"wp:attachment":[{"href":"https:\/\/librairie7l.com\/en\/wp-json\/wp\/v2\/media?parent=44924"}],"wp:term":[{"taxonomy":"product_cat","embeddable":true,"href":"https:\/\/librairie7l.com\/en\/wp-json\/wp\/v2\/product_cat?post=44924"},{"taxonomy":"product_tag","embeddable":true,"href":"https:\/\/librairie7l.com\/en\/wp-json\/wp\/v2\/product_tag?post=44924"}],"curies":[{"name":"wp","href":"https:\/\/api.w.org\/{rel}","templated":true}]}}