{"id":44932,"date":"2024-12-07T09:17:43","date_gmt":"2024-12-07T08:17:43","guid":{"rendered":"https:\/\/librairie7l.com\/?post_type=product&#038;p=44932"},"modified":"2026-04-08T04:08:17","modified_gmt":"2026-04-08T02:08:17","slug":"petites-histoires-de-nos-vetements-2","status":"publish","type":"product","link":"https:\/\/librairie7l.com\/en\/produit\/petites-histoires-de-nos-vetements-2\/","title":{"rendered":"PETITES HISTOIRES DE NOS V\u00caTEMENTS"},"content":{"rendered":"<p>D&#8217;anorak \u00e0 salopette en passant par m\u00e9duse ou pantoufle, Denis Bruna nous d\u00e9voile dans cet ab\u00e9c\u00e9daire les histoires savoureuses de nos v\u00eatements d&#8217;aujourd&#8217;hui. C&#8217;est avec une plume aussi savante qu&#8217;accessible que le brillant historien de la mode nous invite \u00e0 revi siter nos tiroirs. Car nos v\u00eatements ne sont pas neutres : chacun d&#8217;entre eux est le fruit d&#8217;une histoire, souvent longue et surprenante. Ce petit livre-objet est un cadeau id\u00e9al, par l&#8217;auteur d'&#8221;Histoire des modes et du v\u00eatement&#8221;.<\/p>\n","protected":false},"excerpt":{"rendered":"<p>D&#8217;anorak \u00e0 salopette en passant par m\u00e9duse ou pantoufle, Denis Bruna nous d\u00e9voile dans cet ab\u00e9c\u00e9daire les histoires savoureuses de nos v\u00eatements d&#8217;aujourd&#8217;hui. C&#8217;est avec une plume aussi savante qu&#8217;accessible que le brillant historien de la mode nous invite \u00e0 revi siter nos tiroirs. Car nos v\u00eatements ne sont pas neutres : chacun d&#8217;entre eux [&hellip;]<\/p>\n","protected":false},"featured_media":44930,"template":"","meta":[],"product_cat":[2948],"product_tag":[],"acf":[],"yoast_head":"<!-- This site is optimized with the Yoast SEO plugin v20.11 - https:\/\/yoast.com\/wordpress\/plugins\/seo\/ -->\n<title>Petites histoires de nos v\u00eatements - Librairie 7L<\/title>\n<meta name=\"robots\" content=\"index, follow, max-snippet:-1, max-image-preview:large, max-video-preview:-1\" \/>\n<link rel=\"canonical\" href=\"https:\/\/librairie7l.com\/en\/produit\/petites-histoires-de-nos-vetements-2\/\" \/>\n<meta property=\"og:locale\" content=\"en_US\" \/>\n<meta property=\"og:type\" content=\"article\" \/>\n<meta property=\"og:title\" content=\"Petites histoires de nos v\u00eatements - Librairie 7L\" \/>\n<meta property=\"og:description\" content=\"D&#8217;anorak \u00e0 salopette en passant par m\u00e9duse ou pantoufle, Denis Bruna nous d\u00e9voile dans cet ab\u00e9c\u00e9daire les histoires savoureuses de nos v\u00eatements d&#8217;aujourd&#8217;hui. C&#8217;est avec une plume aussi savante qu&#8217;accessible que le brillant historien de la mode nous invite \u00e0 revi siter nos tiroirs. Car nos v\u00eatements ne sont pas neutres : chacun d&#8217;entre eux [&hellip;]\" \/>\n<meta property=\"og:url\" content=\"https:\/\/librairie7l.com\/en\/produit\/petites-histoires-de-nos-vetements-2\/\" \/>\n<meta property=\"og:site_name\" content=\"Librairie 7L\" \/>\n<meta property=\"article:modified_time\" content=\"2026-04-08T02:08:17+00:00\" \/>\n<meta property=\"og:image\" content=\"https:\/\/librairie7l.com\/wp-content\/uploads\/2024\/04\/9782845979505_1_75.jpg\" \/>\n\t<meta property=\"og:image:width\" content=\"600\" \/>\n\t<meta property=\"og:image:height\" content=\"876\" \/>\n\t<meta property=\"og:image:type\" content=\"image\/jpeg\" \/>\n<meta name=\"twitter:card\" content=\"summary_large_image\" \/>\n<script type=\"application\/ld+json\" class=\"yoast-schema-graph\">{\"@context\":\"https:\/\/schema.org\",\"@graph\":[{\"@type\":\"WebPage\",\"@id\":\"https:\/\/librairie7l.com\/en\/produit\/petites-histoires-de-nos-vetements-2\/\",\"url\":\"https:\/\/librairie7l.com\/en\/produit\/petites-histoires-de-nos-vetements-2\/\",\"name\":\"Petites histoires de nos v\u00eatements - Librairie 7L\",\"isPartOf\":{\"@id\":\"https:\/\/librairie7l.com\/en\/#website\"},\"datePublished\":\"2024-12-07T08:17:43+00:00\",\"dateModified\":\"2026-04-08T02:08:17+00:00\",\"breadcrumb\":{\"@id\":\"https:\/\/librairie7l.com\/en\/produit\/petites-histoires-de-nos-vetements-2\/#breadcrumb\"},\"inLanguage\":\"en-US\",\"potentialAction\":[{\"@type\":\"ReadAction\",\"target\":[\"https:\/\/librairie7l.com\/en\/produit\/petites-histoires-de-nos-vetements-2\/\"]}]},{\"@type\":\"BreadcrumbList\",\"@id\":\"https:\/\/librairie7l.com\/en\/produit\/petites-histoires-de-nos-vetements-2\/#breadcrumb\",\"itemListElement\":[{\"@type\":\"ListItem\",\"position\":1,\"name\":\"Accueil\",\"item\":\"https:\/\/librairie7l.com\/en\/\"},{\"@type\":\"ListItem\",\"position\":2,\"name\":\"Shop\",\"item\":\"https:\/\/librairie7l.com\/en\/shop\/\"},{\"@type\":\"ListItem\",\"position\":3,\"name\":\"PETITES HISTOIRES DE NOS V\u00caTEMENTS\"}]},{\"@type\":\"WebSite\",\"@id\":\"https:\/\/librairie7l.com\/en\/#website\",\"url\":\"https:\/\/librairie7l.com\/en\/\",\"name\":\"Librairie 7L\",\"description\":\"Librairie fond\u00e9e en 1999 par Karl Lagerfeld \u00e0 Paris\",\"publisher\":{\"@id\":\"https:\/\/librairie7l.com\/en\/#organization\"},\"potentialAction\":[{\"@type\":\"SearchAction\",\"target\":{\"@type\":\"EntryPoint\",\"urlTemplate\":\"https:\/\/librairie7l.com\/en\/?s={search_term_string}\"},\"query-input\":\"required name=search_term_string\"}],\"inLanguage\":\"en-US\"},{\"@type\":\"Organization\",\"@id\":\"https:\/\/librairie7l.com\/en\/#organization\",\"name\":\"Librairie 7L\",\"url\":\"https:\/\/librairie7l.com\/en\/\",\"logo\":{\"@type\":\"ImageObject\",\"inLanguage\":\"en-US\",\"@id\":\"https:\/\/librairie7l.com\/en\/#\/schema\/logo\/image\/\",\"url\":\"https:\/\/librairie7l.com\/wp-content\/uploads\/2022\/08\/logo-1.png\",\"contentUrl\":\"https:\/\/librairie7l.com\/wp-content\/uploads\/2022\/08\/logo-1.png\",\"width\":227,\"height\":301,\"caption\":\"Librairie 7L\"},\"image\":{\"@id\":\"https:\/\/librairie7l.com\/en\/#\/schema\/logo\/image\/\"}}]}<\/script>\n<!-- \/ Yoast SEO plugin. -->","yoast_head_json":{"title":"Petites histoires de nos v\u00eatements - Librairie 7L","robots":{"index":"index","follow":"follow","max-snippet":"max-snippet:-1","max-image-preview":"max-image-preview:large","max-video-preview":"max-video-preview:-1"},"canonical":"https:\/\/librairie7l.com\/en\/produit\/petites-histoires-de-nos-vetements-2\/","og_locale":"en_US","og_type":"article","og_title":"Petites histoires de nos v\u00eatements - Librairie 7L","og_description":"D&#8217;anorak \u00e0 salopette en passant par m\u00e9duse ou pantoufle, Denis Bruna nous d\u00e9voile dans cet ab\u00e9c\u00e9daire les histoires savoureuses de nos v\u00eatements d&#8217;aujourd&#8217;hui. C&#8217;est avec une plume aussi savante qu&#8217;accessible que le brillant historien de la mode nous invite \u00e0 revi siter nos tiroirs. Car nos v\u00eatements ne sont pas neutres : chacun d&#8217;entre eux [&hellip;]","og_url":"https:\/\/librairie7l.com\/en\/produit\/petites-histoires-de-nos-vetements-2\/","og_site_name":"Librairie 7L","article_modified_time":"2026-04-08T02:08:17+00:00","og_image":[{"width":600,"height":876,"url":"https:\/\/librairie7l.com\/wp-content\/uploads\/2024\/04\/9782845979505_1_75.jpg","type":"image\/jpeg"}],"twitter_card":"summary_large_image","schema":{"@context":"https:\/\/schema.org","@graph":[{"@type":"WebPage","@id":"https:\/\/librairie7l.com\/en\/produit\/petites-histoires-de-nos-vetements-2\/","url":"https:\/\/librairie7l.com\/en\/produit\/petites-histoires-de-nos-vetements-2\/","name":"Petites histoires de nos v\u00eatements - Librairie 7L","isPartOf":{"@id":"https:\/\/librairie7l.com\/en\/#website"},"datePublished":"2024-12-07T08:17:43+00:00","dateModified":"2026-04-08T02:08:17+00:00","breadcrumb":{"@id":"https:\/\/librairie7l.com\/en\/produit\/petites-histoires-de-nos-vetements-2\/#breadcrumb"},"inLanguage":"en-US","potentialAction":[{"@type":"ReadAction","target":["https:\/\/librairie7l.com\/en\/produit\/petites-histoires-de-nos-vetements-2\/"]}]},{"@type":"BreadcrumbList","@id":"https:\/\/librairie7l.com\/en\/produit\/petites-histoires-de-nos-vetements-2\/#breadcrumb","itemListElement":[{"@type":"ListItem","position":1,"name":"Accueil","item":"https:\/\/librairie7l.com\/en\/"},{"@type":"ListItem","position":2,"name":"Shop","item":"https:\/\/librairie7l.com\/en\/shop\/"},{"@type":"ListItem","position":3,"name":"PETITES HISTOIRES DE NOS V\u00caTEMENTS"}]},{"@type":"WebSite","@id":"https:\/\/librairie7l.com\/en\/#website","url":"https:\/\/librairie7l.com\/en\/","name":"Librairie 7L","description":"Librairie fond\u00e9e en 1999 par Karl Lagerfeld \u00e0 Paris","publisher":{"@id":"https:\/\/librairie7l.com\/en\/#organization"},"potentialAction":[{"@type":"SearchAction","target":{"@type":"EntryPoint","urlTemplate":"https:\/\/librairie7l.com\/en\/?s={search_term_string}"},"query-input":"required name=search_term_string"}],"inLanguage":"en-US"},{"@type":"Organization","@id":"https:\/\/librairie7l.com\/en\/#organization","name":"Librairie 7L","url":"https:\/\/librairie7l.com\/en\/","logo":{"@type":"ImageObject","inLanguage":"en-US","@id":"https:\/\/librairie7l.com\/en\/#\/schema\/logo\/image\/","url":"https:\/\/librairie7l.com\/wp-content\/uploads\/2022\/08\/logo-1.png","contentUrl":"https:\/\/librairie7l.com\/wp-content\/uploads\/2022\/08\/logo-1.png","width":227,"height":301,"caption":"Librairie 7L"},"image":{"@id":"https:\/\/librairie7l.com\/en\/#\/schema\/logo\/image\/"}}]}},"_links":{"self":[{"href":"https:\/\/librairie7l.com\/en\/wp-json\/wp\/v2\/product\/44932"}],"collection":[{"href":"https:\/\/librairie7l.com\/en\/wp-json\/wp\/v2\/product"}],"about":[{"href":"https:\/\/librairie7l.com\/en\/wp-json\/wp\/v2\/types\/product"}],"wp:featuredmedia":[{"embeddable":true,"href":"https:\/\/librairie7l.com\/en\/wp-json\/wp\/v2\/media\/44930"}],"wp:attachment":[{"href":"https:\/\/librairie7l.com\/en\/wp-json\/wp\/v2\/media?parent=44932"}],"wp:term":[{"taxonomy":"product_cat","embeddable":true,"href":"https:\/\/librairie7l.com\/en\/wp-json\/wp\/v2\/product_cat?post=44932"},{"taxonomy":"product_tag","embeddable":true,"href":"https:\/\/librairie7l.com\/en\/wp-json\/wp\/v2\/product_tag?post=44932"}],"curies":[{"name":"wp","href":"https:\/\/api.w.org\/{rel}","templated":true}]}}