{"id":44936,"date":"2024-12-07T09:17:44","date_gmt":"2024-12-07T08:17:44","guid":{"rendered":"https:\/\/librairie7l.com\/?post_type=product&#038;p=44936"},"modified":"2026-04-05T08:57:24","modified_gmt":"2026-04-05T06:57:24","slug":"jardins-remarquables-2","status":"publish","type":"product","link":"https:\/\/librairie7l.com\/en\/produit\/jardins-remarquables-2\/","title":{"rendered":"JARDINS REMARQUABLES"},"content":{"rendered":"<p>\u00c0 l&#8217;occasion des 20 ans du label &#8221; Jardins remarquables &#8220;, ce beau livre vous invite \u00e0 d\u00e9couvrir diff\u00e9rentes typologies de jardins \u00e0 travers un r\u00e9cit sensible et des balades richement illustr\u00e9es.<br \/>\n Cet ouvrage ravira tous les amateurs de jardins.<br \/>\nQu&#8217;ils soient historiques, botaniques, potagers, vergers ou encore jardins d&#8217;artistes&#8230;, 32 jardins en France et en Belgique ont \u00e9t\u00e9 choisis pour illustrer la diversit\u00e9 du label &#8221; Jardin remarquable &#8220;. Au fil des pages, le lecteur est entra\u00een\u00e9 dans une promenade \u00e0 la fois sensible et document\u00e9e, de l&#8217;histoire du site \u00e0 la description des essences, de la rencontre avec les jardiniers \u00e0 la contemplation de ces lieux d&#8217;exception.<br \/>\nLe label &#8221; Jardin remarquable &#8220;, attribu\u00e9 par le minist\u00e8re de la Culture, distingue des jardins et des parcs pr\u00e9sentant un int\u00e9r\u00eat culturel, esth\u00e9tique, historique ou botanique. Ce label d&#8217;\u00c9tat, d\u00e9cern\u00e9 pour cinq ans et renouvelable, r\u00e9pond \u00e0 des crit\u00e8res d&#8217;exigence et de qualit\u00e9.<br \/>\n320 jardins sont aujourd&#8217;hui labellis\u00e9s. La s\u00e9lection pr\u00e9sent\u00e9e dans ce beau livre se veut un floril\u00e8ge aussi repr\u00e9sentatif que possible de la richesse et de la diversit\u00e9 des jardins remarquables.<\/p>\n","protected":false},"excerpt":{"rendered":"<p>\u00c0 l&#8217;occasion des 20 ans du label &#8221; Jardins remarquables &#8220;, ce beau livre vous invite \u00e0 d\u00e9couvrir diff\u00e9rentes typologies de jardins \u00e0 travers un r\u00e9cit sensible et des balades richement illustr\u00e9es. Cet ouvrage ravira tous les amateurs de jardins. Qu&#8217;ils soient historiques, botaniques, potagers, vergers ou encore jardins d&#8217;artistes&#8230;, 32 jardins en France et [&hellip;]<\/p>\n","protected":false},"featured_media":44934,"template":"","meta":[],"product_cat":[2948,2956],"product_tag":[],"acf":[],"yoast_head":"<!-- This site is optimized with the Yoast SEO plugin v20.11 - https:\/\/yoast.com\/wordpress\/plugins\/seo\/ -->\n<title>Jardins remarquables - Librairie 7L<\/title>\n<meta name=\"robots\" content=\"index, follow, max-snippet:-1, max-image-preview:large, max-video-preview:-1\" \/>\n<link rel=\"canonical\" href=\"https:\/\/librairie7l.com\/en\/produit\/jardins-remarquables-2\/\" \/>\n<meta property=\"og:locale\" content=\"en_US\" \/>\n<meta property=\"og:type\" content=\"article\" \/>\n<meta property=\"og:title\" content=\"Jardins remarquables - Librairie 7L\" \/>\n<meta property=\"og:description\" content=\"\u00c0 l&#8217;occasion des 20 ans du label &#8221; Jardins remarquables &#8220;, ce beau livre vous invite \u00e0 d\u00e9couvrir diff\u00e9rentes typologies de jardins \u00e0 travers un r\u00e9cit sensible et des balades richement illustr\u00e9es. Cet ouvrage ravira tous les amateurs de jardins. Qu&#8217;ils soient historiques, botaniques, potagers, vergers ou encore jardins d&#8217;artistes&#8230;, 32 jardins en France et [&hellip;]\" \/>\n<meta property=\"og:url\" content=\"https:\/\/librairie7l.com\/en\/produit\/jardins-remarquables-2\/\" \/>\n<meta property=\"og:site_name\" content=\"Librairie 7L\" \/>\n<meta property=\"article:modified_time\" content=\"2026-04-05T06:57:24+00:00\" \/>\n<meta property=\"og:image\" content=\"https:\/\/librairie7l.com\/wp-content\/uploads\/2024\/06\/9782757709955_1_75.jpg\" \/>\n\t<meta property=\"og:image:width\" content=\"400\" \/>\n\t<meta property=\"og:image:height\" content=\"531\" \/>\n\t<meta property=\"og:image:type\" content=\"image\/jpeg\" \/>\n<meta name=\"twitter:card\" content=\"summary_large_image\" \/>\n<meta name=\"twitter:label1\" content=\"Est. reading time\" \/>\n\t<meta name=\"twitter:data1\" content=\"1 minute\" \/>\n<script type=\"application\/ld+json\" class=\"yoast-schema-graph\">{\"@context\":\"https:\/\/schema.org\",\"@graph\":[{\"@type\":\"WebPage\",\"@id\":\"https:\/\/librairie7l.com\/en\/produit\/jardins-remarquables-2\/\",\"url\":\"https:\/\/librairie7l.com\/en\/produit\/jardins-remarquables-2\/\",\"name\":\"Jardins remarquables - Librairie 7L\",\"isPartOf\":{\"@id\":\"https:\/\/librairie7l.com\/en\/#website\"},\"datePublished\":\"2024-12-07T08:17:44+00:00\",\"dateModified\":\"2026-04-05T06:57:24+00:00\",\"breadcrumb\":{\"@id\":\"https:\/\/librairie7l.com\/en\/produit\/jardins-remarquables-2\/#breadcrumb\"},\"inLanguage\":\"en-US\",\"potentialAction\":[{\"@type\":\"ReadAction\",\"target\":[\"https:\/\/librairie7l.com\/en\/produit\/jardins-remarquables-2\/\"]}]},{\"@type\":\"BreadcrumbList\",\"@id\":\"https:\/\/librairie7l.com\/en\/produit\/jardins-remarquables-2\/#breadcrumb\",\"itemListElement\":[{\"@type\":\"ListItem\",\"position\":1,\"name\":\"Accueil\",\"item\":\"https:\/\/librairie7l.com\/en\/\"},{\"@type\":\"ListItem\",\"position\":2,\"name\":\"Shop\",\"item\":\"https:\/\/librairie7l.com\/en\/shop\/\"},{\"@type\":\"ListItem\",\"position\":3,\"name\":\"JARDINS REMARQUABLES\"}]},{\"@type\":\"WebSite\",\"@id\":\"https:\/\/librairie7l.com\/en\/#website\",\"url\":\"https:\/\/librairie7l.com\/en\/\",\"name\":\"Librairie 7L\",\"description\":\"Librairie fond\u00e9e en 1999 par Karl Lagerfeld \u00e0 Paris\",\"publisher\":{\"@id\":\"https:\/\/librairie7l.com\/en\/#organization\"},\"potentialAction\":[{\"@type\":\"SearchAction\",\"target\":{\"@type\":\"EntryPoint\",\"urlTemplate\":\"https:\/\/librairie7l.com\/en\/?s={search_term_string}\"},\"query-input\":\"required name=search_term_string\"}],\"inLanguage\":\"en-US\"},{\"@type\":\"Organization\",\"@id\":\"https:\/\/librairie7l.com\/en\/#organization\",\"name\":\"Librairie 7L\",\"url\":\"https:\/\/librairie7l.com\/en\/\",\"logo\":{\"@type\":\"ImageObject\",\"inLanguage\":\"en-US\",\"@id\":\"https:\/\/librairie7l.com\/en\/#\/schema\/logo\/image\/\",\"url\":\"https:\/\/librairie7l.com\/wp-content\/uploads\/2022\/08\/logo-1.png\",\"contentUrl\":\"https:\/\/librairie7l.com\/wp-content\/uploads\/2022\/08\/logo-1.png\",\"width\":227,\"height\":301,\"caption\":\"Librairie 7L\"},\"image\":{\"@id\":\"https:\/\/librairie7l.com\/en\/#\/schema\/logo\/image\/\"}}]}<\/script>\n<!-- \/ Yoast SEO plugin. -->","yoast_head_json":{"title":"Jardins remarquables - Librairie 7L","robots":{"index":"index","follow":"follow","max-snippet":"max-snippet:-1","max-image-preview":"max-image-preview:large","max-video-preview":"max-video-preview:-1"},"canonical":"https:\/\/librairie7l.com\/en\/produit\/jardins-remarquables-2\/","og_locale":"en_US","og_type":"article","og_title":"Jardins remarquables - Librairie 7L","og_description":"\u00c0 l&#8217;occasion des 20 ans du label &#8221; Jardins remarquables &#8220;, ce beau livre vous invite \u00e0 d\u00e9couvrir diff\u00e9rentes typologies de jardins \u00e0 travers un r\u00e9cit sensible et des balades richement illustr\u00e9es. Cet ouvrage ravira tous les amateurs de jardins. Qu&#8217;ils soient historiques, botaniques, potagers, vergers ou encore jardins d&#8217;artistes&#8230;, 32 jardins en France et [&hellip;]","og_url":"https:\/\/librairie7l.com\/en\/produit\/jardins-remarquables-2\/","og_site_name":"Librairie 7L","article_modified_time":"2026-04-05T06:57:24+00:00","og_image":[{"width":400,"height":531,"url":"https:\/\/librairie7l.com\/wp-content\/uploads\/2024\/06\/9782757709955_1_75.jpg","type":"image\/jpeg"}],"twitter_card":"summary_large_image","twitter_misc":{"Est. reading time":"1 minute"},"schema":{"@context":"https:\/\/schema.org","@graph":[{"@type":"WebPage","@id":"https:\/\/librairie7l.com\/en\/produit\/jardins-remarquables-2\/","url":"https:\/\/librairie7l.com\/en\/produit\/jardins-remarquables-2\/","name":"Jardins remarquables - Librairie 7L","isPartOf":{"@id":"https:\/\/librairie7l.com\/en\/#website"},"datePublished":"2024-12-07T08:17:44+00:00","dateModified":"2026-04-05T06:57:24+00:00","breadcrumb":{"@id":"https:\/\/librairie7l.com\/en\/produit\/jardins-remarquables-2\/#breadcrumb"},"inLanguage":"en-US","potentialAction":[{"@type":"ReadAction","target":["https:\/\/librairie7l.com\/en\/produit\/jardins-remarquables-2\/"]}]},{"@type":"BreadcrumbList","@id":"https:\/\/librairie7l.com\/en\/produit\/jardins-remarquables-2\/#breadcrumb","itemListElement":[{"@type":"ListItem","position":1,"name":"Accueil","item":"https:\/\/librairie7l.com\/en\/"},{"@type":"ListItem","position":2,"name":"Shop","item":"https:\/\/librairie7l.com\/en\/shop\/"},{"@type":"ListItem","position":3,"name":"JARDINS REMARQUABLES"}]},{"@type":"WebSite","@id":"https:\/\/librairie7l.com\/en\/#website","url":"https:\/\/librairie7l.com\/en\/","name":"Librairie 7L","description":"Librairie fond\u00e9e en 1999 par Karl Lagerfeld \u00e0 Paris","publisher":{"@id":"https:\/\/librairie7l.com\/en\/#organization"},"potentialAction":[{"@type":"SearchAction","target":{"@type":"EntryPoint","urlTemplate":"https:\/\/librairie7l.com\/en\/?s={search_term_string}"},"query-input":"required name=search_term_string"}],"inLanguage":"en-US"},{"@type":"Organization","@id":"https:\/\/librairie7l.com\/en\/#organization","name":"Librairie 7L","url":"https:\/\/librairie7l.com\/en\/","logo":{"@type":"ImageObject","inLanguage":"en-US","@id":"https:\/\/librairie7l.com\/en\/#\/schema\/logo\/image\/","url":"https:\/\/librairie7l.com\/wp-content\/uploads\/2022\/08\/logo-1.png","contentUrl":"https:\/\/librairie7l.com\/wp-content\/uploads\/2022\/08\/logo-1.png","width":227,"height":301,"caption":"Librairie 7L"},"image":{"@id":"https:\/\/librairie7l.com\/en\/#\/schema\/logo\/image\/"}}]}},"_links":{"self":[{"href":"https:\/\/librairie7l.com\/en\/wp-json\/wp\/v2\/product\/44936"}],"collection":[{"href":"https:\/\/librairie7l.com\/en\/wp-json\/wp\/v2\/product"}],"about":[{"href":"https:\/\/librairie7l.com\/en\/wp-json\/wp\/v2\/types\/product"}],"wp:featuredmedia":[{"embeddable":true,"href":"https:\/\/librairie7l.com\/en\/wp-json\/wp\/v2\/media\/44934"}],"wp:attachment":[{"href":"https:\/\/librairie7l.com\/en\/wp-json\/wp\/v2\/media?parent=44936"}],"wp:term":[{"taxonomy":"product_cat","embeddable":true,"href":"https:\/\/librairie7l.com\/en\/wp-json\/wp\/v2\/product_cat?post=44936"},{"taxonomy":"product_tag","embeddable":true,"href":"https:\/\/librairie7l.com\/en\/wp-json\/wp\/v2\/product_tag?post=44936"}],"curies":[{"name":"wp","href":"https:\/\/api.w.org\/{rel}","templated":true}]}}