{"id":44940,"date":"2024-12-07T09:17:48","date_gmt":"2024-12-07T08:17:48","guid":{"rendered":"https:\/\/librairie7l.com\/?post_type=product&#038;p=44940"},"modified":"2026-04-10T22:05:47","modified_gmt":"2026-04-10T20:05:47","slug":"filer-les-fibres-naturelles-chanvre-laine-ortie-2","status":"publish","type":"product","link":"https:\/\/librairie7l.com\/en\/produit\/filer-les-fibres-naturelles-chanvre-laine-ortie-2\/","title":{"rendered":"FILER LES FIBRES NATURELLES : CHANVRE, LAINE, ORTIE&#8230;"},"content":{"rendered":"<p>Convaincues de l&#8217;importance de raviver les traditions ancestrales et de valoriser les ressources locales, Camille Brabant &amp; Naomi Rossignol transmettent le plaisir de faire du fil \u00e0 partir de mati\u00e8res premi\u00e8res naturelles v\u00e9g\u00e9tales (lin, chanvre ou ortie), et animales (laine, crin).<\/p>\n<p>Elles expliquent toutes les techniques de base (bains et fermentations, peignage et cardage, filage au rouet et fuseau&#8230;) pour filer les fibres naturelles.<\/p>\n<p>De quoi donner un nouvel attrait aux orties ou \u00e0 la laine des moutons, bien loin de la fast-fashion !<\/p>\n","protected":false},"excerpt":{"rendered":"<p>Convaincues de l&#8217;importance de raviver les traditions ancestrales et de valoriser les ressources locales, Camille Brabant &amp; Naomi Rossignol transmettent le plaisir de faire du fil \u00e0 partir de mati\u00e8res premi\u00e8res naturelles v\u00e9g\u00e9tales (lin, chanvre ou ortie), et animales (laine, crin). Elles expliquent toutes les techniques de base (bains et fermentations, peignage et cardage, filage [&hellip;]<\/p>\n","protected":false},"featured_media":44938,"template":"","meta":[],"product_cat":[2948],"product_tag":[],"acf":[],"yoast_head":"<!-- This site is optimized with the Yoast SEO plugin v20.11 - https:\/\/yoast.com\/wordpress\/plugins\/seo\/ -->\n<title>Filer les fibres naturelles : Chanvre, laine, ortie... - Librairie 7L<\/title>\n<meta name=\"robots\" content=\"index, follow, max-snippet:-1, max-image-preview:large, max-video-preview:-1\" \/>\n<link rel=\"canonical\" href=\"https:\/\/librairie7l.com\/en\/produit\/filer-les-fibres-naturelles-chanvre-laine-ortie-2\/\" \/>\n<meta property=\"og:locale\" content=\"en_US\" \/>\n<meta property=\"og:type\" content=\"article\" \/>\n<meta property=\"og:title\" content=\"Filer les fibres naturelles : Chanvre, laine, ortie... - Librairie 7L\" \/>\n<meta property=\"og:description\" content=\"Convaincues de l&#8217;importance de raviver les traditions ancestrales et de valoriser les ressources locales, Camille Brabant &amp; Naomi Rossignol transmettent le plaisir de faire du fil \u00e0 partir de mati\u00e8res premi\u00e8res naturelles v\u00e9g\u00e9tales (lin, chanvre ou ortie), et animales (laine, crin). Elles expliquent toutes les techniques de base (bains et fermentations, peignage et cardage, filage [&hellip;]\" \/>\n<meta property=\"og:url\" content=\"https:\/\/librairie7l.com\/en\/produit\/filer-les-fibres-naturelles-chanvre-laine-ortie-2\/\" \/>\n<meta property=\"og:site_name\" content=\"Librairie 7L\" \/>\n<meta property=\"article:modified_time\" content=\"2026-04-10T20:05:47+00:00\" \/>\n<meta property=\"og:image\" content=\"https:\/\/librairie7l.com\/wp-content\/uploads\/2023\/04\/9782379223037_1_75.jpg\" \/>\n\t<meta property=\"og:image:width\" content=\"600\" \/>\n\t<meta property=\"og:image:height\" content=\"802\" \/>\n\t<meta property=\"og:image:type\" content=\"image\/jpeg\" \/>\n<meta name=\"twitter:card\" content=\"summary_large_image\" \/>\n<script type=\"application\/ld+json\" class=\"yoast-schema-graph\">{\"@context\":\"https:\/\/schema.org\",\"@graph\":[{\"@type\":\"WebPage\",\"@id\":\"https:\/\/librairie7l.com\/en\/produit\/filer-les-fibres-naturelles-chanvre-laine-ortie-2\/\",\"url\":\"https:\/\/librairie7l.com\/en\/produit\/filer-les-fibres-naturelles-chanvre-laine-ortie-2\/\",\"name\":\"Filer les fibres naturelles : Chanvre, laine, ortie... - Librairie 7L\",\"isPartOf\":{\"@id\":\"https:\/\/librairie7l.com\/en\/#website\"},\"datePublished\":\"2024-12-07T08:17:48+00:00\",\"dateModified\":\"2026-04-10T20:05:47+00:00\",\"breadcrumb\":{\"@id\":\"https:\/\/librairie7l.com\/en\/produit\/filer-les-fibres-naturelles-chanvre-laine-ortie-2\/#breadcrumb\"},\"inLanguage\":\"en-US\",\"potentialAction\":[{\"@type\":\"ReadAction\",\"target\":[\"https:\/\/librairie7l.com\/en\/produit\/filer-les-fibres-naturelles-chanvre-laine-ortie-2\/\"]}]},{\"@type\":\"BreadcrumbList\",\"@id\":\"https:\/\/librairie7l.com\/en\/produit\/filer-les-fibres-naturelles-chanvre-laine-ortie-2\/#breadcrumb\",\"itemListElement\":[{\"@type\":\"ListItem\",\"position\":1,\"name\":\"Accueil\",\"item\":\"https:\/\/librairie7l.com\/en\/\"},{\"@type\":\"ListItem\",\"position\":2,\"name\":\"Shop\",\"item\":\"https:\/\/librairie7l.com\/en\/shop\/\"},{\"@type\":\"ListItem\",\"position\":3,\"name\":\"FILER LES FIBRES NATURELLES : CHANVRE, LAINE, ORTIE&#8230;\"}]},{\"@type\":\"WebSite\",\"@id\":\"https:\/\/librairie7l.com\/en\/#website\",\"url\":\"https:\/\/librairie7l.com\/en\/\",\"name\":\"Librairie 7L\",\"description\":\"Librairie fond\u00e9e en 1999 par Karl Lagerfeld \u00e0 Paris\",\"publisher\":{\"@id\":\"https:\/\/librairie7l.com\/en\/#organization\"},\"potentialAction\":[{\"@type\":\"SearchAction\",\"target\":{\"@type\":\"EntryPoint\",\"urlTemplate\":\"https:\/\/librairie7l.com\/en\/?s={search_term_string}\"},\"query-input\":\"required name=search_term_string\"}],\"inLanguage\":\"en-US\"},{\"@type\":\"Organization\",\"@id\":\"https:\/\/librairie7l.com\/en\/#organization\",\"name\":\"Librairie 7L\",\"url\":\"https:\/\/librairie7l.com\/en\/\",\"logo\":{\"@type\":\"ImageObject\",\"inLanguage\":\"en-US\",\"@id\":\"https:\/\/librairie7l.com\/en\/#\/schema\/logo\/image\/\",\"url\":\"https:\/\/librairie7l.com\/wp-content\/uploads\/2022\/08\/logo-1.png\",\"contentUrl\":\"https:\/\/librairie7l.com\/wp-content\/uploads\/2022\/08\/logo-1.png\",\"width\":227,\"height\":301,\"caption\":\"Librairie 7L\"},\"image\":{\"@id\":\"https:\/\/librairie7l.com\/en\/#\/schema\/logo\/image\/\"}}]}<\/script>\n<!-- \/ Yoast SEO plugin. -->","yoast_head_json":{"title":"Filer les fibres naturelles : Chanvre, laine, ortie... - Librairie 7L","robots":{"index":"index","follow":"follow","max-snippet":"max-snippet:-1","max-image-preview":"max-image-preview:large","max-video-preview":"max-video-preview:-1"},"canonical":"https:\/\/librairie7l.com\/en\/produit\/filer-les-fibres-naturelles-chanvre-laine-ortie-2\/","og_locale":"en_US","og_type":"article","og_title":"Filer les fibres naturelles : Chanvre, laine, ortie... - Librairie 7L","og_description":"Convaincues de l&#8217;importance de raviver les traditions ancestrales et de valoriser les ressources locales, Camille Brabant &amp; Naomi Rossignol transmettent le plaisir de faire du fil \u00e0 partir de mati\u00e8res premi\u00e8res naturelles v\u00e9g\u00e9tales (lin, chanvre ou ortie), et animales (laine, crin). Elles expliquent toutes les techniques de base (bains et fermentations, peignage et cardage, filage [&hellip;]","og_url":"https:\/\/librairie7l.com\/en\/produit\/filer-les-fibres-naturelles-chanvre-laine-ortie-2\/","og_site_name":"Librairie 7L","article_modified_time":"2026-04-10T20:05:47+00:00","og_image":[{"width":600,"height":802,"url":"https:\/\/librairie7l.com\/wp-content\/uploads\/2023\/04\/9782379223037_1_75.jpg","type":"image\/jpeg"}],"twitter_card":"summary_large_image","schema":{"@context":"https:\/\/schema.org","@graph":[{"@type":"WebPage","@id":"https:\/\/librairie7l.com\/en\/produit\/filer-les-fibres-naturelles-chanvre-laine-ortie-2\/","url":"https:\/\/librairie7l.com\/en\/produit\/filer-les-fibres-naturelles-chanvre-laine-ortie-2\/","name":"Filer les fibres naturelles : Chanvre, laine, ortie... - Librairie 7L","isPartOf":{"@id":"https:\/\/librairie7l.com\/en\/#website"},"datePublished":"2024-12-07T08:17:48+00:00","dateModified":"2026-04-10T20:05:47+00:00","breadcrumb":{"@id":"https:\/\/librairie7l.com\/en\/produit\/filer-les-fibres-naturelles-chanvre-laine-ortie-2\/#breadcrumb"},"inLanguage":"en-US","potentialAction":[{"@type":"ReadAction","target":["https:\/\/librairie7l.com\/en\/produit\/filer-les-fibres-naturelles-chanvre-laine-ortie-2\/"]}]},{"@type":"BreadcrumbList","@id":"https:\/\/librairie7l.com\/en\/produit\/filer-les-fibres-naturelles-chanvre-laine-ortie-2\/#breadcrumb","itemListElement":[{"@type":"ListItem","position":1,"name":"Accueil","item":"https:\/\/librairie7l.com\/en\/"},{"@type":"ListItem","position":2,"name":"Shop","item":"https:\/\/librairie7l.com\/en\/shop\/"},{"@type":"ListItem","position":3,"name":"FILER LES FIBRES NATURELLES : CHANVRE, LAINE, ORTIE&#8230;"}]},{"@type":"WebSite","@id":"https:\/\/librairie7l.com\/en\/#website","url":"https:\/\/librairie7l.com\/en\/","name":"Librairie 7L","description":"Librairie fond\u00e9e en 1999 par Karl Lagerfeld \u00e0 Paris","publisher":{"@id":"https:\/\/librairie7l.com\/en\/#organization"},"potentialAction":[{"@type":"SearchAction","target":{"@type":"EntryPoint","urlTemplate":"https:\/\/librairie7l.com\/en\/?s={search_term_string}"},"query-input":"required name=search_term_string"}],"inLanguage":"en-US"},{"@type":"Organization","@id":"https:\/\/librairie7l.com\/en\/#organization","name":"Librairie 7L","url":"https:\/\/librairie7l.com\/en\/","logo":{"@type":"ImageObject","inLanguage":"en-US","@id":"https:\/\/librairie7l.com\/en\/#\/schema\/logo\/image\/","url":"https:\/\/librairie7l.com\/wp-content\/uploads\/2022\/08\/logo-1.png","contentUrl":"https:\/\/librairie7l.com\/wp-content\/uploads\/2022\/08\/logo-1.png","width":227,"height":301,"caption":"Librairie 7L"},"image":{"@id":"https:\/\/librairie7l.com\/en\/#\/schema\/logo\/image\/"}}]}},"_links":{"self":[{"href":"https:\/\/librairie7l.com\/en\/wp-json\/wp\/v2\/product\/44940"}],"collection":[{"href":"https:\/\/librairie7l.com\/en\/wp-json\/wp\/v2\/product"}],"about":[{"href":"https:\/\/librairie7l.com\/en\/wp-json\/wp\/v2\/types\/product"}],"wp:featuredmedia":[{"embeddable":true,"href":"https:\/\/librairie7l.com\/en\/wp-json\/wp\/v2\/media\/44938"}],"wp:attachment":[{"href":"https:\/\/librairie7l.com\/en\/wp-json\/wp\/v2\/media?parent=44940"}],"wp:term":[{"taxonomy":"product_cat","embeddable":true,"href":"https:\/\/librairie7l.com\/en\/wp-json\/wp\/v2\/product_cat?post=44940"},{"taxonomy":"product_tag","embeddable":true,"href":"https:\/\/librairie7l.com\/en\/wp-json\/wp\/v2\/product_tag?post=44940"}],"curies":[{"name":"wp","href":"https:\/\/api.w.org\/{rel}","templated":true}]}}