{"id":44948,"date":"2024-12-07T09:17:53","date_gmt":"2024-12-07T08:17:53","guid":{"rendered":"https:\/\/librairie7l.com\/?post_type=product&#038;p=44948"},"modified":"2026-04-10T23:20:05","modified_gmt":"2026-04-10T21:20:05","slug":"la-bible-des-adresses-creatives-partout-en-france-2","status":"publish","type":"product","link":"https:\/\/librairie7l.com\/en\/produit\/la-bible-des-adresses-creatives-partout-en-france-2\/","title":{"rendered":"LA BIBLE DES ADRESSES CR\u00c9ATIVES : PARTOUT EN FRANCE"},"content":{"rendered":"<p>LE guide des adresses cr\u00e9atives dans toute la France !<br \/>\nProjet unique et men\u00e9 en collaboration avec Marie Claire Id\u00e9es, cet ouvrage recense, r\u00e9gion par r\u00e9gion, les plus belles adresses DIY : couture, tricot, crochet, broderie, c\u00e9ramique, papier, bijoux, cosm\u00e9tiques&#8230; Chaque adresse pr\u00e9sente un texte descriptif, des informations pratiques, des pictos pour un rep\u00e9rage rapide, ainsi que des coups de coeur (concept original, atelier&#8230;). Des pages sp\u00e9ciales viennent ponctuer le guide : interviews de personnalit\u00e9s du monde cr\u00e9atif et focus th\u00e9matiques (origami, poterie, teinture v\u00e9g\u00e9tale etc). Superbement illustr\u00e9 par les dessins \u00e0 l&#8217;aquarelle et \u00e0 la gouache de M\u00e9lanie Voituriez, cet ouvrage va vite devenir la r\u00e9f\u00e9rence de toutes les passionn\u00e9es de loisirs cr\u00e9atifs.<\/p>\n","protected":false},"excerpt":{"rendered":"<p>LE guide des adresses cr\u00e9atives dans toute la France ! Projet unique et men\u00e9 en collaboration avec Marie Claire Id\u00e9es, cet ouvrage recense, r\u00e9gion par r\u00e9gion, les plus belles adresses DIY : couture, tricot, crochet, broderie, c\u00e9ramique, papier, bijoux, cosm\u00e9tiques&#8230; Chaque adresse pr\u00e9sente un texte descriptif, des informations pratiques, des pictos pour un rep\u00e9rage rapide, [&hellip;]<\/p>\n","protected":false},"featured_media":44946,"template":"","meta":[],"product_cat":[2948],"product_tag":[],"acf":[],"yoast_head":"<!-- This site is optimized with the Yoast SEO plugin v20.11 - https:\/\/yoast.com\/wordpress\/plugins\/seo\/ -->\n<title>La bible des adresses cr\u00e9atives : Partout en France - Librairie 7L<\/title>\n<meta name=\"robots\" content=\"index, follow, max-snippet:-1, max-image-preview:large, max-video-preview:-1\" \/>\n<link rel=\"canonical\" href=\"https:\/\/librairie7l.com\/en\/produit\/la-bible-des-adresses-creatives-partout-en-france-2\/\" \/>\n<meta property=\"og:locale\" content=\"en_US\" \/>\n<meta property=\"og:type\" content=\"article\" \/>\n<meta property=\"og:title\" content=\"La bible des adresses cr\u00e9atives : Partout en France - Librairie 7L\" \/>\n<meta property=\"og:description\" content=\"LE guide des adresses cr\u00e9atives dans toute la France ! Projet unique et men\u00e9 en collaboration avec Marie Claire Id\u00e9es, cet ouvrage recense, r\u00e9gion par r\u00e9gion, les plus belles adresses DIY : couture, tricot, crochet, broderie, c\u00e9ramique, papier, bijoux, cosm\u00e9tiques&#8230; Chaque adresse pr\u00e9sente un texte descriptif, des informations pratiques, des pictos pour un rep\u00e9rage rapide, [&hellip;]\" \/>\n<meta property=\"og:url\" content=\"https:\/\/librairie7l.com\/en\/produit\/la-bible-des-adresses-creatives-partout-en-france-2\/\" \/>\n<meta property=\"og:site_name\" content=\"Librairie 7L\" \/>\n<meta property=\"article:modified_time\" content=\"2026-04-10T21:20:05+00:00\" \/>\n<meta property=\"og:image\" content=\"https:\/\/librairie7l.com\/wp-content\/uploads\/2024\/04\/9791032310489_1_75.jpg\" \/>\n\t<meta property=\"og:image:width\" content=\"400\" \/>\n\t<meta property=\"og:image:height\" content=\"480\" \/>\n\t<meta property=\"og:image:type\" content=\"image\/jpeg\" \/>\n<meta name=\"twitter:card\" content=\"summary_large_image\" \/>\n<meta name=\"twitter:label1\" content=\"Est. reading time\" \/>\n\t<meta name=\"twitter:data1\" content=\"1 minute\" \/>\n<script type=\"application\/ld+json\" class=\"yoast-schema-graph\">{\"@context\":\"https:\/\/schema.org\",\"@graph\":[{\"@type\":\"WebPage\",\"@id\":\"https:\/\/librairie7l.com\/en\/produit\/la-bible-des-adresses-creatives-partout-en-france-2\/\",\"url\":\"https:\/\/librairie7l.com\/en\/produit\/la-bible-des-adresses-creatives-partout-en-france-2\/\",\"name\":\"La bible des adresses cr\u00e9atives : Partout en France - Librairie 7L\",\"isPartOf\":{\"@id\":\"https:\/\/librairie7l.com\/en\/#website\"},\"datePublished\":\"2024-12-07T08:17:53+00:00\",\"dateModified\":\"2026-04-10T21:20:05+00:00\",\"breadcrumb\":{\"@id\":\"https:\/\/librairie7l.com\/en\/produit\/la-bible-des-adresses-creatives-partout-en-france-2\/#breadcrumb\"},\"inLanguage\":\"en-US\",\"potentialAction\":[{\"@type\":\"ReadAction\",\"target\":[\"https:\/\/librairie7l.com\/en\/produit\/la-bible-des-adresses-creatives-partout-en-france-2\/\"]}]},{\"@type\":\"BreadcrumbList\",\"@id\":\"https:\/\/librairie7l.com\/en\/produit\/la-bible-des-adresses-creatives-partout-en-france-2\/#breadcrumb\",\"itemListElement\":[{\"@type\":\"ListItem\",\"position\":1,\"name\":\"Accueil\",\"item\":\"https:\/\/librairie7l.com\/en\/\"},{\"@type\":\"ListItem\",\"position\":2,\"name\":\"Shop\",\"item\":\"https:\/\/librairie7l.com\/en\/shop\/\"},{\"@type\":\"ListItem\",\"position\":3,\"name\":\"LA BIBLE DES ADRESSES CR\u00c9ATIVES : PARTOUT EN FRANCE\"}]},{\"@type\":\"WebSite\",\"@id\":\"https:\/\/librairie7l.com\/en\/#website\",\"url\":\"https:\/\/librairie7l.com\/en\/\",\"name\":\"Librairie 7L\",\"description\":\"Librairie fond\u00e9e en 1999 par Karl Lagerfeld \u00e0 Paris\",\"publisher\":{\"@id\":\"https:\/\/librairie7l.com\/en\/#organization\"},\"potentialAction\":[{\"@type\":\"SearchAction\",\"target\":{\"@type\":\"EntryPoint\",\"urlTemplate\":\"https:\/\/librairie7l.com\/en\/?s={search_term_string}\"},\"query-input\":\"required name=search_term_string\"}],\"inLanguage\":\"en-US\"},{\"@type\":\"Organization\",\"@id\":\"https:\/\/librairie7l.com\/en\/#organization\",\"name\":\"Librairie 7L\",\"url\":\"https:\/\/librairie7l.com\/en\/\",\"logo\":{\"@type\":\"ImageObject\",\"inLanguage\":\"en-US\",\"@id\":\"https:\/\/librairie7l.com\/en\/#\/schema\/logo\/image\/\",\"url\":\"https:\/\/librairie7l.com\/wp-content\/uploads\/2022\/08\/logo-1.png\",\"contentUrl\":\"https:\/\/librairie7l.com\/wp-content\/uploads\/2022\/08\/logo-1.png\",\"width\":227,\"height\":301,\"caption\":\"Librairie 7L\"},\"image\":{\"@id\":\"https:\/\/librairie7l.com\/en\/#\/schema\/logo\/image\/\"}}]}<\/script>\n<!-- \/ Yoast SEO plugin. -->","yoast_head_json":{"title":"La bible des adresses cr\u00e9atives : Partout en France - Librairie 7L","robots":{"index":"index","follow":"follow","max-snippet":"max-snippet:-1","max-image-preview":"max-image-preview:large","max-video-preview":"max-video-preview:-1"},"canonical":"https:\/\/librairie7l.com\/en\/produit\/la-bible-des-adresses-creatives-partout-en-france-2\/","og_locale":"en_US","og_type":"article","og_title":"La bible des adresses cr\u00e9atives : Partout en France - Librairie 7L","og_description":"LE guide des adresses cr\u00e9atives dans toute la France ! Projet unique et men\u00e9 en collaboration avec Marie Claire Id\u00e9es, cet ouvrage recense, r\u00e9gion par r\u00e9gion, les plus belles adresses DIY : couture, tricot, crochet, broderie, c\u00e9ramique, papier, bijoux, cosm\u00e9tiques&#8230; Chaque adresse pr\u00e9sente un texte descriptif, des informations pratiques, des pictos pour un rep\u00e9rage rapide, [&hellip;]","og_url":"https:\/\/librairie7l.com\/en\/produit\/la-bible-des-adresses-creatives-partout-en-france-2\/","og_site_name":"Librairie 7L","article_modified_time":"2026-04-10T21:20:05+00:00","og_image":[{"width":400,"height":480,"url":"https:\/\/librairie7l.com\/wp-content\/uploads\/2024\/04\/9791032310489_1_75.jpg","type":"image\/jpeg"}],"twitter_card":"summary_large_image","twitter_misc":{"Est. reading time":"1 minute"},"schema":{"@context":"https:\/\/schema.org","@graph":[{"@type":"WebPage","@id":"https:\/\/librairie7l.com\/en\/produit\/la-bible-des-adresses-creatives-partout-en-france-2\/","url":"https:\/\/librairie7l.com\/en\/produit\/la-bible-des-adresses-creatives-partout-en-france-2\/","name":"La bible des adresses cr\u00e9atives : Partout en France - Librairie 7L","isPartOf":{"@id":"https:\/\/librairie7l.com\/en\/#website"},"datePublished":"2024-12-07T08:17:53+00:00","dateModified":"2026-04-10T21:20:05+00:00","breadcrumb":{"@id":"https:\/\/librairie7l.com\/en\/produit\/la-bible-des-adresses-creatives-partout-en-france-2\/#breadcrumb"},"inLanguage":"en-US","potentialAction":[{"@type":"ReadAction","target":["https:\/\/librairie7l.com\/en\/produit\/la-bible-des-adresses-creatives-partout-en-france-2\/"]}]},{"@type":"BreadcrumbList","@id":"https:\/\/librairie7l.com\/en\/produit\/la-bible-des-adresses-creatives-partout-en-france-2\/#breadcrumb","itemListElement":[{"@type":"ListItem","position":1,"name":"Accueil","item":"https:\/\/librairie7l.com\/en\/"},{"@type":"ListItem","position":2,"name":"Shop","item":"https:\/\/librairie7l.com\/en\/shop\/"},{"@type":"ListItem","position":3,"name":"LA BIBLE DES ADRESSES CR\u00c9ATIVES : PARTOUT EN FRANCE"}]},{"@type":"WebSite","@id":"https:\/\/librairie7l.com\/en\/#website","url":"https:\/\/librairie7l.com\/en\/","name":"Librairie 7L","description":"Librairie fond\u00e9e en 1999 par Karl Lagerfeld \u00e0 Paris","publisher":{"@id":"https:\/\/librairie7l.com\/en\/#organization"},"potentialAction":[{"@type":"SearchAction","target":{"@type":"EntryPoint","urlTemplate":"https:\/\/librairie7l.com\/en\/?s={search_term_string}"},"query-input":"required name=search_term_string"}],"inLanguage":"en-US"},{"@type":"Organization","@id":"https:\/\/librairie7l.com\/en\/#organization","name":"Librairie 7L","url":"https:\/\/librairie7l.com\/en\/","logo":{"@type":"ImageObject","inLanguage":"en-US","@id":"https:\/\/librairie7l.com\/en\/#\/schema\/logo\/image\/","url":"https:\/\/librairie7l.com\/wp-content\/uploads\/2022\/08\/logo-1.png","contentUrl":"https:\/\/librairie7l.com\/wp-content\/uploads\/2022\/08\/logo-1.png","width":227,"height":301,"caption":"Librairie 7L"},"image":{"@id":"https:\/\/librairie7l.com\/en\/#\/schema\/logo\/image\/"}}]}},"_links":{"self":[{"href":"https:\/\/librairie7l.com\/en\/wp-json\/wp\/v2\/product\/44948"}],"collection":[{"href":"https:\/\/librairie7l.com\/en\/wp-json\/wp\/v2\/product"}],"about":[{"href":"https:\/\/librairie7l.com\/en\/wp-json\/wp\/v2\/types\/product"}],"wp:featuredmedia":[{"embeddable":true,"href":"https:\/\/librairie7l.com\/en\/wp-json\/wp\/v2\/media\/44946"}],"wp:attachment":[{"href":"https:\/\/librairie7l.com\/en\/wp-json\/wp\/v2\/media?parent=44948"}],"wp:term":[{"taxonomy":"product_cat","embeddable":true,"href":"https:\/\/librairie7l.com\/en\/wp-json\/wp\/v2\/product_cat?post=44948"},{"taxonomy":"product_tag","embeddable":true,"href":"https:\/\/librairie7l.com\/en\/wp-json\/wp\/v2\/product_tag?post=44948"}],"curies":[{"name":"wp","href":"https:\/\/api.w.org\/{rel}","templated":true}]}}