{"id":44987,"date":"2024-12-11T09:17:38","date_gmt":"2024-12-11T08:17:38","guid":{"rendered":"https:\/\/librairie7l.com\/?post_type=product&#038;p=44987"},"modified":"2026-04-15T16:06:14","modified_gmt":"2026-04-15T14:06:14","slug":"les-100-mots-de-la-couleur-2","status":"publish","type":"product","link":"https:\/\/librairie7l.com\/en\/produit\/les-100-mots-de-la-couleur-2\/","title":{"rendered":"LES 100 MOTS DE LA COULEUR"},"content":{"rendered":"<p>La couleur est comme l&#8217;air qu&#8217;on respire, elle est partout : des affiches publicitaires aux feux de signalisation, des tendances de la mode au langage des fleurs, dans l&#8217;art, le design et la d\u00e9coration d&#8217;int\u00e9rieur&#8230;<\/p>\n<p>Mais connaissez-vous la signification des couleurs ? Saviez-vous qu&#8217;elle diff\u00e8re selon les cultures et m\u00eame les \u00e9poques ? Qu&#8217;est-ce que le mouvement impressionniste doit \u00e0 la chimie ? Le blanc est-il une couleur ? Le bleu est-il votre couleur pr\u00e9f\u00e9r\u00e9e, \u00e0 vous aussi ?<\/p>\n<p>Amandine Gallienne d\u00e9ploie une palette de 100 mots pour raviver notre regard. En coloriste de m\u00e9tier, elle donne quelques bons conseils pour accorder les couleurs, ma\u00eetriser les codes afin de mieux les d\u00e9passer. Un seul mot d&#8217;ordre : amusez-vous !<\/p>\n","protected":false},"excerpt":{"rendered":"<p>La couleur est comme l&#8217;air qu&#8217;on respire, elle est partout : des affiches publicitaires aux feux de signalisation, des tendances de la mode au langage des fleurs, dans l&#8217;art, le design et la d\u00e9coration d&#8217;int\u00e9rieur&#8230; Mais connaissez-vous la signification des couleurs ? Saviez-vous qu&#8217;elle diff\u00e8re selon les cultures et m\u00eame les \u00e9poques ? Qu&#8217;est-ce que [&hellip;]<\/p>\n","protected":false},"featured_media":44985,"template":"","meta":[],"product_cat":[2948],"product_tag":[],"acf":[],"yoast_head":"<!-- This site is optimized with the Yoast SEO plugin v20.11 - https:\/\/yoast.com\/wordpress\/plugins\/seo\/ -->\n<title>Les 100 mots de la couleur - Librairie 7L<\/title>\n<meta name=\"robots\" content=\"index, follow, max-snippet:-1, max-image-preview:large, max-video-preview:-1\" \/>\n<link rel=\"canonical\" href=\"https:\/\/librairie7l.com\/en\/produit\/les-100-mots-de-la-couleur-2\/\" \/>\n<meta property=\"og:locale\" content=\"en_US\" \/>\n<meta property=\"og:type\" content=\"article\" \/>\n<meta property=\"og:title\" content=\"Les 100 mots de la couleur - Librairie 7L\" \/>\n<meta property=\"og:description\" content=\"La couleur est comme l&#8217;air qu&#8217;on respire, elle est partout : des affiches publicitaires aux feux de signalisation, des tendances de la mode au langage des fleurs, dans l&#8217;art, le design et la d\u00e9coration d&#8217;int\u00e9rieur&#8230; Mais connaissez-vous la signification des couleurs ? Saviez-vous qu&#8217;elle diff\u00e8re selon les cultures et m\u00eame les \u00e9poques ? Qu&#8217;est-ce que [&hellip;]\" \/>\n<meta property=\"og:url\" content=\"https:\/\/librairie7l.com\/en\/produit\/les-100-mots-de-la-couleur-2\/\" \/>\n<meta property=\"og:site_name\" content=\"Librairie 7L\" \/>\n<meta property=\"article:modified_time\" content=\"2026-04-15T14:06:14+00:00\" \/>\n<meta property=\"og:image\" content=\"https:\/\/librairie7l.com\/wp-content\/uploads\/2021\/12\/9782715410732_1_75.jpg\" \/>\n\t<meta property=\"og:image:width\" content=\"500\" \/>\n\t<meta property=\"og:image:height\" content=\"765\" \/>\n\t<meta property=\"og:image:type\" content=\"image\/jpeg\" \/>\n<meta name=\"twitter:card\" content=\"summary_large_image\" \/>\n<meta name=\"twitter:label1\" content=\"Est. reading time\" \/>\n\t<meta name=\"twitter:data1\" content=\"1 minute\" \/>\n<script type=\"application\/ld+json\" class=\"yoast-schema-graph\">{\"@context\":\"https:\/\/schema.org\",\"@graph\":[{\"@type\":\"WebPage\",\"@id\":\"https:\/\/librairie7l.com\/en\/produit\/les-100-mots-de-la-couleur-2\/\",\"url\":\"https:\/\/librairie7l.com\/en\/produit\/les-100-mots-de-la-couleur-2\/\",\"name\":\"Les 100 mots de la couleur - Librairie 7L\",\"isPartOf\":{\"@id\":\"https:\/\/librairie7l.com\/en\/#website\"},\"datePublished\":\"2024-12-11T08:17:38+00:00\",\"dateModified\":\"2026-04-15T14:06:14+00:00\",\"breadcrumb\":{\"@id\":\"https:\/\/librairie7l.com\/en\/produit\/les-100-mots-de-la-couleur-2\/#breadcrumb\"},\"inLanguage\":\"en-US\",\"potentialAction\":[{\"@type\":\"ReadAction\",\"target\":[\"https:\/\/librairie7l.com\/en\/produit\/les-100-mots-de-la-couleur-2\/\"]}]},{\"@type\":\"BreadcrumbList\",\"@id\":\"https:\/\/librairie7l.com\/en\/produit\/les-100-mots-de-la-couleur-2\/#breadcrumb\",\"itemListElement\":[{\"@type\":\"ListItem\",\"position\":1,\"name\":\"Accueil\",\"item\":\"https:\/\/librairie7l.com\/en\/\"},{\"@type\":\"ListItem\",\"position\":2,\"name\":\"Shop\",\"item\":\"https:\/\/librairie7l.com\/en\/shop\/\"},{\"@type\":\"ListItem\",\"position\":3,\"name\":\"LES 100 MOTS DE LA COULEUR\"}]},{\"@type\":\"WebSite\",\"@id\":\"https:\/\/librairie7l.com\/en\/#website\",\"url\":\"https:\/\/librairie7l.com\/en\/\",\"name\":\"Librairie 7L\",\"description\":\"Librairie fond\u00e9e en 1999 par Karl Lagerfeld \u00e0 Paris\",\"publisher\":{\"@id\":\"https:\/\/librairie7l.com\/en\/#organization\"},\"potentialAction\":[{\"@type\":\"SearchAction\",\"target\":{\"@type\":\"EntryPoint\",\"urlTemplate\":\"https:\/\/librairie7l.com\/en\/?s={search_term_string}\"},\"query-input\":\"required name=search_term_string\"}],\"inLanguage\":\"en-US\"},{\"@type\":\"Organization\",\"@id\":\"https:\/\/librairie7l.com\/en\/#organization\",\"name\":\"Librairie 7L\",\"url\":\"https:\/\/librairie7l.com\/en\/\",\"logo\":{\"@type\":\"ImageObject\",\"inLanguage\":\"en-US\",\"@id\":\"https:\/\/librairie7l.com\/en\/#\/schema\/logo\/image\/\",\"url\":\"https:\/\/librairie7l.com\/wp-content\/uploads\/2022\/08\/logo-1.png\",\"contentUrl\":\"https:\/\/librairie7l.com\/wp-content\/uploads\/2022\/08\/logo-1.png\",\"width\":227,\"height\":301,\"caption\":\"Librairie 7L\"},\"image\":{\"@id\":\"https:\/\/librairie7l.com\/en\/#\/schema\/logo\/image\/\"}}]}<\/script>\n<!-- \/ Yoast SEO plugin. -->","yoast_head_json":{"title":"Les 100 mots de la couleur - Librairie 7L","robots":{"index":"index","follow":"follow","max-snippet":"max-snippet:-1","max-image-preview":"max-image-preview:large","max-video-preview":"max-video-preview:-1"},"canonical":"https:\/\/librairie7l.com\/en\/produit\/les-100-mots-de-la-couleur-2\/","og_locale":"en_US","og_type":"article","og_title":"Les 100 mots de la couleur - Librairie 7L","og_description":"La couleur est comme l&#8217;air qu&#8217;on respire, elle est partout : des affiches publicitaires aux feux de signalisation, des tendances de la mode au langage des fleurs, dans l&#8217;art, le design et la d\u00e9coration d&#8217;int\u00e9rieur&#8230; Mais connaissez-vous la signification des couleurs ? Saviez-vous qu&#8217;elle diff\u00e8re selon les cultures et m\u00eame les \u00e9poques ? Qu&#8217;est-ce que [&hellip;]","og_url":"https:\/\/librairie7l.com\/en\/produit\/les-100-mots-de-la-couleur-2\/","og_site_name":"Librairie 7L","article_modified_time":"2026-04-15T14:06:14+00:00","og_image":[{"width":500,"height":765,"url":"https:\/\/librairie7l.com\/wp-content\/uploads\/2021\/12\/9782715410732_1_75.jpg","type":"image\/jpeg"}],"twitter_card":"summary_large_image","twitter_misc":{"Est. reading time":"1 minute"},"schema":{"@context":"https:\/\/schema.org","@graph":[{"@type":"WebPage","@id":"https:\/\/librairie7l.com\/en\/produit\/les-100-mots-de-la-couleur-2\/","url":"https:\/\/librairie7l.com\/en\/produit\/les-100-mots-de-la-couleur-2\/","name":"Les 100 mots de la couleur - Librairie 7L","isPartOf":{"@id":"https:\/\/librairie7l.com\/en\/#website"},"datePublished":"2024-12-11T08:17:38+00:00","dateModified":"2026-04-15T14:06:14+00:00","breadcrumb":{"@id":"https:\/\/librairie7l.com\/en\/produit\/les-100-mots-de-la-couleur-2\/#breadcrumb"},"inLanguage":"en-US","potentialAction":[{"@type":"ReadAction","target":["https:\/\/librairie7l.com\/en\/produit\/les-100-mots-de-la-couleur-2\/"]}]},{"@type":"BreadcrumbList","@id":"https:\/\/librairie7l.com\/en\/produit\/les-100-mots-de-la-couleur-2\/#breadcrumb","itemListElement":[{"@type":"ListItem","position":1,"name":"Accueil","item":"https:\/\/librairie7l.com\/en\/"},{"@type":"ListItem","position":2,"name":"Shop","item":"https:\/\/librairie7l.com\/en\/shop\/"},{"@type":"ListItem","position":3,"name":"LES 100 MOTS DE LA COULEUR"}]},{"@type":"WebSite","@id":"https:\/\/librairie7l.com\/en\/#website","url":"https:\/\/librairie7l.com\/en\/","name":"Librairie 7L","description":"Librairie fond\u00e9e en 1999 par Karl Lagerfeld \u00e0 Paris","publisher":{"@id":"https:\/\/librairie7l.com\/en\/#organization"},"potentialAction":[{"@type":"SearchAction","target":{"@type":"EntryPoint","urlTemplate":"https:\/\/librairie7l.com\/en\/?s={search_term_string}"},"query-input":"required name=search_term_string"}],"inLanguage":"en-US"},{"@type":"Organization","@id":"https:\/\/librairie7l.com\/en\/#organization","name":"Librairie 7L","url":"https:\/\/librairie7l.com\/en\/","logo":{"@type":"ImageObject","inLanguage":"en-US","@id":"https:\/\/librairie7l.com\/en\/#\/schema\/logo\/image\/","url":"https:\/\/librairie7l.com\/wp-content\/uploads\/2022\/08\/logo-1.png","contentUrl":"https:\/\/librairie7l.com\/wp-content\/uploads\/2022\/08\/logo-1.png","width":227,"height":301,"caption":"Librairie 7L"},"image":{"@id":"https:\/\/librairie7l.com\/en\/#\/schema\/logo\/image\/"}}]}},"_links":{"self":[{"href":"https:\/\/librairie7l.com\/en\/wp-json\/wp\/v2\/product\/44987"}],"collection":[{"href":"https:\/\/librairie7l.com\/en\/wp-json\/wp\/v2\/product"}],"about":[{"href":"https:\/\/librairie7l.com\/en\/wp-json\/wp\/v2\/types\/product"}],"wp:featuredmedia":[{"embeddable":true,"href":"https:\/\/librairie7l.com\/en\/wp-json\/wp\/v2\/media\/44985"}],"wp:attachment":[{"href":"https:\/\/librairie7l.com\/en\/wp-json\/wp\/v2\/media?parent=44987"}],"wp:term":[{"taxonomy":"product_cat","embeddable":true,"href":"https:\/\/librairie7l.com\/en\/wp-json\/wp\/v2\/product_cat?post=44987"},{"taxonomy":"product_tag","embeddable":true,"href":"https:\/\/librairie7l.com\/en\/wp-json\/wp\/v2\/product_tag?post=44987"}],"curies":[{"name":"wp","href":"https:\/\/api.w.org\/{rel}","templated":true}]}}