{"id":45007,"date":"2024-12-11T09:17:55","date_gmt":"2024-12-11T08:17:55","guid":{"rendered":"https:\/\/librairie7l.com\/?post_type=product&#038;p=45007"},"modified":"2026-04-17T09:25:47","modified_gmt":"2026-04-17T07:25:47","slug":"gilbert-portanier-le-chemin-du-reve-2","status":"publish","type":"product","link":"https:\/\/librairie7l.com\/en\/produit\/gilbert-portanier-le-chemin-du-reve-2\/","title":{"rendered":"GILBERT PORTANIER : LE CHEMIN DU R\u00caVE"},"content":{"rendered":"<p>Le catalogue Gilbert Portanier : le chemin du r\u00eave accompagne l&#8217;exposition \u00e9ponyme qui se tient durant l&#8217;automne-hiver 2024 &#8211; 2025 au mus\u00e9e Magnelli, mus\u00e9e de la c\u00e9ramique.<br \/>\nCette exposition retrace le parcours artistique d&#8217;un des grands noms de la c\u00e9ramique contemporaine, Gilbert Portanier, artiste embl\u00e9matique de la ville de Vallauris, disparu en 2023. Surnomm\u00e9 \u00e0 raison \u00ab le magicien des couleurs \u00bb, ce c\u00e9ramiste fran\u00e7ais, n\u00e9 \u00e0 Cannes en 1926, a ind\u00e9niablement contribu\u00e9 au renouveau de la c\u00e9ramique fran\u00e7aise depuis les ann\u00e9es 1950 jusqu&#8217;\u00e0 nos jours.<br \/>\nL&#8217;exposition et le catalogue qui l&#8217;accompagne rendent hommage \u00e0 un artiste dont le chemin du r\u00eave a trac\u00e9 une voie nouvelle dans l&#8217;art de la c\u00e9ramique. Les oeuvres de Gilbert Portanier nous invitent \u00e0 un voyage onirique o\u00f9 l&#8217;imagination et la libert\u00e9 cr\u00e9ative sont les ma\u00eetres mots.<\/p>\n","protected":false},"excerpt":{"rendered":"<p>Le catalogue Gilbert Portanier : le chemin du r\u00eave accompagne l&#8217;exposition \u00e9ponyme qui se tient durant l&#8217;automne-hiver 2024 &#8211; 2025 au mus\u00e9e Magnelli, mus\u00e9e de la c\u00e9ramique. Cette exposition retrace le parcours artistique d&#8217;un des grands noms de la c\u00e9ramique contemporaine, Gilbert Portanier, artiste embl\u00e9matique de la ville de Vallauris, disparu en 2023. Surnomm\u00e9 \u00e0 [&hellip;]<\/p>\n","protected":false},"featured_media":45005,"template":"","meta":[],"product_cat":[2948],"product_tag":[],"acf":[],"yoast_head":"<!-- This site is optimized with the Yoast SEO plugin v20.11 - https:\/\/yoast.com\/wordpress\/plugins\/seo\/ -->\n<title>Gilbert Portanier : Le chemin du r\u00eave - Librairie 7L<\/title>\n<meta name=\"robots\" content=\"index, follow, max-snippet:-1, max-image-preview:large, max-video-preview:-1\" \/>\n<link rel=\"canonical\" href=\"https:\/\/librairie7l.com\/en\/produit\/gilbert-portanier-le-chemin-du-reve-2\/\" \/>\n<meta property=\"og:locale\" content=\"en_US\" \/>\n<meta property=\"og:type\" content=\"article\" \/>\n<meta property=\"og:title\" content=\"Gilbert Portanier : Le chemin du r\u00eave - Librairie 7L\" \/>\n<meta property=\"og:description\" content=\"Le catalogue Gilbert Portanier : le chemin du r\u00eave accompagne l&#8217;exposition \u00e9ponyme qui se tient durant l&#8217;automne-hiver 2024 &#8211; 2025 au mus\u00e9e Magnelli, mus\u00e9e de la c\u00e9ramique. Cette exposition retrace le parcours artistique d&#8217;un des grands noms de la c\u00e9ramique contemporaine, Gilbert Portanier, artiste embl\u00e9matique de la ville de Vallauris, disparu en 2023. Surnomm\u00e9 \u00e0 [&hellip;]\" \/>\n<meta property=\"og:url\" content=\"https:\/\/librairie7l.com\/en\/produit\/gilbert-portanier-le-chemin-du-reve-2\/\" \/>\n<meta property=\"og:site_name\" content=\"Librairie 7L\" \/>\n<meta property=\"article:modified_time\" content=\"2026-04-17T07:25:47+00:00\" \/>\n<meta property=\"og:image\" content=\"https:\/\/librairie7l.com\/wp-content\/uploads\/2024\/09\/9788836659081_1_75.jpg\" \/>\n\t<meta property=\"og:image:width\" content=\"400\" \/>\n\t<meta property=\"og:image:height\" content=\"509\" \/>\n\t<meta property=\"og:image:type\" content=\"image\/jpeg\" \/>\n<meta name=\"twitter:card\" content=\"summary_large_image\" \/>\n<meta name=\"twitter:label1\" content=\"Est. reading time\" \/>\n\t<meta name=\"twitter:data1\" content=\"1 minute\" \/>\n<script type=\"application\/ld+json\" class=\"yoast-schema-graph\">{\"@context\":\"https:\/\/schema.org\",\"@graph\":[{\"@type\":\"WebPage\",\"@id\":\"https:\/\/librairie7l.com\/en\/produit\/gilbert-portanier-le-chemin-du-reve-2\/\",\"url\":\"https:\/\/librairie7l.com\/en\/produit\/gilbert-portanier-le-chemin-du-reve-2\/\",\"name\":\"Gilbert Portanier : Le chemin du r\u00eave - Librairie 7L\",\"isPartOf\":{\"@id\":\"https:\/\/librairie7l.com\/en\/#website\"},\"datePublished\":\"2024-12-11T08:17:55+00:00\",\"dateModified\":\"2026-04-17T07:25:47+00:00\",\"breadcrumb\":{\"@id\":\"https:\/\/librairie7l.com\/en\/produit\/gilbert-portanier-le-chemin-du-reve-2\/#breadcrumb\"},\"inLanguage\":\"en-US\",\"potentialAction\":[{\"@type\":\"ReadAction\",\"target\":[\"https:\/\/librairie7l.com\/en\/produit\/gilbert-portanier-le-chemin-du-reve-2\/\"]}]},{\"@type\":\"BreadcrumbList\",\"@id\":\"https:\/\/librairie7l.com\/en\/produit\/gilbert-portanier-le-chemin-du-reve-2\/#breadcrumb\",\"itemListElement\":[{\"@type\":\"ListItem\",\"position\":1,\"name\":\"Accueil\",\"item\":\"https:\/\/librairie7l.com\/en\/\"},{\"@type\":\"ListItem\",\"position\":2,\"name\":\"Shop\",\"item\":\"https:\/\/librairie7l.com\/en\/shop\/\"},{\"@type\":\"ListItem\",\"position\":3,\"name\":\"GILBERT PORTANIER : LE CHEMIN DU R\u00caVE\"}]},{\"@type\":\"WebSite\",\"@id\":\"https:\/\/librairie7l.com\/en\/#website\",\"url\":\"https:\/\/librairie7l.com\/en\/\",\"name\":\"Librairie 7L\",\"description\":\"Librairie fond\u00e9e en 1999 par Karl Lagerfeld \u00e0 Paris\",\"publisher\":{\"@id\":\"https:\/\/librairie7l.com\/en\/#organization\"},\"potentialAction\":[{\"@type\":\"SearchAction\",\"target\":{\"@type\":\"EntryPoint\",\"urlTemplate\":\"https:\/\/librairie7l.com\/en\/?s={search_term_string}\"},\"query-input\":\"required name=search_term_string\"}],\"inLanguage\":\"en-US\"},{\"@type\":\"Organization\",\"@id\":\"https:\/\/librairie7l.com\/en\/#organization\",\"name\":\"Librairie 7L\",\"url\":\"https:\/\/librairie7l.com\/en\/\",\"logo\":{\"@type\":\"ImageObject\",\"inLanguage\":\"en-US\",\"@id\":\"https:\/\/librairie7l.com\/en\/#\/schema\/logo\/image\/\",\"url\":\"https:\/\/librairie7l.com\/wp-content\/uploads\/2022\/08\/logo-1.png\",\"contentUrl\":\"https:\/\/librairie7l.com\/wp-content\/uploads\/2022\/08\/logo-1.png\",\"width\":227,\"height\":301,\"caption\":\"Librairie 7L\"},\"image\":{\"@id\":\"https:\/\/librairie7l.com\/en\/#\/schema\/logo\/image\/\"}}]}<\/script>\n<!-- \/ Yoast SEO plugin. -->","yoast_head_json":{"title":"Gilbert Portanier : Le chemin du r\u00eave - Librairie 7L","robots":{"index":"index","follow":"follow","max-snippet":"max-snippet:-1","max-image-preview":"max-image-preview:large","max-video-preview":"max-video-preview:-1"},"canonical":"https:\/\/librairie7l.com\/en\/produit\/gilbert-portanier-le-chemin-du-reve-2\/","og_locale":"en_US","og_type":"article","og_title":"Gilbert Portanier : Le chemin du r\u00eave - Librairie 7L","og_description":"Le catalogue Gilbert Portanier : le chemin du r\u00eave accompagne l&#8217;exposition \u00e9ponyme qui se tient durant l&#8217;automne-hiver 2024 &#8211; 2025 au mus\u00e9e Magnelli, mus\u00e9e de la c\u00e9ramique. Cette exposition retrace le parcours artistique d&#8217;un des grands noms de la c\u00e9ramique contemporaine, Gilbert Portanier, artiste embl\u00e9matique de la ville de Vallauris, disparu en 2023. Surnomm\u00e9 \u00e0 [&hellip;]","og_url":"https:\/\/librairie7l.com\/en\/produit\/gilbert-portanier-le-chemin-du-reve-2\/","og_site_name":"Librairie 7L","article_modified_time":"2026-04-17T07:25:47+00:00","og_image":[{"width":400,"height":509,"url":"https:\/\/librairie7l.com\/wp-content\/uploads\/2024\/09\/9788836659081_1_75.jpg","type":"image\/jpeg"}],"twitter_card":"summary_large_image","twitter_misc":{"Est. reading time":"1 minute"},"schema":{"@context":"https:\/\/schema.org","@graph":[{"@type":"WebPage","@id":"https:\/\/librairie7l.com\/en\/produit\/gilbert-portanier-le-chemin-du-reve-2\/","url":"https:\/\/librairie7l.com\/en\/produit\/gilbert-portanier-le-chemin-du-reve-2\/","name":"Gilbert Portanier : Le chemin du r\u00eave - Librairie 7L","isPartOf":{"@id":"https:\/\/librairie7l.com\/en\/#website"},"datePublished":"2024-12-11T08:17:55+00:00","dateModified":"2026-04-17T07:25:47+00:00","breadcrumb":{"@id":"https:\/\/librairie7l.com\/en\/produit\/gilbert-portanier-le-chemin-du-reve-2\/#breadcrumb"},"inLanguage":"en-US","potentialAction":[{"@type":"ReadAction","target":["https:\/\/librairie7l.com\/en\/produit\/gilbert-portanier-le-chemin-du-reve-2\/"]}]},{"@type":"BreadcrumbList","@id":"https:\/\/librairie7l.com\/en\/produit\/gilbert-portanier-le-chemin-du-reve-2\/#breadcrumb","itemListElement":[{"@type":"ListItem","position":1,"name":"Accueil","item":"https:\/\/librairie7l.com\/en\/"},{"@type":"ListItem","position":2,"name":"Shop","item":"https:\/\/librairie7l.com\/en\/shop\/"},{"@type":"ListItem","position":3,"name":"GILBERT PORTANIER : LE CHEMIN DU R\u00caVE"}]},{"@type":"WebSite","@id":"https:\/\/librairie7l.com\/en\/#website","url":"https:\/\/librairie7l.com\/en\/","name":"Librairie 7L","description":"Librairie fond\u00e9e en 1999 par Karl Lagerfeld \u00e0 Paris","publisher":{"@id":"https:\/\/librairie7l.com\/en\/#organization"},"potentialAction":[{"@type":"SearchAction","target":{"@type":"EntryPoint","urlTemplate":"https:\/\/librairie7l.com\/en\/?s={search_term_string}"},"query-input":"required name=search_term_string"}],"inLanguage":"en-US"},{"@type":"Organization","@id":"https:\/\/librairie7l.com\/en\/#organization","name":"Librairie 7L","url":"https:\/\/librairie7l.com\/en\/","logo":{"@type":"ImageObject","inLanguage":"en-US","@id":"https:\/\/librairie7l.com\/en\/#\/schema\/logo\/image\/","url":"https:\/\/librairie7l.com\/wp-content\/uploads\/2022\/08\/logo-1.png","contentUrl":"https:\/\/librairie7l.com\/wp-content\/uploads\/2022\/08\/logo-1.png","width":227,"height":301,"caption":"Librairie 7L"},"image":{"@id":"https:\/\/librairie7l.com\/en\/#\/schema\/logo\/image\/"}}]}},"_links":{"self":[{"href":"https:\/\/librairie7l.com\/en\/wp-json\/wp\/v2\/product\/45007"}],"collection":[{"href":"https:\/\/librairie7l.com\/en\/wp-json\/wp\/v2\/product"}],"about":[{"href":"https:\/\/librairie7l.com\/en\/wp-json\/wp\/v2\/types\/product"}],"wp:featuredmedia":[{"embeddable":true,"href":"https:\/\/librairie7l.com\/en\/wp-json\/wp\/v2\/media\/45005"}],"wp:attachment":[{"href":"https:\/\/librairie7l.com\/en\/wp-json\/wp\/v2\/media?parent=45007"}],"wp:term":[{"taxonomy":"product_cat","embeddable":true,"href":"https:\/\/librairie7l.com\/en\/wp-json\/wp\/v2\/product_cat?post=45007"},{"taxonomy":"product_tag","embeddable":true,"href":"https:\/\/librairie7l.com\/en\/wp-json\/wp\/v2\/product_tag?post=45007"}],"curies":[{"name":"wp","href":"https:\/\/api.w.org\/{rel}","templated":true}]}}