{"id":45015,"date":"2024-12-11T09:18:00","date_gmt":"2024-12-11T08:18:00","guid":{"rendered":"https:\/\/librairie7l.com\/?post_type=product&#038;p=45015"},"modified":"2026-04-09T23:04:55","modified_gmt":"2026-04-09T21:04:55","slug":"histoire-du-hameau-dans-la-combe-2","status":"publish","type":"product","link":"https:\/\/librairie7l.com\/en\/produit\/histoire-du-hameau-dans-la-combe-2\/","title":{"rendered":"HISTOIRE DU HAMEAU DANS LA COMBE"},"content":{"rendered":"<p>Une maison, deux maisons, dix maisons&#8230; Mais d&#8217;o\u00f9 viennent donc ces maisons sans portes ni fen\u00eatres qui, au fil des jours, apparaissent au fond de la combe l\u00e0 o\u00f9, la veille, il n&#8217;y avait rien&#8230; Les courts textes de Vincent Puente et les dessins de sa main qui les accompagnent donneront au long des pages de ce d\u00e9licieux livre la cl\u00e9 de cette tr\u00e8s curieuse \u00e9nigme&#8230;<\/p>\n","protected":false},"excerpt":{"rendered":"<p>Une maison, deux maisons, dix maisons&#8230; Mais d&#8217;o\u00f9 viennent donc ces maisons sans portes ni fen\u00eatres qui, au fil des jours, apparaissent au fond de la combe l\u00e0 o\u00f9, la veille, il n&#8217;y avait rien&#8230; Les courts textes de Vincent Puente et les dessins de sa main qui les accompagnent donneront au long des pages [&hellip;]<\/p>\n","protected":false},"featured_media":45013,"template":"","meta":[],"product_cat":[2948],"product_tag":[],"acf":[],"yoast_head":"<!-- This site is optimized with the Yoast SEO plugin v20.11 - https:\/\/yoast.com\/wordpress\/plugins\/seo\/ -->\n<title>Histoire du hameau dans la combe - Librairie 7L<\/title>\n<meta name=\"robots\" content=\"index, follow, max-snippet:-1, max-image-preview:large, max-video-preview:-1\" \/>\n<link rel=\"canonical\" href=\"https:\/\/librairie7l.com\/en\/produit\/histoire-du-hameau-dans-la-combe-2\/\" \/>\n<meta property=\"og:locale\" content=\"en_US\" \/>\n<meta property=\"og:type\" content=\"article\" \/>\n<meta property=\"og:title\" content=\"Histoire du hameau dans la combe - Librairie 7L\" \/>\n<meta property=\"og:description\" content=\"Une maison, deux maisons, dix maisons&#8230; Mais d&#8217;o\u00f9 viennent donc ces maisons sans portes ni fen\u00eatres qui, au fil des jours, apparaissent au fond de la combe l\u00e0 o\u00f9, la veille, il n&#8217;y avait rien&#8230; Les courts textes de Vincent Puente et les dessins de sa main qui les accompagnent donneront au long des pages [&hellip;]\" \/>\n<meta property=\"og:url\" content=\"https:\/\/librairie7l.com\/en\/produit\/histoire-du-hameau-dans-la-combe-2\/\" \/>\n<meta property=\"og:site_name\" content=\"Librairie 7L\" \/>\n<meta property=\"article:modified_time\" content=\"2026-04-09T21:04:55+00:00\" \/>\n<meta property=\"og:image\" content=\"https:\/\/librairie7l.com\/wp-content\/uploads\/2024\/11\/9782902233342_1_75.jpg\" \/>\n\t<meta property=\"og:image:width\" content=\"600\" \/>\n\t<meta property=\"og:image:height\" content=\"600\" \/>\n\t<meta property=\"og:image:type\" content=\"image\/jpeg\" \/>\n<meta name=\"twitter:card\" content=\"summary_large_image\" \/>\n<script type=\"application\/ld+json\" class=\"yoast-schema-graph\">{\"@context\":\"https:\/\/schema.org\",\"@graph\":[{\"@type\":\"WebPage\",\"@id\":\"https:\/\/librairie7l.com\/en\/produit\/histoire-du-hameau-dans-la-combe-2\/\",\"url\":\"https:\/\/librairie7l.com\/en\/produit\/histoire-du-hameau-dans-la-combe-2\/\",\"name\":\"Histoire du hameau dans la combe - Librairie 7L\",\"isPartOf\":{\"@id\":\"https:\/\/librairie7l.com\/en\/#website\"},\"datePublished\":\"2024-12-11T08:18:00+00:00\",\"dateModified\":\"2026-04-09T21:04:55+00:00\",\"breadcrumb\":{\"@id\":\"https:\/\/librairie7l.com\/en\/produit\/histoire-du-hameau-dans-la-combe-2\/#breadcrumb\"},\"inLanguage\":\"en-US\",\"potentialAction\":[{\"@type\":\"ReadAction\",\"target\":[\"https:\/\/librairie7l.com\/en\/produit\/histoire-du-hameau-dans-la-combe-2\/\"]}]},{\"@type\":\"BreadcrumbList\",\"@id\":\"https:\/\/librairie7l.com\/en\/produit\/histoire-du-hameau-dans-la-combe-2\/#breadcrumb\",\"itemListElement\":[{\"@type\":\"ListItem\",\"position\":1,\"name\":\"Accueil\",\"item\":\"https:\/\/librairie7l.com\/en\/\"},{\"@type\":\"ListItem\",\"position\":2,\"name\":\"Shop\",\"item\":\"https:\/\/librairie7l.com\/en\/shop\/\"},{\"@type\":\"ListItem\",\"position\":3,\"name\":\"HISTOIRE DU HAMEAU DANS LA COMBE\"}]},{\"@type\":\"WebSite\",\"@id\":\"https:\/\/librairie7l.com\/en\/#website\",\"url\":\"https:\/\/librairie7l.com\/en\/\",\"name\":\"Librairie 7L\",\"description\":\"Librairie fond\u00e9e en 1999 par Karl Lagerfeld \u00e0 Paris\",\"publisher\":{\"@id\":\"https:\/\/librairie7l.com\/en\/#organization\"},\"potentialAction\":[{\"@type\":\"SearchAction\",\"target\":{\"@type\":\"EntryPoint\",\"urlTemplate\":\"https:\/\/librairie7l.com\/en\/?s={search_term_string}\"},\"query-input\":\"required name=search_term_string\"}],\"inLanguage\":\"en-US\"},{\"@type\":\"Organization\",\"@id\":\"https:\/\/librairie7l.com\/en\/#organization\",\"name\":\"Librairie 7L\",\"url\":\"https:\/\/librairie7l.com\/en\/\",\"logo\":{\"@type\":\"ImageObject\",\"inLanguage\":\"en-US\",\"@id\":\"https:\/\/librairie7l.com\/en\/#\/schema\/logo\/image\/\",\"url\":\"https:\/\/librairie7l.com\/wp-content\/uploads\/2022\/08\/logo-1.png\",\"contentUrl\":\"https:\/\/librairie7l.com\/wp-content\/uploads\/2022\/08\/logo-1.png\",\"width\":227,\"height\":301,\"caption\":\"Librairie 7L\"},\"image\":{\"@id\":\"https:\/\/librairie7l.com\/en\/#\/schema\/logo\/image\/\"}}]}<\/script>\n<!-- \/ Yoast SEO plugin. -->","yoast_head_json":{"title":"Histoire du hameau dans la combe - Librairie 7L","robots":{"index":"index","follow":"follow","max-snippet":"max-snippet:-1","max-image-preview":"max-image-preview:large","max-video-preview":"max-video-preview:-1"},"canonical":"https:\/\/librairie7l.com\/en\/produit\/histoire-du-hameau-dans-la-combe-2\/","og_locale":"en_US","og_type":"article","og_title":"Histoire du hameau dans la combe - Librairie 7L","og_description":"Une maison, deux maisons, dix maisons&#8230; Mais d&#8217;o\u00f9 viennent donc ces maisons sans portes ni fen\u00eatres qui, au fil des jours, apparaissent au fond de la combe l\u00e0 o\u00f9, la veille, il n&#8217;y avait rien&#8230; Les courts textes de Vincent Puente et les dessins de sa main qui les accompagnent donneront au long des pages [&hellip;]","og_url":"https:\/\/librairie7l.com\/en\/produit\/histoire-du-hameau-dans-la-combe-2\/","og_site_name":"Librairie 7L","article_modified_time":"2026-04-09T21:04:55+00:00","og_image":[{"width":600,"height":600,"url":"https:\/\/librairie7l.com\/wp-content\/uploads\/2024\/11\/9782902233342_1_75.jpg","type":"image\/jpeg"}],"twitter_card":"summary_large_image","schema":{"@context":"https:\/\/schema.org","@graph":[{"@type":"WebPage","@id":"https:\/\/librairie7l.com\/en\/produit\/histoire-du-hameau-dans-la-combe-2\/","url":"https:\/\/librairie7l.com\/en\/produit\/histoire-du-hameau-dans-la-combe-2\/","name":"Histoire du hameau dans la combe - Librairie 7L","isPartOf":{"@id":"https:\/\/librairie7l.com\/en\/#website"},"datePublished":"2024-12-11T08:18:00+00:00","dateModified":"2026-04-09T21:04:55+00:00","breadcrumb":{"@id":"https:\/\/librairie7l.com\/en\/produit\/histoire-du-hameau-dans-la-combe-2\/#breadcrumb"},"inLanguage":"en-US","potentialAction":[{"@type":"ReadAction","target":["https:\/\/librairie7l.com\/en\/produit\/histoire-du-hameau-dans-la-combe-2\/"]}]},{"@type":"BreadcrumbList","@id":"https:\/\/librairie7l.com\/en\/produit\/histoire-du-hameau-dans-la-combe-2\/#breadcrumb","itemListElement":[{"@type":"ListItem","position":1,"name":"Accueil","item":"https:\/\/librairie7l.com\/en\/"},{"@type":"ListItem","position":2,"name":"Shop","item":"https:\/\/librairie7l.com\/en\/shop\/"},{"@type":"ListItem","position":3,"name":"HISTOIRE DU HAMEAU DANS LA COMBE"}]},{"@type":"WebSite","@id":"https:\/\/librairie7l.com\/en\/#website","url":"https:\/\/librairie7l.com\/en\/","name":"Librairie 7L","description":"Librairie fond\u00e9e en 1999 par Karl Lagerfeld \u00e0 Paris","publisher":{"@id":"https:\/\/librairie7l.com\/en\/#organization"},"potentialAction":[{"@type":"SearchAction","target":{"@type":"EntryPoint","urlTemplate":"https:\/\/librairie7l.com\/en\/?s={search_term_string}"},"query-input":"required name=search_term_string"}],"inLanguage":"en-US"},{"@type":"Organization","@id":"https:\/\/librairie7l.com\/en\/#organization","name":"Librairie 7L","url":"https:\/\/librairie7l.com\/en\/","logo":{"@type":"ImageObject","inLanguage":"en-US","@id":"https:\/\/librairie7l.com\/en\/#\/schema\/logo\/image\/","url":"https:\/\/librairie7l.com\/wp-content\/uploads\/2022\/08\/logo-1.png","contentUrl":"https:\/\/librairie7l.com\/wp-content\/uploads\/2022\/08\/logo-1.png","width":227,"height":301,"caption":"Librairie 7L"},"image":{"@id":"https:\/\/librairie7l.com\/en\/#\/schema\/logo\/image\/"}}]}},"_links":{"self":[{"href":"https:\/\/librairie7l.com\/en\/wp-json\/wp\/v2\/product\/45015"}],"collection":[{"href":"https:\/\/librairie7l.com\/en\/wp-json\/wp\/v2\/product"}],"about":[{"href":"https:\/\/librairie7l.com\/en\/wp-json\/wp\/v2\/types\/product"}],"wp:featuredmedia":[{"embeddable":true,"href":"https:\/\/librairie7l.com\/en\/wp-json\/wp\/v2\/media\/45013"}],"wp:attachment":[{"href":"https:\/\/librairie7l.com\/en\/wp-json\/wp\/v2\/media?parent=45015"}],"wp:term":[{"taxonomy":"product_cat","embeddable":true,"href":"https:\/\/librairie7l.com\/en\/wp-json\/wp\/v2\/product_cat?post=45015"},{"taxonomy":"product_tag","embeddable":true,"href":"https:\/\/librairie7l.com\/en\/wp-json\/wp\/v2\/product_tag?post=45015"}],"curies":[{"name":"wp","href":"https:\/\/api.w.org\/{rel}","templated":true}]}}