{"id":45019,"date":"2024-12-11T09:18:02","date_gmt":"2024-12-11T08:18:02","guid":{"rendered":"https:\/\/librairie7l.com\/?post_type=product&#038;p=45019"},"modified":"2026-04-05T20:04:08","modified_gmt":"2026-04-05T18:04:08","slug":"rietveld-schroder-house-2","status":"publish","type":"product","link":"https:\/\/librairie7l.com\/en\/produit\/rietveld-schroder-house-2\/","title":{"rendered":"RIETVELD SCHRODER HOUSE"},"content":{"rendered":"<p>The official book marking the centenary of the Rietveld Schr\u00f6der House tells the story of two lovers and radical innovators in modern architecture: Truus Schr\u00f6der and Gerrit Rietveld<\/p>\n<p>&#8220;The idea of living in the house like this essentially came from me.&#8221;<br \/>\n? Truus Schr\u00f6der<\/p>\n<p>Rietveld Schr\u00f6der House: A Biography of the House tells the story of the iconic house and its creators, Truus Schr\u00f6der (1889-1985) and Gerrit Rietveld (1888-1964). The construction of the house, the designs by &#8216;Schr\u00f6der &amp; Rietveld Architects&#8217;, the war years, the renovations and the many family parties: this richly illustrated publication builds up a picture of the colourful life of the idiosyncratic Rietveld Schr\u00f6der House.<\/p>\n<p>In addition to many previously unpublished photographs, drawings, designs and letters, the book provides in-depth insight into Rietveld and Schr\u00f6der&#8217;s collaboration and their shared ambition to radically change traditional (interior) architecture. The research by authors Natalie Dubois and Jessica van Geel also convincingly shows that Truus Schr\u00f6der&#8217;s role was far greater than previously assumed. As a gifted designer, Schr\u00f6der was much more than Gerrit Rietveld&#8217;s &#8216;muse&#8217;. Her creative vision proved crucial to their joint projects.<\/p>\n<p>With its bespoke design by Irma Boom, this publication is a tribute to the world-famous house built in 1924 that continues to inspire today. Rietveld Schr\u00f6der House: A Biography of the House is an accessible and essential reference work for lovers of modern architecture, art history and revolutionary daring.<\/p>\n<p>This publication coincides with the centenary of the Rietveld Schr\u00f6der House, and is issued in collaboration with Centraal Museum Utrecht.<\/p>\n","protected":false},"excerpt":{"rendered":"<p>The official book marking the centenary of the Rietveld Schr\u00f6der House tells the story of two lovers and radical innovators in modern architecture: Truus Schr\u00f6der and Gerrit Rietveld &#8220;The idea of living in the house like this essentially came from me.&#8221; ? Truus Schr\u00f6der Rietveld Schr\u00f6der House: A Biography of the House tells the story [&hellip;]<\/p>\n","protected":false},"featured_media":45017,"template":"","meta":[],"product_cat":[2948,2950],"product_tag":[],"acf":[],"yoast_head":"<!-- This site is optimized with the Yoast SEO plugin v20.11 - https:\/\/yoast.com\/wordpress\/plugins\/seo\/ -->\n<title>Rietveld schroder house - Librairie 7L<\/title>\n<meta name=\"robots\" content=\"index, follow, max-snippet:-1, max-image-preview:large, max-video-preview:-1\" \/>\n<link rel=\"canonical\" href=\"https:\/\/librairie7l.com\/en\/produit\/rietveld-schroder-house-2\/\" \/>\n<meta property=\"og:locale\" content=\"en_US\" \/>\n<meta property=\"og:type\" content=\"article\" \/>\n<meta property=\"og:title\" content=\"Rietveld schroder house - Librairie 7L\" \/>\n<meta property=\"og:description\" content=\"The official book marking the centenary of the Rietveld Schr\u00f6der House tells the story of two lovers and radical innovators in modern architecture: Truus Schr\u00f6der and Gerrit Rietveld &#8220;The idea of living in the house like this essentially came from me.&#8221; ? Truus Schr\u00f6der Rietveld Schr\u00f6der House: A Biography of the House tells the story [&hellip;]\" \/>\n<meta property=\"og:url\" content=\"https:\/\/librairie7l.com\/en\/produit\/rietveld-schroder-house-2\/\" \/>\n<meta property=\"og:site_name\" content=\"Librairie 7L\" \/>\n<meta property=\"article:modified_time\" content=\"2026-04-05T18:04:08+00:00\" \/>\n<meta property=\"og:image\" content=\"https:\/\/librairie7l.com\/wp-content\/uploads\/2024\/05\/9789464941432_1_75.jpg\" \/>\n\t<meta property=\"og:image:width\" content=\"600\" \/>\n\t<meta property=\"og:image:height\" content=\"876\" \/>\n\t<meta property=\"og:image:type\" content=\"image\/jpeg\" \/>\n<meta name=\"twitter:card\" content=\"summary_large_image\" \/>\n<meta name=\"twitter:label1\" content=\"Est. reading time\" \/>\n\t<meta name=\"twitter:data1\" content=\"1 minute\" \/>\n<script type=\"application\/ld+json\" class=\"yoast-schema-graph\">{\"@context\":\"https:\/\/schema.org\",\"@graph\":[{\"@type\":\"WebPage\",\"@id\":\"https:\/\/librairie7l.com\/en\/produit\/rietveld-schroder-house-2\/\",\"url\":\"https:\/\/librairie7l.com\/en\/produit\/rietveld-schroder-house-2\/\",\"name\":\"Rietveld schroder house - Librairie 7L\",\"isPartOf\":{\"@id\":\"https:\/\/librairie7l.com\/en\/#website\"},\"datePublished\":\"2024-12-11T08:18:02+00:00\",\"dateModified\":\"2026-04-05T18:04:08+00:00\",\"breadcrumb\":{\"@id\":\"https:\/\/librairie7l.com\/en\/produit\/rietveld-schroder-house-2\/#breadcrumb\"},\"inLanguage\":\"en-US\",\"potentialAction\":[{\"@type\":\"ReadAction\",\"target\":[\"https:\/\/librairie7l.com\/en\/produit\/rietveld-schroder-house-2\/\"]}]},{\"@type\":\"BreadcrumbList\",\"@id\":\"https:\/\/librairie7l.com\/en\/produit\/rietveld-schroder-house-2\/#breadcrumb\",\"itemListElement\":[{\"@type\":\"ListItem\",\"position\":1,\"name\":\"Accueil\",\"item\":\"https:\/\/librairie7l.com\/en\/\"},{\"@type\":\"ListItem\",\"position\":2,\"name\":\"Shop\",\"item\":\"https:\/\/librairie7l.com\/en\/shop\/\"},{\"@type\":\"ListItem\",\"position\":3,\"name\":\"RIETVELD SCHRODER HOUSE\"}]},{\"@type\":\"WebSite\",\"@id\":\"https:\/\/librairie7l.com\/en\/#website\",\"url\":\"https:\/\/librairie7l.com\/en\/\",\"name\":\"Librairie 7L\",\"description\":\"Librairie fond\u00e9e en 1999 par Karl Lagerfeld \u00e0 Paris\",\"publisher\":{\"@id\":\"https:\/\/librairie7l.com\/en\/#organization\"},\"potentialAction\":[{\"@type\":\"SearchAction\",\"target\":{\"@type\":\"EntryPoint\",\"urlTemplate\":\"https:\/\/librairie7l.com\/en\/?s={search_term_string}\"},\"query-input\":\"required name=search_term_string\"}],\"inLanguage\":\"en-US\"},{\"@type\":\"Organization\",\"@id\":\"https:\/\/librairie7l.com\/en\/#organization\",\"name\":\"Librairie 7L\",\"url\":\"https:\/\/librairie7l.com\/en\/\",\"logo\":{\"@type\":\"ImageObject\",\"inLanguage\":\"en-US\",\"@id\":\"https:\/\/librairie7l.com\/en\/#\/schema\/logo\/image\/\",\"url\":\"https:\/\/librairie7l.com\/wp-content\/uploads\/2022\/08\/logo-1.png\",\"contentUrl\":\"https:\/\/librairie7l.com\/wp-content\/uploads\/2022\/08\/logo-1.png\",\"width\":227,\"height\":301,\"caption\":\"Librairie 7L\"},\"image\":{\"@id\":\"https:\/\/librairie7l.com\/en\/#\/schema\/logo\/image\/\"}}]}<\/script>\n<!-- \/ Yoast SEO plugin. -->","yoast_head_json":{"title":"Rietveld schroder house - Librairie 7L","robots":{"index":"index","follow":"follow","max-snippet":"max-snippet:-1","max-image-preview":"max-image-preview:large","max-video-preview":"max-video-preview:-1"},"canonical":"https:\/\/librairie7l.com\/en\/produit\/rietveld-schroder-house-2\/","og_locale":"en_US","og_type":"article","og_title":"Rietveld schroder house - Librairie 7L","og_description":"The official book marking the centenary of the Rietveld Schr\u00f6der House tells the story of two lovers and radical innovators in modern architecture: Truus Schr\u00f6der and Gerrit Rietveld &#8220;The idea of living in the house like this essentially came from me.&#8221; ? Truus Schr\u00f6der Rietveld Schr\u00f6der House: A Biography of the House tells the story [&hellip;]","og_url":"https:\/\/librairie7l.com\/en\/produit\/rietveld-schroder-house-2\/","og_site_name":"Librairie 7L","article_modified_time":"2026-04-05T18:04:08+00:00","og_image":[{"width":600,"height":876,"url":"https:\/\/librairie7l.com\/wp-content\/uploads\/2024\/05\/9789464941432_1_75.jpg","type":"image\/jpeg"}],"twitter_card":"summary_large_image","twitter_misc":{"Est. reading time":"1 minute"},"schema":{"@context":"https:\/\/schema.org","@graph":[{"@type":"WebPage","@id":"https:\/\/librairie7l.com\/en\/produit\/rietveld-schroder-house-2\/","url":"https:\/\/librairie7l.com\/en\/produit\/rietveld-schroder-house-2\/","name":"Rietveld schroder house - Librairie 7L","isPartOf":{"@id":"https:\/\/librairie7l.com\/en\/#website"},"datePublished":"2024-12-11T08:18:02+00:00","dateModified":"2026-04-05T18:04:08+00:00","breadcrumb":{"@id":"https:\/\/librairie7l.com\/en\/produit\/rietveld-schroder-house-2\/#breadcrumb"},"inLanguage":"en-US","potentialAction":[{"@type":"ReadAction","target":["https:\/\/librairie7l.com\/en\/produit\/rietveld-schroder-house-2\/"]}]},{"@type":"BreadcrumbList","@id":"https:\/\/librairie7l.com\/en\/produit\/rietveld-schroder-house-2\/#breadcrumb","itemListElement":[{"@type":"ListItem","position":1,"name":"Accueil","item":"https:\/\/librairie7l.com\/en\/"},{"@type":"ListItem","position":2,"name":"Shop","item":"https:\/\/librairie7l.com\/en\/shop\/"},{"@type":"ListItem","position":3,"name":"RIETVELD SCHRODER HOUSE"}]},{"@type":"WebSite","@id":"https:\/\/librairie7l.com\/en\/#website","url":"https:\/\/librairie7l.com\/en\/","name":"Librairie 7L","description":"Librairie fond\u00e9e en 1999 par Karl Lagerfeld \u00e0 Paris","publisher":{"@id":"https:\/\/librairie7l.com\/en\/#organization"},"potentialAction":[{"@type":"SearchAction","target":{"@type":"EntryPoint","urlTemplate":"https:\/\/librairie7l.com\/en\/?s={search_term_string}"},"query-input":"required name=search_term_string"}],"inLanguage":"en-US"},{"@type":"Organization","@id":"https:\/\/librairie7l.com\/en\/#organization","name":"Librairie 7L","url":"https:\/\/librairie7l.com\/en\/","logo":{"@type":"ImageObject","inLanguage":"en-US","@id":"https:\/\/librairie7l.com\/en\/#\/schema\/logo\/image\/","url":"https:\/\/librairie7l.com\/wp-content\/uploads\/2022\/08\/logo-1.png","contentUrl":"https:\/\/librairie7l.com\/wp-content\/uploads\/2022\/08\/logo-1.png","width":227,"height":301,"caption":"Librairie 7L"},"image":{"@id":"https:\/\/librairie7l.com\/en\/#\/schema\/logo\/image\/"}}]}},"_links":{"self":[{"href":"https:\/\/librairie7l.com\/en\/wp-json\/wp\/v2\/product\/45019"}],"collection":[{"href":"https:\/\/librairie7l.com\/en\/wp-json\/wp\/v2\/product"}],"about":[{"href":"https:\/\/librairie7l.com\/en\/wp-json\/wp\/v2\/types\/product"}],"wp:featuredmedia":[{"embeddable":true,"href":"https:\/\/librairie7l.com\/en\/wp-json\/wp\/v2\/media\/45017"}],"wp:attachment":[{"href":"https:\/\/librairie7l.com\/en\/wp-json\/wp\/v2\/media?parent=45019"}],"wp:term":[{"taxonomy":"product_cat","embeddable":true,"href":"https:\/\/librairie7l.com\/en\/wp-json\/wp\/v2\/product_cat?post=45019"},{"taxonomy":"product_tag","embeddable":true,"href":"https:\/\/librairie7l.com\/en\/wp-json\/wp\/v2\/product_tag?post=45019"}],"curies":[{"name":"wp","href":"https:\/\/api.w.org\/{rel}","templated":true}]}}