{"id":45038,"date":"2024-12-12T09:17:40","date_gmt":"2024-12-12T08:17:40","guid":{"rendered":"https:\/\/librairie7l.com\/?post_type=product&#038;p=45038"},"modified":"2026-05-02T22:53:37","modified_gmt":"2026-05-02T20:53:37","slug":"derek-jarman-2","status":"publish","type":"product","link":"https:\/\/librairie7l.com\/en\/produit\/derek-jarman-2\/","title":{"rendered":"DEREK JARMAN"},"content":{"rendered":"<p>L&#8217;ouvrage met notamment en valeur la pratique artistique de Jarman de la p\u00e9riode 1986-1993. Durant ces ann\u00e9es, ses virulentes peintures r\u00e9alis\u00e9es sur des unes de journaux homophobes dialoguent avec des assemblages d&#8217;objets trouv\u00e9s aux alentours de son jardin-refuge de Prospect Cottage et certaines de ses exp\u00e9rimentations filmiques les plus puissantes. Rassemblant des essais command\u00e9s \u00e0 des critiques d&#8217;art et universitaires internationaux, consacr\u00e9s \u00e0 des aspects sp\u00e9cifiques &#8211; et parfois m\u00e9connus &#8211; de sa vie et de son oeuvre, ainsi que de g\u00e9n\u00e9reux portfolios couvrant ses p\u00e9riodes successives, cette monographie offre une vue d&#8217;ensemble de la singularit\u00e9 cr\u00e9ative de Derek Jarman.<br \/>\nLa rage et la beaut\u00e9, l&#8217;\u00e9motion et le sens du d\u00e9tail, la duret\u00e9 du r\u00e9el et les plaisirs de la fiction, le romantisme et l&#8217;activisme, l&#8217;affirmation queer et la passion pour Shakespeare, le go\u00fbt des fleurs, des livres et des couleurs : telle est la pl\u00e9nitude du monde d&#8217;un artiste qui affirmait que \u00ab le but de l&#8217;art est de r\u00e9veiller les r\u00eaves qui sommeillent en nous \u00bb. Ceux de Derek Jarman, toujours vivants aujourd&#8217;hui, continuent de se transmettre.<br \/>\nAvec les essais et contributions de Laetitia Chauvin, Fiona Corridan, Simon Fisher Turner, Philip Hoare, Gerald Incandela, Claire Le Restif, \u00c9lisabeth Lebovici, Cy Lecerf Maulpoix, James Mackay, Marco Martella, Jon Savage, Tilda Swinton et Simon Watney.<br \/>\nPubli\u00e9 suite \u00e0 l&#8217;exposition de Derek JarmanDead Souls Whisper (1986-1993) au Cr\u00e9dac, Ivry-sur-Seine, en 2021.<\/p>\n","protected":false},"excerpt":{"rendered":"<p>L&#8217;ouvrage met notamment en valeur la pratique artistique de Jarman de la p\u00e9riode 1986-1993. Durant ces ann\u00e9es, ses virulentes peintures r\u00e9alis\u00e9es sur des unes de journaux homophobes dialoguent avec des assemblages d&#8217;objets trouv\u00e9s aux alentours de son jardin-refuge de Prospect Cottage et certaines de ses exp\u00e9rimentations filmiques les plus puissantes. Rassemblant des essais command\u00e9s \u00e0 [&hellip;]<\/p>\n","protected":false},"featured_media":45036,"template":"","meta":[],"product_cat":[2948],"product_tag":[],"acf":[],"yoast_head":"<!-- This site is optimized with the Yoast SEO plugin v20.11 - https:\/\/yoast.com\/wordpress\/plugins\/seo\/ -->\n<title>Derek Jarman - Librairie 7L<\/title>\n<meta name=\"robots\" content=\"index, follow, max-snippet:-1, max-image-preview:large, max-video-preview:-1\" \/>\n<link rel=\"canonical\" href=\"https:\/\/librairie7l.com\/en\/produit\/derek-jarman-2\/\" \/>\n<meta property=\"og:locale\" content=\"en_US\" \/>\n<meta property=\"og:type\" content=\"article\" \/>\n<meta property=\"og:title\" content=\"Derek Jarman - Librairie 7L\" \/>\n<meta property=\"og:description\" content=\"L&#8217;ouvrage met notamment en valeur la pratique artistique de Jarman de la p\u00e9riode 1986-1993. Durant ces ann\u00e9es, ses virulentes peintures r\u00e9alis\u00e9es sur des unes de journaux homophobes dialoguent avec des assemblages d&#8217;objets trouv\u00e9s aux alentours de son jardin-refuge de Prospect Cottage et certaines de ses exp\u00e9rimentations filmiques les plus puissantes. Rassemblant des essais command\u00e9s \u00e0 [&hellip;]\" \/>\n<meta property=\"og:url\" content=\"https:\/\/librairie7l.com\/en\/produit\/derek-jarman-2\/\" \/>\n<meta property=\"og:site_name\" content=\"Librairie 7L\" \/>\n<meta property=\"article:modified_time\" content=\"2026-05-02T20:53:37+00:00\" \/>\n<meta property=\"og:image\" content=\"https:\/\/librairie7l.com\/wp-content\/uploads\/2024\/11\/9783037646007_1_75.jpg\" \/>\n\t<meta property=\"og:image:width\" content=\"600\" \/>\n\t<meta property=\"og:image:height\" content=\"825\" \/>\n\t<meta property=\"og:image:type\" content=\"image\/jpeg\" \/>\n<meta name=\"twitter:card\" content=\"summary_large_image\" \/>\n<meta name=\"twitter:label1\" content=\"Est. reading time\" \/>\n\t<meta name=\"twitter:data1\" content=\"1 minute\" \/>\n<script type=\"application\/ld+json\" class=\"yoast-schema-graph\">{\"@context\":\"https:\/\/schema.org\",\"@graph\":[{\"@type\":\"WebPage\",\"@id\":\"https:\/\/librairie7l.com\/en\/produit\/derek-jarman-2\/\",\"url\":\"https:\/\/librairie7l.com\/en\/produit\/derek-jarman-2\/\",\"name\":\"Derek Jarman - Librairie 7L\",\"isPartOf\":{\"@id\":\"https:\/\/librairie7l.com\/en\/#website\"},\"datePublished\":\"2024-12-12T08:17:40+00:00\",\"dateModified\":\"2026-05-02T20:53:37+00:00\",\"breadcrumb\":{\"@id\":\"https:\/\/librairie7l.com\/en\/produit\/derek-jarman-2\/#breadcrumb\"},\"inLanguage\":\"en-US\",\"potentialAction\":[{\"@type\":\"ReadAction\",\"target\":[\"https:\/\/librairie7l.com\/en\/produit\/derek-jarman-2\/\"]}]},{\"@type\":\"BreadcrumbList\",\"@id\":\"https:\/\/librairie7l.com\/en\/produit\/derek-jarman-2\/#breadcrumb\",\"itemListElement\":[{\"@type\":\"ListItem\",\"position\":1,\"name\":\"Accueil\",\"item\":\"https:\/\/librairie7l.com\/en\/\"},{\"@type\":\"ListItem\",\"position\":2,\"name\":\"Shop\",\"item\":\"https:\/\/librairie7l.com\/en\/shop\/\"},{\"@type\":\"ListItem\",\"position\":3,\"name\":\"DEREK JARMAN\"}]},{\"@type\":\"WebSite\",\"@id\":\"https:\/\/librairie7l.com\/en\/#website\",\"url\":\"https:\/\/librairie7l.com\/en\/\",\"name\":\"Librairie 7L\",\"description\":\"Librairie fond\u00e9e en 1999 par Karl Lagerfeld \u00e0 Paris\",\"publisher\":{\"@id\":\"https:\/\/librairie7l.com\/en\/#organization\"},\"potentialAction\":[{\"@type\":\"SearchAction\",\"target\":{\"@type\":\"EntryPoint\",\"urlTemplate\":\"https:\/\/librairie7l.com\/en\/?s={search_term_string}\"},\"query-input\":\"required name=search_term_string\"}],\"inLanguage\":\"en-US\"},{\"@type\":\"Organization\",\"@id\":\"https:\/\/librairie7l.com\/en\/#organization\",\"name\":\"Librairie 7L\",\"url\":\"https:\/\/librairie7l.com\/en\/\",\"logo\":{\"@type\":\"ImageObject\",\"inLanguage\":\"en-US\",\"@id\":\"https:\/\/librairie7l.com\/en\/#\/schema\/logo\/image\/\",\"url\":\"https:\/\/librairie7l.com\/wp-content\/uploads\/2022\/08\/logo-1.png\",\"contentUrl\":\"https:\/\/librairie7l.com\/wp-content\/uploads\/2022\/08\/logo-1.png\",\"width\":227,\"height\":301,\"caption\":\"Librairie 7L\"},\"image\":{\"@id\":\"https:\/\/librairie7l.com\/en\/#\/schema\/logo\/image\/\"}}]}<\/script>\n<!-- \/ Yoast SEO plugin. -->","yoast_head_json":{"title":"Derek Jarman - Librairie 7L","robots":{"index":"index","follow":"follow","max-snippet":"max-snippet:-1","max-image-preview":"max-image-preview:large","max-video-preview":"max-video-preview:-1"},"canonical":"https:\/\/librairie7l.com\/en\/produit\/derek-jarman-2\/","og_locale":"en_US","og_type":"article","og_title":"Derek Jarman - Librairie 7L","og_description":"L&#8217;ouvrage met notamment en valeur la pratique artistique de Jarman de la p\u00e9riode 1986-1993. Durant ces ann\u00e9es, ses virulentes peintures r\u00e9alis\u00e9es sur des unes de journaux homophobes dialoguent avec des assemblages d&#8217;objets trouv\u00e9s aux alentours de son jardin-refuge de Prospect Cottage et certaines de ses exp\u00e9rimentations filmiques les plus puissantes. Rassemblant des essais command\u00e9s \u00e0 [&hellip;]","og_url":"https:\/\/librairie7l.com\/en\/produit\/derek-jarman-2\/","og_site_name":"Librairie 7L","article_modified_time":"2026-05-02T20:53:37+00:00","og_image":[{"width":600,"height":825,"url":"https:\/\/librairie7l.com\/wp-content\/uploads\/2024\/11\/9783037646007_1_75.jpg","type":"image\/jpeg"}],"twitter_card":"summary_large_image","twitter_misc":{"Est. reading time":"1 minute"},"schema":{"@context":"https:\/\/schema.org","@graph":[{"@type":"WebPage","@id":"https:\/\/librairie7l.com\/en\/produit\/derek-jarman-2\/","url":"https:\/\/librairie7l.com\/en\/produit\/derek-jarman-2\/","name":"Derek Jarman - Librairie 7L","isPartOf":{"@id":"https:\/\/librairie7l.com\/en\/#website"},"datePublished":"2024-12-12T08:17:40+00:00","dateModified":"2026-05-02T20:53:37+00:00","breadcrumb":{"@id":"https:\/\/librairie7l.com\/en\/produit\/derek-jarman-2\/#breadcrumb"},"inLanguage":"en-US","potentialAction":[{"@type":"ReadAction","target":["https:\/\/librairie7l.com\/en\/produit\/derek-jarman-2\/"]}]},{"@type":"BreadcrumbList","@id":"https:\/\/librairie7l.com\/en\/produit\/derek-jarman-2\/#breadcrumb","itemListElement":[{"@type":"ListItem","position":1,"name":"Accueil","item":"https:\/\/librairie7l.com\/en\/"},{"@type":"ListItem","position":2,"name":"Shop","item":"https:\/\/librairie7l.com\/en\/shop\/"},{"@type":"ListItem","position":3,"name":"DEREK JARMAN"}]},{"@type":"WebSite","@id":"https:\/\/librairie7l.com\/en\/#website","url":"https:\/\/librairie7l.com\/en\/","name":"Librairie 7L","description":"Librairie fond\u00e9e en 1999 par Karl Lagerfeld \u00e0 Paris","publisher":{"@id":"https:\/\/librairie7l.com\/en\/#organization"},"potentialAction":[{"@type":"SearchAction","target":{"@type":"EntryPoint","urlTemplate":"https:\/\/librairie7l.com\/en\/?s={search_term_string}"},"query-input":"required name=search_term_string"}],"inLanguage":"en-US"},{"@type":"Organization","@id":"https:\/\/librairie7l.com\/en\/#organization","name":"Librairie 7L","url":"https:\/\/librairie7l.com\/en\/","logo":{"@type":"ImageObject","inLanguage":"en-US","@id":"https:\/\/librairie7l.com\/en\/#\/schema\/logo\/image\/","url":"https:\/\/librairie7l.com\/wp-content\/uploads\/2022\/08\/logo-1.png","contentUrl":"https:\/\/librairie7l.com\/wp-content\/uploads\/2022\/08\/logo-1.png","width":227,"height":301,"caption":"Librairie 7L"},"image":{"@id":"https:\/\/librairie7l.com\/en\/#\/schema\/logo\/image\/"}}]}},"_links":{"self":[{"href":"https:\/\/librairie7l.com\/en\/wp-json\/wp\/v2\/product\/45038"}],"collection":[{"href":"https:\/\/librairie7l.com\/en\/wp-json\/wp\/v2\/product"}],"about":[{"href":"https:\/\/librairie7l.com\/en\/wp-json\/wp\/v2\/types\/product"}],"wp:featuredmedia":[{"embeddable":true,"href":"https:\/\/librairie7l.com\/en\/wp-json\/wp\/v2\/media\/45036"}],"wp:attachment":[{"href":"https:\/\/librairie7l.com\/en\/wp-json\/wp\/v2\/media?parent=45038"}],"wp:term":[{"taxonomy":"product_cat","embeddable":true,"href":"https:\/\/librairie7l.com\/en\/wp-json\/wp\/v2\/product_cat?post=45038"},{"taxonomy":"product_tag","embeddable":true,"href":"https:\/\/librairie7l.com\/en\/wp-json\/wp\/v2\/product_tag?post=45038"}],"curies":[{"name":"wp","href":"https:\/\/api.w.org\/{rel}","templated":true}]}}