{"id":45042,"date":"2024-12-12T09:17:45","date_gmt":"2024-12-12T08:17:45","guid":{"rendered":"https:\/\/librairie7l.com\/?post_type=product&#038;p=45042"},"modified":"2026-04-20T15:06:58","modified_gmt":"2026-04-20T13:06:58","slug":"likebana-pas-a-pas-2","status":"publish","type":"product","link":"https:\/\/librairie7l.com\/en\/produit\/likebana-pas-a-pas-2\/","title":{"rendered":"L&#8217;IKEBANA PAS \u00c0 PAS"},"content":{"rendered":"<p>(Texte provisoire) <\/p>\n<p>Ce livre est une introduction simple et respectueuse des principes de l&#8217;ikebana.<br \/>\nApr\u00e8s une introduction de la philosophie de l&#8217;ikebana, des diff\u00e9rentes \u00e9coles, des outils et des techniques de base, l&#8217;auteure pr\u00e9sente en d\u00e9tail 30 arrangements types, \u00e0 la fois classiques et modernes. Chaque arrangement fait l&#8217;objet d&#8217;une suite de pas-\u00e0-pas photographiques d\u00e9taill\u00e9s, de fa\u00e7on \u00e0 comprendre toutes les \u00e9tapes de la r\u00e9alisation et \u00e0 pouvoir les reproduire. De nombreux sch\u00e9mas viennent \u00e9galement en support aux explications.<br \/>\nAu total ce sont 500 photos qui illustrent le livre et lui donne une richesse in\u00e9gal\u00e9e. <\/p>\n<p>. Des compositions faciles \u00e0 reproduire<br \/>\n. Des pas \u00e0 pas clairs et tr\u00e8s d\u00e9taill\u00e9s<br \/>\n. 500 photos et illustrations<br \/>\n. Les amateurs d&#8217;Ikebana attendent de nouveaux livres sur le sujet <\/p>\n<p>Ilse Beunen a v\u00e9cu au Japon de 1989 \u00e0 2000, o\u00f9 elle a \u00e9tudi\u00e9 la conception des jardins japonais et l&#8217;ikebana. De retour en Belgique, elle a cr\u00e9\u00e9 sa propre \u00e9cole d&#8217;Ikebana \u00e0 Anvers. Elle est actuellement pr\u00e9sidente du Groupe d&#8217;\u00e9tude Sogetsu Azalea, et nombre de ses ouvres sont publi\u00e9es dans des livres et sur les r\u00e9seaux sociaux. Sa page facebook est suivie par des milliers de &#8220;followers&#8221; (www.facebook.com\/ikebanabelgium, www.ilsebeunen.com).<\/p>\n","protected":false},"excerpt":{"rendered":"<p>(Texte provisoire) Ce livre est une introduction simple et respectueuse des principes de l&#8217;ikebana. Apr\u00e8s une introduction de la philosophie de l&#8217;ikebana, des diff\u00e9rentes \u00e9coles, des outils et des techniques de base, l&#8217;auteure pr\u00e9sente en d\u00e9tail 30 arrangements types, \u00e0 la fois classiques et modernes. Chaque arrangement fait l&#8217;objet d&#8217;une suite de pas-\u00e0-pas photographiques d\u00e9taill\u00e9s, [&hellip;]<\/p>\n","protected":false},"featured_media":45040,"template":"","meta":[],"product_cat":[2948],"product_tag":[],"acf":[],"yoast_head":"<!-- This site is optimized with the Yoast SEO plugin v20.11 - https:\/\/yoast.com\/wordpress\/plugins\/seo\/ -->\n<title>L&#039;ikebana pas \u00e0 pas - Librairie 7L<\/title>\n<meta name=\"robots\" content=\"index, follow, max-snippet:-1, max-image-preview:large, max-video-preview:-1\" \/>\n<link rel=\"canonical\" href=\"https:\/\/librairie7l.com\/en\/produit\/likebana-pas-a-pas-2\/\" \/>\n<meta property=\"og:locale\" content=\"en_US\" \/>\n<meta property=\"og:type\" content=\"article\" \/>\n<meta property=\"og:title\" content=\"L&#039;ikebana pas \u00e0 pas - Librairie 7L\" \/>\n<meta property=\"og:description\" content=\"(Texte provisoire) Ce livre est une introduction simple et respectueuse des principes de l&#8217;ikebana. Apr\u00e8s une introduction de la philosophie de l&#8217;ikebana, des diff\u00e9rentes \u00e9coles, des outils et des techniques de base, l&#8217;auteure pr\u00e9sente en d\u00e9tail 30 arrangements types, \u00e0 la fois classiques et modernes. Chaque arrangement fait l&#8217;objet d&#8217;une suite de pas-\u00e0-pas photographiques d\u00e9taill\u00e9s, [&hellip;]\" \/>\n<meta property=\"og:url\" content=\"https:\/\/librairie7l.com\/en\/produit\/likebana-pas-a-pas-2\/\" \/>\n<meta property=\"og:site_name\" content=\"Librairie 7L\" \/>\n<meta property=\"article:modified_time\" content=\"2026-04-20T13:06:58+00:00\" \/>\n<meta property=\"og:image\" content=\"https:\/\/librairie7l.com\/wp-content\/uploads\/2015\/03\/9782841387816_1_75.jpg\" \/>\n\t<meta property=\"og:image:width\" content=\"1000\" \/>\n\t<meta property=\"og:image:height\" content=\"1284\" \/>\n\t<meta property=\"og:image:type\" content=\"image\/jpeg\" \/>\n<meta name=\"twitter:card\" content=\"summary_large_image\" \/>\n<meta name=\"twitter:label1\" content=\"Est. reading time\" \/>\n\t<meta name=\"twitter:data1\" content=\"1 minute\" \/>\n<script type=\"application\/ld+json\" class=\"yoast-schema-graph\">{\"@context\":\"https:\/\/schema.org\",\"@graph\":[{\"@type\":\"WebPage\",\"@id\":\"https:\/\/librairie7l.com\/en\/produit\/likebana-pas-a-pas-2\/\",\"url\":\"https:\/\/librairie7l.com\/en\/produit\/likebana-pas-a-pas-2\/\",\"name\":\"L'ikebana pas \u00e0 pas - Librairie 7L\",\"isPartOf\":{\"@id\":\"https:\/\/librairie7l.com\/en\/#website\"},\"datePublished\":\"2024-12-12T08:17:45+00:00\",\"dateModified\":\"2026-04-20T13:06:58+00:00\",\"breadcrumb\":{\"@id\":\"https:\/\/librairie7l.com\/en\/produit\/likebana-pas-a-pas-2\/#breadcrumb\"},\"inLanguage\":\"en-US\",\"potentialAction\":[{\"@type\":\"ReadAction\",\"target\":[\"https:\/\/librairie7l.com\/en\/produit\/likebana-pas-a-pas-2\/\"]}]},{\"@type\":\"BreadcrumbList\",\"@id\":\"https:\/\/librairie7l.com\/en\/produit\/likebana-pas-a-pas-2\/#breadcrumb\",\"itemListElement\":[{\"@type\":\"ListItem\",\"position\":1,\"name\":\"Accueil\",\"item\":\"https:\/\/librairie7l.com\/en\/\"},{\"@type\":\"ListItem\",\"position\":2,\"name\":\"Shop\",\"item\":\"https:\/\/librairie7l.com\/en\/shop\/\"},{\"@type\":\"ListItem\",\"position\":3,\"name\":\"L&#8217;IKEBANA PAS \u00c0 PAS\"}]},{\"@type\":\"WebSite\",\"@id\":\"https:\/\/librairie7l.com\/en\/#website\",\"url\":\"https:\/\/librairie7l.com\/en\/\",\"name\":\"Librairie 7L\",\"description\":\"Librairie fond\u00e9e en 1999 par Karl Lagerfeld \u00e0 Paris\",\"publisher\":{\"@id\":\"https:\/\/librairie7l.com\/en\/#organization\"},\"potentialAction\":[{\"@type\":\"SearchAction\",\"target\":{\"@type\":\"EntryPoint\",\"urlTemplate\":\"https:\/\/librairie7l.com\/en\/?s={search_term_string}\"},\"query-input\":\"required name=search_term_string\"}],\"inLanguage\":\"en-US\"},{\"@type\":\"Organization\",\"@id\":\"https:\/\/librairie7l.com\/en\/#organization\",\"name\":\"Librairie 7L\",\"url\":\"https:\/\/librairie7l.com\/en\/\",\"logo\":{\"@type\":\"ImageObject\",\"inLanguage\":\"en-US\",\"@id\":\"https:\/\/librairie7l.com\/en\/#\/schema\/logo\/image\/\",\"url\":\"https:\/\/librairie7l.com\/wp-content\/uploads\/2022\/08\/logo-1.png\",\"contentUrl\":\"https:\/\/librairie7l.com\/wp-content\/uploads\/2022\/08\/logo-1.png\",\"width\":227,\"height\":301,\"caption\":\"Librairie 7L\"},\"image\":{\"@id\":\"https:\/\/librairie7l.com\/en\/#\/schema\/logo\/image\/\"}}]}<\/script>\n<!-- \/ Yoast SEO plugin. -->","yoast_head_json":{"title":"L'ikebana pas \u00e0 pas - Librairie 7L","robots":{"index":"index","follow":"follow","max-snippet":"max-snippet:-1","max-image-preview":"max-image-preview:large","max-video-preview":"max-video-preview:-1"},"canonical":"https:\/\/librairie7l.com\/en\/produit\/likebana-pas-a-pas-2\/","og_locale":"en_US","og_type":"article","og_title":"L'ikebana pas \u00e0 pas - Librairie 7L","og_description":"(Texte provisoire) Ce livre est une introduction simple et respectueuse des principes de l&#8217;ikebana. Apr\u00e8s une introduction de la philosophie de l&#8217;ikebana, des diff\u00e9rentes \u00e9coles, des outils et des techniques de base, l&#8217;auteure pr\u00e9sente en d\u00e9tail 30 arrangements types, \u00e0 la fois classiques et modernes. Chaque arrangement fait l&#8217;objet d&#8217;une suite de pas-\u00e0-pas photographiques d\u00e9taill\u00e9s, [&hellip;]","og_url":"https:\/\/librairie7l.com\/en\/produit\/likebana-pas-a-pas-2\/","og_site_name":"Librairie 7L","article_modified_time":"2026-04-20T13:06:58+00:00","og_image":[{"width":1000,"height":1284,"url":"https:\/\/librairie7l.com\/wp-content\/uploads\/2015\/03\/9782841387816_1_75.jpg","type":"image\/jpeg"}],"twitter_card":"summary_large_image","twitter_misc":{"Est. reading time":"1 minute"},"schema":{"@context":"https:\/\/schema.org","@graph":[{"@type":"WebPage","@id":"https:\/\/librairie7l.com\/en\/produit\/likebana-pas-a-pas-2\/","url":"https:\/\/librairie7l.com\/en\/produit\/likebana-pas-a-pas-2\/","name":"L'ikebana pas \u00e0 pas - Librairie 7L","isPartOf":{"@id":"https:\/\/librairie7l.com\/en\/#website"},"datePublished":"2024-12-12T08:17:45+00:00","dateModified":"2026-04-20T13:06:58+00:00","breadcrumb":{"@id":"https:\/\/librairie7l.com\/en\/produit\/likebana-pas-a-pas-2\/#breadcrumb"},"inLanguage":"en-US","potentialAction":[{"@type":"ReadAction","target":["https:\/\/librairie7l.com\/en\/produit\/likebana-pas-a-pas-2\/"]}]},{"@type":"BreadcrumbList","@id":"https:\/\/librairie7l.com\/en\/produit\/likebana-pas-a-pas-2\/#breadcrumb","itemListElement":[{"@type":"ListItem","position":1,"name":"Accueil","item":"https:\/\/librairie7l.com\/en\/"},{"@type":"ListItem","position":2,"name":"Shop","item":"https:\/\/librairie7l.com\/en\/shop\/"},{"@type":"ListItem","position":3,"name":"L&#8217;IKEBANA PAS \u00c0 PAS"}]},{"@type":"WebSite","@id":"https:\/\/librairie7l.com\/en\/#website","url":"https:\/\/librairie7l.com\/en\/","name":"Librairie 7L","description":"Librairie fond\u00e9e en 1999 par Karl Lagerfeld \u00e0 Paris","publisher":{"@id":"https:\/\/librairie7l.com\/en\/#organization"},"potentialAction":[{"@type":"SearchAction","target":{"@type":"EntryPoint","urlTemplate":"https:\/\/librairie7l.com\/en\/?s={search_term_string}"},"query-input":"required name=search_term_string"}],"inLanguage":"en-US"},{"@type":"Organization","@id":"https:\/\/librairie7l.com\/en\/#organization","name":"Librairie 7L","url":"https:\/\/librairie7l.com\/en\/","logo":{"@type":"ImageObject","inLanguage":"en-US","@id":"https:\/\/librairie7l.com\/en\/#\/schema\/logo\/image\/","url":"https:\/\/librairie7l.com\/wp-content\/uploads\/2022\/08\/logo-1.png","contentUrl":"https:\/\/librairie7l.com\/wp-content\/uploads\/2022\/08\/logo-1.png","width":227,"height":301,"caption":"Librairie 7L"},"image":{"@id":"https:\/\/librairie7l.com\/en\/#\/schema\/logo\/image\/"}}]}},"_links":{"self":[{"href":"https:\/\/librairie7l.com\/en\/wp-json\/wp\/v2\/product\/45042"}],"collection":[{"href":"https:\/\/librairie7l.com\/en\/wp-json\/wp\/v2\/product"}],"about":[{"href":"https:\/\/librairie7l.com\/en\/wp-json\/wp\/v2\/types\/product"}],"wp:featuredmedia":[{"embeddable":true,"href":"https:\/\/librairie7l.com\/en\/wp-json\/wp\/v2\/media\/45040"}],"wp:attachment":[{"href":"https:\/\/librairie7l.com\/en\/wp-json\/wp\/v2\/media?parent=45042"}],"wp:term":[{"taxonomy":"product_cat","embeddable":true,"href":"https:\/\/librairie7l.com\/en\/wp-json\/wp\/v2\/product_cat?post=45042"},{"taxonomy":"product_tag","embeddable":true,"href":"https:\/\/librairie7l.com\/en\/wp-json\/wp\/v2\/product_tag?post=45042"}],"curies":[{"name":"wp","href":"https:\/\/api.w.org\/{rel}","templated":true}]}}