{"id":45046,"date":"2024-12-12T09:17:48","date_gmt":"2024-12-12T08:17:48","guid":{"rendered":"https:\/\/librairie7l.com\/?post_type=product&#038;p=45046"},"modified":"2026-04-10T11:58:01","modified_gmt":"2026-04-10T09:58:01","slug":"teintures-vegetales-carnet-de-recettes-cahier-dinspirations-2","status":"publish","type":"product","link":"https:\/\/librairie7l.com\/en\/produit\/teintures-vegetales-carnet-de-recettes-cahier-dinspirations-2\/","title":{"rendered":"TEINTURES V\u00c9G\u00c9TALES ; CARNET DE RECETTES &AMP; CAHIER D&#8221;INSPIRATIONS"},"content":{"rendered":"<p>C&#8217;est un peu de la chimie, un peu de la cuisine, un retour \u00e0 la nature et au cycle des saisons, un go\u00fbt pour le temps pass\u00e9 \u00e0 tester les teintes, \u00e0 m\u00e9langer, chauffer, faire s\u00e9cher, recommencer. C&#8217;est porter attention aux couleurs que nous offrent les v\u00e9g\u00e9taux pour les retrouver dans des cr\u00e9ations textiles aux nuances subtiles et naturelles.<br \/>\nAur\u00e9lia Wolff m\u00e9lange les feuilles, les racines, les \u00e9corces ou les fleurs, pour cr\u00e9er des nuanciers qu&#8217;elle explore sur diff\u00e9rents mat\u00e9riaux : \u00e9cheveaux de laine, fils \u00e0 tisser ou \u00e0 tricoter, tissus bio ou \u00e9toffes de r\u00e9cup, lin cultiv\u00e9 et fabriqu\u00e9 en France. Artisan avant tout, elle partage dans ce livre le fruit de son exp\u00e9rience en teinture naturelle et son approche respectueuse de l&#8217;environnement.<br \/>\nUn guide \u00e9rudit et pratique qui m\u00eale recettes et th\u00e9orie, histoire et inspirations, pour explorer l&#8217;univers si riche des teintures v\u00e9g\u00e9tales, et tenter \u00e0 notre tour de jouer avec les palettes que nous offre la nature.<\/p>\n","protected":false},"excerpt":{"rendered":"<p>C&#8217;est un peu de la chimie, un peu de la cuisine, un retour \u00e0 la nature et au cycle des saisons, un go\u00fbt pour le temps pass\u00e9 \u00e0 tester les teintes, \u00e0 m\u00e9langer, chauffer, faire s\u00e9cher, recommencer. C&#8217;est porter attention aux couleurs que nous offrent les v\u00e9g\u00e9taux pour les retrouver dans des cr\u00e9ations textiles aux [&hellip;]<\/p>\n","protected":false},"featured_media":45044,"template":"","meta":[],"product_cat":[2948],"product_tag":[],"acf":[],"yoast_head":"<!-- This site is optimized with the Yoast SEO plugin v20.11 - https:\/\/yoast.com\/wordpress\/plugins\/seo\/ -->\n<title>Teintures v\u00e9g\u00e9tales ; carnet de recettes &amp; cahier d&#039;&#039;inspirations - Librairie 7L<\/title>\n<meta name=\"robots\" content=\"index, follow, max-snippet:-1, max-image-preview:large, max-video-preview:-1\" \/>\n<link rel=\"canonical\" href=\"https:\/\/librairie7l.com\/en\/produit\/teintures-vegetales-carnet-de-recettes-cahier-dinspirations-2\/\" \/>\n<meta property=\"og:locale\" content=\"en_US\" \/>\n<meta property=\"og:type\" content=\"article\" \/>\n<meta property=\"og:title\" content=\"Teintures v\u00e9g\u00e9tales ; carnet de recettes &amp; cahier d&#039;&#039;inspirations - Librairie 7L\" \/>\n<meta property=\"og:description\" content=\"C&#8217;est un peu de la chimie, un peu de la cuisine, un retour \u00e0 la nature et au cycle des saisons, un go\u00fbt pour le temps pass\u00e9 \u00e0 tester les teintes, \u00e0 m\u00e9langer, chauffer, faire s\u00e9cher, recommencer. C&#8217;est porter attention aux couleurs que nous offrent les v\u00e9g\u00e9taux pour les retrouver dans des cr\u00e9ations textiles aux [&hellip;]\" \/>\n<meta property=\"og:url\" content=\"https:\/\/librairie7l.com\/en\/produit\/teintures-vegetales-carnet-de-recettes-cahier-dinspirations-2\/\" \/>\n<meta property=\"og:site_name\" content=\"Librairie 7L\" \/>\n<meta property=\"article:modified_time\" content=\"2026-04-10T09:58:01+00:00\" \/>\n<meta property=\"og:image\" content=\"https:\/\/librairie7l.com\/wp-content\/uploads\/2017\/09\/9782212675092_1_75.jpg\" \/>\n\t<meta property=\"og:image:width\" content=\"600\" \/>\n\t<meta property=\"og:image:height\" content=\"810\" \/>\n\t<meta property=\"og:image:type\" content=\"image\/jpeg\" \/>\n<meta name=\"twitter:card\" content=\"summary_large_image\" \/>\n<meta name=\"twitter:label1\" content=\"Est. reading time\" \/>\n\t<meta name=\"twitter:data1\" content=\"1 minute\" \/>\n<script type=\"application\/ld+json\" class=\"yoast-schema-graph\">{\"@context\":\"https:\/\/schema.org\",\"@graph\":[{\"@type\":\"WebPage\",\"@id\":\"https:\/\/librairie7l.com\/en\/produit\/teintures-vegetales-carnet-de-recettes-cahier-dinspirations-2\/\",\"url\":\"https:\/\/librairie7l.com\/en\/produit\/teintures-vegetales-carnet-de-recettes-cahier-dinspirations-2\/\",\"name\":\"Teintures v\u00e9g\u00e9tales ; carnet de recettes &amp; cahier d''inspirations - Librairie 7L\",\"isPartOf\":{\"@id\":\"https:\/\/librairie7l.com\/en\/#website\"},\"datePublished\":\"2024-12-12T08:17:48+00:00\",\"dateModified\":\"2026-04-10T09:58:01+00:00\",\"breadcrumb\":{\"@id\":\"https:\/\/librairie7l.com\/en\/produit\/teintures-vegetales-carnet-de-recettes-cahier-dinspirations-2\/#breadcrumb\"},\"inLanguage\":\"en-US\",\"potentialAction\":[{\"@type\":\"ReadAction\",\"target\":[\"https:\/\/librairie7l.com\/en\/produit\/teintures-vegetales-carnet-de-recettes-cahier-dinspirations-2\/\"]}]},{\"@type\":\"BreadcrumbList\",\"@id\":\"https:\/\/librairie7l.com\/en\/produit\/teintures-vegetales-carnet-de-recettes-cahier-dinspirations-2\/#breadcrumb\",\"itemListElement\":[{\"@type\":\"ListItem\",\"position\":1,\"name\":\"Accueil\",\"item\":\"https:\/\/librairie7l.com\/en\/\"},{\"@type\":\"ListItem\",\"position\":2,\"name\":\"Shop\",\"item\":\"https:\/\/librairie7l.com\/en\/shop\/\"},{\"@type\":\"ListItem\",\"position\":3,\"name\":\"TEINTURES V\u00c9G\u00c9TALES ; CARNET DE RECETTES &AMP; CAHIER D&#8221;INSPIRATIONS\"}]},{\"@type\":\"WebSite\",\"@id\":\"https:\/\/librairie7l.com\/en\/#website\",\"url\":\"https:\/\/librairie7l.com\/en\/\",\"name\":\"Librairie 7L\",\"description\":\"Librairie fond\u00e9e en 1999 par Karl Lagerfeld \u00e0 Paris\",\"publisher\":{\"@id\":\"https:\/\/librairie7l.com\/en\/#organization\"},\"potentialAction\":[{\"@type\":\"SearchAction\",\"target\":{\"@type\":\"EntryPoint\",\"urlTemplate\":\"https:\/\/librairie7l.com\/en\/?s={search_term_string}\"},\"query-input\":\"required name=search_term_string\"}],\"inLanguage\":\"en-US\"},{\"@type\":\"Organization\",\"@id\":\"https:\/\/librairie7l.com\/en\/#organization\",\"name\":\"Librairie 7L\",\"url\":\"https:\/\/librairie7l.com\/en\/\",\"logo\":{\"@type\":\"ImageObject\",\"inLanguage\":\"en-US\",\"@id\":\"https:\/\/librairie7l.com\/en\/#\/schema\/logo\/image\/\",\"url\":\"https:\/\/librairie7l.com\/wp-content\/uploads\/2022\/08\/logo-1.png\",\"contentUrl\":\"https:\/\/librairie7l.com\/wp-content\/uploads\/2022\/08\/logo-1.png\",\"width\":227,\"height\":301,\"caption\":\"Librairie 7L\"},\"image\":{\"@id\":\"https:\/\/librairie7l.com\/en\/#\/schema\/logo\/image\/\"}}]}<\/script>\n<!-- \/ Yoast SEO plugin. -->","yoast_head_json":{"title":"Teintures v\u00e9g\u00e9tales ; carnet de recettes &amp; cahier d''inspirations - Librairie 7L","robots":{"index":"index","follow":"follow","max-snippet":"max-snippet:-1","max-image-preview":"max-image-preview:large","max-video-preview":"max-video-preview:-1"},"canonical":"https:\/\/librairie7l.com\/en\/produit\/teintures-vegetales-carnet-de-recettes-cahier-dinspirations-2\/","og_locale":"en_US","og_type":"article","og_title":"Teintures v\u00e9g\u00e9tales ; carnet de recettes &amp; cahier d''inspirations - Librairie 7L","og_description":"C&#8217;est un peu de la chimie, un peu de la cuisine, un retour \u00e0 la nature et au cycle des saisons, un go\u00fbt pour le temps pass\u00e9 \u00e0 tester les teintes, \u00e0 m\u00e9langer, chauffer, faire s\u00e9cher, recommencer. C&#8217;est porter attention aux couleurs que nous offrent les v\u00e9g\u00e9taux pour les retrouver dans des cr\u00e9ations textiles aux [&hellip;]","og_url":"https:\/\/librairie7l.com\/en\/produit\/teintures-vegetales-carnet-de-recettes-cahier-dinspirations-2\/","og_site_name":"Librairie 7L","article_modified_time":"2026-04-10T09:58:01+00:00","og_image":[{"width":600,"height":810,"url":"https:\/\/librairie7l.com\/wp-content\/uploads\/2017\/09\/9782212675092_1_75.jpg","type":"image\/jpeg"}],"twitter_card":"summary_large_image","twitter_misc":{"Est. reading time":"1 minute"},"schema":{"@context":"https:\/\/schema.org","@graph":[{"@type":"WebPage","@id":"https:\/\/librairie7l.com\/en\/produit\/teintures-vegetales-carnet-de-recettes-cahier-dinspirations-2\/","url":"https:\/\/librairie7l.com\/en\/produit\/teintures-vegetales-carnet-de-recettes-cahier-dinspirations-2\/","name":"Teintures v\u00e9g\u00e9tales ; carnet de recettes &amp; cahier d''inspirations - Librairie 7L","isPartOf":{"@id":"https:\/\/librairie7l.com\/en\/#website"},"datePublished":"2024-12-12T08:17:48+00:00","dateModified":"2026-04-10T09:58:01+00:00","breadcrumb":{"@id":"https:\/\/librairie7l.com\/en\/produit\/teintures-vegetales-carnet-de-recettes-cahier-dinspirations-2\/#breadcrumb"},"inLanguage":"en-US","potentialAction":[{"@type":"ReadAction","target":["https:\/\/librairie7l.com\/en\/produit\/teintures-vegetales-carnet-de-recettes-cahier-dinspirations-2\/"]}]},{"@type":"BreadcrumbList","@id":"https:\/\/librairie7l.com\/en\/produit\/teintures-vegetales-carnet-de-recettes-cahier-dinspirations-2\/#breadcrumb","itemListElement":[{"@type":"ListItem","position":1,"name":"Accueil","item":"https:\/\/librairie7l.com\/en\/"},{"@type":"ListItem","position":2,"name":"Shop","item":"https:\/\/librairie7l.com\/en\/shop\/"},{"@type":"ListItem","position":3,"name":"TEINTURES V\u00c9G\u00c9TALES ; CARNET DE RECETTES &AMP; CAHIER D&#8221;INSPIRATIONS"}]},{"@type":"WebSite","@id":"https:\/\/librairie7l.com\/en\/#website","url":"https:\/\/librairie7l.com\/en\/","name":"Librairie 7L","description":"Librairie fond\u00e9e en 1999 par Karl Lagerfeld \u00e0 Paris","publisher":{"@id":"https:\/\/librairie7l.com\/en\/#organization"},"potentialAction":[{"@type":"SearchAction","target":{"@type":"EntryPoint","urlTemplate":"https:\/\/librairie7l.com\/en\/?s={search_term_string}"},"query-input":"required name=search_term_string"}],"inLanguage":"en-US"},{"@type":"Organization","@id":"https:\/\/librairie7l.com\/en\/#organization","name":"Librairie 7L","url":"https:\/\/librairie7l.com\/en\/","logo":{"@type":"ImageObject","inLanguage":"en-US","@id":"https:\/\/librairie7l.com\/en\/#\/schema\/logo\/image\/","url":"https:\/\/librairie7l.com\/wp-content\/uploads\/2022\/08\/logo-1.png","contentUrl":"https:\/\/librairie7l.com\/wp-content\/uploads\/2022\/08\/logo-1.png","width":227,"height":301,"caption":"Librairie 7L"},"image":{"@id":"https:\/\/librairie7l.com\/en\/#\/schema\/logo\/image\/"}}]}},"_links":{"self":[{"href":"https:\/\/librairie7l.com\/en\/wp-json\/wp\/v2\/product\/45046"}],"collection":[{"href":"https:\/\/librairie7l.com\/en\/wp-json\/wp\/v2\/product"}],"about":[{"href":"https:\/\/librairie7l.com\/en\/wp-json\/wp\/v2\/types\/product"}],"wp:featuredmedia":[{"embeddable":true,"href":"https:\/\/librairie7l.com\/en\/wp-json\/wp\/v2\/media\/45044"}],"wp:attachment":[{"href":"https:\/\/librairie7l.com\/en\/wp-json\/wp\/v2\/media?parent=45046"}],"wp:term":[{"taxonomy":"product_cat","embeddable":true,"href":"https:\/\/librairie7l.com\/en\/wp-json\/wp\/v2\/product_cat?post=45046"},{"taxonomy":"product_tag","embeddable":true,"href":"https:\/\/librairie7l.com\/en\/wp-json\/wp\/v2\/product_tag?post=45046"}],"curies":[{"name":"wp","href":"https:\/\/api.w.org\/{rel}","templated":true}]}}