{"id":45053,"date":"2024-12-12T16:34:42","date_gmt":"2024-12-12T15:34:42","guid":{"rendered":"https:\/\/librairie7l.com\/?post_type=product&#038;p=45053"},"modified":"2026-04-10T21:21:42","modified_gmt":"2026-04-10T19:21:42","slug":"comfort-2","status":"publish","type":"product","link":"https:\/\/librairie7l.com\/en\/produit\/comfort-2\/","title":{"rendered":"COMFORT"},"content":{"rendered":"<p>D\u00e9couvrez la comfort food fa\u00e7on Ottolenghi.<\/p>\n<p>Avec plus de 100 recettes savoureuses, parmi lesquelles des futures incontournables sur les p\u00e2tes, les soupes et les pommes de terre, COMFORT est une ode \u00e0 la nourriture et au fait maison, mais aussi aux liens que nous cr\u00e9ons en cuisinant et qui se transmettent de g\u00e9n\u00e9ration en g\u00e9n\u00e9ration.<\/p>\n","protected":false},"excerpt":{"rendered":"<p>D\u00e9couvrez la comfort food fa\u00e7on Ottolenghi. Avec plus de 100 recettes savoureuses, parmi lesquelles des futures incontournables sur les p\u00e2tes, les soupes et les pommes de terre, COMFORT est une ode \u00e0 la nourriture et au fait maison, mais aussi aux liens que nous cr\u00e9ons en cuisinant et qui se transmettent de g\u00e9n\u00e9ration en g\u00e9n\u00e9ration.<\/p>\n","protected":false},"featured_media":45051,"template":"","meta":[],"product_cat":[7364,2948],"product_tag":[],"acf":[],"yoast_head":"<!-- This site is optimized with the Yoast SEO plugin v20.11 - https:\/\/yoast.com\/wordpress\/plugins\/seo\/ -->\n<title>Comfort - Librairie 7L<\/title>\n<meta name=\"robots\" content=\"index, follow, max-snippet:-1, max-image-preview:large, max-video-preview:-1\" \/>\n<link rel=\"canonical\" href=\"https:\/\/librairie7l.com\/en\/produit\/comfort-2\/\" \/>\n<meta property=\"og:locale\" content=\"en_US\" \/>\n<meta property=\"og:type\" content=\"article\" \/>\n<meta property=\"og:title\" content=\"Comfort - Librairie 7L\" \/>\n<meta property=\"og:description\" content=\"D\u00e9couvrez la comfort food fa\u00e7on Ottolenghi. Avec plus de 100 recettes savoureuses, parmi lesquelles des futures incontournables sur les p\u00e2tes, les soupes et les pommes de terre, COMFORT est une ode \u00e0 la nourriture et au fait maison, mais aussi aux liens que nous cr\u00e9ons en cuisinant et qui se transmettent de g\u00e9n\u00e9ration en g\u00e9n\u00e9ration.\" \/>\n<meta property=\"og:url\" content=\"https:\/\/librairie7l.com\/en\/produit\/comfort-2\/\" \/>\n<meta property=\"og:site_name\" content=\"Librairie 7L\" \/>\n<meta property=\"article:modified_time\" content=\"2026-04-10T19:21:42+00:00\" \/>\n<meta property=\"og:image\" content=\"https:\/\/librairie7l.com\/wp-content\/uploads\/2024\/01\/9782019328047_1_75.jpg\" \/>\n\t<meta property=\"og:image:width\" content=\"600\" \/>\n\t<meta property=\"og:image:height\" content=\"822\" \/>\n\t<meta property=\"og:image:type\" content=\"image\/jpeg\" \/>\n<meta name=\"twitter:card\" content=\"summary_large_image\" \/>\n<script type=\"application\/ld+json\" class=\"yoast-schema-graph\">{\"@context\":\"https:\/\/schema.org\",\"@graph\":[{\"@type\":\"WebPage\",\"@id\":\"https:\/\/librairie7l.com\/en\/produit\/comfort-2\/\",\"url\":\"https:\/\/librairie7l.com\/en\/produit\/comfort-2\/\",\"name\":\"Comfort - Librairie 7L\",\"isPartOf\":{\"@id\":\"https:\/\/librairie7l.com\/en\/#website\"},\"datePublished\":\"2024-12-12T15:34:42+00:00\",\"dateModified\":\"2026-04-10T19:21:42+00:00\",\"breadcrumb\":{\"@id\":\"https:\/\/librairie7l.com\/en\/produit\/comfort-2\/#breadcrumb\"},\"inLanguage\":\"en-US\",\"potentialAction\":[{\"@type\":\"ReadAction\",\"target\":[\"https:\/\/librairie7l.com\/en\/produit\/comfort-2\/\"]}]},{\"@type\":\"BreadcrumbList\",\"@id\":\"https:\/\/librairie7l.com\/en\/produit\/comfort-2\/#breadcrumb\",\"itemListElement\":[{\"@type\":\"ListItem\",\"position\":1,\"name\":\"Accueil\",\"item\":\"https:\/\/librairie7l.com\/en\/\"},{\"@type\":\"ListItem\",\"position\":2,\"name\":\"Shop\",\"item\":\"https:\/\/librairie7l.com\/en\/shop\/\"},{\"@type\":\"ListItem\",\"position\":3,\"name\":\"COMFORT\"}]},{\"@type\":\"WebSite\",\"@id\":\"https:\/\/librairie7l.com\/en\/#website\",\"url\":\"https:\/\/librairie7l.com\/en\/\",\"name\":\"Librairie 7L\",\"description\":\"Librairie fond\u00e9e en 1999 par Karl Lagerfeld \u00e0 Paris\",\"publisher\":{\"@id\":\"https:\/\/librairie7l.com\/en\/#organization\"},\"potentialAction\":[{\"@type\":\"SearchAction\",\"target\":{\"@type\":\"EntryPoint\",\"urlTemplate\":\"https:\/\/librairie7l.com\/en\/?s={search_term_string}\"},\"query-input\":\"required name=search_term_string\"}],\"inLanguage\":\"en-US\"},{\"@type\":\"Organization\",\"@id\":\"https:\/\/librairie7l.com\/en\/#organization\",\"name\":\"Librairie 7L\",\"url\":\"https:\/\/librairie7l.com\/en\/\",\"logo\":{\"@type\":\"ImageObject\",\"inLanguage\":\"en-US\",\"@id\":\"https:\/\/librairie7l.com\/en\/#\/schema\/logo\/image\/\",\"url\":\"https:\/\/librairie7l.com\/wp-content\/uploads\/2022\/08\/logo-1.png\",\"contentUrl\":\"https:\/\/librairie7l.com\/wp-content\/uploads\/2022\/08\/logo-1.png\",\"width\":227,\"height\":301,\"caption\":\"Librairie 7L\"},\"image\":{\"@id\":\"https:\/\/librairie7l.com\/en\/#\/schema\/logo\/image\/\"}}]}<\/script>\n<!-- \/ Yoast SEO plugin. -->","yoast_head_json":{"title":"Comfort - Librairie 7L","robots":{"index":"index","follow":"follow","max-snippet":"max-snippet:-1","max-image-preview":"max-image-preview:large","max-video-preview":"max-video-preview:-1"},"canonical":"https:\/\/librairie7l.com\/en\/produit\/comfort-2\/","og_locale":"en_US","og_type":"article","og_title":"Comfort - Librairie 7L","og_description":"D\u00e9couvrez la comfort food fa\u00e7on Ottolenghi. Avec plus de 100 recettes savoureuses, parmi lesquelles des futures incontournables sur les p\u00e2tes, les soupes et les pommes de terre, COMFORT est une ode \u00e0 la nourriture et au fait maison, mais aussi aux liens que nous cr\u00e9ons en cuisinant et qui se transmettent de g\u00e9n\u00e9ration en g\u00e9n\u00e9ration.","og_url":"https:\/\/librairie7l.com\/en\/produit\/comfort-2\/","og_site_name":"Librairie 7L","article_modified_time":"2026-04-10T19:21:42+00:00","og_image":[{"width":600,"height":822,"url":"https:\/\/librairie7l.com\/wp-content\/uploads\/2024\/01\/9782019328047_1_75.jpg","type":"image\/jpeg"}],"twitter_card":"summary_large_image","schema":{"@context":"https:\/\/schema.org","@graph":[{"@type":"WebPage","@id":"https:\/\/librairie7l.com\/en\/produit\/comfort-2\/","url":"https:\/\/librairie7l.com\/en\/produit\/comfort-2\/","name":"Comfort - Librairie 7L","isPartOf":{"@id":"https:\/\/librairie7l.com\/en\/#website"},"datePublished":"2024-12-12T15:34:42+00:00","dateModified":"2026-04-10T19:21:42+00:00","breadcrumb":{"@id":"https:\/\/librairie7l.com\/en\/produit\/comfort-2\/#breadcrumb"},"inLanguage":"en-US","potentialAction":[{"@type":"ReadAction","target":["https:\/\/librairie7l.com\/en\/produit\/comfort-2\/"]}]},{"@type":"BreadcrumbList","@id":"https:\/\/librairie7l.com\/en\/produit\/comfort-2\/#breadcrumb","itemListElement":[{"@type":"ListItem","position":1,"name":"Accueil","item":"https:\/\/librairie7l.com\/en\/"},{"@type":"ListItem","position":2,"name":"Shop","item":"https:\/\/librairie7l.com\/en\/shop\/"},{"@type":"ListItem","position":3,"name":"COMFORT"}]},{"@type":"WebSite","@id":"https:\/\/librairie7l.com\/en\/#website","url":"https:\/\/librairie7l.com\/en\/","name":"Librairie 7L","description":"Librairie fond\u00e9e en 1999 par Karl Lagerfeld \u00e0 Paris","publisher":{"@id":"https:\/\/librairie7l.com\/en\/#organization"},"potentialAction":[{"@type":"SearchAction","target":{"@type":"EntryPoint","urlTemplate":"https:\/\/librairie7l.com\/en\/?s={search_term_string}"},"query-input":"required name=search_term_string"}],"inLanguage":"en-US"},{"@type":"Organization","@id":"https:\/\/librairie7l.com\/en\/#organization","name":"Librairie 7L","url":"https:\/\/librairie7l.com\/en\/","logo":{"@type":"ImageObject","inLanguage":"en-US","@id":"https:\/\/librairie7l.com\/en\/#\/schema\/logo\/image\/","url":"https:\/\/librairie7l.com\/wp-content\/uploads\/2022\/08\/logo-1.png","contentUrl":"https:\/\/librairie7l.com\/wp-content\/uploads\/2022\/08\/logo-1.png","width":227,"height":301,"caption":"Librairie 7L"},"image":{"@id":"https:\/\/librairie7l.com\/en\/#\/schema\/logo\/image\/"}}]}},"_links":{"self":[{"href":"https:\/\/librairie7l.com\/en\/wp-json\/wp\/v2\/product\/45053"}],"collection":[{"href":"https:\/\/librairie7l.com\/en\/wp-json\/wp\/v2\/product"}],"about":[{"href":"https:\/\/librairie7l.com\/en\/wp-json\/wp\/v2\/types\/product"}],"wp:featuredmedia":[{"embeddable":true,"href":"https:\/\/librairie7l.com\/en\/wp-json\/wp\/v2\/media\/45051"}],"wp:attachment":[{"href":"https:\/\/librairie7l.com\/en\/wp-json\/wp\/v2\/media?parent=45053"}],"wp:term":[{"taxonomy":"product_cat","embeddable":true,"href":"https:\/\/librairie7l.com\/en\/wp-json\/wp\/v2\/product_cat?post=45053"},{"taxonomy":"product_tag","embeddable":true,"href":"https:\/\/librairie7l.com\/en\/wp-json\/wp\/v2\/product_tag?post=45053"}],"curies":[{"name":"wp","href":"https:\/\/api.w.org\/{rel}","templated":true}]}}