{"id":45068,"date":"2024-12-14T09:17:38","date_gmt":"2024-12-14T08:17:38","guid":{"rendered":"https:\/\/librairie7l.com\/?post_type=product&#038;p=45068"},"modified":"2026-04-04T23:30:29","modified_gmt":"2026-04-04T21:30:29","slug":"ecrits-architecture-design-et-projet-2","status":"publish","type":"product","link":"https:\/\/librairie7l.com\/en\/produit\/ecrits-architecture-design-et-projet-2\/","title":{"rendered":"\u00c9CRITS (ARCHITECTURE, DESIGN ET PROJET)"},"content":{"rendered":"<p>Les \u00e9crits d&#8217;une figure essentielle et incontournable du design italien contemporain, architecte, designer, r\u00e9dacteur en chef, essayiste, po\u00e8te et th\u00e9oricien, publi\u00e9s en fran\u00e7ais pour la premi\u00e8re fois, permettent de suivre l&#8217;\u00e9volution de sa pens\u00e9e et le d\u00e9veloppement de son oeuvre, avec un appareil critique complet et des introductions historiques et th\u00e9oriques pour saisir le contexte italien et international qui pr\u00e9side \u00e0 leur \u00e9criture.<\/p>\n<p>Premi\u00e8re \u00e9dition critique des \u00e9crits d&#8217;Alessandro Mendini (1931), cette anthologie in\u00e9dite r\u00e9unit plus d&#8217;une centaine de textes \u00e9crits par le cr\u00e9ateur entre 1972 et 2011. Expos\u00e9e chronologiquement, chaque p\u00e9riode est introduite par un essai proposant au lecteur une analyse possible et des clefs de compr\u00e9hension du contexte mendinien, et plus g\u00e9n\u00e9ralement une r\u00e9flexion sur la discipline et ses fondements intellectuels.<br \/>\n L&#8217;ouvrage et les traductions qu&#8217;il pr\u00e9sente souhaitent rendre compte des enjeux du design des ann\u00e9es 1970 \u00e0 aujourd&#8217;hui \u00e0 travers l&#8217;une de ses personnalit\u00e9s les plus brillantes. Il s&#8217;agit de prendre connaissance de la pens\u00e9e d&#8217;Alessandro Mendini en n&#8217;\u00e9vacuant aucune complexit\u00e9 et de t\u00e9moigner que la discipline est pens\u00e9e avec force par ses protagonistes pendant la seconde moiti\u00e9 du XXe si\u00e8cle.<\/p>\n","protected":false},"excerpt":{"rendered":"<p>Les \u00e9crits d&#8217;une figure essentielle et incontournable du design italien contemporain, architecte, designer, r\u00e9dacteur en chef, essayiste, po\u00e8te et th\u00e9oricien, publi\u00e9s en fran\u00e7ais pour la premi\u00e8re fois, permettent de suivre l&#8217;\u00e9volution de sa pens\u00e9e et le d\u00e9veloppement de son oeuvre, avec un appareil critique complet et des introductions historiques et th\u00e9oriques pour saisir le contexte [&hellip;]<\/p>\n","protected":false},"featured_media":45066,"template":"","meta":[],"product_cat":[2948],"product_tag":[],"acf":[],"yoast_head":"<!-- This site is optimized with the Yoast SEO plugin v20.11 - https:\/\/yoast.com\/wordpress\/plugins\/seo\/ -->\n<title>\u00e9crits (architecture, design et projet) - Librairie 7L<\/title>\n<meta name=\"robots\" content=\"index, follow, max-snippet:-1, max-image-preview:large, max-video-preview:-1\" \/>\n<link rel=\"canonical\" href=\"https:\/\/librairie7l.com\/en\/produit\/ecrits-architecture-design-et-projet-2\/\" \/>\n<meta property=\"og:locale\" content=\"en_US\" \/>\n<meta property=\"og:type\" content=\"article\" \/>\n<meta property=\"og:title\" content=\"\u00e9crits (architecture, design et projet) - Librairie 7L\" \/>\n<meta property=\"og:description\" content=\"Les \u00e9crits d&#8217;une figure essentielle et incontournable du design italien contemporain, architecte, designer, r\u00e9dacteur en chef, essayiste, po\u00e8te et th\u00e9oricien, publi\u00e9s en fran\u00e7ais pour la premi\u00e8re fois, permettent de suivre l&#8217;\u00e9volution de sa pens\u00e9e et le d\u00e9veloppement de son oeuvre, avec un appareil critique complet et des introductions historiques et th\u00e9oriques pour saisir le contexte [&hellip;]\" \/>\n<meta property=\"og:url\" content=\"https:\/\/librairie7l.com\/en\/produit\/ecrits-architecture-design-et-projet-2\/\" \/>\n<meta property=\"og:site_name\" content=\"Librairie 7L\" \/>\n<meta property=\"article:modified_time\" content=\"2026-04-04T21:30:29+00:00\" \/>\n<meta property=\"og:image\" content=\"https:\/\/librairie7l.com\/wp-content\/uploads\/2014\/09\/9782840664673_1_75.jpg\" \/>\n\t<meta property=\"og:image:width\" content=\"150\" \/>\n\t<meta property=\"og:image:height\" content=\"209\" \/>\n\t<meta property=\"og:image:type\" content=\"image\/jpeg\" \/>\n<meta name=\"twitter:card\" content=\"summary_large_image\" \/>\n<meta name=\"twitter:label1\" content=\"Est. reading time\" \/>\n\t<meta name=\"twitter:data1\" content=\"1 minute\" \/>\n<script type=\"application\/ld+json\" class=\"yoast-schema-graph\">{\"@context\":\"https:\/\/schema.org\",\"@graph\":[{\"@type\":\"WebPage\",\"@id\":\"https:\/\/librairie7l.com\/en\/produit\/ecrits-architecture-design-et-projet-2\/\",\"url\":\"https:\/\/librairie7l.com\/en\/produit\/ecrits-architecture-design-et-projet-2\/\",\"name\":\"\u00e9crits (architecture, design et projet) - Librairie 7L\",\"isPartOf\":{\"@id\":\"https:\/\/librairie7l.com\/en\/#website\"},\"datePublished\":\"2024-12-14T08:17:38+00:00\",\"dateModified\":\"2026-04-04T21:30:29+00:00\",\"breadcrumb\":{\"@id\":\"https:\/\/librairie7l.com\/en\/produit\/ecrits-architecture-design-et-projet-2\/#breadcrumb\"},\"inLanguage\":\"en-US\",\"potentialAction\":[{\"@type\":\"ReadAction\",\"target\":[\"https:\/\/librairie7l.com\/en\/produit\/ecrits-architecture-design-et-projet-2\/\"]}]},{\"@type\":\"BreadcrumbList\",\"@id\":\"https:\/\/librairie7l.com\/en\/produit\/ecrits-architecture-design-et-projet-2\/#breadcrumb\",\"itemListElement\":[{\"@type\":\"ListItem\",\"position\":1,\"name\":\"Accueil\",\"item\":\"https:\/\/librairie7l.com\/en\/\"},{\"@type\":\"ListItem\",\"position\":2,\"name\":\"Shop\",\"item\":\"https:\/\/librairie7l.com\/en\/shop\/\"},{\"@type\":\"ListItem\",\"position\":3,\"name\":\"\u00c9CRITS (ARCHITECTURE, DESIGN ET PROJET)\"}]},{\"@type\":\"WebSite\",\"@id\":\"https:\/\/librairie7l.com\/en\/#website\",\"url\":\"https:\/\/librairie7l.com\/en\/\",\"name\":\"Librairie 7L\",\"description\":\"Librairie fond\u00e9e en 1999 par Karl Lagerfeld \u00e0 Paris\",\"publisher\":{\"@id\":\"https:\/\/librairie7l.com\/en\/#organization\"},\"potentialAction\":[{\"@type\":\"SearchAction\",\"target\":{\"@type\":\"EntryPoint\",\"urlTemplate\":\"https:\/\/librairie7l.com\/en\/?s={search_term_string}\"},\"query-input\":\"required name=search_term_string\"}],\"inLanguage\":\"en-US\"},{\"@type\":\"Organization\",\"@id\":\"https:\/\/librairie7l.com\/en\/#organization\",\"name\":\"Librairie 7L\",\"url\":\"https:\/\/librairie7l.com\/en\/\",\"logo\":{\"@type\":\"ImageObject\",\"inLanguage\":\"en-US\",\"@id\":\"https:\/\/librairie7l.com\/en\/#\/schema\/logo\/image\/\",\"url\":\"https:\/\/librairie7l.com\/wp-content\/uploads\/2022\/08\/logo-1.png\",\"contentUrl\":\"https:\/\/librairie7l.com\/wp-content\/uploads\/2022\/08\/logo-1.png\",\"width\":227,\"height\":301,\"caption\":\"Librairie 7L\"},\"image\":{\"@id\":\"https:\/\/librairie7l.com\/en\/#\/schema\/logo\/image\/\"}}]}<\/script>\n<!-- \/ Yoast SEO plugin. -->","yoast_head_json":{"title":"\u00e9crits (architecture, design et projet) - Librairie 7L","robots":{"index":"index","follow":"follow","max-snippet":"max-snippet:-1","max-image-preview":"max-image-preview:large","max-video-preview":"max-video-preview:-1"},"canonical":"https:\/\/librairie7l.com\/en\/produit\/ecrits-architecture-design-et-projet-2\/","og_locale":"en_US","og_type":"article","og_title":"\u00e9crits (architecture, design et projet) - Librairie 7L","og_description":"Les \u00e9crits d&#8217;une figure essentielle et incontournable du design italien contemporain, architecte, designer, r\u00e9dacteur en chef, essayiste, po\u00e8te et th\u00e9oricien, publi\u00e9s en fran\u00e7ais pour la premi\u00e8re fois, permettent de suivre l&#8217;\u00e9volution de sa pens\u00e9e et le d\u00e9veloppement de son oeuvre, avec un appareil critique complet et des introductions historiques et th\u00e9oriques pour saisir le contexte [&hellip;]","og_url":"https:\/\/librairie7l.com\/en\/produit\/ecrits-architecture-design-et-projet-2\/","og_site_name":"Librairie 7L","article_modified_time":"2026-04-04T21:30:29+00:00","og_image":[{"width":150,"height":209,"url":"https:\/\/librairie7l.com\/wp-content\/uploads\/2014\/09\/9782840664673_1_75.jpg","type":"image\/jpeg"}],"twitter_card":"summary_large_image","twitter_misc":{"Est. reading time":"1 minute"},"schema":{"@context":"https:\/\/schema.org","@graph":[{"@type":"WebPage","@id":"https:\/\/librairie7l.com\/en\/produit\/ecrits-architecture-design-et-projet-2\/","url":"https:\/\/librairie7l.com\/en\/produit\/ecrits-architecture-design-et-projet-2\/","name":"\u00e9crits (architecture, design et projet) - Librairie 7L","isPartOf":{"@id":"https:\/\/librairie7l.com\/en\/#website"},"datePublished":"2024-12-14T08:17:38+00:00","dateModified":"2026-04-04T21:30:29+00:00","breadcrumb":{"@id":"https:\/\/librairie7l.com\/en\/produit\/ecrits-architecture-design-et-projet-2\/#breadcrumb"},"inLanguage":"en-US","potentialAction":[{"@type":"ReadAction","target":["https:\/\/librairie7l.com\/en\/produit\/ecrits-architecture-design-et-projet-2\/"]}]},{"@type":"BreadcrumbList","@id":"https:\/\/librairie7l.com\/en\/produit\/ecrits-architecture-design-et-projet-2\/#breadcrumb","itemListElement":[{"@type":"ListItem","position":1,"name":"Accueil","item":"https:\/\/librairie7l.com\/en\/"},{"@type":"ListItem","position":2,"name":"Shop","item":"https:\/\/librairie7l.com\/en\/shop\/"},{"@type":"ListItem","position":3,"name":"\u00c9CRITS (ARCHITECTURE, DESIGN ET PROJET)"}]},{"@type":"WebSite","@id":"https:\/\/librairie7l.com\/en\/#website","url":"https:\/\/librairie7l.com\/en\/","name":"Librairie 7L","description":"Librairie fond\u00e9e en 1999 par Karl Lagerfeld \u00e0 Paris","publisher":{"@id":"https:\/\/librairie7l.com\/en\/#organization"},"potentialAction":[{"@type":"SearchAction","target":{"@type":"EntryPoint","urlTemplate":"https:\/\/librairie7l.com\/en\/?s={search_term_string}"},"query-input":"required name=search_term_string"}],"inLanguage":"en-US"},{"@type":"Organization","@id":"https:\/\/librairie7l.com\/en\/#organization","name":"Librairie 7L","url":"https:\/\/librairie7l.com\/en\/","logo":{"@type":"ImageObject","inLanguage":"en-US","@id":"https:\/\/librairie7l.com\/en\/#\/schema\/logo\/image\/","url":"https:\/\/librairie7l.com\/wp-content\/uploads\/2022\/08\/logo-1.png","contentUrl":"https:\/\/librairie7l.com\/wp-content\/uploads\/2022\/08\/logo-1.png","width":227,"height":301,"caption":"Librairie 7L"},"image":{"@id":"https:\/\/librairie7l.com\/en\/#\/schema\/logo\/image\/"}}]}},"_links":{"self":[{"href":"https:\/\/librairie7l.com\/en\/wp-json\/wp\/v2\/product\/45068"}],"collection":[{"href":"https:\/\/librairie7l.com\/en\/wp-json\/wp\/v2\/product"}],"about":[{"href":"https:\/\/librairie7l.com\/en\/wp-json\/wp\/v2\/types\/product"}],"wp:featuredmedia":[{"embeddable":true,"href":"https:\/\/librairie7l.com\/en\/wp-json\/wp\/v2\/media\/45066"}],"wp:attachment":[{"href":"https:\/\/librairie7l.com\/en\/wp-json\/wp\/v2\/media?parent=45068"}],"wp:term":[{"taxonomy":"product_cat","embeddable":true,"href":"https:\/\/librairie7l.com\/en\/wp-json\/wp\/v2\/product_cat?post=45068"},{"taxonomy":"product_tag","embeddable":true,"href":"https:\/\/librairie7l.com\/en\/wp-json\/wp\/v2\/product_tag?post=45068"}],"curies":[{"name":"wp","href":"https:\/\/api.w.org\/{rel}","templated":true}]}}