{"id":45076,"date":"2024-12-14T09:17:46","date_gmt":"2024-12-14T08:17:46","guid":{"rendered":"https:\/\/librairie7l.com\/?post_type=product&#038;p=45076"},"modified":"2026-05-01T03:16:57","modified_gmt":"2026-05-01T01:16:57","slug":"pure-laine-decosse-2","status":"publish","type":"product","link":"https:\/\/librairie7l.com\/en\/produit\/pure-laine-decosse-2\/","title":{"rendered":"PURE LAINE D&#8217;ECOSSE"},"content":{"rendered":"<p>Apr\u00e8s &#8220;Sur la terre des loups&#8221; aux \u00c9ditions de La Martini\u00e8re et &#8220;La vie en rose&#8221;, Patrick Blin revient avec son troisi\u00e8me livre &#8220;Pure laine d&#8217;\u00c9cosse&#8221;. &#8220;L&#8217;\u00c9cosse, que je d\u00e9couvrais pour la premi\u00e8re fois en 2015, est un magnifique terrain de jeu pour un photographe. Ses montagnes, ses lochs, ses \u00e9tendues sauvages, ses landes, ses bruy\u00e8res et ses for\u00eats sont autant de sources d&#8217;inspirations pour un chasseur de lumi\u00e8res. Comme avant chacun de mes voyages je ne savais pas quel serait mon fil conducteur et quel serait l&#8217;\u00e9l\u00e9ment d\u00e9clencheur qui allait nourrir mes envies de partage. C&#8217;est \u00e0 travers les Highlands et au coeur de l&#8217;\u00eele de Skye que l&#8217;inspiration m&#8217;est venue. Tels de grands pr\u00e9dateurs r\u00e9gnants sur leurs territoires, ils \u00e9taient l\u00e0 fi\u00e8rement juch\u00e9s sur leurs promontoires rocheux. Comme une \u00e9vidence, je tenais mon nouveau sujet&#8221;.<\/p>\n","protected":false},"excerpt":{"rendered":"<p>Apr\u00e8s &#8220;Sur la terre des loups&#8221; aux \u00c9ditions de La Martini\u00e8re et &#8220;La vie en rose&#8221;, Patrick Blin revient avec son troisi\u00e8me livre &#8220;Pure laine d&#8217;\u00c9cosse&#8221;. &#8220;L&#8217;\u00c9cosse, que je d\u00e9couvrais pour la premi\u00e8re fois en 2015, est un magnifique terrain de jeu pour un photographe. Ses montagnes, ses lochs, ses \u00e9tendues sauvages, ses landes, ses [&hellip;]<\/p>\n","protected":false},"featured_media":45074,"template":"","meta":[],"product_cat":[2948],"product_tag":[],"acf":[],"yoast_head":"<!-- This site is optimized with the Yoast SEO plugin v20.11 - https:\/\/yoast.com\/wordpress\/plugins\/seo\/ -->\n<title>Pure laine d&#039;Ecosse - Librairie 7L<\/title>\n<meta name=\"robots\" content=\"index, follow, max-snippet:-1, max-image-preview:large, max-video-preview:-1\" \/>\n<link rel=\"canonical\" href=\"https:\/\/librairie7l.com\/en\/produit\/pure-laine-decosse-2\/\" \/>\n<meta property=\"og:locale\" content=\"en_US\" \/>\n<meta property=\"og:type\" content=\"article\" \/>\n<meta property=\"og:title\" content=\"Pure laine d&#039;Ecosse - Librairie 7L\" \/>\n<meta property=\"og:description\" content=\"Apr\u00e8s &#8220;Sur la terre des loups&#8221; aux \u00c9ditions de La Martini\u00e8re et &#8220;La vie en rose&#8221;, Patrick Blin revient avec son troisi\u00e8me livre &#8220;Pure laine d&#8217;\u00c9cosse&#8221;. &#8220;L&#8217;\u00c9cosse, que je d\u00e9couvrais pour la premi\u00e8re fois en 2015, est un magnifique terrain de jeu pour un photographe. Ses montagnes, ses lochs, ses \u00e9tendues sauvages, ses landes, ses [&hellip;]\" \/>\n<meta property=\"og:url\" content=\"https:\/\/librairie7l.com\/en\/produit\/pure-laine-decosse-2\/\" \/>\n<meta property=\"og:site_name\" content=\"Librairie 7L\" \/>\n<meta property=\"article:modified_time\" content=\"2026-05-01T01:16:57+00:00\" \/>\n<meta property=\"og:image\" content=\"https:\/\/librairie7l.com\/wp-content\/uploads\/2024\/09\/9782959414800_1_75.jpg\" \/>\n\t<meta property=\"og:image:width\" content=\"600\" \/>\n\t<meta property=\"og:image:height\" content=\"850\" \/>\n\t<meta property=\"og:image:type\" content=\"image\/jpeg\" \/>\n<meta name=\"twitter:card\" content=\"summary_large_image\" \/>\n<meta name=\"twitter:label1\" content=\"Est. reading time\" \/>\n\t<meta name=\"twitter:data1\" content=\"1 minute\" \/>\n<script type=\"application\/ld+json\" class=\"yoast-schema-graph\">{\"@context\":\"https:\/\/schema.org\",\"@graph\":[{\"@type\":\"WebPage\",\"@id\":\"https:\/\/librairie7l.com\/en\/produit\/pure-laine-decosse-2\/\",\"url\":\"https:\/\/librairie7l.com\/en\/produit\/pure-laine-decosse-2\/\",\"name\":\"Pure laine d'Ecosse - Librairie 7L\",\"isPartOf\":{\"@id\":\"https:\/\/librairie7l.com\/en\/#website\"},\"datePublished\":\"2024-12-14T08:17:46+00:00\",\"dateModified\":\"2026-05-01T01:16:57+00:00\",\"breadcrumb\":{\"@id\":\"https:\/\/librairie7l.com\/en\/produit\/pure-laine-decosse-2\/#breadcrumb\"},\"inLanguage\":\"en-US\",\"potentialAction\":[{\"@type\":\"ReadAction\",\"target\":[\"https:\/\/librairie7l.com\/en\/produit\/pure-laine-decosse-2\/\"]}]},{\"@type\":\"BreadcrumbList\",\"@id\":\"https:\/\/librairie7l.com\/en\/produit\/pure-laine-decosse-2\/#breadcrumb\",\"itemListElement\":[{\"@type\":\"ListItem\",\"position\":1,\"name\":\"Accueil\",\"item\":\"https:\/\/librairie7l.com\/en\/\"},{\"@type\":\"ListItem\",\"position\":2,\"name\":\"Shop\",\"item\":\"https:\/\/librairie7l.com\/en\/shop\/\"},{\"@type\":\"ListItem\",\"position\":3,\"name\":\"PURE LAINE D&#8217;ECOSSE\"}]},{\"@type\":\"WebSite\",\"@id\":\"https:\/\/librairie7l.com\/en\/#website\",\"url\":\"https:\/\/librairie7l.com\/en\/\",\"name\":\"Librairie 7L\",\"description\":\"Librairie fond\u00e9e en 1999 par Karl Lagerfeld \u00e0 Paris\",\"publisher\":{\"@id\":\"https:\/\/librairie7l.com\/en\/#organization\"},\"potentialAction\":[{\"@type\":\"SearchAction\",\"target\":{\"@type\":\"EntryPoint\",\"urlTemplate\":\"https:\/\/librairie7l.com\/en\/?s={search_term_string}\"},\"query-input\":\"required name=search_term_string\"}],\"inLanguage\":\"en-US\"},{\"@type\":\"Organization\",\"@id\":\"https:\/\/librairie7l.com\/en\/#organization\",\"name\":\"Librairie 7L\",\"url\":\"https:\/\/librairie7l.com\/en\/\",\"logo\":{\"@type\":\"ImageObject\",\"inLanguage\":\"en-US\",\"@id\":\"https:\/\/librairie7l.com\/en\/#\/schema\/logo\/image\/\",\"url\":\"https:\/\/librairie7l.com\/wp-content\/uploads\/2022\/08\/logo-1.png\",\"contentUrl\":\"https:\/\/librairie7l.com\/wp-content\/uploads\/2022\/08\/logo-1.png\",\"width\":227,\"height\":301,\"caption\":\"Librairie 7L\"},\"image\":{\"@id\":\"https:\/\/librairie7l.com\/en\/#\/schema\/logo\/image\/\"}}]}<\/script>\n<!-- \/ Yoast SEO plugin. -->","yoast_head_json":{"title":"Pure laine d'Ecosse - Librairie 7L","robots":{"index":"index","follow":"follow","max-snippet":"max-snippet:-1","max-image-preview":"max-image-preview:large","max-video-preview":"max-video-preview:-1"},"canonical":"https:\/\/librairie7l.com\/en\/produit\/pure-laine-decosse-2\/","og_locale":"en_US","og_type":"article","og_title":"Pure laine d'Ecosse - Librairie 7L","og_description":"Apr\u00e8s &#8220;Sur la terre des loups&#8221; aux \u00c9ditions de La Martini\u00e8re et &#8220;La vie en rose&#8221;, Patrick Blin revient avec son troisi\u00e8me livre &#8220;Pure laine d&#8217;\u00c9cosse&#8221;. &#8220;L&#8217;\u00c9cosse, que je d\u00e9couvrais pour la premi\u00e8re fois en 2015, est un magnifique terrain de jeu pour un photographe. Ses montagnes, ses lochs, ses \u00e9tendues sauvages, ses landes, ses [&hellip;]","og_url":"https:\/\/librairie7l.com\/en\/produit\/pure-laine-decosse-2\/","og_site_name":"Librairie 7L","article_modified_time":"2026-05-01T01:16:57+00:00","og_image":[{"width":600,"height":850,"url":"https:\/\/librairie7l.com\/wp-content\/uploads\/2024\/09\/9782959414800_1_75.jpg","type":"image\/jpeg"}],"twitter_card":"summary_large_image","twitter_misc":{"Est. reading time":"1 minute"},"schema":{"@context":"https:\/\/schema.org","@graph":[{"@type":"WebPage","@id":"https:\/\/librairie7l.com\/en\/produit\/pure-laine-decosse-2\/","url":"https:\/\/librairie7l.com\/en\/produit\/pure-laine-decosse-2\/","name":"Pure laine d'Ecosse - Librairie 7L","isPartOf":{"@id":"https:\/\/librairie7l.com\/en\/#website"},"datePublished":"2024-12-14T08:17:46+00:00","dateModified":"2026-05-01T01:16:57+00:00","breadcrumb":{"@id":"https:\/\/librairie7l.com\/en\/produit\/pure-laine-decosse-2\/#breadcrumb"},"inLanguage":"en-US","potentialAction":[{"@type":"ReadAction","target":["https:\/\/librairie7l.com\/en\/produit\/pure-laine-decosse-2\/"]}]},{"@type":"BreadcrumbList","@id":"https:\/\/librairie7l.com\/en\/produit\/pure-laine-decosse-2\/#breadcrumb","itemListElement":[{"@type":"ListItem","position":1,"name":"Accueil","item":"https:\/\/librairie7l.com\/en\/"},{"@type":"ListItem","position":2,"name":"Shop","item":"https:\/\/librairie7l.com\/en\/shop\/"},{"@type":"ListItem","position":3,"name":"PURE LAINE D&#8217;ECOSSE"}]},{"@type":"WebSite","@id":"https:\/\/librairie7l.com\/en\/#website","url":"https:\/\/librairie7l.com\/en\/","name":"Librairie 7L","description":"Librairie fond\u00e9e en 1999 par Karl Lagerfeld \u00e0 Paris","publisher":{"@id":"https:\/\/librairie7l.com\/en\/#organization"},"potentialAction":[{"@type":"SearchAction","target":{"@type":"EntryPoint","urlTemplate":"https:\/\/librairie7l.com\/en\/?s={search_term_string}"},"query-input":"required name=search_term_string"}],"inLanguage":"en-US"},{"@type":"Organization","@id":"https:\/\/librairie7l.com\/en\/#organization","name":"Librairie 7L","url":"https:\/\/librairie7l.com\/en\/","logo":{"@type":"ImageObject","inLanguage":"en-US","@id":"https:\/\/librairie7l.com\/en\/#\/schema\/logo\/image\/","url":"https:\/\/librairie7l.com\/wp-content\/uploads\/2022\/08\/logo-1.png","contentUrl":"https:\/\/librairie7l.com\/wp-content\/uploads\/2022\/08\/logo-1.png","width":227,"height":301,"caption":"Librairie 7L"},"image":{"@id":"https:\/\/librairie7l.com\/en\/#\/schema\/logo\/image\/"}}]}},"_links":{"self":[{"href":"https:\/\/librairie7l.com\/en\/wp-json\/wp\/v2\/product\/45076"}],"collection":[{"href":"https:\/\/librairie7l.com\/en\/wp-json\/wp\/v2\/product"}],"about":[{"href":"https:\/\/librairie7l.com\/en\/wp-json\/wp\/v2\/types\/product"}],"wp:featuredmedia":[{"embeddable":true,"href":"https:\/\/librairie7l.com\/en\/wp-json\/wp\/v2\/media\/45074"}],"wp:attachment":[{"href":"https:\/\/librairie7l.com\/en\/wp-json\/wp\/v2\/media?parent=45076"}],"wp:term":[{"taxonomy":"product_cat","embeddable":true,"href":"https:\/\/librairie7l.com\/en\/wp-json\/wp\/v2\/product_cat?post=45076"},{"taxonomy":"product_tag","embeddable":true,"href":"https:\/\/librairie7l.com\/en\/wp-json\/wp\/v2\/product_tag?post=45076"}],"curies":[{"name":"wp","href":"https:\/\/api.w.org\/{rel}","templated":true}]}}