{"id":45084,"date":"2024-12-14T09:17:51","date_gmt":"2024-12-14T08:17:51","guid":{"rendered":"https:\/\/librairie7l.com\/?post_type=product&#038;p=45084"},"modified":"2026-04-10T01:47:16","modified_gmt":"2026-04-09T23:47:16","slug":"linvention-de-leclairage-public-en-france-de-la-nuit-illuminee-a-la-nuit-eclairee-1697-1789-2","status":"publish","type":"product","link":"https:\/\/librairie7l.com\/en\/produit\/linvention-de-leclairage-public-en-france-de-la-nuit-illuminee-a-la-nuit-eclairee-1697-1789-2\/","title":{"rendered":"L&#8217;INVENTION DE L&#8217;\u00c9CLAIRAGE PUBLIC EN FRANCE : DE LA NUIT ILLUMIN\u00c9E \u00c0 LA NUIT \u00c9CLAIR\u00c9E (1697-1789)"},"content":{"rendered":"<p>Comment expliquer que dans la m\u00e9moire collective l&#8217;\u00e9clairage public reste associ\u00e9 \u00e0 l&#8217;invention du gaz et de l&#8217;\u00e9lectricit\u00e9 plut\u00f4t qu&#8217;\u00e0 l&#8217;obligation faite aux principales villes de province de s&#8217;\u00e9clairer au moyen de lanternes \u00e0 chandelle par l&#8217;\u00e9dit de juin 1697 ? Peut-\u00eatre parce que les r\u00e9volutions culturelles sont plus discr\u00e8tes que les r\u00e9volutions techniques. Cet ouvrage fond\u00e9 sur l&#8217;exploitation des archives de seize villes propose une premi\u00e8re cartographie des d\u00e9buts de l&#8217;\u00e9clairage public en France et une arch\u00e9ologie d&#8217;un art\u00e9fact disparu qui n&#8217;a cess\u00e9 d&#8217;\u00e9voluer jusqu&#8217;\u00e0 l&#8217;adoption du r\u00e9verb\u00e8re. \u00c0 travers l&#8217;\u00e9tude d&#8217;un objet non banal du mobilier urbain qui a d&#8217;abord fait l&#8217;objet de r\u00e9sistances, avant l&#8217;\u00e9mergence de p\u00e9titions en sa faveur \u00e0 l&#8217;or\u00e9e de la r\u00e9volution, il s&#8217;agit de saisir les m\u00e9canismes d&#8217;un lent processus d&#8217;appropriation au cours du XVIIIe si\u00e8cle et de montrer comment cette innovation technique a transform\u00e9 le paysage, l&#8217;\u00e9conomie et la soci\u00e9t\u00e9 urbaine de l&#8217;\u00e9poque moderne.<\/p>\n","protected":false},"excerpt":{"rendered":"<p>Comment expliquer que dans la m\u00e9moire collective l&#8217;\u00e9clairage public reste associ\u00e9 \u00e0 l&#8217;invention du gaz et de l&#8217;\u00e9lectricit\u00e9 plut\u00f4t qu&#8217;\u00e0 l&#8217;obligation faite aux principales villes de province de s&#8217;\u00e9clairer au moyen de lanternes \u00e0 chandelle par l&#8217;\u00e9dit de juin 1697 ? Peut-\u00eatre parce que les r\u00e9volutions culturelles sont plus discr\u00e8tes que les r\u00e9volutions techniques. Cet [&hellip;]<\/p>\n","protected":false},"featured_media":45082,"template":"","meta":[],"product_cat":[2948],"product_tag":[],"acf":[],"yoast_head":"<!-- This site is optimized with the Yoast SEO plugin v20.11 - https:\/\/yoast.com\/wordpress\/plugins\/seo\/ -->\n<title>L&#039;invention de l&#039;\u00e9clairage public en France : De la nuit illumin\u00e9e \u00e0 la nuit \u00e9clair\u00e9e (1697-1789) - Librairie 7L<\/title>\n<meta name=\"robots\" content=\"index, follow, max-snippet:-1, max-image-preview:large, max-video-preview:-1\" \/>\n<link rel=\"canonical\" href=\"https:\/\/librairie7l.com\/en\/produit\/linvention-de-leclairage-public-en-france-de-la-nuit-illuminee-a-la-nuit-eclairee-1697-1789-2\/\" \/>\n<meta property=\"og:locale\" content=\"en_US\" \/>\n<meta property=\"og:type\" content=\"article\" \/>\n<meta property=\"og:title\" content=\"L&#039;invention de l&#039;\u00e9clairage public en France : De la nuit illumin\u00e9e \u00e0 la nuit \u00e9clair\u00e9e (1697-1789) - Librairie 7L\" \/>\n<meta property=\"og:description\" content=\"Comment expliquer que dans la m\u00e9moire collective l&#8217;\u00e9clairage public reste associ\u00e9 \u00e0 l&#8217;invention du gaz et de l&#8217;\u00e9lectricit\u00e9 plut\u00f4t qu&#8217;\u00e0 l&#8217;obligation faite aux principales villes de province de s&#8217;\u00e9clairer au moyen de lanternes \u00e0 chandelle par l&#8217;\u00e9dit de juin 1697 ? Peut-\u00eatre parce que les r\u00e9volutions culturelles sont plus discr\u00e8tes que les r\u00e9volutions techniques. Cet [&hellip;]\" \/>\n<meta property=\"og:url\" content=\"https:\/\/librairie7l.com\/en\/produit\/linvention-de-leclairage-public-en-france-de-la-nuit-illuminee-a-la-nuit-eclairee-1697-1789-2\/\" \/>\n<meta property=\"og:site_name\" content=\"Librairie 7L\" \/>\n<meta property=\"article:modified_time\" content=\"2026-04-09T23:47:16+00:00\" \/>\n<meta property=\"og:image\" content=\"https:\/\/librairie7l.com\/wp-content\/uploads\/2024\/04\/9782757441923_1_75.jpg\" \/>\n\t<meta property=\"og:image:width\" content=\"600\" \/>\n\t<meta property=\"og:image:height\" content=\"900\" \/>\n\t<meta property=\"og:image:type\" content=\"image\/jpeg\" \/>\n<meta name=\"twitter:card\" content=\"summary_large_image\" \/>\n<meta name=\"twitter:label1\" content=\"Est. reading time\" \/>\n\t<meta name=\"twitter:data1\" content=\"1 minute\" \/>\n<script type=\"application\/ld+json\" class=\"yoast-schema-graph\">{\"@context\":\"https:\/\/schema.org\",\"@graph\":[{\"@type\":\"WebPage\",\"@id\":\"https:\/\/librairie7l.com\/en\/produit\/linvention-de-leclairage-public-en-france-de-la-nuit-illuminee-a-la-nuit-eclairee-1697-1789-2\/\",\"url\":\"https:\/\/librairie7l.com\/en\/produit\/linvention-de-leclairage-public-en-france-de-la-nuit-illuminee-a-la-nuit-eclairee-1697-1789-2\/\",\"name\":\"L'invention de l'\u00e9clairage public en France : De la nuit illumin\u00e9e \u00e0 la nuit \u00e9clair\u00e9e (1697-1789) - Librairie 7L\",\"isPartOf\":{\"@id\":\"https:\/\/librairie7l.com\/en\/#website\"},\"datePublished\":\"2024-12-14T08:17:51+00:00\",\"dateModified\":\"2026-04-09T23:47:16+00:00\",\"breadcrumb\":{\"@id\":\"https:\/\/librairie7l.com\/en\/produit\/linvention-de-leclairage-public-en-france-de-la-nuit-illuminee-a-la-nuit-eclairee-1697-1789-2\/#breadcrumb\"},\"inLanguage\":\"en-US\",\"potentialAction\":[{\"@type\":\"ReadAction\",\"target\":[\"https:\/\/librairie7l.com\/en\/produit\/linvention-de-leclairage-public-en-france-de-la-nuit-illuminee-a-la-nuit-eclairee-1697-1789-2\/\"]}]},{\"@type\":\"BreadcrumbList\",\"@id\":\"https:\/\/librairie7l.com\/en\/produit\/linvention-de-leclairage-public-en-france-de-la-nuit-illuminee-a-la-nuit-eclairee-1697-1789-2\/#breadcrumb\",\"itemListElement\":[{\"@type\":\"ListItem\",\"position\":1,\"name\":\"Accueil\",\"item\":\"https:\/\/librairie7l.com\/en\/\"},{\"@type\":\"ListItem\",\"position\":2,\"name\":\"Shop\",\"item\":\"https:\/\/librairie7l.com\/en\/shop\/\"},{\"@type\":\"ListItem\",\"position\":3,\"name\":\"L&#8217;INVENTION DE L&#8217;\u00c9CLAIRAGE PUBLIC EN FRANCE : DE LA NUIT ILLUMIN\u00c9E \u00c0 LA NUIT \u00c9CLAIR\u00c9E (1697-1789)\"}]},{\"@type\":\"WebSite\",\"@id\":\"https:\/\/librairie7l.com\/en\/#website\",\"url\":\"https:\/\/librairie7l.com\/en\/\",\"name\":\"Librairie 7L\",\"description\":\"Librairie fond\u00e9e en 1999 par Karl Lagerfeld \u00e0 Paris\",\"publisher\":{\"@id\":\"https:\/\/librairie7l.com\/en\/#organization\"},\"potentialAction\":[{\"@type\":\"SearchAction\",\"target\":{\"@type\":\"EntryPoint\",\"urlTemplate\":\"https:\/\/librairie7l.com\/en\/?s={search_term_string}\"},\"query-input\":\"required name=search_term_string\"}],\"inLanguage\":\"en-US\"},{\"@type\":\"Organization\",\"@id\":\"https:\/\/librairie7l.com\/en\/#organization\",\"name\":\"Librairie 7L\",\"url\":\"https:\/\/librairie7l.com\/en\/\",\"logo\":{\"@type\":\"ImageObject\",\"inLanguage\":\"en-US\",\"@id\":\"https:\/\/librairie7l.com\/en\/#\/schema\/logo\/image\/\",\"url\":\"https:\/\/librairie7l.com\/wp-content\/uploads\/2022\/08\/logo-1.png\",\"contentUrl\":\"https:\/\/librairie7l.com\/wp-content\/uploads\/2022\/08\/logo-1.png\",\"width\":227,\"height\":301,\"caption\":\"Librairie 7L\"},\"image\":{\"@id\":\"https:\/\/librairie7l.com\/en\/#\/schema\/logo\/image\/\"}}]}<\/script>\n<!-- \/ Yoast SEO plugin. -->","yoast_head_json":{"title":"L'invention de l'\u00e9clairage public en France : De la nuit illumin\u00e9e \u00e0 la nuit \u00e9clair\u00e9e (1697-1789) - Librairie 7L","robots":{"index":"index","follow":"follow","max-snippet":"max-snippet:-1","max-image-preview":"max-image-preview:large","max-video-preview":"max-video-preview:-1"},"canonical":"https:\/\/librairie7l.com\/en\/produit\/linvention-de-leclairage-public-en-france-de-la-nuit-illuminee-a-la-nuit-eclairee-1697-1789-2\/","og_locale":"en_US","og_type":"article","og_title":"L'invention de l'\u00e9clairage public en France : De la nuit illumin\u00e9e \u00e0 la nuit \u00e9clair\u00e9e (1697-1789) - Librairie 7L","og_description":"Comment expliquer que dans la m\u00e9moire collective l&#8217;\u00e9clairage public reste associ\u00e9 \u00e0 l&#8217;invention du gaz et de l&#8217;\u00e9lectricit\u00e9 plut\u00f4t qu&#8217;\u00e0 l&#8217;obligation faite aux principales villes de province de s&#8217;\u00e9clairer au moyen de lanternes \u00e0 chandelle par l&#8217;\u00e9dit de juin 1697 ? Peut-\u00eatre parce que les r\u00e9volutions culturelles sont plus discr\u00e8tes que les r\u00e9volutions techniques. Cet [&hellip;]","og_url":"https:\/\/librairie7l.com\/en\/produit\/linvention-de-leclairage-public-en-france-de-la-nuit-illuminee-a-la-nuit-eclairee-1697-1789-2\/","og_site_name":"Librairie 7L","article_modified_time":"2026-04-09T23:47:16+00:00","og_image":[{"width":600,"height":900,"url":"https:\/\/librairie7l.com\/wp-content\/uploads\/2024\/04\/9782757441923_1_75.jpg","type":"image\/jpeg"}],"twitter_card":"summary_large_image","twitter_misc":{"Est. reading time":"1 minute"},"schema":{"@context":"https:\/\/schema.org","@graph":[{"@type":"WebPage","@id":"https:\/\/librairie7l.com\/en\/produit\/linvention-de-leclairage-public-en-france-de-la-nuit-illuminee-a-la-nuit-eclairee-1697-1789-2\/","url":"https:\/\/librairie7l.com\/en\/produit\/linvention-de-leclairage-public-en-france-de-la-nuit-illuminee-a-la-nuit-eclairee-1697-1789-2\/","name":"L'invention de l'\u00e9clairage public en France : De la nuit illumin\u00e9e \u00e0 la nuit \u00e9clair\u00e9e (1697-1789) - Librairie 7L","isPartOf":{"@id":"https:\/\/librairie7l.com\/en\/#website"},"datePublished":"2024-12-14T08:17:51+00:00","dateModified":"2026-04-09T23:47:16+00:00","breadcrumb":{"@id":"https:\/\/librairie7l.com\/en\/produit\/linvention-de-leclairage-public-en-france-de-la-nuit-illuminee-a-la-nuit-eclairee-1697-1789-2\/#breadcrumb"},"inLanguage":"en-US","potentialAction":[{"@type":"ReadAction","target":["https:\/\/librairie7l.com\/en\/produit\/linvention-de-leclairage-public-en-france-de-la-nuit-illuminee-a-la-nuit-eclairee-1697-1789-2\/"]}]},{"@type":"BreadcrumbList","@id":"https:\/\/librairie7l.com\/en\/produit\/linvention-de-leclairage-public-en-france-de-la-nuit-illuminee-a-la-nuit-eclairee-1697-1789-2\/#breadcrumb","itemListElement":[{"@type":"ListItem","position":1,"name":"Accueil","item":"https:\/\/librairie7l.com\/en\/"},{"@type":"ListItem","position":2,"name":"Shop","item":"https:\/\/librairie7l.com\/en\/shop\/"},{"@type":"ListItem","position":3,"name":"L&#8217;INVENTION DE L&#8217;\u00c9CLAIRAGE PUBLIC EN FRANCE : DE LA NUIT ILLUMIN\u00c9E \u00c0 LA NUIT \u00c9CLAIR\u00c9E (1697-1789)"}]},{"@type":"WebSite","@id":"https:\/\/librairie7l.com\/en\/#website","url":"https:\/\/librairie7l.com\/en\/","name":"Librairie 7L","description":"Librairie fond\u00e9e en 1999 par Karl Lagerfeld \u00e0 Paris","publisher":{"@id":"https:\/\/librairie7l.com\/en\/#organization"},"potentialAction":[{"@type":"SearchAction","target":{"@type":"EntryPoint","urlTemplate":"https:\/\/librairie7l.com\/en\/?s={search_term_string}"},"query-input":"required name=search_term_string"}],"inLanguage":"en-US"},{"@type":"Organization","@id":"https:\/\/librairie7l.com\/en\/#organization","name":"Librairie 7L","url":"https:\/\/librairie7l.com\/en\/","logo":{"@type":"ImageObject","inLanguage":"en-US","@id":"https:\/\/librairie7l.com\/en\/#\/schema\/logo\/image\/","url":"https:\/\/librairie7l.com\/wp-content\/uploads\/2022\/08\/logo-1.png","contentUrl":"https:\/\/librairie7l.com\/wp-content\/uploads\/2022\/08\/logo-1.png","width":227,"height":301,"caption":"Librairie 7L"},"image":{"@id":"https:\/\/librairie7l.com\/en\/#\/schema\/logo\/image\/"}}]}},"_links":{"self":[{"href":"https:\/\/librairie7l.com\/en\/wp-json\/wp\/v2\/product\/45084"}],"collection":[{"href":"https:\/\/librairie7l.com\/en\/wp-json\/wp\/v2\/product"}],"about":[{"href":"https:\/\/librairie7l.com\/en\/wp-json\/wp\/v2\/types\/product"}],"wp:featuredmedia":[{"embeddable":true,"href":"https:\/\/librairie7l.com\/en\/wp-json\/wp\/v2\/media\/45082"}],"wp:attachment":[{"href":"https:\/\/librairie7l.com\/en\/wp-json\/wp\/v2\/media?parent=45084"}],"wp:term":[{"taxonomy":"product_cat","embeddable":true,"href":"https:\/\/librairie7l.com\/en\/wp-json\/wp\/v2\/product_cat?post=45084"},{"taxonomy":"product_tag","embeddable":true,"href":"https:\/\/librairie7l.com\/en\/wp-json\/wp\/v2\/product_tag?post=45084"}],"curies":[{"name":"wp","href":"https:\/\/api.w.org\/{rel}","templated":true}]}}