{"id":45088,"date":"2024-12-14T09:17:54","date_gmt":"2024-12-14T08:17:54","guid":{"rendered":"https:\/\/librairie7l.com\/?post_type=product&#038;p=45088"},"modified":"2026-04-05T03:21:59","modified_gmt":"2026-04-05T01:21:59","slug":"conception-lumiere-et-mise-en-oeuvre-des-trames-noires-la-creativite-au-service-de-la-sobriete-2","status":"publish","type":"product","link":"https:\/\/librairie7l.com\/en\/produit\/conception-lumiere-et-mise-en-oeuvre-des-trames-noires-la-creativite-au-service-de-la-sobriete-2\/","title":{"rendered":"CONCEPTION LUMI\u00c8RE ET MISE EN OEUVRE DES TRAMES NOIRES : LA CR\u00c9ATIVIT\u00c9 AU SERVICE DE LA SOBRI\u00c9T\u00c9"},"content":{"rendered":"<p>Une trame noire a pour but de limiter les impacts de la lumi\u00e8re artificielle sur la biodiversit\u00e9 en r\u00e9tablissant des corridors \u00e9cologiques nocturnes sans oublier d&#8217;accompagner les usagers dans les espaces publics et priv\u00e9s la nuit. Sa mise en oeuvre dans les villes s&#8217;est consid\u00e9rablement d\u00e9velopp\u00e9e depuis la publication de l&#8217;arr\u00eat\u00e9 du 27 d\u00e9cembre 2018 relatif \u00e0 la pr\u00e9vention, \u00e0 la r\u00e9duction et \u00e0 la limitation des nuisances lumineuses et \u00e0 la suite de la crise \u00e9nerg\u00e9tique qui a install\u00e9 la sobri\u00e9t\u00e9 \u00e0 l&#8217;agenda des politiques publiques.<br \/>\nL&#8217;objectif de cet ouvrage collaboratif, fruit d&#8217;\u00e9changes entre l&#8217;ACE et des acteurs publics et priv\u00e9s engag\u00e9s dans l&#8217;urbanisme nocturne, est de mettre en avant les besoins, m\u00e9thodes et outils pour imaginer une lumi\u00e8re plus sobre et des nuits plus apais\u00e9es. Concepteurs lumi\u00e8re, associations environnementales, acteurs territoriaux, collectivit\u00e9s, \u00e9lus, habitants et usagers ont ainsi pu croiser leurs id\u00e9es et leurs exp\u00e9riences.<br \/>\nApr\u00e8s avoir dress\u00e9 un \u00e9tat des lieux sur les \u00e9volutions en mati\u00e8re de conception lumi\u00e8re, ce livre d\u00e9taille la m\u00e9thodologie pour concevoir et \u00e9laborer des strat\u00e9gies et projets d&#8217;\u00e9clairage en phase avec les enjeux des trames noires.<br \/>\nIl s&#8217;ach\u00e8ve par des fiches synth\u00e9tiques illustr\u00e9es portant sur une trentaine de projets tr\u00e8s vari\u00e9s, selon la localisation, l&#8217;\u00e9chelle, la temporalit\u00e9, le budget allou\u00e9 et les probl\u00e9matiques rencontr\u00e9es sur le terrain.<br \/>\nCet ouvrage s&#8217;adresse :<br \/>\n&#8211; aux professionnels et futurs professionnels de la conception lumi\u00e8re ;<br \/>\n&#8211; aux architectes, ing\u00e9nieurs, promoteurs, am\u00e9nageurs, designers, paysagistes ;<br \/>\n&#8211; aux urbanistes et cadres des collectivit\u00e9s territoriales en charge du sch\u00e9ma d\u00e9partemental d&#8217;am\u00e9nagement lumi\u00e8re (Sdal) et de ses d\u00e9clinaisons.<br \/>\nPlus largement, l&#8217;ouvrage int\u00e9ressera tous les professionnels dont les projets comprennent un volet \u00ab \u00e9clairage \u00bb, ainsi que les lecteurs sensibles \u00e0 l&#8217;esth\u00e9tique<br \/>\nde la lumi\u00e8re (sc\u00e9nographes, mus\u00e9ographes, artistes&#8230;).<\/p>\n","protected":false},"excerpt":{"rendered":"<p>Une trame noire a pour but de limiter les impacts de la lumi\u00e8re artificielle sur la biodiversit\u00e9 en r\u00e9tablissant des corridors \u00e9cologiques nocturnes sans oublier d&#8217;accompagner les usagers dans les espaces publics et priv\u00e9s la nuit. Sa mise en oeuvre dans les villes s&#8217;est consid\u00e9rablement d\u00e9velopp\u00e9e depuis la publication de l&#8217;arr\u00eat\u00e9 du 27 d\u00e9cembre 2018 [&hellip;]<\/p>\n","protected":false},"featured_media":45086,"template":"","meta":[],"product_cat":[2948],"product_tag":[],"acf":[],"yoast_head":"<!-- This site is optimized with the Yoast SEO plugin v20.11 - https:\/\/yoast.com\/wordpress\/plugins\/seo\/ -->\n<title>Conception lumi\u00e8re et mise en oeuvre des trames noires : La cr\u00e9ativit\u00e9 au service de la sobri\u00e9t\u00e9 - Librairie 7L<\/title>\n<meta name=\"robots\" content=\"index, follow, max-snippet:-1, max-image-preview:large, max-video-preview:-1\" \/>\n<link rel=\"canonical\" href=\"https:\/\/librairie7l.com\/en\/produit\/conception-lumiere-et-mise-en-oeuvre-des-trames-noires-la-creativite-au-service-de-la-sobriete-2\/\" \/>\n<meta property=\"og:locale\" content=\"en_US\" \/>\n<meta property=\"og:type\" content=\"article\" \/>\n<meta property=\"og:title\" content=\"Conception lumi\u00e8re et mise en oeuvre des trames noires : La cr\u00e9ativit\u00e9 au service de la sobri\u00e9t\u00e9 - Librairie 7L\" \/>\n<meta property=\"og:description\" content=\"Une trame noire a pour but de limiter les impacts de la lumi\u00e8re artificielle sur la biodiversit\u00e9 en r\u00e9tablissant des corridors \u00e9cologiques nocturnes sans oublier d&#8217;accompagner les usagers dans les espaces publics et priv\u00e9s la nuit. Sa mise en oeuvre dans les villes s&#8217;est consid\u00e9rablement d\u00e9velopp\u00e9e depuis la publication de l&#8217;arr\u00eat\u00e9 du 27 d\u00e9cembre 2018 [&hellip;]\" \/>\n<meta property=\"og:url\" content=\"https:\/\/librairie7l.com\/en\/produit\/conception-lumiere-et-mise-en-oeuvre-des-trames-noires-la-creativite-au-service-de-la-sobriete-2\/\" \/>\n<meta property=\"og:site_name\" content=\"Librairie 7L\" \/>\n<meta property=\"article:modified_time\" content=\"2026-04-05T01:21:59+00:00\" \/>\n<meta property=\"og:image\" content=\"https:\/\/librairie7l.com\/wp-content\/uploads\/2024\/07\/9782281147520_1_75.jpg\" \/>\n\t<meta property=\"og:image:width\" content=\"600\" \/>\n\t<meta property=\"og:image:height\" content=\"872\" \/>\n\t<meta property=\"og:image:type\" content=\"image\/jpeg\" \/>\n<meta name=\"twitter:card\" content=\"summary_large_image\" \/>\n<meta name=\"twitter:label1\" content=\"Est. reading time\" \/>\n\t<meta name=\"twitter:data1\" content=\"2 minutes\" \/>\n<script type=\"application\/ld+json\" class=\"yoast-schema-graph\">{\"@context\":\"https:\/\/schema.org\",\"@graph\":[{\"@type\":\"WebPage\",\"@id\":\"https:\/\/librairie7l.com\/en\/produit\/conception-lumiere-et-mise-en-oeuvre-des-trames-noires-la-creativite-au-service-de-la-sobriete-2\/\",\"url\":\"https:\/\/librairie7l.com\/en\/produit\/conception-lumiere-et-mise-en-oeuvre-des-trames-noires-la-creativite-au-service-de-la-sobriete-2\/\",\"name\":\"Conception lumi\u00e8re et mise en oeuvre des trames noires : La cr\u00e9ativit\u00e9 au service de la sobri\u00e9t\u00e9 - Librairie 7L\",\"isPartOf\":{\"@id\":\"https:\/\/librairie7l.com\/en\/#website\"},\"datePublished\":\"2024-12-14T08:17:54+00:00\",\"dateModified\":\"2026-04-05T01:21:59+00:00\",\"breadcrumb\":{\"@id\":\"https:\/\/librairie7l.com\/en\/produit\/conception-lumiere-et-mise-en-oeuvre-des-trames-noires-la-creativite-au-service-de-la-sobriete-2\/#breadcrumb\"},\"inLanguage\":\"en-US\",\"potentialAction\":[{\"@type\":\"ReadAction\",\"target\":[\"https:\/\/librairie7l.com\/en\/produit\/conception-lumiere-et-mise-en-oeuvre-des-trames-noires-la-creativite-au-service-de-la-sobriete-2\/\"]}]},{\"@type\":\"BreadcrumbList\",\"@id\":\"https:\/\/librairie7l.com\/en\/produit\/conception-lumiere-et-mise-en-oeuvre-des-trames-noires-la-creativite-au-service-de-la-sobriete-2\/#breadcrumb\",\"itemListElement\":[{\"@type\":\"ListItem\",\"position\":1,\"name\":\"Accueil\",\"item\":\"https:\/\/librairie7l.com\/en\/\"},{\"@type\":\"ListItem\",\"position\":2,\"name\":\"Shop\",\"item\":\"https:\/\/librairie7l.com\/en\/shop\/\"},{\"@type\":\"ListItem\",\"position\":3,\"name\":\"CONCEPTION LUMI\u00c8RE ET MISE EN OEUVRE DES TRAMES NOIRES : LA CR\u00c9ATIVIT\u00c9 AU SERVICE DE LA SOBRI\u00c9T\u00c9\"}]},{\"@type\":\"WebSite\",\"@id\":\"https:\/\/librairie7l.com\/en\/#website\",\"url\":\"https:\/\/librairie7l.com\/en\/\",\"name\":\"Librairie 7L\",\"description\":\"Librairie fond\u00e9e en 1999 par Karl Lagerfeld \u00e0 Paris\",\"publisher\":{\"@id\":\"https:\/\/librairie7l.com\/en\/#organization\"},\"potentialAction\":[{\"@type\":\"SearchAction\",\"target\":{\"@type\":\"EntryPoint\",\"urlTemplate\":\"https:\/\/librairie7l.com\/en\/?s={search_term_string}\"},\"query-input\":\"required name=search_term_string\"}],\"inLanguage\":\"en-US\"},{\"@type\":\"Organization\",\"@id\":\"https:\/\/librairie7l.com\/en\/#organization\",\"name\":\"Librairie 7L\",\"url\":\"https:\/\/librairie7l.com\/en\/\",\"logo\":{\"@type\":\"ImageObject\",\"inLanguage\":\"en-US\",\"@id\":\"https:\/\/librairie7l.com\/en\/#\/schema\/logo\/image\/\",\"url\":\"https:\/\/librairie7l.com\/wp-content\/uploads\/2022\/08\/logo-1.png\",\"contentUrl\":\"https:\/\/librairie7l.com\/wp-content\/uploads\/2022\/08\/logo-1.png\",\"width\":227,\"height\":301,\"caption\":\"Librairie 7L\"},\"image\":{\"@id\":\"https:\/\/librairie7l.com\/en\/#\/schema\/logo\/image\/\"}}]}<\/script>\n<!-- \/ Yoast SEO plugin. -->","yoast_head_json":{"title":"Conception lumi\u00e8re et mise en oeuvre des trames noires : La cr\u00e9ativit\u00e9 au service de la sobri\u00e9t\u00e9 - Librairie 7L","robots":{"index":"index","follow":"follow","max-snippet":"max-snippet:-1","max-image-preview":"max-image-preview:large","max-video-preview":"max-video-preview:-1"},"canonical":"https:\/\/librairie7l.com\/en\/produit\/conception-lumiere-et-mise-en-oeuvre-des-trames-noires-la-creativite-au-service-de-la-sobriete-2\/","og_locale":"en_US","og_type":"article","og_title":"Conception lumi\u00e8re et mise en oeuvre des trames noires : La cr\u00e9ativit\u00e9 au service de la sobri\u00e9t\u00e9 - Librairie 7L","og_description":"Une trame noire a pour but de limiter les impacts de la lumi\u00e8re artificielle sur la biodiversit\u00e9 en r\u00e9tablissant des corridors \u00e9cologiques nocturnes sans oublier d&#8217;accompagner les usagers dans les espaces publics et priv\u00e9s la nuit. Sa mise en oeuvre dans les villes s&#8217;est consid\u00e9rablement d\u00e9velopp\u00e9e depuis la publication de l&#8217;arr\u00eat\u00e9 du 27 d\u00e9cembre 2018 [&hellip;]","og_url":"https:\/\/librairie7l.com\/en\/produit\/conception-lumiere-et-mise-en-oeuvre-des-trames-noires-la-creativite-au-service-de-la-sobriete-2\/","og_site_name":"Librairie 7L","article_modified_time":"2026-04-05T01:21:59+00:00","og_image":[{"width":600,"height":872,"url":"https:\/\/librairie7l.com\/wp-content\/uploads\/2024\/07\/9782281147520_1_75.jpg","type":"image\/jpeg"}],"twitter_card":"summary_large_image","twitter_misc":{"Est. reading time":"2 minutes"},"schema":{"@context":"https:\/\/schema.org","@graph":[{"@type":"WebPage","@id":"https:\/\/librairie7l.com\/en\/produit\/conception-lumiere-et-mise-en-oeuvre-des-trames-noires-la-creativite-au-service-de-la-sobriete-2\/","url":"https:\/\/librairie7l.com\/en\/produit\/conception-lumiere-et-mise-en-oeuvre-des-trames-noires-la-creativite-au-service-de-la-sobriete-2\/","name":"Conception lumi\u00e8re et mise en oeuvre des trames noires : La cr\u00e9ativit\u00e9 au service de la sobri\u00e9t\u00e9 - Librairie 7L","isPartOf":{"@id":"https:\/\/librairie7l.com\/en\/#website"},"datePublished":"2024-12-14T08:17:54+00:00","dateModified":"2026-04-05T01:21:59+00:00","breadcrumb":{"@id":"https:\/\/librairie7l.com\/en\/produit\/conception-lumiere-et-mise-en-oeuvre-des-trames-noires-la-creativite-au-service-de-la-sobriete-2\/#breadcrumb"},"inLanguage":"en-US","potentialAction":[{"@type":"ReadAction","target":["https:\/\/librairie7l.com\/en\/produit\/conception-lumiere-et-mise-en-oeuvre-des-trames-noires-la-creativite-au-service-de-la-sobriete-2\/"]}]},{"@type":"BreadcrumbList","@id":"https:\/\/librairie7l.com\/en\/produit\/conception-lumiere-et-mise-en-oeuvre-des-trames-noires-la-creativite-au-service-de-la-sobriete-2\/#breadcrumb","itemListElement":[{"@type":"ListItem","position":1,"name":"Accueil","item":"https:\/\/librairie7l.com\/en\/"},{"@type":"ListItem","position":2,"name":"Shop","item":"https:\/\/librairie7l.com\/en\/shop\/"},{"@type":"ListItem","position":3,"name":"CONCEPTION LUMI\u00c8RE ET MISE EN OEUVRE DES TRAMES NOIRES : LA CR\u00c9ATIVIT\u00c9 AU SERVICE DE LA SOBRI\u00c9T\u00c9"}]},{"@type":"WebSite","@id":"https:\/\/librairie7l.com\/en\/#website","url":"https:\/\/librairie7l.com\/en\/","name":"Librairie 7L","description":"Librairie fond\u00e9e en 1999 par Karl Lagerfeld \u00e0 Paris","publisher":{"@id":"https:\/\/librairie7l.com\/en\/#organization"},"potentialAction":[{"@type":"SearchAction","target":{"@type":"EntryPoint","urlTemplate":"https:\/\/librairie7l.com\/en\/?s={search_term_string}"},"query-input":"required name=search_term_string"}],"inLanguage":"en-US"},{"@type":"Organization","@id":"https:\/\/librairie7l.com\/en\/#organization","name":"Librairie 7L","url":"https:\/\/librairie7l.com\/en\/","logo":{"@type":"ImageObject","inLanguage":"en-US","@id":"https:\/\/librairie7l.com\/en\/#\/schema\/logo\/image\/","url":"https:\/\/librairie7l.com\/wp-content\/uploads\/2022\/08\/logo-1.png","contentUrl":"https:\/\/librairie7l.com\/wp-content\/uploads\/2022\/08\/logo-1.png","width":227,"height":301,"caption":"Librairie 7L"},"image":{"@id":"https:\/\/librairie7l.com\/en\/#\/schema\/logo\/image\/"}}]}},"_links":{"self":[{"href":"https:\/\/librairie7l.com\/en\/wp-json\/wp\/v2\/product\/45088"}],"collection":[{"href":"https:\/\/librairie7l.com\/en\/wp-json\/wp\/v2\/product"}],"about":[{"href":"https:\/\/librairie7l.com\/en\/wp-json\/wp\/v2\/types\/product"}],"wp:featuredmedia":[{"embeddable":true,"href":"https:\/\/librairie7l.com\/en\/wp-json\/wp\/v2\/media\/45086"}],"wp:attachment":[{"href":"https:\/\/librairie7l.com\/en\/wp-json\/wp\/v2\/media?parent=45088"}],"wp:term":[{"taxonomy":"product_cat","embeddable":true,"href":"https:\/\/librairie7l.com\/en\/wp-json\/wp\/v2\/product_cat?post=45088"},{"taxonomy":"product_tag","embeddable":true,"href":"https:\/\/librairie7l.com\/en\/wp-json\/wp\/v2\/product_tag?post=45088"}],"curies":[{"name":"wp","href":"https:\/\/api.w.org\/{rel}","templated":true}]}}