{"id":45105,"date":"2024-12-15T09:17:48","date_gmt":"2024-12-15T08:17:48","guid":{"rendered":"https:\/\/librairie7l.com\/?post_type=product&#038;p=45105"},"modified":"2026-04-30T15:59:00","modified_gmt":"2026-04-30T13:59:00","slug":"sloft-n-7-2","status":"publish","type":"product","link":"https:\/\/librairie7l.com\/en\/produit\/sloft-n-7-2\/","title":{"rendered":"SLOFT N.7"},"content":{"rendered":"<p>Nos utopies individuelles s&#8217;inscrivent dans l&#8217;espace collectif. Dans ce septi\u00e8me num\u00e9ro bilingue fran\u00e7ais-anglais :<br \/>\n&#8211; De Madrid \u00e0 Londres en passant par le Loiret, les Pyr\u00e9n\u00e9es-Atlantiques ou Paris, il flotte sur notre nouvelle s\u00e9lection d&#8217;habitats un parfum d&#8217;utopie. Une utopie atomis\u00e9e, multiple et polymorphe, comme autant de r\u00e9ponses individuelles \u00e0 un monde dont le caract\u00e8re dysfonctionnel ne cesse de s&#8217;\u00e9tendre. Loin des grands r\u00e9cits univoques et parfois totalitaires, chaque habitation raconte son histoire et son d\u00e9sir. Celle d&#8217;une vie sous le signe de la couleur dans un appartement madril\u00e8ne. Celle d&#8217;une vie au bord de l&#8217;eau comme dans une peinture impressionniste. Ou encore celle d&#8217;une vie douce et chaleureuse comme le bois d&#8217;une grange. Comme les gouttes qui forment les rivi\u00e8res, toutes ces bulles peuvent-elles s&#8217;agglom\u00e9rer pour former une nouvelle r\u00e9alit\u00e9 meilleure ?<br \/>\n&#8211; Ces initiatives individuelles, si belles soient-elles ne doivent pas masquer une autre r\u00e9alit\u00e9 :  jusqu&#8217;\u00e0 preuve du contraire, nos maisons ont encore des pas de portes. Qui ouvrent sur un espace, commun et partag\u00e9, l&#8217;espace public. Un espace qui n&#8217;a jamais \u00e9t\u00e9 aussi fragilis\u00e9 et n\u00e9cessaire. Entre tentatives d&#8217;appropriation priv\u00e9es ou sous-investissement, cet espace qui appartient \u00e0 tous n&#8217;est v\u00e9ritablement public que lorsque chacun peut l&#8217;utiliser \u00e0 toute heure du jour comme de la nuit. Or la route est encore longue. Apr\u00e8s le succ\u00e8s des Jeux Paralympiques, il convient de regarder si, une fois les \u00e9quipements sportifs d\u00e9sinstall\u00e9s et l&#8217;organisation hors-norme qui les a rendus possibles, disparue, la plus grande \u00e9preuve ne reste pas pour les personnes en situation de handicap cet espace public, encore tr\u00e8s en retard et peu inclusif. C&#8217;est le th\u00e8me de notre dossier central coordonn\u00e9 par Sophie Gauthier.<br \/>\n&#8211; Car vivre la pl\u00e9nitude de son \u00eatre, sans subir aucune forme d&#8217;injonction, de limite ou d&#8217;oppression, c&#8217;est l&#8217;utopie que vit et revendique l&#8217;artiste et photographe Romy Aliz\u00e9e. Posant nue dans ses photos, exposant sa sexualit\u00e9 lesbienne sans fard, elle enfonce les repr\u00e9sentations et acc\u00e9l\u00e8re les mutations en faveur des Femmes. Romy Aliz\u00e9e prend sa libert\u00e9 de citoyenne tr\u00e8s au s\u00e9rieux, et tant pis si cela fait r\u00e2ler les grincheux. C&#8217;est os\u00e9 et touchant. C&#8217;est n\u00e9cessaire. C&#8217;est notre entretien r\u00e9alis\u00e9 par Alix Van P\u00e9e.L&#8217;\u00e9clectisme, la po\u00e9sie, l&#8217;art, l&#8217;\u00e9vasion, la beaut\u00e9 et l&#8217;innovation ne sont d\u00e9cid\u00e9ment pas fonction du nombre de m\u00e8tres carr\u00e9s !<\/p>\n","protected":false},"excerpt":{"rendered":"<p>Nos utopies individuelles s&#8217;inscrivent dans l&#8217;espace collectif. Dans ce septi\u00e8me num\u00e9ro bilingue fran\u00e7ais-anglais : &#8211; De Madrid \u00e0 Londres en passant par le Loiret, les Pyr\u00e9n\u00e9es-Atlantiques ou Paris, il flotte sur notre nouvelle s\u00e9lection d&#8217;habitats un parfum d&#8217;utopie. Une utopie atomis\u00e9e, multiple et polymorphe, comme autant de r\u00e9ponses individuelles \u00e0 un monde dont le caract\u00e8re [&hellip;]<\/p>\n","protected":false},"featured_media":45103,"template":"","meta":[],"product_cat":[2948],"product_tag":[],"acf":[],"yoast_head":"<!-- This site is optimized with the Yoast SEO plugin v20.11 - https:\/\/yoast.com\/wordpress\/plugins\/seo\/ -->\n<title>Sloft n.7 - Librairie 7L<\/title>\n<meta name=\"robots\" content=\"index, follow, max-snippet:-1, max-image-preview:large, max-video-preview:-1\" \/>\n<link rel=\"canonical\" href=\"https:\/\/librairie7l.com\/en\/produit\/sloft-n-7-2\/\" \/>\n<meta property=\"og:locale\" content=\"en_US\" \/>\n<meta property=\"og:type\" content=\"article\" \/>\n<meta property=\"og:title\" content=\"Sloft n.7 - Librairie 7L\" \/>\n<meta property=\"og:description\" content=\"Nos utopies individuelles s&#8217;inscrivent dans l&#8217;espace collectif. Dans ce septi\u00e8me num\u00e9ro bilingue fran\u00e7ais-anglais : &#8211; De Madrid \u00e0 Londres en passant par le Loiret, les Pyr\u00e9n\u00e9es-Atlantiques ou Paris, il flotte sur notre nouvelle s\u00e9lection d&#8217;habitats un parfum d&#8217;utopie. Une utopie atomis\u00e9e, multiple et polymorphe, comme autant de r\u00e9ponses individuelles \u00e0 un monde dont le caract\u00e8re [&hellip;]\" \/>\n<meta property=\"og:url\" content=\"https:\/\/librairie7l.com\/en\/produit\/sloft-n-7-2\/\" \/>\n<meta property=\"og:site_name\" content=\"Librairie 7L\" \/>\n<meta property=\"article:modified_time\" content=\"2026-04-30T13:59:00+00:00\" \/>\n<meta property=\"og:image\" content=\"https:\/\/librairie7l.com\/wp-content\/uploads\/2024\/10\/9782958076269_1_75.jpg\" \/>\n\t<meta property=\"og:image:width\" content=\"500\" \/>\n\t<meta property=\"og:image:height\" content=\"500\" \/>\n\t<meta property=\"og:image:type\" content=\"image\/jpeg\" \/>\n<meta name=\"twitter:card\" content=\"summary_large_image\" \/>\n<meta name=\"twitter:label1\" content=\"Est. reading time\" \/>\n\t<meta name=\"twitter:data1\" content=\"2 minutes\" \/>\n<script type=\"application\/ld+json\" class=\"yoast-schema-graph\">{\"@context\":\"https:\/\/schema.org\",\"@graph\":[{\"@type\":\"WebPage\",\"@id\":\"https:\/\/librairie7l.com\/en\/produit\/sloft-n-7-2\/\",\"url\":\"https:\/\/librairie7l.com\/en\/produit\/sloft-n-7-2\/\",\"name\":\"Sloft n.7 - Librairie 7L\",\"isPartOf\":{\"@id\":\"https:\/\/librairie7l.com\/en\/#website\"},\"datePublished\":\"2024-12-15T08:17:48+00:00\",\"dateModified\":\"2026-04-30T13:59:00+00:00\",\"breadcrumb\":{\"@id\":\"https:\/\/librairie7l.com\/en\/produit\/sloft-n-7-2\/#breadcrumb\"},\"inLanguage\":\"en-US\",\"potentialAction\":[{\"@type\":\"ReadAction\",\"target\":[\"https:\/\/librairie7l.com\/en\/produit\/sloft-n-7-2\/\"]}]},{\"@type\":\"BreadcrumbList\",\"@id\":\"https:\/\/librairie7l.com\/en\/produit\/sloft-n-7-2\/#breadcrumb\",\"itemListElement\":[{\"@type\":\"ListItem\",\"position\":1,\"name\":\"Accueil\",\"item\":\"https:\/\/librairie7l.com\/en\/\"},{\"@type\":\"ListItem\",\"position\":2,\"name\":\"Shop\",\"item\":\"https:\/\/librairie7l.com\/en\/shop\/\"},{\"@type\":\"ListItem\",\"position\":3,\"name\":\"SLOFT N.7\"}]},{\"@type\":\"WebSite\",\"@id\":\"https:\/\/librairie7l.com\/en\/#website\",\"url\":\"https:\/\/librairie7l.com\/en\/\",\"name\":\"Librairie 7L\",\"description\":\"Librairie fond\u00e9e en 1999 par Karl Lagerfeld \u00e0 Paris\",\"publisher\":{\"@id\":\"https:\/\/librairie7l.com\/en\/#organization\"},\"potentialAction\":[{\"@type\":\"SearchAction\",\"target\":{\"@type\":\"EntryPoint\",\"urlTemplate\":\"https:\/\/librairie7l.com\/en\/?s={search_term_string}\"},\"query-input\":\"required name=search_term_string\"}],\"inLanguage\":\"en-US\"},{\"@type\":\"Organization\",\"@id\":\"https:\/\/librairie7l.com\/en\/#organization\",\"name\":\"Librairie 7L\",\"url\":\"https:\/\/librairie7l.com\/en\/\",\"logo\":{\"@type\":\"ImageObject\",\"inLanguage\":\"en-US\",\"@id\":\"https:\/\/librairie7l.com\/en\/#\/schema\/logo\/image\/\",\"url\":\"https:\/\/librairie7l.com\/wp-content\/uploads\/2022\/08\/logo-1.png\",\"contentUrl\":\"https:\/\/librairie7l.com\/wp-content\/uploads\/2022\/08\/logo-1.png\",\"width\":227,\"height\":301,\"caption\":\"Librairie 7L\"},\"image\":{\"@id\":\"https:\/\/librairie7l.com\/en\/#\/schema\/logo\/image\/\"}}]}<\/script>\n<!-- \/ Yoast SEO plugin. -->","yoast_head_json":{"title":"Sloft n.7 - Librairie 7L","robots":{"index":"index","follow":"follow","max-snippet":"max-snippet:-1","max-image-preview":"max-image-preview:large","max-video-preview":"max-video-preview:-1"},"canonical":"https:\/\/librairie7l.com\/en\/produit\/sloft-n-7-2\/","og_locale":"en_US","og_type":"article","og_title":"Sloft n.7 - Librairie 7L","og_description":"Nos utopies individuelles s&#8217;inscrivent dans l&#8217;espace collectif. Dans ce septi\u00e8me num\u00e9ro bilingue fran\u00e7ais-anglais : &#8211; De Madrid \u00e0 Londres en passant par le Loiret, les Pyr\u00e9n\u00e9es-Atlantiques ou Paris, il flotte sur notre nouvelle s\u00e9lection d&#8217;habitats un parfum d&#8217;utopie. Une utopie atomis\u00e9e, multiple et polymorphe, comme autant de r\u00e9ponses individuelles \u00e0 un monde dont le caract\u00e8re [&hellip;]","og_url":"https:\/\/librairie7l.com\/en\/produit\/sloft-n-7-2\/","og_site_name":"Librairie 7L","article_modified_time":"2026-04-30T13:59:00+00:00","og_image":[{"width":500,"height":500,"url":"https:\/\/librairie7l.com\/wp-content\/uploads\/2024\/10\/9782958076269_1_75.jpg","type":"image\/jpeg"}],"twitter_card":"summary_large_image","twitter_misc":{"Est. reading time":"2 minutes"},"schema":{"@context":"https:\/\/schema.org","@graph":[{"@type":"WebPage","@id":"https:\/\/librairie7l.com\/en\/produit\/sloft-n-7-2\/","url":"https:\/\/librairie7l.com\/en\/produit\/sloft-n-7-2\/","name":"Sloft n.7 - Librairie 7L","isPartOf":{"@id":"https:\/\/librairie7l.com\/en\/#website"},"datePublished":"2024-12-15T08:17:48+00:00","dateModified":"2026-04-30T13:59:00+00:00","breadcrumb":{"@id":"https:\/\/librairie7l.com\/en\/produit\/sloft-n-7-2\/#breadcrumb"},"inLanguage":"en-US","potentialAction":[{"@type":"ReadAction","target":["https:\/\/librairie7l.com\/en\/produit\/sloft-n-7-2\/"]}]},{"@type":"BreadcrumbList","@id":"https:\/\/librairie7l.com\/en\/produit\/sloft-n-7-2\/#breadcrumb","itemListElement":[{"@type":"ListItem","position":1,"name":"Accueil","item":"https:\/\/librairie7l.com\/en\/"},{"@type":"ListItem","position":2,"name":"Shop","item":"https:\/\/librairie7l.com\/en\/shop\/"},{"@type":"ListItem","position":3,"name":"SLOFT N.7"}]},{"@type":"WebSite","@id":"https:\/\/librairie7l.com\/en\/#website","url":"https:\/\/librairie7l.com\/en\/","name":"Librairie 7L","description":"Librairie fond\u00e9e en 1999 par Karl Lagerfeld \u00e0 Paris","publisher":{"@id":"https:\/\/librairie7l.com\/en\/#organization"},"potentialAction":[{"@type":"SearchAction","target":{"@type":"EntryPoint","urlTemplate":"https:\/\/librairie7l.com\/en\/?s={search_term_string}"},"query-input":"required name=search_term_string"}],"inLanguage":"en-US"},{"@type":"Organization","@id":"https:\/\/librairie7l.com\/en\/#organization","name":"Librairie 7L","url":"https:\/\/librairie7l.com\/en\/","logo":{"@type":"ImageObject","inLanguage":"en-US","@id":"https:\/\/librairie7l.com\/en\/#\/schema\/logo\/image\/","url":"https:\/\/librairie7l.com\/wp-content\/uploads\/2022\/08\/logo-1.png","contentUrl":"https:\/\/librairie7l.com\/wp-content\/uploads\/2022\/08\/logo-1.png","width":227,"height":301,"caption":"Librairie 7L"},"image":{"@id":"https:\/\/librairie7l.com\/en\/#\/schema\/logo\/image\/"}}]}},"_links":{"self":[{"href":"https:\/\/librairie7l.com\/en\/wp-json\/wp\/v2\/product\/45105"}],"collection":[{"href":"https:\/\/librairie7l.com\/en\/wp-json\/wp\/v2\/product"}],"about":[{"href":"https:\/\/librairie7l.com\/en\/wp-json\/wp\/v2\/types\/product"}],"wp:featuredmedia":[{"embeddable":true,"href":"https:\/\/librairie7l.com\/en\/wp-json\/wp\/v2\/media\/45103"}],"wp:attachment":[{"href":"https:\/\/librairie7l.com\/en\/wp-json\/wp\/v2\/media?parent=45105"}],"wp:term":[{"taxonomy":"product_cat","embeddable":true,"href":"https:\/\/librairie7l.com\/en\/wp-json\/wp\/v2\/product_cat?post=45105"},{"taxonomy":"product_tag","embeddable":true,"href":"https:\/\/librairie7l.com\/en\/wp-json\/wp\/v2\/product_tag?post=45105"}],"curies":[{"name":"wp","href":"https:\/\/api.w.org\/{rel}","templated":true}]}}