{"id":45122,"date":"2024-12-18T09:17:38","date_gmt":"2024-12-18T08:17:38","guid":{"rendered":"https:\/\/librairie7l.com\/?post_type=product&#038;p=45122"},"modified":"2026-04-05T01:10:40","modified_gmt":"2026-04-04T23:10:40","slug":"les-effets-des-lumieres-de-mise-en-scene-sur-la-consommation-hedonique-2","status":"publish","type":"product","link":"https:\/\/librairie7l.com\/en\/produit\/les-effets-des-lumieres-de-mise-en-scene-sur-la-consommation-hedonique-2\/","title":{"rendered":"LES EFFETS DES LUMIERES DE MISE EN SCENE SUR LA CONSOMMATION HEDONIQUE"},"content":{"rendered":"<p>La recherche scientifique sur le comportement du consommateur reste un terrain vaste \u00e0 \u00e9tudier. Dans notre cas nous nous sommes int\u00e9ress\u00e9 aux r\u00e9ponses comportementales des individus face \u00e0 la consommation des produits artistiques et plus pr\u00e9cis\u00e9ment la contribution des lumi\u00e8res de mise en sc\u00e8ne dans la g\u00e9n\u00e9ration du comportement h\u00e9donique apr\u00e8s avoir assist\u00e9 \u00e0 un concert. Prenant en consid\u00e9ration que l&#8217;\u00e9clairage de sc\u00e8ne repr\u00e9sente la partie visuelle de l&#8217;offre d&#8217;un concert, nous avons effectu\u00e9 une \u00e9tude exploratoire bas\u00e9e sur la m\u00e9thode du r\u00e9cit de vie que nous avons compl\u00e9t\u00e9 avec un entretien de groupe afin de d\u00e9tecter les r\u00e9ponses comportementales des spectateurs.<\/p>\n","protected":false},"excerpt":{"rendered":"<p>La recherche scientifique sur le comportement du consommateur reste un terrain vaste \u00e0 \u00e9tudier. Dans notre cas nous nous sommes int\u00e9ress\u00e9 aux r\u00e9ponses comportementales des individus face \u00e0 la consommation des produits artistiques et plus pr\u00e9cis\u00e9ment la contribution des lumi\u00e8res de mise en sc\u00e8ne dans la g\u00e9n\u00e9ration du comportement h\u00e9donique apr\u00e8s avoir assist\u00e9 \u00e0 un [&hellip;]<\/p>\n","protected":false},"featured_media":45120,"template":"","meta":[],"product_cat":[2948],"product_tag":[],"acf":[],"yoast_head":"<!-- This site is optimized with the Yoast SEO plugin v20.11 - https:\/\/yoast.com\/wordpress\/plugins\/seo\/ -->\n<title>Les effets des lumieres de mise en scene sur la consommation hedonique - Librairie 7L<\/title>\n<meta name=\"robots\" content=\"index, follow, max-snippet:-1, max-image-preview:large, max-video-preview:-1\" \/>\n<link rel=\"canonical\" href=\"https:\/\/librairie7l.com\/en\/produit\/les-effets-des-lumieres-de-mise-en-scene-sur-la-consommation-hedonique-2\/\" \/>\n<meta property=\"og:locale\" content=\"en_US\" \/>\n<meta property=\"og:type\" content=\"article\" \/>\n<meta property=\"og:title\" content=\"Les effets des lumieres de mise en scene sur la consommation hedonique - Librairie 7L\" \/>\n<meta property=\"og:description\" content=\"La recherche scientifique sur le comportement du consommateur reste un terrain vaste \u00e0 \u00e9tudier. Dans notre cas nous nous sommes int\u00e9ress\u00e9 aux r\u00e9ponses comportementales des individus face \u00e0 la consommation des produits artistiques et plus pr\u00e9cis\u00e9ment la contribution des lumi\u00e8res de mise en sc\u00e8ne dans la g\u00e9n\u00e9ration du comportement h\u00e9donique apr\u00e8s avoir assist\u00e9 \u00e0 un [&hellip;]\" \/>\n<meta property=\"og:url\" content=\"https:\/\/librairie7l.com\/en\/produit\/les-effets-des-lumieres-de-mise-en-scene-sur-la-consommation-hedonique-2\/\" \/>\n<meta property=\"og:site_name\" content=\"Librairie 7L\" \/>\n<meta property=\"article:modified_time\" content=\"2026-04-04T23:10:40+00:00\" \/>\n<meta property=\"og:image\" content=\"https:\/\/librairie7l.com\/wp-content\/uploads\/2015\/11\/9783841749895_1_75.jpg\" \/>\n\t<meta property=\"og:image:width\" content=\"600\" \/>\n\t<meta property=\"og:image:height\" content=\"882\" \/>\n\t<meta property=\"og:image:type\" content=\"image\/jpeg\" \/>\n<meta name=\"twitter:card\" content=\"summary_large_image\" \/>\n<meta name=\"twitter:label1\" content=\"Est. reading time\" \/>\n\t<meta name=\"twitter:data1\" content=\"1 minute\" \/>\n<script type=\"application\/ld+json\" class=\"yoast-schema-graph\">{\"@context\":\"https:\/\/schema.org\",\"@graph\":[{\"@type\":\"WebPage\",\"@id\":\"https:\/\/librairie7l.com\/en\/produit\/les-effets-des-lumieres-de-mise-en-scene-sur-la-consommation-hedonique-2\/\",\"url\":\"https:\/\/librairie7l.com\/en\/produit\/les-effets-des-lumieres-de-mise-en-scene-sur-la-consommation-hedonique-2\/\",\"name\":\"Les effets des lumieres de mise en scene sur la consommation hedonique - Librairie 7L\",\"isPartOf\":{\"@id\":\"https:\/\/librairie7l.com\/en\/#website\"},\"datePublished\":\"2024-12-18T08:17:38+00:00\",\"dateModified\":\"2026-04-04T23:10:40+00:00\",\"breadcrumb\":{\"@id\":\"https:\/\/librairie7l.com\/en\/produit\/les-effets-des-lumieres-de-mise-en-scene-sur-la-consommation-hedonique-2\/#breadcrumb\"},\"inLanguage\":\"en-US\",\"potentialAction\":[{\"@type\":\"ReadAction\",\"target\":[\"https:\/\/librairie7l.com\/en\/produit\/les-effets-des-lumieres-de-mise-en-scene-sur-la-consommation-hedonique-2\/\"]}]},{\"@type\":\"BreadcrumbList\",\"@id\":\"https:\/\/librairie7l.com\/en\/produit\/les-effets-des-lumieres-de-mise-en-scene-sur-la-consommation-hedonique-2\/#breadcrumb\",\"itemListElement\":[{\"@type\":\"ListItem\",\"position\":1,\"name\":\"Accueil\",\"item\":\"https:\/\/librairie7l.com\/en\/\"},{\"@type\":\"ListItem\",\"position\":2,\"name\":\"Shop\",\"item\":\"https:\/\/librairie7l.com\/en\/shop\/\"},{\"@type\":\"ListItem\",\"position\":3,\"name\":\"LES EFFETS DES LUMIERES DE MISE EN SCENE SUR LA CONSOMMATION HEDONIQUE\"}]},{\"@type\":\"WebSite\",\"@id\":\"https:\/\/librairie7l.com\/en\/#website\",\"url\":\"https:\/\/librairie7l.com\/en\/\",\"name\":\"Librairie 7L\",\"description\":\"Librairie fond\u00e9e en 1999 par Karl Lagerfeld \u00e0 Paris\",\"publisher\":{\"@id\":\"https:\/\/librairie7l.com\/en\/#organization\"},\"potentialAction\":[{\"@type\":\"SearchAction\",\"target\":{\"@type\":\"EntryPoint\",\"urlTemplate\":\"https:\/\/librairie7l.com\/en\/?s={search_term_string}\"},\"query-input\":\"required name=search_term_string\"}],\"inLanguage\":\"en-US\"},{\"@type\":\"Organization\",\"@id\":\"https:\/\/librairie7l.com\/en\/#organization\",\"name\":\"Librairie 7L\",\"url\":\"https:\/\/librairie7l.com\/en\/\",\"logo\":{\"@type\":\"ImageObject\",\"inLanguage\":\"en-US\",\"@id\":\"https:\/\/librairie7l.com\/en\/#\/schema\/logo\/image\/\",\"url\":\"https:\/\/librairie7l.com\/wp-content\/uploads\/2022\/08\/logo-1.png\",\"contentUrl\":\"https:\/\/librairie7l.com\/wp-content\/uploads\/2022\/08\/logo-1.png\",\"width\":227,\"height\":301,\"caption\":\"Librairie 7L\"},\"image\":{\"@id\":\"https:\/\/librairie7l.com\/en\/#\/schema\/logo\/image\/\"}}]}<\/script>\n<!-- \/ Yoast SEO plugin. -->","yoast_head_json":{"title":"Les effets des lumieres de mise en scene sur la consommation hedonique - Librairie 7L","robots":{"index":"index","follow":"follow","max-snippet":"max-snippet:-1","max-image-preview":"max-image-preview:large","max-video-preview":"max-video-preview:-1"},"canonical":"https:\/\/librairie7l.com\/en\/produit\/les-effets-des-lumieres-de-mise-en-scene-sur-la-consommation-hedonique-2\/","og_locale":"en_US","og_type":"article","og_title":"Les effets des lumieres de mise en scene sur la consommation hedonique - Librairie 7L","og_description":"La recherche scientifique sur le comportement du consommateur reste un terrain vaste \u00e0 \u00e9tudier. Dans notre cas nous nous sommes int\u00e9ress\u00e9 aux r\u00e9ponses comportementales des individus face \u00e0 la consommation des produits artistiques et plus pr\u00e9cis\u00e9ment la contribution des lumi\u00e8res de mise en sc\u00e8ne dans la g\u00e9n\u00e9ration du comportement h\u00e9donique apr\u00e8s avoir assist\u00e9 \u00e0 un [&hellip;]","og_url":"https:\/\/librairie7l.com\/en\/produit\/les-effets-des-lumieres-de-mise-en-scene-sur-la-consommation-hedonique-2\/","og_site_name":"Librairie 7L","article_modified_time":"2026-04-04T23:10:40+00:00","og_image":[{"width":600,"height":882,"url":"https:\/\/librairie7l.com\/wp-content\/uploads\/2015\/11\/9783841749895_1_75.jpg","type":"image\/jpeg"}],"twitter_card":"summary_large_image","twitter_misc":{"Est. reading time":"1 minute"},"schema":{"@context":"https:\/\/schema.org","@graph":[{"@type":"WebPage","@id":"https:\/\/librairie7l.com\/en\/produit\/les-effets-des-lumieres-de-mise-en-scene-sur-la-consommation-hedonique-2\/","url":"https:\/\/librairie7l.com\/en\/produit\/les-effets-des-lumieres-de-mise-en-scene-sur-la-consommation-hedonique-2\/","name":"Les effets des lumieres de mise en scene sur la consommation hedonique - Librairie 7L","isPartOf":{"@id":"https:\/\/librairie7l.com\/en\/#website"},"datePublished":"2024-12-18T08:17:38+00:00","dateModified":"2026-04-04T23:10:40+00:00","breadcrumb":{"@id":"https:\/\/librairie7l.com\/en\/produit\/les-effets-des-lumieres-de-mise-en-scene-sur-la-consommation-hedonique-2\/#breadcrumb"},"inLanguage":"en-US","potentialAction":[{"@type":"ReadAction","target":["https:\/\/librairie7l.com\/en\/produit\/les-effets-des-lumieres-de-mise-en-scene-sur-la-consommation-hedonique-2\/"]}]},{"@type":"BreadcrumbList","@id":"https:\/\/librairie7l.com\/en\/produit\/les-effets-des-lumieres-de-mise-en-scene-sur-la-consommation-hedonique-2\/#breadcrumb","itemListElement":[{"@type":"ListItem","position":1,"name":"Accueil","item":"https:\/\/librairie7l.com\/en\/"},{"@type":"ListItem","position":2,"name":"Shop","item":"https:\/\/librairie7l.com\/en\/shop\/"},{"@type":"ListItem","position":3,"name":"LES EFFETS DES LUMIERES DE MISE EN SCENE SUR LA CONSOMMATION HEDONIQUE"}]},{"@type":"WebSite","@id":"https:\/\/librairie7l.com\/en\/#website","url":"https:\/\/librairie7l.com\/en\/","name":"Librairie 7L","description":"Librairie fond\u00e9e en 1999 par Karl Lagerfeld \u00e0 Paris","publisher":{"@id":"https:\/\/librairie7l.com\/en\/#organization"},"potentialAction":[{"@type":"SearchAction","target":{"@type":"EntryPoint","urlTemplate":"https:\/\/librairie7l.com\/en\/?s={search_term_string}"},"query-input":"required name=search_term_string"}],"inLanguage":"en-US"},{"@type":"Organization","@id":"https:\/\/librairie7l.com\/en\/#organization","name":"Librairie 7L","url":"https:\/\/librairie7l.com\/en\/","logo":{"@type":"ImageObject","inLanguage":"en-US","@id":"https:\/\/librairie7l.com\/en\/#\/schema\/logo\/image\/","url":"https:\/\/librairie7l.com\/wp-content\/uploads\/2022\/08\/logo-1.png","contentUrl":"https:\/\/librairie7l.com\/wp-content\/uploads\/2022\/08\/logo-1.png","width":227,"height":301,"caption":"Librairie 7L"},"image":{"@id":"https:\/\/librairie7l.com\/en\/#\/schema\/logo\/image\/"}}]}},"_links":{"self":[{"href":"https:\/\/librairie7l.com\/en\/wp-json\/wp\/v2\/product\/45122"}],"collection":[{"href":"https:\/\/librairie7l.com\/en\/wp-json\/wp\/v2\/product"}],"about":[{"href":"https:\/\/librairie7l.com\/en\/wp-json\/wp\/v2\/types\/product"}],"wp:featuredmedia":[{"embeddable":true,"href":"https:\/\/librairie7l.com\/en\/wp-json\/wp\/v2\/media\/45120"}],"wp:attachment":[{"href":"https:\/\/librairie7l.com\/en\/wp-json\/wp\/v2\/media?parent=45122"}],"wp:term":[{"taxonomy":"product_cat","embeddable":true,"href":"https:\/\/librairie7l.com\/en\/wp-json\/wp\/v2\/product_cat?post=45122"},{"taxonomy":"product_tag","embeddable":true,"href":"https:\/\/librairie7l.com\/en\/wp-json\/wp\/v2\/product_tag?post=45122"}],"curies":[{"name":"wp","href":"https:\/\/api.w.org\/{rel}","templated":true}]}}