{"id":45158,"date":"2024-12-19T09:17:52","date_gmt":"2024-12-19T08:17:52","guid":{"rendered":"https:\/\/librairie7l.com\/?post_type=product&#038;p=45158"},"modified":"2026-05-02T19:45:33","modified_gmt":"2026-05-02T17:45:33","slug":"intouchable-lideal-transparence-larchitecture-de-verre-2","status":"publish","type":"product","link":"https:\/\/librairie7l.com\/en\/produit\/intouchable-lideal-transparence-larchitecture-de-verre-2\/","title":{"rendered":"INTOUCHABLE ; L&#8217;ID\u00c9AL TRANSPARENCE ; L&#8217;ARCHITECTURE DE VERRE"},"content":{"rendered":"<p>&#8221; ce n&#8217;est pas une civilisation qui s&#8217;ach\u00e8ve, mais une nouvelle qui commence &#8221; celle de la transparence, programm\u00e9e par le po\u00e8te allemand paul scheerbart dans son manifeste architecture de verre en 1910.<br \/>\n La transparence, valeur invariablement positive, traverse tous les champs de la pens\u00e9e, par-del\u00e0 les id\u00e9ologies, et constitue une cl\u00e9 de lecture de notre temps, en termes psychologiques, philosophiques, sociaux, \u00e9conomiques et politiques.  ce livre, outre une nouvelle traduction fran\u00e7aise du texte visionnaire de paul scheerbart, offre une s\u00e9rie d&#8217;entr\u00e9es parall\u00e8les dans cette notion de transparence et documente int\u00e9gralement l&#8217;exposition r\u00e9alis\u00e9e par guillaume d\u00e9sanges et fran\u00e7ois piron \u00e0 lavilla arson, nice : intouchable (l&#8217;id\u00e9al transparence).<br \/>\n Une exposition qui, \u00e0 travers une s\u00e9lection d&#8217;oeuvres majeures issues de l&#8217;art contemporain des quarante derni\u00e8res ann\u00e9es, propose une immersion dans la transparence, et construit un parcours id\u00e9el et sensuel sur les rapports entre transparence, r\u00e9flexion et opacit\u00e9, dans un mouvement qui m\u00e8ne de l&#8217;id\u00e9al \u00e0 ses d\u00e9voiements.<\/p>\n","protected":false},"excerpt":{"rendered":"<p>&#8221; ce n&#8217;est pas une civilisation qui s&#8217;ach\u00e8ve, mais une nouvelle qui commence &#8221; celle de la transparence, programm\u00e9e par le po\u00e8te allemand paul scheerbart dans son manifeste architecture de verre en 1910. La transparence, valeur invariablement positive, traverse tous les champs de la pens\u00e9e, par-del\u00e0 les id\u00e9ologies, et constitue une cl\u00e9 de lecture de [&hellip;]<\/p>\n","protected":false},"featured_media":45156,"template":"","meta":[],"product_cat":[2948,2953],"product_tag":[],"acf":[],"yoast_head":"<!-- This site is optimized with the Yoast SEO plugin v20.11 - https:\/\/yoast.com\/wordpress\/plugins\/seo\/ -->\n<title>Intouchable ; l&#039;id\u00e9al transparence ; l&#039;architecture de verre - Librairie 7L<\/title>\n<meta name=\"robots\" content=\"index, follow, max-snippet:-1, max-image-preview:large, max-video-preview:-1\" \/>\n<link rel=\"canonical\" href=\"https:\/\/librairie7l.com\/en\/produit\/intouchable-lideal-transparence-larchitecture-de-verre-2\/\" \/>\n<meta property=\"og:locale\" content=\"en_US\" \/>\n<meta property=\"og:type\" content=\"article\" \/>\n<meta property=\"og:title\" content=\"Intouchable ; l&#039;id\u00e9al transparence ; l&#039;architecture de verre - Librairie 7L\" \/>\n<meta property=\"og:description\" content=\"&#8221; ce n&#8217;est pas une civilisation qui s&#8217;ach\u00e8ve, mais une nouvelle qui commence &#8221; celle de la transparence, programm\u00e9e par le po\u00e8te allemand paul scheerbart dans son manifeste architecture de verre en 1910. La transparence, valeur invariablement positive, traverse tous les champs de la pens\u00e9e, par-del\u00e0 les id\u00e9ologies, et constitue une cl\u00e9 de lecture de [&hellip;]\" \/>\n<meta property=\"og:url\" content=\"https:\/\/librairie7l.com\/en\/produit\/intouchable-lideal-transparence-larchitecture-de-verre-2\/\" \/>\n<meta property=\"og:site_name\" content=\"Librairie 7L\" \/>\n<meta property=\"article:modified_time\" content=\"2026-05-02T17:45:33+00:00\" \/>\n<meta property=\"og:image\" content=\"https:\/\/librairie7l.com\/wp-content\/uploads\/2006\/04\/9782915173130_1_75.jpg\" \/>\n\t<meta property=\"og:image:width\" content=\"463\" \/>\n\t<meta property=\"og:image:height\" content=\"660\" \/>\n\t<meta property=\"og:image:type\" content=\"image\/jpeg\" \/>\n<meta name=\"twitter:card\" content=\"summary_large_image\" \/>\n<meta name=\"twitter:label1\" content=\"Est. reading time\" \/>\n\t<meta name=\"twitter:data1\" content=\"1 minute\" \/>\n<script type=\"application\/ld+json\" class=\"yoast-schema-graph\">{\"@context\":\"https:\/\/schema.org\",\"@graph\":[{\"@type\":\"WebPage\",\"@id\":\"https:\/\/librairie7l.com\/en\/produit\/intouchable-lideal-transparence-larchitecture-de-verre-2\/\",\"url\":\"https:\/\/librairie7l.com\/en\/produit\/intouchable-lideal-transparence-larchitecture-de-verre-2\/\",\"name\":\"Intouchable ; l'id\u00e9al transparence ; l'architecture de verre - Librairie 7L\",\"isPartOf\":{\"@id\":\"https:\/\/librairie7l.com\/en\/#website\"},\"datePublished\":\"2024-12-19T08:17:52+00:00\",\"dateModified\":\"2026-05-02T17:45:33+00:00\",\"breadcrumb\":{\"@id\":\"https:\/\/librairie7l.com\/en\/produit\/intouchable-lideal-transparence-larchitecture-de-verre-2\/#breadcrumb\"},\"inLanguage\":\"en-US\",\"potentialAction\":[{\"@type\":\"ReadAction\",\"target\":[\"https:\/\/librairie7l.com\/en\/produit\/intouchable-lideal-transparence-larchitecture-de-verre-2\/\"]}]},{\"@type\":\"BreadcrumbList\",\"@id\":\"https:\/\/librairie7l.com\/en\/produit\/intouchable-lideal-transparence-larchitecture-de-verre-2\/#breadcrumb\",\"itemListElement\":[{\"@type\":\"ListItem\",\"position\":1,\"name\":\"Accueil\",\"item\":\"https:\/\/librairie7l.com\/en\/\"},{\"@type\":\"ListItem\",\"position\":2,\"name\":\"Shop\",\"item\":\"https:\/\/librairie7l.com\/en\/shop\/\"},{\"@type\":\"ListItem\",\"position\":3,\"name\":\"INTOUCHABLE ; L&#8217;ID\u00c9AL TRANSPARENCE ; L&#8217;ARCHITECTURE DE VERRE\"}]},{\"@type\":\"WebSite\",\"@id\":\"https:\/\/librairie7l.com\/en\/#website\",\"url\":\"https:\/\/librairie7l.com\/en\/\",\"name\":\"Librairie 7L\",\"description\":\"Librairie fond\u00e9e en 1999 par Karl Lagerfeld \u00e0 Paris\",\"publisher\":{\"@id\":\"https:\/\/librairie7l.com\/en\/#organization\"},\"potentialAction\":[{\"@type\":\"SearchAction\",\"target\":{\"@type\":\"EntryPoint\",\"urlTemplate\":\"https:\/\/librairie7l.com\/en\/?s={search_term_string}\"},\"query-input\":\"required name=search_term_string\"}],\"inLanguage\":\"en-US\"},{\"@type\":\"Organization\",\"@id\":\"https:\/\/librairie7l.com\/en\/#organization\",\"name\":\"Librairie 7L\",\"url\":\"https:\/\/librairie7l.com\/en\/\",\"logo\":{\"@type\":\"ImageObject\",\"inLanguage\":\"en-US\",\"@id\":\"https:\/\/librairie7l.com\/en\/#\/schema\/logo\/image\/\",\"url\":\"https:\/\/librairie7l.com\/wp-content\/uploads\/2022\/08\/logo-1.png\",\"contentUrl\":\"https:\/\/librairie7l.com\/wp-content\/uploads\/2022\/08\/logo-1.png\",\"width\":227,\"height\":301,\"caption\":\"Librairie 7L\"},\"image\":{\"@id\":\"https:\/\/librairie7l.com\/en\/#\/schema\/logo\/image\/\"}}]}<\/script>\n<!-- \/ Yoast SEO plugin. -->","yoast_head_json":{"title":"Intouchable ; l'id\u00e9al transparence ; l'architecture de verre - Librairie 7L","robots":{"index":"index","follow":"follow","max-snippet":"max-snippet:-1","max-image-preview":"max-image-preview:large","max-video-preview":"max-video-preview:-1"},"canonical":"https:\/\/librairie7l.com\/en\/produit\/intouchable-lideal-transparence-larchitecture-de-verre-2\/","og_locale":"en_US","og_type":"article","og_title":"Intouchable ; l'id\u00e9al transparence ; l'architecture de verre - Librairie 7L","og_description":"&#8221; ce n&#8217;est pas une civilisation qui s&#8217;ach\u00e8ve, mais une nouvelle qui commence &#8221; celle de la transparence, programm\u00e9e par le po\u00e8te allemand paul scheerbart dans son manifeste architecture de verre en 1910. La transparence, valeur invariablement positive, traverse tous les champs de la pens\u00e9e, par-del\u00e0 les id\u00e9ologies, et constitue une cl\u00e9 de lecture de [&hellip;]","og_url":"https:\/\/librairie7l.com\/en\/produit\/intouchable-lideal-transparence-larchitecture-de-verre-2\/","og_site_name":"Librairie 7L","article_modified_time":"2026-05-02T17:45:33+00:00","og_image":[{"width":463,"height":660,"url":"https:\/\/librairie7l.com\/wp-content\/uploads\/2006\/04\/9782915173130_1_75.jpg","type":"image\/jpeg"}],"twitter_card":"summary_large_image","twitter_misc":{"Est. reading time":"1 minute"},"schema":{"@context":"https:\/\/schema.org","@graph":[{"@type":"WebPage","@id":"https:\/\/librairie7l.com\/en\/produit\/intouchable-lideal-transparence-larchitecture-de-verre-2\/","url":"https:\/\/librairie7l.com\/en\/produit\/intouchable-lideal-transparence-larchitecture-de-verre-2\/","name":"Intouchable ; l'id\u00e9al transparence ; l'architecture de verre - Librairie 7L","isPartOf":{"@id":"https:\/\/librairie7l.com\/en\/#website"},"datePublished":"2024-12-19T08:17:52+00:00","dateModified":"2026-05-02T17:45:33+00:00","breadcrumb":{"@id":"https:\/\/librairie7l.com\/en\/produit\/intouchable-lideal-transparence-larchitecture-de-verre-2\/#breadcrumb"},"inLanguage":"en-US","potentialAction":[{"@type":"ReadAction","target":["https:\/\/librairie7l.com\/en\/produit\/intouchable-lideal-transparence-larchitecture-de-verre-2\/"]}]},{"@type":"BreadcrumbList","@id":"https:\/\/librairie7l.com\/en\/produit\/intouchable-lideal-transparence-larchitecture-de-verre-2\/#breadcrumb","itemListElement":[{"@type":"ListItem","position":1,"name":"Accueil","item":"https:\/\/librairie7l.com\/en\/"},{"@type":"ListItem","position":2,"name":"Shop","item":"https:\/\/librairie7l.com\/en\/shop\/"},{"@type":"ListItem","position":3,"name":"INTOUCHABLE ; L&#8217;ID\u00c9AL TRANSPARENCE ; L&#8217;ARCHITECTURE DE VERRE"}]},{"@type":"WebSite","@id":"https:\/\/librairie7l.com\/en\/#website","url":"https:\/\/librairie7l.com\/en\/","name":"Librairie 7L","description":"Librairie fond\u00e9e en 1999 par Karl Lagerfeld \u00e0 Paris","publisher":{"@id":"https:\/\/librairie7l.com\/en\/#organization"},"potentialAction":[{"@type":"SearchAction","target":{"@type":"EntryPoint","urlTemplate":"https:\/\/librairie7l.com\/en\/?s={search_term_string}"},"query-input":"required name=search_term_string"}],"inLanguage":"en-US"},{"@type":"Organization","@id":"https:\/\/librairie7l.com\/en\/#organization","name":"Librairie 7L","url":"https:\/\/librairie7l.com\/en\/","logo":{"@type":"ImageObject","inLanguage":"en-US","@id":"https:\/\/librairie7l.com\/en\/#\/schema\/logo\/image\/","url":"https:\/\/librairie7l.com\/wp-content\/uploads\/2022\/08\/logo-1.png","contentUrl":"https:\/\/librairie7l.com\/wp-content\/uploads\/2022\/08\/logo-1.png","width":227,"height":301,"caption":"Librairie 7L"},"image":{"@id":"https:\/\/librairie7l.com\/en\/#\/schema\/logo\/image\/"}}]}},"_links":{"self":[{"href":"https:\/\/librairie7l.com\/en\/wp-json\/wp\/v2\/product\/45158"}],"collection":[{"href":"https:\/\/librairie7l.com\/en\/wp-json\/wp\/v2\/product"}],"about":[{"href":"https:\/\/librairie7l.com\/en\/wp-json\/wp\/v2\/types\/product"}],"wp:featuredmedia":[{"embeddable":true,"href":"https:\/\/librairie7l.com\/en\/wp-json\/wp\/v2\/media\/45156"}],"wp:attachment":[{"href":"https:\/\/librairie7l.com\/en\/wp-json\/wp\/v2\/media?parent=45158"}],"wp:term":[{"taxonomy":"product_cat","embeddable":true,"href":"https:\/\/librairie7l.com\/en\/wp-json\/wp\/v2\/product_cat?post=45158"},{"taxonomy":"product_tag","embeddable":true,"href":"https:\/\/librairie7l.com\/en\/wp-json\/wp\/v2\/product_tag?post=45158"}],"curies":[{"name":"wp","href":"https:\/\/api.w.org\/{rel}","templated":true}]}}