{"id":45166,"date":"2024-12-19T09:18:02","date_gmt":"2024-12-19T08:18:02","guid":{"rendered":"https:\/\/librairie7l.com\/?post_type=product&#038;p=45166"},"modified":"2026-04-05T20:01:01","modified_gmt":"2026-04-05T18:01:01","slug":"leclairage-des-magasins-mode-operatoire-2","status":"publish","type":"product","link":"https:\/\/librairie7l.com\/en\/produit\/leclairage-des-magasins-mode-operatoire-2\/","title":{"rendered":"L&#8217;\u00c9CLAIRAGE DES MAGASINS ; MODE OP\u00c9RATOIRE"},"content":{"rendered":"<p>Les surfaces commerciales aujourd&#8217;hui, qu&#8217;elles soient boutiques de mode, magasins de bouches, ou surfaces de restauration sont mal \u00e9clair\u00e9es. Les cons\u00e9quences? Une consommation \u00e9nergivore d\u00e9mesur\u00e9e, des co\u00fbts de maintenance \u00e9lev\u00e9s mais aussi un manque \u00e0 gagner r\u00e9el pour les commer\u00e7ants qui voient leur client\u00e8le tourner les talons&#8230; Un \u00e9clairage adapt\u00e9 r\u00e9soudrait de nombreux probl\u00e8mes qui accablent les professionnels : \u00e9conomies, comportement d&#8217;achat, achalandage&#8230; Ce guide pratique est con\u00e7u pour les professionnels, qu&#8217;ils soient commer\u00e7ants, \u00e9lectriciens, \u00e9clairagistes ou architectes, afin de mieux expliquer l&#8217;importance d&#8217;un bon \u00e9clairage et ses moyens de r\u00e9alisation.<\/p>\n","protected":false},"excerpt":{"rendered":"<p>Les surfaces commerciales aujourd&#8217;hui, qu&#8217;elles soient boutiques de mode, magasins de bouches, ou surfaces de restauration sont mal \u00e9clair\u00e9es. Les cons\u00e9quences? Une consommation \u00e9nergivore d\u00e9mesur\u00e9e, des co\u00fbts de maintenance \u00e9lev\u00e9s mais aussi un manque \u00e0 gagner r\u00e9el pour les commer\u00e7ants qui voient leur client\u00e8le tourner les talons&#8230; Un \u00e9clairage adapt\u00e9 r\u00e9soudrait de nombreux probl\u00e8mes qui [&hellip;]<\/p>\n","protected":false},"featured_media":45164,"template":"","meta":[],"product_cat":[2948,2950],"product_tag":[],"acf":[],"yoast_head":"<!-- This site is optimized with the Yoast SEO plugin v20.11 - https:\/\/yoast.com\/wordpress\/plugins\/seo\/ -->\n<title>L&#039;\u00e9clairage des magasins ; mode op\u00e9ratoire - Librairie 7L<\/title>\n<meta name=\"robots\" content=\"index, follow, max-snippet:-1, max-image-preview:large, max-video-preview:-1\" \/>\n<link rel=\"canonical\" href=\"https:\/\/librairie7l.com\/en\/produit\/leclairage-des-magasins-mode-operatoire-2\/\" \/>\n<meta property=\"og:locale\" content=\"en_US\" \/>\n<meta property=\"og:type\" content=\"article\" \/>\n<meta property=\"og:title\" content=\"L&#039;\u00e9clairage des magasins ; mode op\u00e9ratoire - Librairie 7L\" \/>\n<meta property=\"og:description\" content=\"Les surfaces commerciales aujourd&#8217;hui, qu&#8217;elles soient boutiques de mode, magasins de bouches, ou surfaces de restauration sont mal \u00e9clair\u00e9es. Les cons\u00e9quences? Une consommation \u00e9nergivore d\u00e9mesur\u00e9e, des co\u00fbts de maintenance \u00e9lev\u00e9s mais aussi un manque \u00e0 gagner r\u00e9el pour les commer\u00e7ants qui voient leur client\u00e8le tourner les talons&#8230; Un \u00e9clairage adapt\u00e9 r\u00e9soudrait de nombreux probl\u00e8mes qui [&hellip;]\" \/>\n<meta property=\"og:url\" content=\"https:\/\/librairie7l.com\/en\/produit\/leclairage-des-magasins-mode-operatoire-2\/\" \/>\n<meta property=\"og:site_name\" content=\"Librairie 7L\" \/>\n<meta property=\"article:modified_time\" content=\"2026-04-05T18:01:01+00:00\" \/>\n<meta property=\"og:image\" content=\"https:\/\/librairie7l.com\/wp-content\/uploads\/2010\/04\/9782212127492_1_75.jpg\" \/>\n\t<meta property=\"og:image:width\" content=\"600\" \/>\n\t<meta property=\"og:image:height\" content=\"812\" \/>\n\t<meta property=\"og:image:type\" content=\"image\/jpeg\" \/>\n<meta name=\"twitter:card\" content=\"summary_large_image\" \/>\n<meta name=\"twitter:label1\" content=\"Est. reading time\" \/>\n\t<meta name=\"twitter:data1\" content=\"1 minute\" \/>\n<script type=\"application\/ld+json\" class=\"yoast-schema-graph\">{\"@context\":\"https:\/\/schema.org\",\"@graph\":[{\"@type\":\"WebPage\",\"@id\":\"https:\/\/librairie7l.com\/en\/produit\/leclairage-des-magasins-mode-operatoire-2\/\",\"url\":\"https:\/\/librairie7l.com\/en\/produit\/leclairage-des-magasins-mode-operatoire-2\/\",\"name\":\"L'\u00e9clairage des magasins ; mode op\u00e9ratoire - Librairie 7L\",\"isPartOf\":{\"@id\":\"https:\/\/librairie7l.com\/en\/#website\"},\"datePublished\":\"2024-12-19T08:18:02+00:00\",\"dateModified\":\"2026-04-05T18:01:01+00:00\",\"breadcrumb\":{\"@id\":\"https:\/\/librairie7l.com\/en\/produit\/leclairage-des-magasins-mode-operatoire-2\/#breadcrumb\"},\"inLanguage\":\"en-US\",\"potentialAction\":[{\"@type\":\"ReadAction\",\"target\":[\"https:\/\/librairie7l.com\/en\/produit\/leclairage-des-magasins-mode-operatoire-2\/\"]}]},{\"@type\":\"BreadcrumbList\",\"@id\":\"https:\/\/librairie7l.com\/en\/produit\/leclairage-des-magasins-mode-operatoire-2\/#breadcrumb\",\"itemListElement\":[{\"@type\":\"ListItem\",\"position\":1,\"name\":\"Accueil\",\"item\":\"https:\/\/librairie7l.com\/en\/\"},{\"@type\":\"ListItem\",\"position\":2,\"name\":\"Shop\",\"item\":\"https:\/\/librairie7l.com\/en\/shop\/\"},{\"@type\":\"ListItem\",\"position\":3,\"name\":\"L&#8217;\u00c9CLAIRAGE DES MAGASINS ; MODE OP\u00c9RATOIRE\"}]},{\"@type\":\"WebSite\",\"@id\":\"https:\/\/librairie7l.com\/en\/#website\",\"url\":\"https:\/\/librairie7l.com\/en\/\",\"name\":\"Librairie 7L\",\"description\":\"Librairie fond\u00e9e en 1999 par Karl Lagerfeld \u00e0 Paris\",\"publisher\":{\"@id\":\"https:\/\/librairie7l.com\/en\/#organization\"},\"potentialAction\":[{\"@type\":\"SearchAction\",\"target\":{\"@type\":\"EntryPoint\",\"urlTemplate\":\"https:\/\/librairie7l.com\/en\/?s={search_term_string}\"},\"query-input\":\"required name=search_term_string\"}],\"inLanguage\":\"en-US\"},{\"@type\":\"Organization\",\"@id\":\"https:\/\/librairie7l.com\/en\/#organization\",\"name\":\"Librairie 7L\",\"url\":\"https:\/\/librairie7l.com\/en\/\",\"logo\":{\"@type\":\"ImageObject\",\"inLanguage\":\"en-US\",\"@id\":\"https:\/\/librairie7l.com\/en\/#\/schema\/logo\/image\/\",\"url\":\"https:\/\/librairie7l.com\/wp-content\/uploads\/2022\/08\/logo-1.png\",\"contentUrl\":\"https:\/\/librairie7l.com\/wp-content\/uploads\/2022\/08\/logo-1.png\",\"width\":227,\"height\":301,\"caption\":\"Librairie 7L\"},\"image\":{\"@id\":\"https:\/\/librairie7l.com\/en\/#\/schema\/logo\/image\/\"}}]}<\/script>\n<!-- \/ Yoast SEO plugin. -->","yoast_head_json":{"title":"L'\u00e9clairage des magasins ; mode op\u00e9ratoire - Librairie 7L","robots":{"index":"index","follow":"follow","max-snippet":"max-snippet:-1","max-image-preview":"max-image-preview:large","max-video-preview":"max-video-preview:-1"},"canonical":"https:\/\/librairie7l.com\/en\/produit\/leclairage-des-magasins-mode-operatoire-2\/","og_locale":"en_US","og_type":"article","og_title":"L'\u00e9clairage des magasins ; mode op\u00e9ratoire - Librairie 7L","og_description":"Les surfaces commerciales aujourd&#8217;hui, qu&#8217;elles soient boutiques de mode, magasins de bouches, ou surfaces de restauration sont mal \u00e9clair\u00e9es. Les cons\u00e9quences? Une consommation \u00e9nergivore d\u00e9mesur\u00e9e, des co\u00fbts de maintenance \u00e9lev\u00e9s mais aussi un manque \u00e0 gagner r\u00e9el pour les commer\u00e7ants qui voient leur client\u00e8le tourner les talons&#8230; Un \u00e9clairage adapt\u00e9 r\u00e9soudrait de nombreux probl\u00e8mes qui [&hellip;]","og_url":"https:\/\/librairie7l.com\/en\/produit\/leclairage-des-magasins-mode-operatoire-2\/","og_site_name":"Librairie 7L","article_modified_time":"2026-04-05T18:01:01+00:00","og_image":[{"width":600,"height":812,"url":"https:\/\/librairie7l.com\/wp-content\/uploads\/2010\/04\/9782212127492_1_75.jpg","type":"image\/jpeg"}],"twitter_card":"summary_large_image","twitter_misc":{"Est. reading time":"1 minute"},"schema":{"@context":"https:\/\/schema.org","@graph":[{"@type":"WebPage","@id":"https:\/\/librairie7l.com\/en\/produit\/leclairage-des-magasins-mode-operatoire-2\/","url":"https:\/\/librairie7l.com\/en\/produit\/leclairage-des-magasins-mode-operatoire-2\/","name":"L'\u00e9clairage des magasins ; mode op\u00e9ratoire - Librairie 7L","isPartOf":{"@id":"https:\/\/librairie7l.com\/en\/#website"},"datePublished":"2024-12-19T08:18:02+00:00","dateModified":"2026-04-05T18:01:01+00:00","breadcrumb":{"@id":"https:\/\/librairie7l.com\/en\/produit\/leclairage-des-magasins-mode-operatoire-2\/#breadcrumb"},"inLanguage":"en-US","potentialAction":[{"@type":"ReadAction","target":["https:\/\/librairie7l.com\/en\/produit\/leclairage-des-magasins-mode-operatoire-2\/"]}]},{"@type":"BreadcrumbList","@id":"https:\/\/librairie7l.com\/en\/produit\/leclairage-des-magasins-mode-operatoire-2\/#breadcrumb","itemListElement":[{"@type":"ListItem","position":1,"name":"Accueil","item":"https:\/\/librairie7l.com\/en\/"},{"@type":"ListItem","position":2,"name":"Shop","item":"https:\/\/librairie7l.com\/en\/shop\/"},{"@type":"ListItem","position":3,"name":"L&#8217;\u00c9CLAIRAGE DES MAGASINS ; MODE OP\u00c9RATOIRE"}]},{"@type":"WebSite","@id":"https:\/\/librairie7l.com\/en\/#website","url":"https:\/\/librairie7l.com\/en\/","name":"Librairie 7L","description":"Librairie fond\u00e9e en 1999 par Karl Lagerfeld \u00e0 Paris","publisher":{"@id":"https:\/\/librairie7l.com\/en\/#organization"},"potentialAction":[{"@type":"SearchAction","target":{"@type":"EntryPoint","urlTemplate":"https:\/\/librairie7l.com\/en\/?s={search_term_string}"},"query-input":"required name=search_term_string"}],"inLanguage":"en-US"},{"@type":"Organization","@id":"https:\/\/librairie7l.com\/en\/#organization","name":"Librairie 7L","url":"https:\/\/librairie7l.com\/en\/","logo":{"@type":"ImageObject","inLanguage":"en-US","@id":"https:\/\/librairie7l.com\/en\/#\/schema\/logo\/image\/","url":"https:\/\/librairie7l.com\/wp-content\/uploads\/2022\/08\/logo-1.png","contentUrl":"https:\/\/librairie7l.com\/wp-content\/uploads\/2022\/08\/logo-1.png","width":227,"height":301,"caption":"Librairie 7L"},"image":{"@id":"https:\/\/librairie7l.com\/en\/#\/schema\/logo\/image\/"}}]}},"_links":{"self":[{"href":"https:\/\/librairie7l.com\/en\/wp-json\/wp\/v2\/product\/45166"}],"collection":[{"href":"https:\/\/librairie7l.com\/en\/wp-json\/wp\/v2\/product"}],"about":[{"href":"https:\/\/librairie7l.com\/en\/wp-json\/wp\/v2\/types\/product"}],"wp:featuredmedia":[{"embeddable":true,"href":"https:\/\/librairie7l.com\/en\/wp-json\/wp\/v2\/media\/45164"}],"wp:attachment":[{"href":"https:\/\/librairie7l.com\/en\/wp-json\/wp\/v2\/media?parent=45166"}],"wp:term":[{"taxonomy":"product_cat","embeddable":true,"href":"https:\/\/librairie7l.com\/en\/wp-json\/wp\/v2\/product_cat?post=45166"},{"taxonomy":"product_tag","embeddable":true,"href":"https:\/\/librairie7l.com\/en\/wp-json\/wp\/v2\/product_tag?post=45166"}],"curies":[{"name":"wp","href":"https:\/\/api.w.org\/{rel}","templated":true}]}}