{"id":45174,"date":"2024-12-19T09:18:10","date_gmt":"2024-12-19T08:18:10","guid":{"rendered":"https:\/\/librairie7l.com\/?post_type=product&#038;p=45174"},"modified":"2026-04-21T12:04:48","modified_gmt":"2026-04-21T10:04:48","slug":"eclairage-dinterieur-et-ambiances-visuelles-2","status":"publish","type":"product","link":"https:\/\/librairie7l.com\/en\/produit\/eclairage-dinterieur-et-ambiances-visuelles-2\/","title":{"rendered":"\u00c9CLAIRAGE D&#8217;INT\u00c9RIEUR ET AMBIANCES VISUELLES"},"content":{"rendered":"<p>L&#8217;\u00e9clairage est entr\u00e9 dans une phase de transformation cruciale li\u00e9e aux  bouleversements des technologies de communication et \u00e0 l&#8217;\u00e9mergence des  LEDs qui permettent d&#8217;optimiser la d\u00e9pense \u00e9nerg\u00e9tique et les co\u00fbts  d&#8217;exploitation. \u00c9clairage d&#8217;int\u00e9rieur et ambiances visuelles aborde de  mani\u00e8re approfondie toutes les facettes de la lumi\u00e8re et des  d\u00e9veloppements de l&#8217;\u00e9clairage qui lui sont li\u00e9s. L&#8217;ouvrage s&#8217;appuie pour  cela sur les derni\u00e8res recherches fondamentales et les meilleures  technologies disponibles, et d\u00e9voile le type d&#8217;\u00e9clairage \u00e0 utiliser pour  chaque application et besoin sp\u00e9cifique.<br \/>\nApr\u00e8s un rappel des bases  th\u00e9oriques de l&#8217;\u00e9clairage, l&#8217;ouvrage propose une pr\u00e9sentation des  concepts de perception et de performance visuelle ; une \u00e9tude de la  lumi\u00e8re (naturelle et artificielle) dans ses aspects physiologiques,  psychologiques et sensoriels pour permettre une ambiance lumineuse de  qualit\u00e9 gr\u00e2ce \u00e0 des solutions d&#8217;\u00e9clairage appropri\u00e9es ; une analyse  approfondie des lampes, luminaires, et autres syst\u00e8mes de gestion de  l&#8217;\u00e9clairage, mais aussi des techniques de ma\u00eetrise de la lumi\u00e8re  naturelle. Toutes les techniques destin\u00e9es \u00e0 permettre aux  professionnels de faire les meilleurs choix pour optimiser la lumi\u00e8re,  sont ainsi d\u00e9taill\u00e9es.<br \/>\nOuvrage de r\u00e9f\u00e9rence destin\u00e9 aux  \u00e9clairagistes, concepteurs lumi\u00e8re, acteurs \u00e9conomiques et passionn\u00e9s de  sciences et techniques, \u00c9clairage d&#8217;int\u00e9rieur et ambiances visuelles  constitue un pr\u00e9cieux outil d&#8217;aide \u00e0 la conception et \u00e0 la modernisation  des installations d&#8217;\u00e9clairage pour r\u00e9pondre aux nouveaux besoins sociaux  et aux enjeux environnementaux et \u00e9conomiques de notre soci\u00e9t\u00e9. Il  int\u00e9ressera \u00e9galement les \u00e9tudiants et tous les professionnels concern\u00e9s  par les probl\u00e9matiques de l&#8217;\u00e9clairage.<\/p>\n","protected":false},"excerpt":{"rendered":"<p>L&#8217;\u00e9clairage est entr\u00e9 dans une phase de transformation cruciale li\u00e9e aux bouleversements des technologies de communication et \u00e0 l&#8217;\u00e9mergence des LEDs qui permettent d&#8217;optimiser la d\u00e9pense \u00e9nerg\u00e9tique et les co\u00fbts d&#8217;exploitation. \u00c9clairage d&#8217;int\u00e9rieur et ambiances visuelles aborde de mani\u00e8re approfondie toutes les facettes de la lumi\u00e8re et des d\u00e9veloppements de l&#8217;\u00e9clairage qui lui sont li\u00e9s. [&hellip;]<\/p>\n","protected":false},"featured_media":45172,"template":"","meta":[],"product_cat":[2948,2950],"product_tag":[],"acf":[],"yoast_head":"<!-- This site is optimized with the Yoast SEO plugin v20.11 - https:\/\/yoast.com\/wordpress\/plugins\/seo\/ -->\n<title>\u00e9clairage d&#039;int\u00e9rieur et ambiances visuelles - Librairie 7L<\/title>\n<meta name=\"robots\" content=\"index, follow, max-snippet:-1, max-image-preview:large, max-video-preview:-1\" \/>\n<link rel=\"canonical\" href=\"https:\/\/librairie7l.com\/en\/produit\/eclairage-dinterieur-et-ambiances-visuelles-2\/\" \/>\n<meta property=\"og:locale\" content=\"en_US\" \/>\n<meta property=\"og:type\" content=\"article\" \/>\n<meta property=\"og:title\" content=\"\u00e9clairage d&#039;int\u00e9rieur et ambiances visuelles - Librairie 7L\" \/>\n<meta property=\"og:description\" content=\"L&#8217;\u00e9clairage est entr\u00e9 dans une phase de transformation cruciale li\u00e9e aux bouleversements des technologies de communication et \u00e0 l&#8217;\u00e9mergence des LEDs qui permettent d&#8217;optimiser la d\u00e9pense \u00e9nerg\u00e9tique et les co\u00fbts d&#8217;exploitation. \u00c9clairage d&#8217;int\u00e9rieur et ambiances visuelles aborde de mani\u00e8re approfondie toutes les facettes de la lumi\u00e8re et des d\u00e9veloppements de l&#8217;\u00e9clairage qui lui sont li\u00e9s. [&hellip;]\" \/>\n<meta property=\"og:url\" content=\"https:\/\/librairie7l.com\/en\/produit\/eclairage-dinterieur-et-ambiances-visuelles-2\/\" \/>\n<meta property=\"og:site_name\" content=\"Librairie 7L\" \/>\n<meta property=\"article:modified_time\" content=\"2026-04-21T10:04:48+00:00\" \/>\n<meta property=\"og:image\" content=\"https:\/\/librairie7l.com\/wp-content\/uploads\/2010\/10\/9782743012083_1_75.jpg\" \/>\n\t<meta property=\"og:image:width\" content=\"600\" \/>\n\t<meta property=\"og:image:height\" content=\"918\" \/>\n\t<meta property=\"og:image:type\" content=\"image\/jpeg\" \/>\n<meta name=\"twitter:card\" content=\"summary_large_image\" \/>\n<meta name=\"twitter:label1\" content=\"Est. reading time\" \/>\n\t<meta name=\"twitter:data1\" content=\"1 minute\" \/>\n<script type=\"application\/ld+json\" class=\"yoast-schema-graph\">{\"@context\":\"https:\/\/schema.org\",\"@graph\":[{\"@type\":\"WebPage\",\"@id\":\"https:\/\/librairie7l.com\/en\/produit\/eclairage-dinterieur-et-ambiances-visuelles-2\/\",\"url\":\"https:\/\/librairie7l.com\/en\/produit\/eclairage-dinterieur-et-ambiances-visuelles-2\/\",\"name\":\"\u00e9clairage d'int\u00e9rieur et ambiances visuelles - Librairie 7L\",\"isPartOf\":{\"@id\":\"https:\/\/librairie7l.com\/en\/#website\"},\"datePublished\":\"2024-12-19T08:18:10+00:00\",\"dateModified\":\"2026-04-21T10:04:48+00:00\",\"breadcrumb\":{\"@id\":\"https:\/\/librairie7l.com\/en\/produit\/eclairage-dinterieur-et-ambiances-visuelles-2\/#breadcrumb\"},\"inLanguage\":\"en-US\",\"potentialAction\":[{\"@type\":\"ReadAction\",\"target\":[\"https:\/\/librairie7l.com\/en\/produit\/eclairage-dinterieur-et-ambiances-visuelles-2\/\"]}]},{\"@type\":\"BreadcrumbList\",\"@id\":\"https:\/\/librairie7l.com\/en\/produit\/eclairage-dinterieur-et-ambiances-visuelles-2\/#breadcrumb\",\"itemListElement\":[{\"@type\":\"ListItem\",\"position\":1,\"name\":\"Accueil\",\"item\":\"https:\/\/librairie7l.com\/en\/\"},{\"@type\":\"ListItem\",\"position\":2,\"name\":\"Shop\",\"item\":\"https:\/\/librairie7l.com\/en\/shop\/\"},{\"@type\":\"ListItem\",\"position\":3,\"name\":\"\u00c9CLAIRAGE D&#8217;INT\u00c9RIEUR ET AMBIANCES VISUELLES\"}]},{\"@type\":\"WebSite\",\"@id\":\"https:\/\/librairie7l.com\/en\/#website\",\"url\":\"https:\/\/librairie7l.com\/en\/\",\"name\":\"Librairie 7L\",\"description\":\"Librairie fond\u00e9e en 1999 par Karl Lagerfeld \u00e0 Paris\",\"publisher\":{\"@id\":\"https:\/\/librairie7l.com\/en\/#organization\"},\"potentialAction\":[{\"@type\":\"SearchAction\",\"target\":{\"@type\":\"EntryPoint\",\"urlTemplate\":\"https:\/\/librairie7l.com\/en\/?s={search_term_string}\"},\"query-input\":\"required name=search_term_string\"}],\"inLanguage\":\"en-US\"},{\"@type\":\"Organization\",\"@id\":\"https:\/\/librairie7l.com\/en\/#organization\",\"name\":\"Librairie 7L\",\"url\":\"https:\/\/librairie7l.com\/en\/\",\"logo\":{\"@type\":\"ImageObject\",\"inLanguage\":\"en-US\",\"@id\":\"https:\/\/librairie7l.com\/en\/#\/schema\/logo\/image\/\",\"url\":\"https:\/\/librairie7l.com\/wp-content\/uploads\/2022\/08\/logo-1.png\",\"contentUrl\":\"https:\/\/librairie7l.com\/wp-content\/uploads\/2022\/08\/logo-1.png\",\"width\":227,\"height\":301,\"caption\":\"Librairie 7L\"},\"image\":{\"@id\":\"https:\/\/librairie7l.com\/en\/#\/schema\/logo\/image\/\"}}]}<\/script>\n<!-- \/ Yoast SEO plugin. -->","yoast_head_json":{"title":"\u00e9clairage d'int\u00e9rieur et ambiances visuelles - Librairie 7L","robots":{"index":"index","follow":"follow","max-snippet":"max-snippet:-1","max-image-preview":"max-image-preview:large","max-video-preview":"max-video-preview:-1"},"canonical":"https:\/\/librairie7l.com\/en\/produit\/eclairage-dinterieur-et-ambiances-visuelles-2\/","og_locale":"en_US","og_type":"article","og_title":"\u00e9clairage d'int\u00e9rieur et ambiances visuelles - Librairie 7L","og_description":"L&#8217;\u00e9clairage est entr\u00e9 dans une phase de transformation cruciale li\u00e9e aux bouleversements des technologies de communication et \u00e0 l&#8217;\u00e9mergence des LEDs qui permettent d&#8217;optimiser la d\u00e9pense \u00e9nerg\u00e9tique et les co\u00fbts d&#8217;exploitation. \u00c9clairage d&#8217;int\u00e9rieur et ambiances visuelles aborde de mani\u00e8re approfondie toutes les facettes de la lumi\u00e8re et des d\u00e9veloppements de l&#8217;\u00e9clairage qui lui sont li\u00e9s. [&hellip;]","og_url":"https:\/\/librairie7l.com\/en\/produit\/eclairage-dinterieur-et-ambiances-visuelles-2\/","og_site_name":"Librairie 7L","article_modified_time":"2026-04-21T10:04:48+00:00","og_image":[{"width":600,"height":918,"url":"https:\/\/librairie7l.com\/wp-content\/uploads\/2010\/10\/9782743012083_1_75.jpg","type":"image\/jpeg"}],"twitter_card":"summary_large_image","twitter_misc":{"Est. reading time":"1 minute"},"schema":{"@context":"https:\/\/schema.org","@graph":[{"@type":"WebPage","@id":"https:\/\/librairie7l.com\/en\/produit\/eclairage-dinterieur-et-ambiances-visuelles-2\/","url":"https:\/\/librairie7l.com\/en\/produit\/eclairage-dinterieur-et-ambiances-visuelles-2\/","name":"\u00e9clairage d'int\u00e9rieur et ambiances visuelles - Librairie 7L","isPartOf":{"@id":"https:\/\/librairie7l.com\/en\/#website"},"datePublished":"2024-12-19T08:18:10+00:00","dateModified":"2026-04-21T10:04:48+00:00","breadcrumb":{"@id":"https:\/\/librairie7l.com\/en\/produit\/eclairage-dinterieur-et-ambiances-visuelles-2\/#breadcrumb"},"inLanguage":"en-US","potentialAction":[{"@type":"ReadAction","target":["https:\/\/librairie7l.com\/en\/produit\/eclairage-dinterieur-et-ambiances-visuelles-2\/"]}]},{"@type":"BreadcrumbList","@id":"https:\/\/librairie7l.com\/en\/produit\/eclairage-dinterieur-et-ambiances-visuelles-2\/#breadcrumb","itemListElement":[{"@type":"ListItem","position":1,"name":"Accueil","item":"https:\/\/librairie7l.com\/en\/"},{"@type":"ListItem","position":2,"name":"Shop","item":"https:\/\/librairie7l.com\/en\/shop\/"},{"@type":"ListItem","position":3,"name":"\u00c9CLAIRAGE D&#8217;INT\u00c9RIEUR ET AMBIANCES VISUELLES"}]},{"@type":"WebSite","@id":"https:\/\/librairie7l.com\/en\/#website","url":"https:\/\/librairie7l.com\/en\/","name":"Librairie 7L","description":"Librairie fond\u00e9e en 1999 par Karl Lagerfeld \u00e0 Paris","publisher":{"@id":"https:\/\/librairie7l.com\/en\/#organization"},"potentialAction":[{"@type":"SearchAction","target":{"@type":"EntryPoint","urlTemplate":"https:\/\/librairie7l.com\/en\/?s={search_term_string}"},"query-input":"required name=search_term_string"}],"inLanguage":"en-US"},{"@type":"Organization","@id":"https:\/\/librairie7l.com\/en\/#organization","name":"Librairie 7L","url":"https:\/\/librairie7l.com\/en\/","logo":{"@type":"ImageObject","inLanguage":"en-US","@id":"https:\/\/librairie7l.com\/en\/#\/schema\/logo\/image\/","url":"https:\/\/librairie7l.com\/wp-content\/uploads\/2022\/08\/logo-1.png","contentUrl":"https:\/\/librairie7l.com\/wp-content\/uploads\/2022\/08\/logo-1.png","width":227,"height":301,"caption":"Librairie 7L"},"image":{"@id":"https:\/\/librairie7l.com\/en\/#\/schema\/logo\/image\/"}}]}},"_links":{"self":[{"href":"https:\/\/librairie7l.com\/en\/wp-json\/wp\/v2\/product\/45174"}],"collection":[{"href":"https:\/\/librairie7l.com\/en\/wp-json\/wp\/v2\/product"}],"about":[{"href":"https:\/\/librairie7l.com\/en\/wp-json\/wp\/v2\/types\/product"}],"wp:featuredmedia":[{"embeddable":true,"href":"https:\/\/librairie7l.com\/en\/wp-json\/wp\/v2\/media\/45172"}],"wp:attachment":[{"href":"https:\/\/librairie7l.com\/en\/wp-json\/wp\/v2\/media?parent=45174"}],"wp:term":[{"taxonomy":"product_cat","embeddable":true,"href":"https:\/\/librairie7l.com\/en\/wp-json\/wp\/v2\/product_cat?post=45174"},{"taxonomy":"product_tag","embeddable":true,"href":"https:\/\/librairie7l.com\/en\/wp-json\/wp\/v2\/product_tag?post=45174"}],"curies":[{"name":"wp","href":"https:\/\/api.w.org\/{rel}","templated":true}]}}