{"id":45202,"date":"2024-12-19T10:16:14","date_gmt":"2024-12-19T09:16:14","guid":{"rendered":"https:\/\/librairie7l.com\/?post_type=product&#038;p=45202"},"modified":"2026-04-21T13:30:06","modified_gmt":"2026-04-21T11:30:06","slug":"leclairage-le-chauffage-et-leau-2","status":"publish","type":"product","link":"https:\/\/librairie7l.com\/en\/produit\/leclairage-le-chauffage-et-leau-2\/","title":{"rendered":"L&#8217;\u00c9CLAIRAGE, LE CHAUFFAGE ET L&#8217;EAU"},"content":{"rendered":"<p>Sp\u00e9cialiste du XVIIe et XVIIIe si\u00e8cles, St\u00e9phane Castelluccio explore dans cet ouvrage l&#8217;usage de l&#8217;\u00e9clairage (lampes \u00e0 huile, chandelles et bougies), du chauffage (bois et charbon), et de l&#8217;eau, dans les int\u00e9rieurs parisiens aux xviie et xviiie si\u00e8cles.<br \/>\nL&#8217;auteur y d\u00e9taille les techniques de fabrication des chandelles et des bougies, les circuits commerciaux qui acheminaient \u00e0 Paris suif, cire, bois, charbons et eau ainsi que leur livraison et leur stockage chez les particuliers.<br \/>\nIl \u00e9tudie \u00e9galement l&#8217;influence du chauffage et de l&#8217;\u00e9clairage dans le d\u00e9cor et l&#8217;ameublement et tous les usage pratiques et quotidiens qui en d\u00e9coulent : niveaux d&#8217;\u00e9clairage au quotidien, ou lors d&#8217;une f\u00eate, horaires d&#8217;allumage, services charg\u00e9s de fournir les bougies \u00e0 la cour et usage symbolique de la lumi\u00e8re chez le roi. Le niveau d&#8217;\u00e9clairage des r\u00e9sidences royales refl\u00e9tant bien une certaine conception de la fonction monarchique.<br \/>\nLa consommation, les co\u00fbts et l&#8217;influence sur la vie sociale sont \u00e9galement abord\u00e9s avec l&#8217;\u00e9vocation des r\u00e8gles de civilit\u00e9 autour de la chemin\u00e9e par exemple, ou bien autour des points de lumi\u00e8re dans les maisons. Pour l&#8217;eau, la mise en place des salles de bains, des lieux \u00e0 l&#8217;anglaise et des glaci\u00e8res est \u00e9galement \u00e9voqu\u00e9e.<br \/>\nL&#8217;\u00e9tude de la mise en oeuvre de l&#8217;\u00e9clairage (mise en place, allumage, mouchage et remplacement), du chauffage (usage des b\u00fbches, feux, \u00e9vacuation des cendres), et de l&#8217;eau (qu\u00eate \u00e0 la fontaine, surveillance des r\u00e9servoirs), montre \u00e0 quel point ces usages domestiques \u00e9tait co\u00fbteux, lourds et contraignants pour l&#8217;ensemble de la soci\u00e9t\u00e9. Ce n&#8217;est qu&#8217;\u00e0 partir des ann\u00e9es 1950 qu&#8217;ils sont devenus disponibles \u00e0 domicile, en abondance et pour un co\u00fbt raisonnable.<br \/>\nL&#8217;ouvrage est organis\u00e9 de fa\u00e7on simple en trois parties : l&#8217;\u00e9clairage, le chauffage et l&#8217;eau.<br \/>\nIl est nourri d&#8217;une documentation in\u00e9dite : archives de la Maison du Roi, inventaires apr\u00e8s d\u00e9c\u00e8s, m\u00e9moires de contemporains, dictionnaires et trait\u00e9s techniques et d&#8217;architecture. Richement illustr\u00e9, l&#8217;ouvrage n&#8217;est pas seulement un livre de r\u00e9f\u00e9rence sur le sujet, mais \u00e9galement un beau livre, \u00e9l\u00e9gant et tr\u00e8s \u00e9vocateur de la fa\u00e7on dont vivaient nos a\u00efeux.<\/p>\n","protected":false},"excerpt":{"rendered":"<p>Sp\u00e9cialiste du XVIIe et XVIIIe si\u00e8cles, St\u00e9phane Castelluccio explore dans cet ouvrage l&#8217;usage de l&#8217;\u00e9clairage (lampes \u00e0 huile, chandelles et bougies), du chauffage (bois et charbon), et de l&#8217;eau, dans les int\u00e9rieurs parisiens aux xviie et xviiie si\u00e8cles. L&#8217;auteur y d\u00e9taille les techniques de fabrication des chandelles et des bougies, les circuits commerciaux qui acheminaient [&hellip;]<\/p>\n","protected":false},"featured_media":45200,"template":"","meta":[],"product_cat":[2948,2953],"product_tag":[],"acf":[],"yoast_head":"<!-- This site is optimized with the Yoast SEO plugin v20.11 - https:\/\/yoast.com\/wordpress\/plugins\/seo\/ -->\n<title>L&#039;\u00e9clairage, le chauffage et l&#039;eau - Librairie 7L<\/title>\n<meta name=\"robots\" content=\"index, follow, max-snippet:-1, max-image-preview:large, max-video-preview:-1\" \/>\n<link rel=\"canonical\" href=\"https:\/\/librairie7l.com\/en\/produit\/leclairage-le-chauffage-et-leau-2\/\" \/>\n<meta property=\"og:locale\" content=\"en_US\" \/>\n<meta property=\"og:type\" content=\"article\" \/>\n<meta property=\"og:title\" content=\"L&#039;\u00e9clairage, le chauffage et l&#039;eau - Librairie 7L\" \/>\n<meta property=\"og:description\" content=\"Sp\u00e9cialiste du XVIIe et XVIIIe si\u00e8cles, St\u00e9phane Castelluccio explore dans cet ouvrage l&#8217;usage de l&#8217;\u00e9clairage (lampes \u00e0 huile, chandelles et bougies), du chauffage (bois et charbon), et de l&#8217;eau, dans les int\u00e9rieurs parisiens aux xviie et xviiie si\u00e8cles. L&#8217;auteur y d\u00e9taille les techniques de fabrication des chandelles et des bougies, les circuits commerciaux qui acheminaient [&hellip;]\" \/>\n<meta property=\"og:url\" content=\"https:\/\/librairie7l.com\/en\/produit\/leclairage-le-chauffage-et-leau-2\/\" \/>\n<meta property=\"og:site_name\" content=\"Librairie 7L\" \/>\n<meta property=\"article:modified_time\" content=\"2026-04-21T11:30:06+00:00\" \/>\n<meta property=\"og:image\" content=\"https:\/\/librairie7l.com\/wp-content\/uploads\/2015\/05\/9782353402298_1_75.jpg\" \/>\n\t<meta property=\"og:image:width\" content=\"600\" \/>\n\t<meta property=\"og:image:height\" content=\"853\" \/>\n\t<meta property=\"og:image:type\" content=\"image\/jpeg\" \/>\n<meta name=\"twitter:card\" content=\"summary_large_image\" \/>\n<meta name=\"twitter:label1\" content=\"Est. reading time\" \/>\n\t<meta name=\"twitter:data1\" content=\"2 minutes\" \/>\n<script type=\"application\/ld+json\" class=\"yoast-schema-graph\">{\"@context\":\"https:\/\/schema.org\",\"@graph\":[{\"@type\":\"WebPage\",\"@id\":\"https:\/\/librairie7l.com\/en\/produit\/leclairage-le-chauffage-et-leau-2\/\",\"url\":\"https:\/\/librairie7l.com\/en\/produit\/leclairage-le-chauffage-et-leau-2\/\",\"name\":\"L'\u00e9clairage, le chauffage et l'eau - Librairie 7L\",\"isPartOf\":{\"@id\":\"https:\/\/librairie7l.com\/en\/#website\"},\"datePublished\":\"2024-12-19T09:16:14+00:00\",\"dateModified\":\"2026-04-21T11:30:06+00:00\",\"breadcrumb\":{\"@id\":\"https:\/\/librairie7l.com\/en\/produit\/leclairage-le-chauffage-et-leau-2\/#breadcrumb\"},\"inLanguage\":\"en-US\",\"potentialAction\":[{\"@type\":\"ReadAction\",\"target\":[\"https:\/\/librairie7l.com\/en\/produit\/leclairage-le-chauffage-et-leau-2\/\"]}]},{\"@type\":\"BreadcrumbList\",\"@id\":\"https:\/\/librairie7l.com\/en\/produit\/leclairage-le-chauffage-et-leau-2\/#breadcrumb\",\"itemListElement\":[{\"@type\":\"ListItem\",\"position\":1,\"name\":\"Accueil\",\"item\":\"https:\/\/librairie7l.com\/en\/\"},{\"@type\":\"ListItem\",\"position\":2,\"name\":\"Shop\",\"item\":\"https:\/\/librairie7l.com\/en\/shop\/\"},{\"@type\":\"ListItem\",\"position\":3,\"name\":\"L&#8217;\u00c9CLAIRAGE, LE CHAUFFAGE ET L&#8217;EAU\"}]},{\"@type\":\"WebSite\",\"@id\":\"https:\/\/librairie7l.com\/en\/#website\",\"url\":\"https:\/\/librairie7l.com\/en\/\",\"name\":\"Librairie 7L\",\"description\":\"Librairie fond\u00e9e en 1999 par Karl Lagerfeld \u00e0 Paris\",\"publisher\":{\"@id\":\"https:\/\/librairie7l.com\/en\/#organization\"},\"potentialAction\":[{\"@type\":\"SearchAction\",\"target\":{\"@type\":\"EntryPoint\",\"urlTemplate\":\"https:\/\/librairie7l.com\/en\/?s={search_term_string}\"},\"query-input\":\"required name=search_term_string\"}],\"inLanguage\":\"en-US\"},{\"@type\":\"Organization\",\"@id\":\"https:\/\/librairie7l.com\/en\/#organization\",\"name\":\"Librairie 7L\",\"url\":\"https:\/\/librairie7l.com\/en\/\",\"logo\":{\"@type\":\"ImageObject\",\"inLanguage\":\"en-US\",\"@id\":\"https:\/\/librairie7l.com\/en\/#\/schema\/logo\/image\/\",\"url\":\"https:\/\/librairie7l.com\/wp-content\/uploads\/2022\/08\/logo-1.png\",\"contentUrl\":\"https:\/\/librairie7l.com\/wp-content\/uploads\/2022\/08\/logo-1.png\",\"width\":227,\"height\":301,\"caption\":\"Librairie 7L\"},\"image\":{\"@id\":\"https:\/\/librairie7l.com\/en\/#\/schema\/logo\/image\/\"}}]}<\/script>\n<!-- \/ Yoast SEO plugin. -->","yoast_head_json":{"title":"L'\u00e9clairage, le chauffage et l'eau - Librairie 7L","robots":{"index":"index","follow":"follow","max-snippet":"max-snippet:-1","max-image-preview":"max-image-preview:large","max-video-preview":"max-video-preview:-1"},"canonical":"https:\/\/librairie7l.com\/en\/produit\/leclairage-le-chauffage-et-leau-2\/","og_locale":"en_US","og_type":"article","og_title":"L'\u00e9clairage, le chauffage et l'eau - Librairie 7L","og_description":"Sp\u00e9cialiste du XVIIe et XVIIIe si\u00e8cles, St\u00e9phane Castelluccio explore dans cet ouvrage l&#8217;usage de l&#8217;\u00e9clairage (lampes \u00e0 huile, chandelles et bougies), du chauffage (bois et charbon), et de l&#8217;eau, dans les int\u00e9rieurs parisiens aux xviie et xviiie si\u00e8cles. L&#8217;auteur y d\u00e9taille les techniques de fabrication des chandelles et des bougies, les circuits commerciaux qui acheminaient [&hellip;]","og_url":"https:\/\/librairie7l.com\/en\/produit\/leclairage-le-chauffage-et-leau-2\/","og_site_name":"Librairie 7L","article_modified_time":"2026-04-21T11:30:06+00:00","og_image":[{"width":600,"height":853,"url":"https:\/\/librairie7l.com\/wp-content\/uploads\/2015\/05\/9782353402298_1_75.jpg","type":"image\/jpeg"}],"twitter_card":"summary_large_image","twitter_misc":{"Est. reading time":"2 minutes"},"schema":{"@context":"https:\/\/schema.org","@graph":[{"@type":"WebPage","@id":"https:\/\/librairie7l.com\/en\/produit\/leclairage-le-chauffage-et-leau-2\/","url":"https:\/\/librairie7l.com\/en\/produit\/leclairage-le-chauffage-et-leau-2\/","name":"L'\u00e9clairage, le chauffage et l'eau - Librairie 7L","isPartOf":{"@id":"https:\/\/librairie7l.com\/en\/#website"},"datePublished":"2024-12-19T09:16:14+00:00","dateModified":"2026-04-21T11:30:06+00:00","breadcrumb":{"@id":"https:\/\/librairie7l.com\/en\/produit\/leclairage-le-chauffage-et-leau-2\/#breadcrumb"},"inLanguage":"en-US","potentialAction":[{"@type":"ReadAction","target":["https:\/\/librairie7l.com\/en\/produit\/leclairage-le-chauffage-et-leau-2\/"]}]},{"@type":"BreadcrumbList","@id":"https:\/\/librairie7l.com\/en\/produit\/leclairage-le-chauffage-et-leau-2\/#breadcrumb","itemListElement":[{"@type":"ListItem","position":1,"name":"Accueil","item":"https:\/\/librairie7l.com\/en\/"},{"@type":"ListItem","position":2,"name":"Shop","item":"https:\/\/librairie7l.com\/en\/shop\/"},{"@type":"ListItem","position":3,"name":"L&#8217;\u00c9CLAIRAGE, LE CHAUFFAGE ET L&#8217;EAU"}]},{"@type":"WebSite","@id":"https:\/\/librairie7l.com\/en\/#website","url":"https:\/\/librairie7l.com\/en\/","name":"Librairie 7L","description":"Librairie fond\u00e9e en 1999 par Karl Lagerfeld \u00e0 Paris","publisher":{"@id":"https:\/\/librairie7l.com\/en\/#organization"},"potentialAction":[{"@type":"SearchAction","target":{"@type":"EntryPoint","urlTemplate":"https:\/\/librairie7l.com\/en\/?s={search_term_string}"},"query-input":"required name=search_term_string"}],"inLanguage":"en-US"},{"@type":"Organization","@id":"https:\/\/librairie7l.com\/en\/#organization","name":"Librairie 7L","url":"https:\/\/librairie7l.com\/en\/","logo":{"@type":"ImageObject","inLanguage":"en-US","@id":"https:\/\/librairie7l.com\/en\/#\/schema\/logo\/image\/","url":"https:\/\/librairie7l.com\/wp-content\/uploads\/2022\/08\/logo-1.png","contentUrl":"https:\/\/librairie7l.com\/wp-content\/uploads\/2022\/08\/logo-1.png","width":227,"height":301,"caption":"Librairie 7L"},"image":{"@id":"https:\/\/librairie7l.com\/en\/#\/schema\/logo\/image\/"}}]}},"_links":{"self":[{"href":"https:\/\/librairie7l.com\/en\/wp-json\/wp\/v2\/product\/45202"}],"collection":[{"href":"https:\/\/librairie7l.com\/en\/wp-json\/wp\/v2\/product"}],"about":[{"href":"https:\/\/librairie7l.com\/en\/wp-json\/wp\/v2\/types\/product"}],"wp:featuredmedia":[{"embeddable":true,"href":"https:\/\/librairie7l.com\/en\/wp-json\/wp\/v2\/media\/45200"}],"wp:attachment":[{"href":"https:\/\/librairie7l.com\/en\/wp-json\/wp\/v2\/media?parent=45202"}],"wp:term":[{"taxonomy":"product_cat","embeddable":true,"href":"https:\/\/librairie7l.com\/en\/wp-json\/wp\/v2\/product_cat?post=45202"},{"taxonomy":"product_tag","embeddable":true,"href":"https:\/\/librairie7l.com\/en\/wp-json\/wp\/v2\/product_tag?post=45202"}],"curies":[{"name":"wp","href":"https:\/\/api.w.org\/{rel}","templated":true}]}}