{"id":45206,"date":"2024-12-19T10:16:17","date_gmt":"2024-12-19T09:16:17","guid":{"rendered":"https:\/\/librairie7l.com\/?post_type=product&#038;p=45206"},"modified":"2026-04-05T19:06:54","modified_gmt":"2026-04-05T17:06:54","slug":"le-moniteur-eclairage-des-espaces-publics-projet-installation-maintenance-c-edition-2018-2","status":"publish","type":"product","link":"https:\/\/librairie7l.com\/en\/produit\/le-moniteur-eclairage-des-espaces-publics-projet-installation-maintenance-c-edition-2018-2\/","title":{"rendered":"LE MONITEUR ; \u00c9CLAIRAGE DES ESPACES PUBLICS ; PROJET, INSTALLATION, MAINTENANCE, C (\u00c9DITION 2018)"},"content":{"rendered":"<p>Domaine en pleine mutation technologique, l&#8217;\u00e9clairage ext\u00e9rieur doit s&#8217;adapter \u00e0 un cadre politique imposant le respect de nouveaux enjeux environnementaux et \u00e9nerg\u00e9tiques. Tout en ma\u00eetrisant les crit\u00e8res \u00e9conomiques li\u00e9s au co\u00fbt global, les collectivit\u00e9s doivent installer des \u00e9quipements performants et assurer la s\u00e9curit\u00e9 des installations.<br \/>\nCe guide offre une synth\u00e8se de toutes les dispositions constructives relatives aux installations d&#8217;\u00e9clairage ext\u00e9rieur.<br \/>\n&#8211; Il expose les contraintes du cadre r\u00e9glementaire et juridique d&#8217;une installation.<br \/>\n&#8211; Il d\u00e9taille les principes et les techniques d&#8217;\u00e9clairage pour chaque type d&#8217;installation : voirie, tunnels et points sp\u00e9ciaux, mise en lumi\u00e8re des paysages et des b\u00e2timents.<br \/>\n&#8211; Il analyse les composants d&#8217;une installation : supports, fondations, armoires de commande, luminaires (sources LED, auxiliaires d&#8217;alimentation), mat\u00e9riels \u00e9lectriques.<br \/>\n&#8211; Il explique les \u00e9tapes de conception d&#8217;un projet, depuis les \u00e9tudes photom\u00e9triques jusqu&#8217;aux v\u00e9rifications r\u00e9glementaires.<br \/>\n&#8211; Il pr\u00e9cise les op\u00e9rations de contr\u00f4le et de maintenance indispensables pour assurer les performances \u00e9nerg\u00e9tiques attendues et la ma\u00eetrise des co\u00fbts.<br \/>\nCette deuxi\u00e8me \u00e9dition tient compte de la parution de l&#8217;arr\u00eat\u00e9 du 27 d\u00e9cembre 2018 relatif \u00e0 la pr\u00e9vention, \u00e0 la r\u00e9duction et \u00e0 la limitation des nuisances lumineuses. Il aborde ainsi les probl\u00e9matiques li\u00e9es aux nuisances lumineuses, mais aussi les nouveaux enjeux que constituent la mise en place des protocoles de communication qui permettent de mutualiser les installations et la ville intelligente ou Smart City.<br \/>\nCe manuel pratique est destin\u00e9 aux ma\u00eetres d&#8217;ouvrage, chefs de projet, \u00e9lus locaux et services techniques des collectivit\u00e9s, et aux ma\u00eetres d&#8217;oeuvre, ing\u00e9nieurs, architectes, bureaux d&#8217;\u00e9tudes.<\/p>\n","protected":false},"excerpt":{"rendered":"<p>Domaine en pleine mutation technologique, l&#8217;\u00e9clairage ext\u00e9rieur doit s&#8217;adapter \u00e0 un cadre politique imposant le respect de nouveaux enjeux environnementaux et \u00e9nerg\u00e9tiques. Tout en ma\u00eetrisant les crit\u00e8res \u00e9conomiques li\u00e9s au co\u00fbt global, les collectivit\u00e9s doivent installer des \u00e9quipements performants et assurer la s\u00e9curit\u00e9 des installations. Ce guide offre une synth\u00e8se de toutes les dispositions constructives [&hellip;]<\/p>\n","protected":false},"featured_media":45204,"template":"","meta":[],"product_cat":[2948,2950],"product_tag":[],"acf":[],"yoast_head":"<!-- This site is optimized with the Yoast SEO plugin v20.11 - https:\/\/yoast.com\/wordpress\/plugins\/seo\/ -->\n<title>Le moniteur ; \u00e9clairage des espaces publics ; projet, installation, maintenance, c (\u00e9dition 2018) - Librairie 7L<\/title>\n<meta name=\"robots\" content=\"index, follow, max-snippet:-1, max-image-preview:large, max-video-preview:-1\" \/>\n<link rel=\"canonical\" href=\"https:\/\/librairie7l.com\/en\/produit\/le-moniteur-eclairage-des-espaces-publics-projet-installation-maintenance-c-edition-2018-2\/\" \/>\n<meta property=\"og:locale\" content=\"en_US\" \/>\n<meta property=\"og:type\" content=\"article\" \/>\n<meta property=\"og:title\" content=\"Le moniteur ; \u00e9clairage des espaces publics ; projet, installation, maintenance, c (\u00e9dition 2018) - Librairie 7L\" \/>\n<meta property=\"og:description\" content=\"Domaine en pleine mutation technologique, l&#8217;\u00e9clairage ext\u00e9rieur doit s&#8217;adapter \u00e0 un cadre politique imposant le respect de nouveaux enjeux environnementaux et \u00e9nerg\u00e9tiques. Tout en ma\u00eetrisant les crit\u00e8res \u00e9conomiques li\u00e9s au co\u00fbt global, les collectivit\u00e9s doivent installer des \u00e9quipements performants et assurer la s\u00e9curit\u00e9 des installations. Ce guide offre une synth\u00e8se de toutes les dispositions constructives [&hellip;]\" \/>\n<meta property=\"og:url\" content=\"https:\/\/librairie7l.com\/en\/produit\/le-moniteur-eclairage-des-espaces-publics-projet-installation-maintenance-c-edition-2018-2\/\" \/>\n<meta property=\"og:site_name\" content=\"Librairie 7L\" \/>\n<meta property=\"article:modified_time\" content=\"2026-04-05T17:06:54+00:00\" \/>\n<meta property=\"og:image\" content=\"https:\/\/librairie7l.com\/wp-content\/uploads\/2019\/02\/9782281143058_1_75.jpg\" \/>\n\t<meta property=\"og:image:width\" content=\"600\" \/>\n\t<meta property=\"og:image:height\" content=\"830\" \/>\n\t<meta property=\"og:image:type\" content=\"image\/jpeg\" \/>\n<meta name=\"twitter:card\" content=\"summary_large_image\" \/>\n<meta name=\"twitter:label1\" content=\"Est. reading time\" \/>\n\t<meta name=\"twitter:data1\" content=\"1 minute\" \/>\n<script type=\"application\/ld+json\" class=\"yoast-schema-graph\">{\"@context\":\"https:\/\/schema.org\",\"@graph\":[{\"@type\":\"WebPage\",\"@id\":\"https:\/\/librairie7l.com\/en\/produit\/le-moniteur-eclairage-des-espaces-publics-projet-installation-maintenance-c-edition-2018-2\/\",\"url\":\"https:\/\/librairie7l.com\/en\/produit\/le-moniteur-eclairage-des-espaces-publics-projet-installation-maintenance-c-edition-2018-2\/\",\"name\":\"Le moniteur ; \u00e9clairage des espaces publics ; projet, installation, maintenance, c (\u00e9dition 2018) - Librairie 7L\",\"isPartOf\":{\"@id\":\"https:\/\/librairie7l.com\/en\/#website\"},\"datePublished\":\"2024-12-19T09:16:17+00:00\",\"dateModified\":\"2026-04-05T17:06:54+00:00\",\"breadcrumb\":{\"@id\":\"https:\/\/librairie7l.com\/en\/produit\/le-moniteur-eclairage-des-espaces-publics-projet-installation-maintenance-c-edition-2018-2\/#breadcrumb\"},\"inLanguage\":\"en-US\",\"potentialAction\":[{\"@type\":\"ReadAction\",\"target\":[\"https:\/\/librairie7l.com\/en\/produit\/le-moniteur-eclairage-des-espaces-publics-projet-installation-maintenance-c-edition-2018-2\/\"]}]},{\"@type\":\"BreadcrumbList\",\"@id\":\"https:\/\/librairie7l.com\/en\/produit\/le-moniteur-eclairage-des-espaces-publics-projet-installation-maintenance-c-edition-2018-2\/#breadcrumb\",\"itemListElement\":[{\"@type\":\"ListItem\",\"position\":1,\"name\":\"Accueil\",\"item\":\"https:\/\/librairie7l.com\/en\/\"},{\"@type\":\"ListItem\",\"position\":2,\"name\":\"Shop\",\"item\":\"https:\/\/librairie7l.com\/en\/shop\/\"},{\"@type\":\"ListItem\",\"position\":3,\"name\":\"LE MONITEUR ; \u00c9CLAIRAGE DES ESPACES PUBLICS ; PROJET, INSTALLATION, MAINTENANCE, C (\u00c9DITION 2018)\"}]},{\"@type\":\"WebSite\",\"@id\":\"https:\/\/librairie7l.com\/en\/#website\",\"url\":\"https:\/\/librairie7l.com\/en\/\",\"name\":\"Librairie 7L\",\"description\":\"Librairie fond\u00e9e en 1999 par Karl Lagerfeld \u00e0 Paris\",\"publisher\":{\"@id\":\"https:\/\/librairie7l.com\/en\/#organization\"},\"potentialAction\":[{\"@type\":\"SearchAction\",\"target\":{\"@type\":\"EntryPoint\",\"urlTemplate\":\"https:\/\/librairie7l.com\/en\/?s={search_term_string}\"},\"query-input\":\"required name=search_term_string\"}],\"inLanguage\":\"en-US\"},{\"@type\":\"Organization\",\"@id\":\"https:\/\/librairie7l.com\/en\/#organization\",\"name\":\"Librairie 7L\",\"url\":\"https:\/\/librairie7l.com\/en\/\",\"logo\":{\"@type\":\"ImageObject\",\"inLanguage\":\"en-US\",\"@id\":\"https:\/\/librairie7l.com\/en\/#\/schema\/logo\/image\/\",\"url\":\"https:\/\/librairie7l.com\/wp-content\/uploads\/2022\/08\/logo-1.png\",\"contentUrl\":\"https:\/\/librairie7l.com\/wp-content\/uploads\/2022\/08\/logo-1.png\",\"width\":227,\"height\":301,\"caption\":\"Librairie 7L\"},\"image\":{\"@id\":\"https:\/\/librairie7l.com\/en\/#\/schema\/logo\/image\/\"}}]}<\/script>\n<!-- \/ Yoast SEO plugin. -->","yoast_head_json":{"title":"Le moniteur ; \u00e9clairage des espaces publics ; projet, installation, maintenance, c (\u00e9dition 2018) - Librairie 7L","robots":{"index":"index","follow":"follow","max-snippet":"max-snippet:-1","max-image-preview":"max-image-preview:large","max-video-preview":"max-video-preview:-1"},"canonical":"https:\/\/librairie7l.com\/en\/produit\/le-moniteur-eclairage-des-espaces-publics-projet-installation-maintenance-c-edition-2018-2\/","og_locale":"en_US","og_type":"article","og_title":"Le moniteur ; \u00e9clairage des espaces publics ; projet, installation, maintenance, c (\u00e9dition 2018) - Librairie 7L","og_description":"Domaine en pleine mutation technologique, l&#8217;\u00e9clairage ext\u00e9rieur doit s&#8217;adapter \u00e0 un cadre politique imposant le respect de nouveaux enjeux environnementaux et \u00e9nerg\u00e9tiques. Tout en ma\u00eetrisant les crit\u00e8res \u00e9conomiques li\u00e9s au co\u00fbt global, les collectivit\u00e9s doivent installer des \u00e9quipements performants et assurer la s\u00e9curit\u00e9 des installations. Ce guide offre une synth\u00e8se de toutes les dispositions constructives [&hellip;]","og_url":"https:\/\/librairie7l.com\/en\/produit\/le-moniteur-eclairage-des-espaces-publics-projet-installation-maintenance-c-edition-2018-2\/","og_site_name":"Librairie 7L","article_modified_time":"2026-04-05T17:06:54+00:00","og_image":[{"width":600,"height":830,"url":"https:\/\/librairie7l.com\/wp-content\/uploads\/2019\/02\/9782281143058_1_75.jpg","type":"image\/jpeg"}],"twitter_card":"summary_large_image","twitter_misc":{"Est. reading time":"1 minute"},"schema":{"@context":"https:\/\/schema.org","@graph":[{"@type":"WebPage","@id":"https:\/\/librairie7l.com\/en\/produit\/le-moniteur-eclairage-des-espaces-publics-projet-installation-maintenance-c-edition-2018-2\/","url":"https:\/\/librairie7l.com\/en\/produit\/le-moniteur-eclairage-des-espaces-publics-projet-installation-maintenance-c-edition-2018-2\/","name":"Le moniteur ; \u00e9clairage des espaces publics ; projet, installation, maintenance, c (\u00e9dition 2018) - Librairie 7L","isPartOf":{"@id":"https:\/\/librairie7l.com\/en\/#website"},"datePublished":"2024-12-19T09:16:17+00:00","dateModified":"2026-04-05T17:06:54+00:00","breadcrumb":{"@id":"https:\/\/librairie7l.com\/en\/produit\/le-moniteur-eclairage-des-espaces-publics-projet-installation-maintenance-c-edition-2018-2\/#breadcrumb"},"inLanguage":"en-US","potentialAction":[{"@type":"ReadAction","target":["https:\/\/librairie7l.com\/en\/produit\/le-moniteur-eclairage-des-espaces-publics-projet-installation-maintenance-c-edition-2018-2\/"]}]},{"@type":"BreadcrumbList","@id":"https:\/\/librairie7l.com\/en\/produit\/le-moniteur-eclairage-des-espaces-publics-projet-installation-maintenance-c-edition-2018-2\/#breadcrumb","itemListElement":[{"@type":"ListItem","position":1,"name":"Accueil","item":"https:\/\/librairie7l.com\/en\/"},{"@type":"ListItem","position":2,"name":"Shop","item":"https:\/\/librairie7l.com\/en\/shop\/"},{"@type":"ListItem","position":3,"name":"LE MONITEUR ; \u00c9CLAIRAGE DES ESPACES PUBLICS ; PROJET, INSTALLATION, MAINTENANCE, C (\u00c9DITION 2018)"}]},{"@type":"WebSite","@id":"https:\/\/librairie7l.com\/en\/#website","url":"https:\/\/librairie7l.com\/en\/","name":"Librairie 7L","description":"Librairie fond\u00e9e en 1999 par Karl Lagerfeld \u00e0 Paris","publisher":{"@id":"https:\/\/librairie7l.com\/en\/#organization"},"potentialAction":[{"@type":"SearchAction","target":{"@type":"EntryPoint","urlTemplate":"https:\/\/librairie7l.com\/en\/?s={search_term_string}"},"query-input":"required name=search_term_string"}],"inLanguage":"en-US"},{"@type":"Organization","@id":"https:\/\/librairie7l.com\/en\/#organization","name":"Librairie 7L","url":"https:\/\/librairie7l.com\/en\/","logo":{"@type":"ImageObject","inLanguage":"en-US","@id":"https:\/\/librairie7l.com\/en\/#\/schema\/logo\/image\/","url":"https:\/\/librairie7l.com\/wp-content\/uploads\/2022\/08\/logo-1.png","contentUrl":"https:\/\/librairie7l.com\/wp-content\/uploads\/2022\/08\/logo-1.png","width":227,"height":301,"caption":"Librairie 7L"},"image":{"@id":"https:\/\/librairie7l.com\/en\/#\/schema\/logo\/image\/"}}]}},"_links":{"self":[{"href":"https:\/\/librairie7l.com\/en\/wp-json\/wp\/v2\/product\/45206"}],"collection":[{"href":"https:\/\/librairie7l.com\/en\/wp-json\/wp\/v2\/product"}],"about":[{"href":"https:\/\/librairie7l.com\/en\/wp-json\/wp\/v2\/types\/product"}],"wp:featuredmedia":[{"embeddable":true,"href":"https:\/\/librairie7l.com\/en\/wp-json\/wp\/v2\/media\/45204"}],"wp:attachment":[{"href":"https:\/\/librairie7l.com\/en\/wp-json\/wp\/v2\/media?parent=45206"}],"wp:term":[{"taxonomy":"product_cat","embeddable":true,"href":"https:\/\/librairie7l.com\/en\/wp-json\/wp\/v2\/product_cat?post=45206"},{"taxonomy":"product_tag","embeddable":true,"href":"https:\/\/librairie7l.com\/en\/wp-json\/wp\/v2\/product_tag?post=45206"}],"curies":[{"name":"wp","href":"https:\/\/api.w.org\/{rel}","templated":true}]}}