{"id":45210,"date":"2024-12-19T14:24:35","date_gmt":"2024-12-19T13:24:35","guid":{"rendered":"https:\/\/librairie7l.com\/?post_type=product&#038;p=45210"},"modified":"2026-04-17T10:05:57","modified_gmt":"2026-04-17T08:05:57","slug":"spiritualite-2-0-les-posts-magiques-de-la-douce-pythie-une-exploration-ludique-et-inspirante-de-la-spiritualite-daujourdhui-2","status":"publish","type":"product","link":"https:\/\/librairie7l.com\/en\/produit\/spiritualite-2-0-les-posts-magiques-de-la-douce-pythie-une-exploration-ludique-et-inspirante-de-la-spiritualite-daujourdhui-2\/","title":{"rendered":"SPIRITUALIT\u00c9 2.0, LES POSTS MAGIQUES DE LA DOUCE PYTHIE : UNE EXPLORATION LUDIQUE ET INSPIRANTE DE LA SPIRITUALIT\u00c9 D&#8217;AUJOURD&#8217;HUI"},"content":{"rendered":"<p>Un livre illustr\u00e9 des meilleurs posts Instagram de La douce Pythie pour d\u00e9couvrir les tr\u00e9sors de la spiritualit\u00e9 autrement !<br \/>\nSalut \u00e0 toi, explorateur de l&#8217;invisible ! Ce manuel est ton compagnon de voyage. Feuillette-le selon ton humeur, choisis les chapitres au gr\u00e9 de tes envies, ou plonge-toi dans l&#8217;index pour \u00e9claircir tes interrogations. Au fil des pages&#8230;<\/p>\n<p>D\u00e9couvre la joie de l&#8217;exploration spirituelle : prends une dose quotidienne d&#8217;enseignements et de pratiques \u00e0 haut potentiel de transformation positive.<br \/>\n\u00c9veille ta curiosit\u00e9 : oublie les guides traditionnels ennuyeux ! Que tu sois novice ou explorateur chevronn\u00e9, tu vas d\u00e9couvrir les merveilles de la spiritualit\u00e9 de mani\u00e8re ludique et accessible.<br \/>\nApprends en t&#8217;amusant : gr\u00e2ce \u00e0 des illustrations inspirantes et des conseils pratiques, ta qu\u00eate spirituelle peut \u00eatre un chemin pav\u00e9 de joie, de rires et de d\u00e9couvertes, adapt\u00e9 \u00e0 ton rythme.<br \/>\nTransforme ta vie : pr\u00e9pare-toi \u00e0 vivre une exp\u00e9rience unique pour apporter de la magie et de la spiritualit\u00e9 sur le chemin de ton \u00e9volution personnelle.<\/p>\n","protected":false},"excerpt":{"rendered":"<p>Un livre illustr\u00e9 des meilleurs posts Instagram de La douce Pythie pour d\u00e9couvrir les tr\u00e9sors de la spiritualit\u00e9 autrement ! Salut \u00e0 toi, explorateur de l&#8217;invisible ! Ce manuel est ton compagnon de voyage. Feuillette-le selon ton humeur, choisis les chapitres au gr\u00e9 de tes envies, ou plonge-toi dans l&#8217;index pour \u00e9claircir tes interrogations. Au [&hellip;]<\/p>\n","protected":false},"featured_media":45208,"template":"","meta":[],"product_cat":[7364,2948],"product_tag":[],"acf":[],"yoast_head":"<!-- This site is optimized with the Yoast SEO plugin v20.11 - https:\/\/yoast.com\/wordpress\/plugins\/seo\/ -->\n<title>Spiritualit\u00e9 2.0, Les posts magiques de La Douce Pythie : Une exploration ludique et inspirante de la spiritualit\u00e9 d&#039;aujourd&#039;hui - Librairie 7L<\/title>\n<meta name=\"robots\" content=\"index, follow, max-snippet:-1, max-image-preview:large, max-video-preview:-1\" \/>\n<link rel=\"canonical\" href=\"https:\/\/librairie7l.com\/en\/produit\/spiritualite-2-0-les-posts-magiques-de-la-douce-pythie-une-exploration-ludique-et-inspirante-de-la-spiritualite-daujourdhui-2\/\" \/>\n<meta property=\"og:locale\" content=\"en_US\" \/>\n<meta property=\"og:type\" content=\"article\" \/>\n<meta property=\"og:title\" content=\"Spiritualit\u00e9 2.0, Les posts magiques de La Douce Pythie : Une exploration ludique et inspirante de la spiritualit\u00e9 d&#039;aujourd&#039;hui - Librairie 7L\" \/>\n<meta property=\"og:description\" content=\"Un livre illustr\u00e9 des meilleurs posts Instagram de La douce Pythie pour d\u00e9couvrir les tr\u00e9sors de la spiritualit\u00e9 autrement ! Salut \u00e0 toi, explorateur de l&#8217;invisible ! Ce manuel est ton compagnon de voyage. Feuillette-le selon ton humeur, choisis les chapitres au gr\u00e9 de tes envies, ou plonge-toi dans l&#8217;index pour \u00e9claircir tes interrogations. Au [&hellip;]\" \/>\n<meta property=\"og:url\" content=\"https:\/\/librairie7l.com\/en\/produit\/spiritualite-2-0-les-posts-magiques-de-la-douce-pythie-une-exploration-ludique-et-inspirante-de-la-spiritualite-daujourdhui-2\/\" \/>\n<meta property=\"og:site_name\" content=\"Librairie 7L\" \/>\n<meta property=\"article:modified_time\" content=\"2026-04-17T08:05:57+00:00\" \/>\n<meta property=\"og:image\" content=\"https:\/\/librairie7l.com\/wp-content\/uploads\/2024\/02\/9782361888039_1_75.jpg\" \/>\n\t<meta property=\"og:image:width\" content=\"600\" \/>\n\t<meta property=\"og:image:height\" content=\"780\" \/>\n\t<meta property=\"og:image:type\" content=\"image\/jpeg\" \/>\n<meta name=\"twitter:card\" content=\"summary_large_image\" \/>\n<meta name=\"twitter:label1\" content=\"Est. reading time\" \/>\n\t<meta name=\"twitter:data1\" content=\"1 minute\" \/>\n<script type=\"application\/ld+json\" class=\"yoast-schema-graph\">{\"@context\":\"https:\/\/schema.org\",\"@graph\":[{\"@type\":\"WebPage\",\"@id\":\"https:\/\/librairie7l.com\/en\/produit\/spiritualite-2-0-les-posts-magiques-de-la-douce-pythie-une-exploration-ludique-et-inspirante-de-la-spiritualite-daujourdhui-2\/\",\"url\":\"https:\/\/librairie7l.com\/en\/produit\/spiritualite-2-0-les-posts-magiques-de-la-douce-pythie-une-exploration-ludique-et-inspirante-de-la-spiritualite-daujourdhui-2\/\",\"name\":\"Spiritualit\u00e9 2.0, Les posts magiques de La Douce Pythie : Une exploration ludique et inspirante de la spiritualit\u00e9 d'aujourd'hui - Librairie 7L\",\"isPartOf\":{\"@id\":\"https:\/\/librairie7l.com\/en\/#website\"},\"datePublished\":\"2024-12-19T13:24:35+00:00\",\"dateModified\":\"2026-04-17T08:05:57+00:00\",\"breadcrumb\":{\"@id\":\"https:\/\/librairie7l.com\/en\/produit\/spiritualite-2-0-les-posts-magiques-de-la-douce-pythie-une-exploration-ludique-et-inspirante-de-la-spiritualite-daujourdhui-2\/#breadcrumb\"},\"inLanguage\":\"en-US\",\"potentialAction\":[{\"@type\":\"ReadAction\",\"target\":[\"https:\/\/librairie7l.com\/en\/produit\/spiritualite-2-0-les-posts-magiques-de-la-douce-pythie-une-exploration-ludique-et-inspirante-de-la-spiritualite-daujourdhui-2\/\"]}]},{\"@type\":\"BreadcrumbList\",\"@id\":\"https:\/\/librairie7l.com\/en\/produit\/spiritualite-2-0-les-posts-magiques-de-la-douce-pythie-une-exploration-ludique-et-inspirante-de-la-spiritualite-daujourdhui-2\/#breadcrumb\",\"itemListElement\":[{\"@type\":\"ListItem\",\"position\":1,\"name\":\"Accueil\",\"item\":\"https:\/\/librairie7l.com\/en\/\"},{\"@type\":\"ListItem\",\"position\":2,\"name\":\"Shop\",\"item\":\"https:\/\/librairie7l.com\/en\/shop\/\"},{\"@type\":\"ListItem\",\"position\":3,\"name\":\"SPIRITUALIT\u00c9 2.0, LES POSTS MAGIQUES DE LA DOUCE PYTHIE : UNE EXPLORATION LUDIQUE ET INSPIRANTE DE LA SPIRITUALIT\u00c9 D&#8217;AUJOURD&#8217;HUI\"}]},{\"@type\":\"WebSite\",\"@id\":\"https:\/\/librairie7l.com\/en\/#website\",\"url\":\"https:\/\/librairie7l.com\/en\/\",\"name\":\"Librairie 7L\",\"description\":\"Librairie fond\u00e9e en 1999 par Karl Lagerfeld \u00e0 Paris\",\"publisher\":{\"@id\":\"https:\/\/librairie7l.com\/en\/#organization\"},\"potentialAction\":[{\"@type\":\"SearchAction\",\"target\":{\"@type\":\"EntryPoint\",\"urlTemplate\":\"https:\/\/librairie7l.com\/en\/?s={search_term_string}\"},\"query-input\":\"required name=search_term_string\"}],\"inLanguage\":\"en-US\"},{\"@type\":\"Organization\",\"@id\":\"https:\/\/librairie7l.com\/en\/#organization\",\"name\":\"Librairie 7L\",\"url\":\"https:\/\/librairie7l.com\/en\/\",\"logo\":{\"@type\":\"ImageObject\",\"inLanguage\":\"en-US\",\"@id\":\"https:\/\/librairie7l.com\/en\/#\/schema\/logo\/image\/\",\"url\":\"https:\/\/librairie7l.com\/wp-content\/uploads\/2022\/08\/logo-1.png\",\"contentUrl\":\"https:\/\/librairie7l.com\/wp-content\/uploads\/2022\/08\/logo-1.png\",\"width\":227,\"height\":301,\"caption\":\"Librairie 7L\"},\"image\":{\"@id\":\"https:\/\/librairie7l.com\/en\/#\/schema\/logo\/image\/\"}}]}<\/script>\n<!-- \/ Yoast SEO plugin. -->","yoast_head_json":{"title":"Spiritualit\u00e9 2.0, Les posts magiques de La Douce Pythie : Une exploration ludique et inspirante de la spiritualit\u00e9 d'aujourd'hui - Librairie 7L","robots":{"index":"index","follow":"follow","max-snippet":"max-snippet:-1","max-image-preview":"max-image-preview:large","max-video-preview":"max-video-preview:-1"},"canonical":"https:\/\/librairie7l.com\/en\/produit\/spiritualite-2-0-les-posts-magiques-de-la-douce-pythie-une-exploration-ludique-et-inspirante-de-la-spiritualite-daujourdhui-2\/","og_locale":"en_US","og_type":"article","og_title":"Spiritualit\u00e9 2.0, Les posts magiques de La Douce Pythie : Une exploration ludique et inspirante de la spiritualit\u00e9 d'aujourd'hui - Librairie 7L","og_description":"Un livre illustr\u00e9 des meilleurs posts Instagram de La douce Pythie pour d\u00e9couvrir les tr\u00e9sors de la spiritualit\u00e9 autrement ! Salut \u00e0 toi, explorateur de l&#8217;invisible ! Ce manuel est ton compagnon de voyage. Feuillette-le selon ton humeur, choisis les chapitres au gr\u00e9 de tes envies, ou plonge-toi dans l&#8217;index pour \u00e9claircir tes interrogations. Au [&hellip;]","og_url":"https:\/\/librairie7l.com\/en\/produit\/spiritualite-2-0-les-posts-magiques-de-la-douce-pythie-une-exploration-ludique-et-inspirante-de-la-spiritualite-daujourdhui-2\/","og_site_name":"Librairie 7L","article_modified_time":"2026-04-17T08:05:57+00:00","og_image":[{"width":600,"height":780,"url":"https:\/\/librairie7l.com\/wp-content\/uploads\/2024\/02\/9782361888039_1_75.jpg","type":"image\/jpeg"}],"twitter_card":"summary_large_image","twitter_misc":{"Est. reading time":"1 minute"},"schema":{"@context":"https:\/\/schema.org","@graph":[{"@type":"WebPage","@id":"https:\/\/librairie7l.com\/en\/produit\/spiritualite-2-0-les-posts-magiques-de-la-douce-pythie-une-exploration-ludique-et-inspirante-de-la-spiritualite-daujourdhui-2\/","url":"https:\/\/librairie7l.com\/en\/produit\/spiritualite-2-0-les-posts-magiques-de-la-douce-pythie-une-exploration-ludique-et-inspirante-de-la-spiritualite-daujourdhui-2\/","name":"Spiritualit\u00e9 2.0, Les posts magiques de La Douce Pythie : Une exploration ludique et inspirante de la spiritualit\u00e9 d'aujourd'hui - Librairie 7L","isPartOf":{"@id":"https:\/\/librairie7l.com\/en\/#website"},"datePublished":"2024-12-19T13:24:35+00:00","dateModified":"2026-04-17T08:05:57+00:00","breadcrumb":{"@id":"https:\/\/librairie7l.com\/en\/produit\/spiritualite-2-0-les-posts-magiques-de-la-douce-pythie-une-exploration-ludique-et-inspirante-de-la-spiritualite-daujourdhui-2\/#breadcrumb"},"inLanguage":"en-US","potentialAction":[{"@type":"ReadAction","target":["https:\/\/librairie7l.com\/en\/produit\/spiritualite-2-0-les-posts-magiques-de-la-douce-pythie-une-exploration-ludique-et-inspirante-de-la-spiritualite-daujourdhui-2\/"]}]},{"@type":"BreadcrumbList","@id":"https:\/\/librairie7l.com\/en\/produit\/spiritualite-2-0-les-posts-magiques-de-la-douce-pythie-une-exploration-ludique-et-inspirante-de-la-spiritualite-daujourdhui-2\/#breadcrumb","itemListElement":[{"@type":"ListItem","position":1,"name":"Accueil","item":"https:\/\/librairie7l.com\/en\/"},{"@type":"ListItem","position":2,"name":"Shop","item":"https:\/\/librairie7l.com\/en\/shop\/"},{"@type":"ListItem","position":3,"name":"SPIRITUALIT\u00c9 2.0, LES POSTS MAGIQUES DE LA DOUCE PYTHIE : UNE EXPLORATION LUDIQUE ET INSPIRANTE DE LA SPIRITUALIT\u00c9 D&#8217;AUJOURD&#8217;HUI"}]},{"@type":"WebSite","@id":"https:\/\/librairie7l.com\/en\/#website","url":"https:\/\/librairie7l.com\/en\/","name":"Librairie 7L","description":"Librairie fond\u00e9e en 1999 par Karl Lagerfeld \u00e0 Paris","publisher":{"@id":"https:\/\/librairie7l.com\/en\/#organization"},"potentialAction":[{"@type":"SearchAction","target":{"@type":"EntryPoint","urlTemplate":"https:\/\/librairie7l.com\/en\/?s={search_term_string}"},"query-input":"required name=search_term_string"}],"inLanguage":"en-US"},{"@type":"Organization","@id":"https:\/\/librairie7l.com\/en\/#organization","name":"Librairie 7L","url":"https:\/\/librairie7l.com\/en\/","logo":{"@type":"ImageObject","inLanguage":"en-US","@id":"https:\/\/librairie7l.com\/en\/#\/schema\/logo\/image\/","url":"https:\/\/librairie7l.com\/wp-content\/uploads\/2022\/08\/logo-1.png","contentUrl":"https:\/\/librairie7l.com\/wp-content\/uploads\/2022\/08\/logo-1.png","width":227,"height":301,"caption":"Librairie 7L"},"image":{"@id":"https:\/\/librairie7l.com\/en\/#\/schema\/logo\/image\/"}}]}},"_links":{"self":[{"href":"https:\/\/librairie7l.com\/en\/wp-json\/wp\/v2\/product\/45210"}],"collection":[{"href":"https:\/\/librairie7l.com\/en\/wp-json\/wp\/v2\/product"}],"about":[{"href":"https:\/\/librairie7l.com\/en\/wp-json\/wp\/v2\/types\/product"}],"wp:featuredmedia":[{"embeddable":true,"href":"https:\/\/librairie7l.com\/en\/wp-json\/wp\/v2\/media\/45208"}],"wp:attachment":[{"href":"https:\/\/librairie7l.com\/en\/wp-json\/wp\/v2\/media?parent=45210"}],"wp:term":[{"taxonomy":"product_cat","embeddable":true,"href":"https:\/\/librairie7l.com\/en\/wp-json\/wp\/v2\/product_cat?post=45210"},{"taxonomy":"product_tag","embeddable":true,"href":"https:\/\/librairie7l.com\/en\/wp-json\/wp\/v2\/product_tag?post=45210"}],"curies":[{"name":"wp","href":"https:\/\/api.w.org\/{rel}","templated":true}]}}