{"id":45215,"date":"2024-12-20T09:17:45","date_gmt":"2024-12-20T08:17:45","guid":{"rendered":"https:\/\/librairie7l.com\/?post_type=product&#038;p=45215"},"modified":"2026-04-21T14:04:32","modified_gmt":"2026-04-21T12:04:32","slug":"lexique-de-leclairage-professionnel-professional-lighting-lexicon-2","status":"publish","type":"product","link":"https:\/\/librairie7l.com\/en\/produit\/lexique-de-leclairage-professionnel-professional-lighting-lexicon-2\/","title":{"rendered":"LEXIQUE DE L&#8217;\u00c9CLAIRAGE PROFESSIONNEL ; PROFESSIONAL LIGHTING LEXICON"},"content":{"rendered":"<p>Comment parler de la lumi\u00e8re en fran\u00e7ais et en anglais ? Conception lumi\u00e8re, \u00e9clairagisme, architecture, urbanisme, design, production, marketing, vente et environnement. Le lexique pr\u00e9sente la traduction de 1400 termes utilis\u00e9s par les professionnels de l&#8217;\u00e9clairage. Ce guide pratique inventorie l&#8217;ensemble des mots et expressions employ\u00e9s par les professionnels. Le projet d&#8217;\u00e9clairage est pass\u00e9 en revue : sources lumineuses, mat\u00e9riels utilis\u00e9s, syst\u00e8mes et composants, la mise en oeuvre et la gestion des installations \u00e9lectriques. Du p\u00e9renne \u00e0 l&#8217;\u00e9v\u00e9nementiel, toutes les typologies d&#8217;\u00e9clairage sont abord\u00e9es de mani\u00e8re synth\u00e9tique. <\/p>\n<p>Pour faciliter la recherche, l&#8217;ouvrage est con\u00e7u comme un lexique bilingue. Le classement des termes s&#8217;effectue par ordre alphab\u00e9tique, en fran\u00e7ais et anglais. Gr\u00e2ce \u00e0 un index th\u00e9matique sur le vocabulaire, il met en valeur la diversit\u00e9 des m\u00e9tiers et des professions de la fili\u00e8re \u00e9clairage et leur vocabulaire sp\u00e9cifique. Le livre a un format de poche pour un acc\u00e8s facile et quotidien \u00e0 la bonne traduction.<\/p>\n<p>Pour les architectes, concepteurs lumi\u00e8re, fabricants, installateurs, ma\u00eetres d&#8217;ouvrages priv\u00e9s et publics. Ce guide pratique deux-en-un s&#8217;adresse \u00e0 tous les professionnels francophones et anglophones du monde entier.<\/p>\n<p>Revue de presse \u00ab Un ouvrage pour les architectes, concepteurs lumi\u00e8re, fabricants, installateurs, ma\u00eetres d&#8217;ouvrages priv\u00e9s et publics. \u00bb LUX, la revue de l&#8217;\u00e9clairage \u00ab A new books provides French to English translation for lighting terminology. Ever wonder how English lighting vocabulary translates into French? \u00bb Architectural Lighting Magazine \u00ab \u00bfC\u00f3mo hablar de iluminaci\u00f3n en franc\u00e9s e ingl\u00e9s?. Un libro con las traducciones correctas del vocabulario utilizado por los profesionales de la iluminaci\u00f3n. \u00bb Iluminet IN ENGLISH How to talk about lighting in French and English? Lighting design, lighting technology, architecture, town-planning, design, production, marketing, sales and the environment. This lexicon contains translations of 1,400 terms about lighting used by by lighting professionals. The book lists all of the words and expressions used by professionals. The lighting project is reviewed: lights, materials used, systems and components, implementation and management of installations. From permanent to event, an overview of all types of lighting is provided. <\/p>\n<p>To make it easier to find words, the book is designed as a bilingual glossary. Words are entered in alphabetical order, in French and English. Thanks to a thematic index on the vocabulary, it highlights the variety of trades and professions in the lighting sector and their specific vocabulary. The book is pocket sized to allow easy everyday access to the right translation.<\/p>\n<p>Book for architects, lighting designers, manufacturers, installers, public and private contracting authorities. This two-in-one practical guide is intended for all English and French speaking professionals throughout the world.<\/p>\n","protected":false},"excerpt":{"rendered":"<p>Comment parler de la lumi\u00e8re en fran\u00e7ais et en anglais ? Conception lumi\u00e8re, \u00e9clairagisme, architecture, urbanisme, design, production, marketing, vente et environnement. Le lexique pr\u00e9sente la traduction de 1400 termes utilis\u00e9s par les professionnels de l&#8217;\u00e9clairage. Ce guide pratique inventorie l&#8217;ensemble des mots et expressions employ\u00e9s par les professionnels. Le projet d&#8217;\u00e9clairage est pass\u00e9 en [&hellip;]<\/p>\n","protected":false},"featured_media":45213,"template":"","meta":[],"product_cat":[2948],"product_tag":[],"acf":[],"yoast_head":"<!-- This site is optimized with the Yoast SEO plugin v20.11 - https:\/\/yoast.com\/wordpress\/plugins\/seo\/ -->\n<title>Lexique de l&#039;\u00e9clairage professionnel ; professional lighting lexicon - Librairie 7L<\/title>\n<meta name=\"robots\" content=\"index, follow, max-snippet:-1, max-image-preview:large, max-video-preview:-1\" \/>\n<link rel=\"canonical\" href=\"https:\/\/librairie7l.com\/en\/produit\/lexique-de-leclairage-professionnel-professional-lighting-lexicon-2\/\" \/>\n<meta property=\"og:locale\" content=\"en_US\" \/>\n<meta property=\"og:type\" content=\"article\" \/>\n<meta property=\"og:title\" content=\"Lexique de l&#039;\u00e9clairage professionnel ; professional lighting lexicon - Librairie 7L\" \/>\n<meta property=\"og:description\" content=\"Comment parler de la lumi\u00e8re en fran\u00e7ais et en anglais ? Conception lumi\u00e8re, \u00e9clairagisme, architecture, urbanisme, design, production, marketing, vente et environnement. Le lexique pr\u00e9sente la traduction de 1400 termes utilis\u00e9s par les professionnels de l&#8217;\u00e9clairage. Ce guide pratique inventorie l&#8217;ensemble des mots et expressions employ\u00e9s par les professionnels. Le projet d&#8217;\u00e9clairage est pass\u00e9 en [&hellip;]\" \/>\n<meta property=\"og:url\" content=\"https:\/\/librairie7l.com\/en\/produit\/lexique-de-leclairage-professionnel-professional-lighting-lexicon-2\/\" \/>\n<meta property=\"og:site_name\" content=\"Librairie 7L\" \/>\n<meta property=\"article:modified_time\" content=\"2026-04-21T12:04:32+00:00\" \/>\n<meta property=\"og:image\" content=\"https:\/\/librairie7l.com\/wp-content\/uploads\/2016\/03\/9782369250166_1_75.jpg\" \/>\n\t<meta property=\"og:image:width\" content=\"600\" \/>\n\t<meta property=\"og:image:height\" content=\"955\" \/>\n\t<meta property=\"og:image:type\" content=\"image\/jpeg\" \/>\n<meta name=\"twitter:card\" content=\"summary_large_image\" \/>\n<meta name=\"twitter:label1\" content=\"Est. reading time\" \/>\n\t<meta name=\"twitter:data1\" content=\"2 minutes\" \/>\n<script type=\"application\/ld+json\" class=\"yoast-schema-graph\">{\"@context\":\"https:\/\/schema.org\",\"@graph\":[{\"@type\":\"WebPage\",\"@id\":\"https:\/\/librairie7l.com\/en\/produit\/lexique-de-leclairage-professionnel-professional-lighting-lexicon-2\/\",\"url\":\"https:\/\/librairie7l.com\/en\/produit\/lexique-de-leclairage-professionnel-professional-lighting-lexicon-2\/\",\"name\":\"Lexique de l'\u00e9clairage professionnel ; professional lighting lexicon - Librairie 7L\",\"isPartOf\":{\"@id\":\"https:\/\/librairie7l.com\/en\/#website\"},\"datePublished\":\"2024-12-20T08:17:45+00:00\",\"dateModified\":\"2026-04-21T12:04:32+00:00\",\"breadcrumb\":{\"@id\":\"https:\/\/librairie7l.com\/en\/produit\/lexique-de-leclairage-professionnel-professional-lighting-lexicon-2\/#breadcrumb\"},\"inLanguage\":\"en-US\",\"potentialAction\":[{\"@type\":\"ReadAction\",\"target\":[\"https:\/\/librairie7l.com\/en\/produit\/lexique-de-leclairage-professionnel-professional-lighting-lexicon-2\/\"]}]},{\"@type\":\"BreadcrumbList\",\"@id\":\"https:\/\/librairie7l.com\/en\/produit\/lexique-de-leclairage-professionnel-professional-lighting-lexicon-2\/#breadcrumb\",\"itemListElement\":[{\"@type\":\"ListItem\",\"position\":1,\"name\":\"Accueil\",\"item\":\"https:\/\/librairie7l.com\/en\/\"},{\"@type\":\"ListItem\",\"position\":2,\"name\":\"Shop\",\"item\":\"https:\/\/librairie7l.com\/en\/shop\/\"},{\"@type\":\"ListItem\",\"position\":3,\"name\":\"LEXIQUE DE L&#8217;\u00c9CLAIRAGE PROFESSIONNEL ; PROFESSIONAL LIGHTING LEXICON\"}]},{\"@type\":\"WebSite\",\"@id\":\"https:\/\/librairie7l.com\/en\/#website\",\"url\":\"https:\/\/librairie7l.com\/en\/\",\"name\":\"Librairie 7L\",\"description\":\"Librairie fond\u00e9e en 1999 par Karl Lagerfeld \u00e0 Paris\",\"publisher\":{\"@id\":\"https:\/\/librairie7l.com\/en\/#organization\"},\"potentialAction\":[{\"@type\":\"SearchAction\",\"target\":{\"@type\":\"EntryPoint\",\"urlTemplate\":\"https:\/\/librairie7l.com\/en\/?s={search_term_string}\"},\"query-input\":\"required name=search_term_string\"}],\"inLanguage\":\"en-US\"},{\"@type\":\"Organization\",\"@id\":\"https:\/\/librairie7l.com\/en\/#organization\",\"name\":\"Librairie 7L\",\"url\":\"https:\/\/librairie7l.com\/en\/\",\"logo\":{\"@type\":\"ImageObject\",\"inLanguage\":\"en-US\",\"@id\":\"https:\/\/librairie7l.com\/en\/#\/schema\/logo\/image\/\",\"url\":\"https:\/\/librairie7l.com\/wp-content\/uploads\/2022\/08\/logo-1.png\",\"contentUrl\":\"https:\/\/librairie7l.com\/wp-content\/uploads\/2022\/08\/logo-1.png\",\"width\":227,\"height\":301,\"caption\":\"Librairie 7L\"},\"image\":{\"@id\":\"https:\/\/librairie7l.com\/en\/#\/schema\/logo\/image\/\"}}]}<\/script>\n<!-- \/ Yoast SEO plugin. -->","yoast_head_json":{"title":"Lexique de l'\u00e9clairage professionnel ; professional lighting lexicon - Librairie 7L","robots":{"index":"index","follow":"follow","max-snippet":"max-snippet:-1","max-image-preview":"max-image-preview:large","max-video-preview":"max-video-preview:-1"},"canonical":"https:\/\/librairie7l.com\/en\/produit\/lexique-de-leclairage-professionnel-professional-lighting-lexicon-2\/","og_locale":"en_US","og_type":"article","og_title":"Lexique de l'\u00e9clairage professionnel ; professional lighting lexicon - Librairie 7L","og_description":"Comment parler de la lumi\u00e8re en fran\u00e7ais et en anglais ? Conception lumi\u00e8re, \u00e9clairagisme, architecture, urbanisme, design, production, marketing, vente et environnement. Le lexique pr\u00e9sente la traduction de 1400 termes utilis\u00e9s par les professionnels de l&#8217;\u00e9clairage. Ce guide pratique inventorie l&#8217;ensemble des mots et expressions employ\u00e9s par les professionnels. Le projet d&#8217;\u00e9clairage est pass\u00e9 en [&hellip;]","og_url":"https:\/\/librairie7l.com\/en\/produit\/lexique-de-leclairage-professionnel-professional-lighting-lexicon-2\/","og_site_name":"Librairie 7L","article_modified_time":"2026-04-21T12:04:32+00:00","og_image":[{"width":600,"height":955,"url":"https:\/\/librairie7l.com\/wp-content\/uploads\/2016\/03\/9782369250166_1_75.jpg","type":"image\/jpeg"}],"twitter_card":"summary_large_image","twitter_misc":{"Est. reading time":"2 minutes"},"schema":{"@context":"https:\/\/schema.org","@graph":[{"@type":"WebPage","@id":"https:\/\/librairie7l.com\/en\/produit\/lexique-de-leclairage-professionnel-professional-lighting-lexicon-2\/","url":"https:\/\/librairie7l.com\/en\/produit\/lexique-de-leclairage-professionnel-professional-lighting-lexicon-2\/","name":"Lexique de l'\u00e9clairage professionnel ; professional lighting lexicon - Librairie 7L","isPartOf":{"@id":"https:\/\/librairie7l.com\/en\/#website"},"datePublished":"2024-12-20T08:17:45+00:00","dateModified":"2026-04-21T12:04:32+00:00","breadcrumb":{"@id":"https:\/\/librairie7l.com\/en\/produit\/lexique-de-leclairage-professionnel-professional-lighting-lexicon-2\/#breadcrumb"},"inLanguage":"en-US","potentialAction":[{"@type":"ReadAction","target":["https:\/\/librairie7l.com\/en\/produit\/lexique-de-leclairage-professionnel-professional-lighting-lexicon-2\/"]}]},{"@type":"BreadcrumbList","@id":"https:\/\/librairie7l.com\/en\/produit\/lexique-de-leclairage-professionnel-professional-lighting-lexicon-2\/#breadcrumb","itemListElement":[{"@type":"ListItem","position":1,"name":"Accueil","item":"https:\/\/librairie7l.com\/en\/"},{"@type":"ListItem","position":2,"name":"Shop","item":"https:\/\/librairie7l.com\/en\/shop\/"},{"@type":"ListItem","position":3,"name":"LEXIQUE DE L&#8217;\u00c9CLAIRAGE PROFESSIONNEL ; PROFESSIONAL LIGHTING LEXICON"}]},{"@type":"WebSite","@id":"https:\/\/librairie7l.com\/en\/#website","url":"https:\/\/librairie7l.com\/en\/","name":"Librairie 7L","description":"Librairie fond\u00e9e en 1999 par Karl Lagerfeld \u00e0 Paris","publisher":{"@id":"https:\/\/librairie7l.com\/en\/#organization"},"potentialAction":[{"@type":"SearchAction","target":{"@type":"EntryPoint","urlTemplate":"https:\/\/librairie7l.com\/en\/?s={search_term_string}"},"query-input":"required name=search_term_string"}],"inLanguage":"en-US"},{"@type":"Organization","@id":"https:\/\/librairie7l.com\/en\/#organization","name":"Librairie 7L","url":"https:\/\/librairie7l.com\/en\/","logo":{"@type":"ImageObject","inLanguage":"en-US","@id":"https:\/\/librairie7l.com\/en\/#\/schema\/logo\/image\/","url":"https:\/\/librairie7l.com\/wp-content\/uploads\/2022\/08\/logo-1.png","contentUrl":"https:\/\/librairie7l.com\/wp-content\/uploads\/2022\/08\/logo-1.png","width":227,"height":301,"caption":"Librairie 7L"},"image":{"@id":"https:\/\/librairie7l.com\/en\/#\/schema\/logo\/image\/"}}]}},"_links":{"self":[{"href":"https:\/\/librairie7l.com\/en\/wp-json\/wp\/v2\/product\/45215"}],"collection":[{"href":"https:\/\/librairie7l.com\/en\/wp-json\/wp\/v2\/product"}],"about":[{"href":"https:\/\/librairie7l.com\/en\/wp-json\/wp\/v2\/types\/product"}],"wp:featuredmedia":[{"embeddable":true,"href":"https:\/\/librairie7l.com\/en\/wp-json\/wp\/v2\/media\/45213"}],"wp:attachment":[{"href":"https:\/\/librairie7l.com\/en\/wp-json\/wp\/v2\/media?parent=45215"}],"wp:term":[{"taxonomy":"product_cat","embeddable":true,"href":"https:\/\/librairie7l.com\/en\/wp-json\/wp\/v2\/product_cat?post=45215"},{"taxonomy":"product_tag","embeddable":true,"href":"https:\/\/librairie7l.com\/en\/wp-json\/wp\/v2\/product_tag?post=45215"}],"curies":[{"name":"wp","href":"https:\/\/api.w.org\/{rel}","templated":true}]}}