{"id":45219,"date":"2024-12-20T09:17:48","date_gmt":"2024-12-20T08:17:48","guid":{"rendered":"https:\/\/librairie7l.com\/?post_type=product&#038;p=45219"},"modified":"2026-04-21T14:04:30","modified_gmt":"2026-04-21T12:04:30","slug":"vivre-la-sobriete-en-eclairage-comment-la-lumiere-artificielle-nous-apprend-a-aimer-la-lumiere-du-2","status":"publish","type":"product","link":"https:\/\/librairie7l.com\/en\/produit\/vivre-la-sobriete-en-eclairage-comment-la-lumiere-artificielle-nous-apprend-a-aimer-la-lumiere-du-2\/","title":{"rendered":"VIVRE LA SOBRIETE EN ECLAIRAGE &#8211; COMMENT LA LUMIERE ARTIFICIELLE NOUS APPREND A AIMER LA LUMIERE DU"},"content":{"rendered":"<p>Rares sont les \u00e9crits avant-gardistes sur l&#8217;\u00e9clairage de demain. L&#8217;essai de l&#8217;architecte, urbaniste et professeur Gerhard Auer est pr\u00e9curseur. Entre \u00e9clairer et habiter, il raconte avec malice l&#8217;histoire de la lumi\u00e8re et de l&#8217;\u00e9clairage dans le logement. Depuis la vie dans les cavernes \u00e0 la maison contemporaine individuelle. De l&#8217;entr\u00e9e de l&#8217;habitation aux pi\u00e8ces \u00e0 vivre. De l&#8217;appartement bourgeois au camping caravane. De la fen\u00eatre aux jardins d&#8217;hiver. De la bougie \u00e0 la t\u00e9l\u00e9vision. Du Jugendstil \u00e0 Jacques Tati. L&#8217;\u00e9clairage r\u00e9sidentiel est abord\u00e9 dans toutes ses dimensions : fonctionnelle, esth\u00e9tique, \u00e9motionnelle et somatique.Cet essai de r\u00e9f\u00e9rence est d\u00e9sormais accessible en fran\u00e7ais. Maxime Brunois en a r\u00e9alis\u00e9 une traduction remarquable et instructive. Avec son regard contemporain, il y a ajout\u00e9 des notes tr\u00e8s pertinentes. Elles contextualisent les nombreuses r\u00e9f\u00e9rences cit\u00e9es dans le texte de Gerhard Auer. De plus, une introduction et neuf illustrations de Daniel M\u00fcller donnent un \u00e9cho d&#8217;actualit\u00e9 \u00e0 ce texte salutaire. Un livre \u00e0 emporter en vacances pour vivre en bonne sant\u00e9.<\/p>\n","protected":false},"excerpt":{"rendered":"<p>Rares sont les \u00e9crits avant-gardistes sur l&#8217;\u00e9clairage de demain. L&#8217;essai de l&#8217;architecte, urbaniste et professeur Gerhard Auer est pr\u00e9curseur. Entre \u00e9clairer et habiter, il raconte avec malice l&#8217;histoire de la lumi\u00e8re et de l&#8217;\u00e9clairage dans le logement. Depuis la vie dans les cavernes \u00e0 la maison contemporaine individuelle. De l&#8217;entr\u00e9e de l&#8217;habitation aux pi\u00e8ces \u00e0 [&hellip;]<\/p>\n","protected":false},"featured_media":45217,"template":"","meta":[],"product_cat":[2948],"product_tag":[],"acf":[],"yoast_head":"<!-- This site is optimized with the Yoast SEO plugin v20.11 - https:\/\/yoast.com\/wordpress\/plugins\/seo\/ -->\n<title>Vivre la sobriete en eclairage - comment la lumiere artificielle nous apprend a aimer la lumiere du - Librairie 7L<\/title>\n<meta name=\"robots\" content=\"index, follow, max-snippet:-1, max-image-preview:large, max-video-preview:-1\" \/>\n<link rel=\"canonical\" href=\"https:\/\/librairie7l.com\/en\/produit\/vivre-la-sobriete-en-eclairage-comment-la-lumiere-artificielle-nous-apprend-a-aimer-la-lumiere-du-2\/\" \/>\n<meta property=\"og:locale\" content=\"en_US\" \/>\n<meta property=\"og:type\" content=\"article\" \/>\n<meta property=\"og:title\" content=\"Vivre la sobriete en eclairage - comment la lumiere artificielle nous apprend a aimer la lumiere du - Librairie 7L\" \/>\n<meta property=\"og:description\" content=\"Rares sont les \u00e9crits avant-gardistes sur l&#8217;\u00e9clairage de demain. L&#8217;essai de l&#8217;architecte, urbaniste et professeur Gerhard Auer est pr\u00e9curseur. Entre \u00e9clairer et habiter, il raconte avec malice l&#8217;histoire de la lumi\u00e8re et de l&#8217;\u00e9clairage dans le logement. Depuis la vie dans les cavernes \u00e0 la maison contemporaine individuelle. De l&#8217;entr\u00e9e de l&#8217;habitation aux pi\u00e8ces \u00e0 [&hellip;]\" \/>\n<meta property=\"og:url\" content=\"https:\/\/librairie7l.com\/en\/produit\/vivre-la-sobriete-en-eclairage-comment-la-lumiere-artificielle-nous-apprend-a-aimer-la-lumiere-du-2\/\" \/>\n<meta property=\"og:site_name\" content=\"Librairie 7L\" \/>\n<meta property=\"article:modified_time\" content=\"2026-04-21T12:04:30+00:00\" \/>\n<meta property=\"og:image\" content=\"https:\/\/librairie7l.com\/wp-content\/uploads\/2021\/08\/9782369250296_1_75.jpg\" \/>\n\t<meta property=\"og:image:width\" content=\"600\" \/>\n\t<meta property=\"og:image:height\" content=\"830\" \/>\n\t<meta property=\"og:image:type\" content=\"image\/jpeg\" \/>\n<meta name=\"twitter:card\" content=\"summary_large_image\" \/>\n<meta name=\"twitter:label1\" content=\"Est. reading time\" \/>\n\t<meta name=\"twitter:data1\" content=\"1 minute\" \/>\n<script type=\"application\/ld+json\" class=\"yoast-schema-graph\">{\"@context\":\"https:\/\/schema.org\",\"@graph\":[{\"@type\":\"WebPage\",\"@id\":\"https:\/\/librairie7l.com\/en\/produit\/vivre-la-sobriete-en-eclairage-comment-la-lumiere-artificielle-nous-apprend-a-aimer-la-lumiere-du-2\/\",\"url\":\"https:\/\/librairie7l.com\/en\/produit\/vivre-la-sobriete-en-eclairage-comment-la-lumiere-artificielle-nous-apprend-a-aimer-la-lumiere-du-2\/\",\"name\":\"Vivre la sobriete en eclairage - comment la lumiere artificielle nous apprend a aimer la lumiere du - Librairie 7L\",\"isPartOf\":{\"@id\":\"https:\/\/librairie7l.com\/en\/#website\"},\"datePublished\":\"2024-12-20T08:17:48+00:00\",\"dateModified\":\"2026-04-21T12:04:30+00:00\",\"breadcrumb\":{\"@id\":\"https:\/\/librairie7l.com\/en\/produit\/vivre-la-sobriete-en-eclairage-comment-la-lumiere-artificielle-nous-apprend-a-aimer-la-lumiere-du-2\/#breadcrumb\"},\"inLanguage\":\"en-US\",\"potentialAction\":[{\"@type\":\"ReadAction\",\"target\":[\"https:\/\/librairie7l.com\/en\/produit\/vivre-la-sobriete-en-eclairage-comment-la-lumiere-artificielle-nous-apprend-a-aimer-la-lumiere-du-2\/\"]}]},{\"@type\":\"BreadcrumbList\",\"@id\":\"https:\/\/librairie7l.com\/en\/produit\/vivre-la-sobriete-en-eclairage-comment-la-lumiere-artificielle-nous-apprend-a-aimer-la-lumiere-du-2\/#breadcrumb\",\"itemListElement\":[{\"@type\":\"ListItem\",\"position\":1,\"name\":\"Accueil\",\"item\":\"https:\/\/librairie7l.com\/en\/\"},{\"@type\":\"ListItem\",\"position\":2,\"name\":\"Shop\",\"item\":\"https:\/\/librairie7l.com\/en\/shop\/\"},{\"@type\":\"ListItem\",\"position\":3,\"name\":\"VIVRE LA SOBRIETE EN ECLAIRAGE &#8211; COMMENT LA LUMIERE ARTIFICIELLE NOUS APPREND A AIMER LA LUMIERE DU\"}]},{\"@type\":\"WebSite\",\"@id\":\"https:\/\/librairie7l.com\/en\/#website\",\"url\":\"https:\/\/librairie7l.com\/en\/\",\"name\":\"Librairie 7L\",\"description\":\"Librairie fond\u00e9e en 1999 par Karl Lagerfeld \u00e0 Paris\",\"publisher\":{\"@id\":\"https:\/\/librairie7l.com\/en\/#organization\"},\"potentialAction\":[{\"@type\":\"SearchAction\",\"target\":{\"@type\":\"EntryPoint\",\"urlTemplate\":\"https:\/\/librairie7l.com\/en\/?s={search_term_string}\"},\"query-input\":\"required name=search_term_string\"}],\"inLanguage\":\"en-US\"},{\"@type\":\"Organization\",\"@id\":\"https:\/\/librairie7l.com\/en\/#organization\",\"name\":\"Librairie 7L\",\"url\":\"https:\/\/librairie7l.com\/en\/\",\"logo\":{\"@type\":\"ImageObject\",\"inLanguage\":\"en-US\",\"@id\":\"https:\/\/librairie7l.com\/en\/#\/schema\/logo\/image\/\",\"url\":\"https:\/\/librairie7l.com\/wp-content\/uploads\/2022\/08\/logo-1.png\",\"contentUrl\":\"https:\/\/librairie7l.com\/wp-content\/uploads\/2022\/08\/logo-1.png\",\"width\":227,\"height\":301,\"caption\":\"Librairie 7L\"},\"image\":{\"@id\":\"https:\/\/librairie7l.com\/en\/#\/schema\/logo\/image\/\"}}]}<\/script>\n<!-- \/ Yoast SEO plugin. -->","yoast_head_json":{"title":"Vivre la sobriete en eclairage - comment la lumiere artificielle nous apprend a aimer la lumiere du - Librairie 7L","robots":{"index":"index","follow":"follow","max-snippet":"max-snippet:-1","max-image-preview":"max-image-preview:large","max-video-preview":"max-video-preview:-1"},"canonical":"https:\/\/librairie7l.com\/en\/produit\/vivre-la-sobriete-en-eclairage-comment-la-lumiere-artificielle-nous-apprend-a-aimer-la-lumiere-du-2\/","og_locale":"en_US","og_type":"article","og_title":"Vivre la sobriete en eclairage - comment la lumiere artificielle nous apprend a aimer la lumiere du - Librairie 7L","og_description":"Rares sont les \u00e9crits avant-gardistes sur l&#8217;\u00e9clairage de demain. L&#8217;essai de l&#8217;architecte, urbaniste et professeur Gerhard Auer est pr\u00e9curseur. Entre \u00e9clairer et habiter, il raconte avec malice l&#8217;histoire de la lumi\u00e8re et de l&#8217;\u00e9clairage dans le logement. Depuis la vie dans les cavernes \u00e0 la maison contemporaine individuelle. De l&#8217;entr\u00e9e de l&#8217;habitation aux pi\u00e8ces \u00e0 [&hellip;]","og_url":"https:\/\/librairie7l.com\/en\/produit\/vivre-la-sobriete-en-eclairage-comment-la-lumiere-artificielle-nous-apprend-a-aimer-la-lumiere-du-2\/","og_site_name":"Librairie 7L","article_modified_time":"2026-04-21T12:04:30+00:00","og_image":[{"width":600,"height":830,"url":"https:\/\/librairie7l.com\/wp-content\/uploads\/2021\/08\/9782369250296_1_75.jpg","type":"image\/jpeg"}],"twitter_card":"summary_large_image","twitter_misc":{"Est. reading time":"1 minute"},"schema":{"@context":"https:\/\/schema.org","@graph":[{"@type":"WebPage","@id":"https:\/\/librairie7l.com\/en\/produit\/vivre-la-sobriete-en-eclairage-comment-la-lumiere-artificielle-nous-apprend-a-aimer-la-lumiere-du-2\/","url":"https:\/\/librairie7l.com\/en\/produit\/vivre-la-sobriete-en-eclairage-comment-la-lumiere-artificielle-nous-apprend-a-aimer-la-lumiere-du-2\/","name":"Vivre la sobriete en eclairage - comment la lumiere artificielle nous apprend a aimer la lumiere du - Librairie 7L","isPartOf":{"@id":"https:\/\/librairie7l.com\/en\/#website"},"datePublished":"2024-12-20T08:17:48+00:00","dateModified":"2026-04-21T12:04:30+00:00","breadcrumb":{"@id":"https:\/\/librairie7l.com\/en\/produit\/vivre-la-sobriete-en-eclairage-comment-la-lumiere-artificielle-nous-apprend-a-aimer-la-lumiere-du-2\/#breadcrumb"},"inLanguage":"en-US","potentialAction":[{"@type":"ReadAction","target":["https:\/\/librairie7l.com\/en\/produit\/vivre-la-sobriete-en-eclairage-comment-la-lumiere-artificielle-nous-apprend-a-aimer-la-lumiere-du-2\/"]}]},{"@type":"BreadcrumbList","@id":"https:\/\/librairie7l.com\/en\/produit\/vivre-la-sobriete-en-eclairage-comment-la-lumiere-artificielle-nous-apprend-a-aimer-la-lumiere-du-2\/#breadcrumb","itemListElement":[{"@type":"ListItem","position":1,"name":"Accueil","item":"https:\/\/librairie7l.com\/en\/"},{"@type":"ListItem","position":2,"name":"Shop","item":"https:\/\/librairie7l.com\/en\/shop\/"},{"@type":"ListItem","position":3,"name":"VIVRE LA SOBRIETE EN ECLAIRAGE &#8211; COMMENT LA LUMIERE ARTIFICIELLE NOUS APPREND A AIMER LA LUMIERE DU"}]},{"@type":"WebSite","@id":"https:\/\/librairie7l.com\/en\/#website","url":"https:\/\/librairie7l.com\/en\/","name":"Librairie 7L","description":"Librairie fond\u00e9e en 1999 par Karl Lagerfeld \u00e0 Paris","publisher":{"@id":"https:\/\/librairie7l.com\/en\/#organization"},"potentialAction":[{"@type":"SearchAction","target":{"@type":"EntryPoint","urlTemplate":"https:\/\/librairie7l.com\/en\/?s={search_term_string}"},"query-input":"required name=search_term_string"}],"inLanguage":"en-US"},{"@type":"Organization","@id":"https:\/\/librairie7l.com\/en\/#organization","name":"Librairie 7L","url":"https:\/\/librairie7l.com\/en\/","logo":{"@type":"ImageObject","inLanguage":"en-US","@id":"https:\/\/librairie7l.com\/en\/#\/schema\/logo\/image\/","url":"https:\/\/librairie7l.com\/wp-content\/uploads\/2022\/08\/logo-1.png","contentUrl":"https:\/\/librairie7l.com\/wp-content\/uploads\/2022\/08\/logo-1.png","width":227,"height":301,"caption":"Librairie 7L"},"image":{"@id":"https:\/\/librairie7l.com\/en\/#\/schema\/logo\/image\/"}}]}},"_links":{"self":[{"href":"https:\/\/librairie7l.com\/en\/wp-json\/wp\/v2\/product\/45219"}],"collection":[{"href":"https:\/\/librairie7l.com\/en\/wp-json\/wp\/v2\/product"}],"about":[{"href":"https:\/\/librairie7l.com\/en\/wp-json\/wp\/v2\/types\/product"}],"wp:featuredmedia":[{"embeddable":true,"href":"https:\/\/librairie7l.com\/en\/wp-json\/wp\/v2\/media\/45217"}],"wp:attachment":[{"href":"https:\/\/librairie7l.com\/en\/wp-json\/wp\/v2\/media?parent=45219"}],"wp:term":[{"taxonomy":"product_cat","embeddable":true,"href":"https:\/\/librairie7l.com\/en\/wp-json\/wp\/v2\/product_cat?post=45219"},{"taxonomy":"product_tag","embeddable":true,"href":"https:\/\/librairie7l.com\/en\/wp-json\/wp\/v2\/product_tag?post=45219"}],"curies":[{"name":"wp","href":"https:\/\/api.w.org\/{rel}","templated":true}]}}