{"id":45223,"date":"2024-12-20T09:17:51","date_gmt":"2024-12-20T08:17:51","guid":{"rendered":"https:\/\/librairie7l.com\/?post_type=product&#038;p=45223"},"modified":"2026-04-21T14:04:30","modified_gmt":"2026-04-21T12:04:30","slug":"eclairage-et-lumiere-du-iiie-millenaire-2000-2050-imaginer-le-monde-dapres-en-ville-et-en-architecture-2","status":"publish","type":"product","link":"https:\/\/librairie7l.com\/en\/produit\/eclairage-et-lumiere-du-iiie-millenaire-2000-2050-imaginer-le-monde-dapres-en-ville-et-en-architecture-2\/","title":{"rendered":"\u00c9CLAIRAGE ET LUMI\u00c8RE DU IIIE MILL\u00c9NAIRE, 2000-2050 : IMAGINER LE MONDE D&#8217;APR\u00c8S, EN VILLE ET EN ARCHITECTURE"},"content":{"rendered":"<p>Depuis 20 ans, le domaine de l&#8217;\u00e9clairage et de la lumi\u00e8re vit une mutation sans pr\u00e9c\u00e9dent. Ville, espace public, architecture, conception lumi\u00e8re et arts visuels, tous ces secteurs en sont impact\u00e9s. Si la technologie LED pour les \u00e9clairages int\u00e9rieurs et ext\u00e9rieurs est l&#8217;une des manifestations les plus \u00e9videntes, son adoption soul\u00e8ve plusieurs questions.<\/p>\n<p>Comment l&#8217;\u00e9clairage s&#8217;est-il transform\u00e9 au 3e mill\u00e9naire ? Quelles sont les nouvelles probl\u00e9matiques en ville et en architecture ? Pourquoi les enjeux de demain tourneront-ils autour de la lumi\u00e8re naturelle ? Qui sont les entrepreneurs qui ont marqu\u00e9 cette p\u00e9riode de l&#8217;histoire ? Quand les visions dessin\u00e9es de l&#8217;\u00e9clairage deviendront-elles r\u00e9alit\u00e9 ?<\/p>\n<p>Light ZOOM Lumi\u00e8re a r\u00e9uni ses meilleures plumes qui partagent la r\u00e9daction d&#8217;un article de synth\u00e8se. L&#8217;ensemble permet de vous proposer un panorama complet du domaine de l&#8217;\u00e9clairage sur la p\u00e9riode 2000-2020 en 186 photos et dessins.<\/p>\n<p>Vers 2050, comment serons-nous \u00e9clair\u00e9s ? D&#8217;abord, le prospectiviste Daniel Kaplan nous livre une analyse exclusive. Ensuite, de mani\u00e8re visionnaire, une vingtaine de dessins d&#8217;\u00e9tudiants et jeunes actifs pr\u00e9senteront la lumi\u00e8re du futur.<\/p>\n<p>&gt; Revue de presse  \u00ab Passage \u00e0 la LED, profession concepteur lumi\u00e8re, projets phares architecturaux comme urbains ou installations artistiques, mettent en perspective les \u00e9volutions du pass\u00e9 qu&#8217;elles soient techniques ou conceptuelles.  La plateforme c\u00e9l\u00e8bre ainsi ses 10 ans et s&#8217;offre une vision du futur sous la forme de dessins originaux anticipant un 2050 centr\u00e9 sur l&#8217;humain. \u00bb LUX \u00ab Light ZOOM Lumi\u00e8re, le portail au-del\u00e0 des Alpes est une source compl\u00e8te d&#8217;informations et de formation \u00e0 360\u00b0 sur le monde de la lumi\u00e8re, et surtout sur le m\u00e9tier de concepteur lumi\u00e8re. Il publie un livre qui fait le point sur le panorama actuel de l&#8217;\u00e9clairage, \u00e0 une \u00e9poque o\u00f9 le droit \u00e0 la lumi\u00e8re rencontre le droit \u00e0 la p\u00e9nombre. \u00bb LUCE \u00ab Le livre traite, entre autres, des changements que l&#8217;\u00e9clairage a d\u00e9clench\u00e9s depuis le d\u00e9but du nouveau mill\u00e9naire, des grands d\u00e9fis auxquels sont confront\u00e9s les villes et l&#8217;architecture aujourd&#8217;hui, du r\u00f4le que joue la lumi\u00e8re naturelle aujourd&#8217;hui et dans le futur, des personnes et entreprises qui ont fa\u00e7onn\u00e9 le changement et l&#8217;industrie au cours des derni\u00e8res ann\u00e9es. \u00bb LICHT \u00ab La plateforme Light ZOOM Lumi\u00e8re, sp\u00e9cialis\u00e9e dans le domaine, ouvre une r\u00e9flexion sur ce champ en pleine mutation. Une premi\u00e8re partie pr\u00e9sente une r\u00e9trospective des ann\u00e9es 2000 \u00e0 2020, identifiant les nouveaux acteurs de l&#8217;\u00e9clairage, l&#8217;arriv\u00e9e des LED, la probl\u00e9matique \u00e9nerg\u00e9tique, la notion de bien-\u00eatre mais aussi la cr\u00e9ation d&#8217;installations artistiques lumineuses. \u00bb \u00c9TAPES<\/p>\n","protected":false},"excerpt":{"rendered":"<p>Depuis 20 ans, le domaine de l&#8217;\u00e9clairage et de la lumi\u00e8re vit une mutation sans pr\u00e9c\u00e9dent. Ville, espace public, architecture, conception lumi\u00e8re et arts visuels, tous ces secteurs en sont impact\u00e9s. Si la technologie LED pour les \u00e9clairages int\u00e9rieurs et ext\u00e9rieurs est l&#8217;une des manifestations les plus \u00e9videntes, son adoption soul\u00e8ve plusieurs questions. Comment l&#8217;\u00e9clairage [&hellip;]<\/p>\n","protected":false},"featured_media":45221,"template":"","meta":[],"product_cat":[2948],"product_tag":[],"acf":[],"yoast_head":"<!-- This site is optimized with the Yoast SEO plugin v20.11 - https:\/\/yoast.com\/wordpress\/plugins\/seo\/ -->\n<title>\u00e9clairage et lumi\u00e8re du IIIe mill\u00e9naire, 2000-2050 : imaginer le monde d&#039;apr\u00e8s, en ville et en architecture - Librairie 7L<\/title>\n<meta name=\"robots\" content=\"index, follow, max-snippet:-1, max-image-preview:large, max-video-preview:-1\" \/>\n<link rel=\"canonical\" href=\"https:\/\/librairie7l.com\/en\/produit\/eclairage-et-lumiere-du-iiie-millenaire-2000-2050-imaginer-le-monde-dapres-en-ville-et-en-architecture-2\/\" \/>\n<meta property=\"og:locale\" content=\"en_US\" \/>\n<meta property=\"og:type\" content=\"article\" \/>\n<meta property=\"og:title\" content=\"\u00e9clairage et lumi\u00e8re du IIIe mill\u00e9naire, 2000-2050 : imaginer le monde d&#039;apr\u00e8s, en ville et en architecture - Librairie 7L\" \/>\n<meta property=\"og:description\" content=\"Depuis 20 ans, le domaine de l&#8217;\u00e9clairage et de la lumi\u00e8re vit une mutation sans pr\u00e9c\u00e9dent. Ville, espace public, architecture, conception lumi\u00e8re et arts visuels, tous ces secteurs en sont impact\u00e9s. Si la technologie LED pour les \u00e9clairages int\u00e9rieurs et ext\u00e9rieurs est l&#8217;une des manifestations les plus \u00e9videntes, son adoption soul\u00e8ve plusieurs questions. Comment l&#8217;\u00e9clairage [&hellip;]\" \/>\n<meta property=\"og:url\" content=\"https:\/\/librairie7l.com\/en\/produit\/eclairage-et-lumiere-du-iiie-millenaire-2000-2050-imaginer-le-monde-dapres-en-ville-et-en-architecture-2\/\" \/>\n<meta property=\"og:site_name\" content=\"Librairie 7L\" \/>\n<meta property=\"article:modified_time\" content=\"2026-04-21T12:04:30+00:00\" \/>\n<meta property=\"og:image\" content=\"https:\/\/librairie7l.com\/wp-content\/uploads\/2021\/09\/9782369250340_1_75.jpg\" \/>\n\t<meta property=\"og:image:width\" content=\"600\" \/>\n\t<meta property=\"og:image:height\" content=\"847\" \/>\n\t<meta property=\"og:image:type\" content=\"image\/jpeg\" \/>\n<meta name=\"twitter:card\" content=\"summary_large_image\" \/>\n<meta name=\"twitter:label1\" content=\"Est. reading time\" \/>\n\t<meta name=\"twitter:data1\" content=\"2 minutes\" \/>\n<script type=\"application\/ld+json\" class=\"yoast-schema-graph\">{\"@context\":\"https:\/\/schema.org\",\"@graph\":[{\"@type\":\"WebPage\",\"@id\":\"https:\/\/librairie7l.com\/en\/produit\/eclairage-et-lumiere-du-iiie-millenaire-2000-2050-imaginer-le-monde-dapres-en-ville-et-en-architecture-2\/\",\"url\":\"https:\/\/librairie7l.com\/en\/produit\/eclairage-et-lumiere-du-iiie-millenaire-2000-2050-imaginer-le-monde-dapres-en-ville-et-en-architecture-2\/\",\"name\":\"\u00e9clairage et lumi\u00e8re du IIIe mill\u00e9naire, 2000-2050 : imaginer le monde d'apr\u00e8s, en ville et en architecture - Librairie 7L\",\"isPartOf\":{\"@id\":\"https:\/\/librairie7l.com\/en\/#website\"},\"datePublished\":\"2024-12-20T08:17:51+00:00\",\"dateModified\":\"2026-04-21T12:04:30+00:00\",\"breadcrumb\":{\"@id\":\"https:\/\/librairie7l.com\/en\/produit\/eclairage-et-lumiere-du-iiie-millenaire-2000-2050-imaginer-le-monde-dapres-en-ville-et-en-architecture-2\/#breadcrumb\"},\"inLanguage\":\"en-US\",\"potentialAction\":[{\"@type\":\"ReadAction\",\"target\":[\"https:\/\/librairie7l.com\/en\/produit\/eclairage-et-lumiere-du-iiie-millenaire-2000-2050-imaginer-le-monde-dapres-en-ville-et-en-architecture-2\/\"]}]},{\"@type\":\"BreadcrumbList\",\"@id\":\"https:\/\/librairie7l.com\/en\/produit\/eclairage-et-lumiere-du-iiie-millenaire-2000-2050-imaginer-le-monde-dapres-en-ville-et-en-architecture-2\/#breadcrumb\",\"itemListElement\":[{\"@type\":\"ListItem\",\"position\":1,\"name\":\"Accueil\",\"item\":\"https:\/\/librairie7l.com\/en\/\"},{\"@type\":\"ListItem\",\"position\":2,\"name\":\"Shop\",\"item\":\"https:\/\/librairie7l.com\/en\/shop\/\"},{\"@type\":\"ListItem\",\"position\":3,\"name\":\"\u00c9CLAIRAGE ET LUMI\u00c8RE DU IIIE MILL\u00c9NAIRE, 2000-2050 : IMAGINER LE MONDE D&#8217;APR\u00c8S, EN VILLE ET EN ARCHITECTURE\"}]},{\"@type\":\"WebSite\",\"@id\":\"https:\/\/librairie7l.com\/en\/#website\",\"url\":\"https:\/\/librairie7l.com\/en\/\",\"name\":\"Librairie 7L\",\"description\":\"Librairie fond\u00e9e en 1999 par Karl Lagerfeld \u00e0 Paris\",\"publisher\":{\"@id\":\"https:\/\/librairie7l.com\/en\/#organization\"},\"potentialAction\":[{\"@type\":\"SearchAction\",\"target\":{\"@type\":\"EntryPoint\",\"urlTemplate\":\"https:\/\/librairie7l.com\/en\/?s={search_term_string}\"},\"query-input\":\"required name=search_term_string\"}],\"inLanguage\":\"en-US\"},{\"@type\":\"Organization\",\"@id\":\"https:\/\/librairie7l.com\/en\/#organization\",\"name\":\"Librairie 7L\",\"url\":\"https:\/\/librairie7l.com\/en\/\",\"logo\":{\"@type\":\"ImageObject\",\"inLanguage\":\"en-US\",\"@id\":\"https:\/\/librairie7l.com\/en\/#\/schema\/logo\/image\/\",\"url\":\"https:\/\/librairie7l.com\/wp-content\/uploads\/2022\/08\/logo-1.png\",\"contentUrl\":\"https:\/\/librairie7l.com\/wp-content\/uploads\/2022\/08\/logo-1.png\",\"width\":227,\"height\":301,\"caption\":\"Librairie 7L\"},\"image\":{\"@id\":\"https:\/\/librairie7l.com\/en\/#\/schema\/logo\/image\/\"}}]}<\/script>\n<!-- \/ Yoast SEO plugin. -->","yoast_head_json":{"title":"\u00e9clairage et lumi\u00e8re du IIIe mill\u00e9naire, 2000-2050 : imaginer le monde d'apr\u00e8s, en ville et en architecture - Librairie 7L","robots":{"index":"index","follow":"follow","max-snippet":"max-snippet:-1","max-image-preview":"max-image-preview:large","max-video-preview":"max-video-preview:-1"},"canonical":"https:\/\/librairie7l.com\/en\/produit\/eclairage-et-lumiere-du-iiie-millenaire-2000-2050-imaginer-le-monde-dapres-en-ville-et-en-architecture-2\/","og_locale":"en_US","og_type":"article","og_title":"\u00e9clairage et lumi\u00e8re du IIIe mill\u00e9naire, 2000-2050 : imaginer le monde d'apr\u00e8s, en ville et en architecture - Librairie 7L","og_description":"Depuis 20 ans, le domaine de l&#8217;\u00e9clairage et de la lumi\u00e8re vit une mutation sans pr\u00e9c\u00e9dent. Ville, espace public, architecture, conception lumi\u00e8re et arts visuels, tous ces secteurs en sont impact\u00e9s. Si la technologie LED pour les \u00e9clairages int\u00e9rieurs et ext\u00e9rieurs est l&#8217;une des manifestations les plus \u00e9videntes, son adoption soul\u00e8ve plusieurs questions. Comment l&#8217;\u00e9clairage [&hellip;]","og_url":"https:\/\/librairie7l.com\/en\/produit\/eclairage-et-lumiere-du-iiie-millenaire-2000-2050-imaginer-le-monde-dapres-en-ville-et-en-architecture-2\/","og_site_name":"Librairie 7L","article_modified_time":"2026-04-21T12:04:30+00:00","og_image":[{"width":600,"height":847,"url":"https:\/\/librairie7l.com\/wp-content\/uploads\/2021\/09\/9782369250340_1_75.jpg","type":"image\/jpeg"}],"twitter_card":"summary_large_image","twitter_misc":{"Est. reading time":"2 minutes"},"schema":{"@context":"https:\/\/schema.org","@graph":[{"@type":"WebPage","@id":"https:\/\/librairie7l.com\/en\/produit\/eclairage-et-lumiere-du-iiie-millenaire-2000-2050-imaginer-le-monde-dapres-en-ville-et-en-architecture-2\/","url":"https:\/\/librairie7l.com\/en\/produit\/eclairage-et-lumiere-du-iiie-millenaire-2000-2050-imaginer-le-monde-dapres-en-ville-et-en-architecture-2\/","name":"\u00e9clairage et lumi\u00e8re du IIIe mill\u00e9naire, 2000-2050 : imaginer le monde d'apr\u00e8s, en ville et en architecture - Librairie 7L","isPartOf":{"@id":"https:\/\/librairie7l.com\/en\/#website"},"datePublished":"2024-12-20T08:17:51+00:00","dateModified":"2026-04-21T12:04:30+00:00","breadcrumb":{"@id":"https:\/\/librairie7l.com\/en\/produit\/eclairage-et-lumiere-du-iiie-millenaire-2000-2050-imaginer-le-monde-dapres-en-ville-et-en-architecture-2\/#breadcrumb"},"inLanguage":"en-US","potentialAction":[{"@type":"ReadAction","target":["https:\/\/librairie7l.com\/en\/produit\/eclairage-et-lumiere-du-iiie-millenaire-2000-2050-imaginer-le-monde-dapres-en-ville-et-en-architecture-2\/"]}]},{"@type":"BreadcrumbList","@id":"https:\/\/librairie7l.com\/en\/produit\/eclairage-et-lumiere-du-iiie-millenaire-2000-2050-imaginer-le-monde-dapres-en-ville-et-en-architecture-2\/#breadcrumb","itemListElement":[{"@type":"ListItem","position":1,"name":"Accueil","item":"https:\/\/librairie7l.com\/en\/"},{"@type":"ListItem","position":2,"name":"Shop","item":"https:\/\/librairie7l.com\/en\/shop\/"},{"@type":"ListItem","position":3,"name":"\u00c9CLAIRAGE ET LUMI\u00c8RE DU IIIE MILL\u00c9NAIRE, 2000-2050 : IMAGINER LE MONDE D&#8217;APR\u00c8S, EN VILLE ET EN ARCHITECTURE"}]},{"@type":"WebSite","@id":"https:\/\/librairie7l.com\/en\/#website","url":"https:\/\/librairie7l.com\/en\/","name":"Librairie 7L","description":"Librairie fond\u00e9e en 1999 par Karl Lagerfeld \u00e0 Paris","publisher":{"@id":"https:\/\/librairie7l.com\/en\/#organization"},"potentialAction":[{"@type":"SearchAction","target":{"@type":"EntryPoint","urlTemplate":"https:\/\/librairie7l.com\/en\/?s={search_term_string}"},"query-input":"required name=search_term_string"}],"inLanguage":"en-US"},{"@type":"Organization","@id":"https:\/\/librairie7l.com\/en\/#organization","name":"Librairie 7L","url":"https:\/\/librairie7l.com\/en\/","logo":{"@type":"ImageObject","inLanguage":"en-US","@id":"https:\/\/librairie7l.com\/en\/#\/schema\/logo\/image\/","url":"https:\/\/librairie7l.com\/wp-content\/uploads\/2022\/08\/logo-1.png","contentUrl":"https:\/\/librairie7l.com\/wp-content\/uploads\/2022\/08\/logo-1.png","width":227,"height":301,"caption":"Librairie 7L"},"image":{"@id":"https:\/\/librairie7l.com\/en\/#\/schema\/logo\/image\/"}}]}},"_links":{"self":[{"href":"https:\/\/librairie7l.com\/en\/wp-json\/wp\/v2\/product\/45223"}],"collection":[{"href":"https:\/\/librairie7l.com\/en\/wp-json\/wp\/v2\/product"}],"about":[{"href":"https:\/\/librairie7l.com\/en\/wp-json\/wp\/v2\/types\/product"}],"wp:featuredmedia":[{"embeddable":true,"href":"https:\/\/librairie7l.com\/en\/wp-json\/wp\/v2\/media\/45221"}],"wp:attachment":[{"href":"https:\/\/librairie7l.com\/en\/wp-json\/wp\/v2\/media?parent=45223"}],"wp:term":[{"taxonomy":"product_cat","embeddable":true,"href":"https:\/\/librairie7l.com\/en\/wp-json\/wp\/v2\/product_cat?post=45223"},{"taxonomy":"product_tag","embeddable":true,"href":"https:\/\/librairie7l.com\/en\/wp-json\/wp\/v2\/product_tag?post=45223"}],"curies":[{"name":"wp","href":"https:\/\/api.w.org\/{rel}","templated":true}]}}