{"id":45272,"date":"2024-12-22T09:17:56","date_gmt":"2024-12-22T08:17:56","guid":{"rendered":"https:\/\/librairie7l.com\/?post_type=product&#038;p=45272"},"modified":"2026-04-14T16:04:37","modified_gmt":"2026-04-14T14:04:37","slug":"160-ans-de-collections-les-tresors-du-musee-des-tissus-et-des-arts-decoratifs-de-lyon-2","status":"publish","type":"product","link":"https:\/\/librairie7l.com\/en\/produit\/160-ans-de-collections-les-tresors-du-musee-des-tissus-et-des-arts-decoratifs-de-lyon-2\/","title":{"rendered":"160 ANS DE COLLECTIONS : LES TR\u00c9SORS DU MUS\u00c9E DES TISSUS ET DES ARTS D\u00c9CORATIFS DE LYON"},"content":{"rendered":"<p>Le mus\u00e9e des Tissus et des Arts d\u00e9coratifs de Lyon conserve une extraordinaire collection de textiles. Celle-ci couvre 4 500 ans de production, depuis l&#8217;\u00c9gypte pharaonique jusqu&#8217;\u00e0 nos jours, du Japon aux Am\u00e9riques, en passant par la Chine. Pi\u00e8ces de tissus, tapis, tapisseries, costumes, d\u00e9cors int\u00e9rieurs, pi\u00e8ces d&#8217;\u00e9b\u00e9nisterie et d&#8217;orf\u00e8vrerie&#8230;<br \/>\nDepuis 2021 le mus\u00e9e est ferm\u00e9 au public pour un vaste chantier de r\u00e9novation, qui inclut un chantier des collections, dont l&#8217;origine remonte \u00e0 1864 lorsque le premier mus\u00e9e d&#8217;Art et d&#8217;Industrie de Lyon a ouvert ses portes.<br \/>\n\u00c0 l&#8217;occasion des 160 ans du mus\u00e9e, cette publication met \u00e0 l&#8217;honneur 160 tr\u00e9sors, parmi les plus connus mais aussi des d\u00e9couvertes r\u00e9centes, qui illustrent l&#8217;ampleur et la diversit\u00e9 de la collection.<br \/>\nL&#8217;ouvrage s&#8217;organise chronologiquement avec un choix d&#8217;objets embl\u00e9matiques et exceptionnels qui donnent un aper\u00e7u de la grande vari\u00e9t\u00e9 de leur origine g\u00e9ographique et de leur circulation entre diff\u00e9rentes cultures. Dans cette perspective, un int\u00e9r\u00eat particulier est accord\u00e9 \u00e0 l&#8217;histoire mat\u00e9rielle des objets, permettant de retracer leur vie depuis leur production jusqu&#8217;\u00e0 leur usage ou leur transformation.<br \/>\nEnfin, cette publication est l&#8217;occasion de montrer comment les donations et acquisitions en France et \u00e0 l&#8217;\u00e9tranger au xixe si\u00e8cle ont permis aujourd&#8217;hui que le mus\u00e9e soit reconnu comme la plus importante collection de textiles dans le monde.<\/p>\n","protected":false},"excerpt":{"rendered":"<p>Le mus\u00e9e des Tissus et des Arts d\u00e9coratifs de Lyon conserve une extraordinaire collection de textiles. Celle-ci couvre 4 500 ans de production, depuis l&#8217;\u00c9gypte pharaonique jusqu&#8217;\u00e0 nos jours, du Japon aux Am\u00e9riques, en passant par la Chine. Pi\u00e8ces de tissus, tapis, tapisseries, costumes, d\u00e9cors int\u00e9rieurs, pi\u00e8ces d&#8217;\u00e9b\u00e9nisterie et d&#8217;orf\u00e8vrerie&#8230; Depuis 2021 le mus\u00e9e est [&hellip;]<\/p>\n","protected":false},"featured_media":45270,"template":"","meta":[],"product_cat":[2948,2957],"product_tag":[],"acf":[],"yoast_head":"<!-- This site is optimized with the Yoast SEO plugin v20.11 - https:\/\/yoast.com\/wordpress\/plugins\/seo\/ -->\n<title>160 ans de collections : Les tr\u00e9sors du mus\u00e9e des Tissus et des Arts d\u00e9coratifs de Lyon - Librairie 7L<\/title>\n<meta name=\"robots\" content=\"index, follow, max-snippet:-1, max-image-preview:large, max-video-preview:-1\" \/>\n<link rel=\"canonical\" href=\"https:\/\/librairie7l.com\/en\/produit\/160-ans-de-collections-les-tresors-du-musee-des-tissus-et-des-arts-decoratifs-de-lyon-2\/\" \/>\n<meta property=\"og:locale\" content=\"en_US\" \/>\n<meta property=\"og:type\" content=\"article\" \/>\n<meta property=\"og:title\" content=\"160 ans de collections : Les tr\u00e9sors du mus\u00e9e des Tissus et des Arts d\u00e9coratifs de Lyon - Librairie 7L\" \/>\n<meta property=\"og:description\" content=\"Le mus\u00e9e des Tissus et des Arts d\u00e9coratifs de Lyon conserve une extraordinaire collection de textiles. Celle-ci couvre 4 500 ans de production, depuis l&#8217;\u00c9gypte pharaonique jusqu&#8217;\u00e0 nos jours, du Japon aux Am\u00e9riques, en passant par la Chine. Pi\u00e8ces de tissus, tapis, tapisseries, costumes, d\u00e9cors int\u00e9rieurs, pi\u00e8ces d&#8217;\u00e9b\u00e9nisterie et d&#8217;orf\u00e8vrerie&#8230; Depuis 2021 le mus\u00e9e est [&hellip;]\" \/>\n<meta property=\"og:url\" content=\"https:\/\/librairie7l.com\/en\/produit\/160-ans-de-collections-les-tresors-du-musee-des-tissus-et-des-arts-decoratifs-de-lyon-2\/\" \/>\n<meta property=\"og:site_name\" content=\"Librairie 7L\" \/>\n<meta property=\"article:modified_time\" content=\"2026-04-14T14:04:37+00:00\" \/>\n<meta property=\"og:image\" content=\"https:\/\/librairie7l.com\/wp-content\/uploads\/2024\/05\/9782359064483_1_75.jpg\" \/>\n\t<meta property=\"og:image:width\" content=\"600\" \/>\n\t<meta property=\"og:image:height\" content=\"677\" \/>\n\t<meta property=\"og:image:type\" content=\"image\/jpeg\" \/>\n<meta name=\"twitter:card\" content=\"summary_large_image\" \/>\n<meta name=\"twitter:label1\" content=\"Est. reading time\" \/>\n\t<meta name=\"twitter:data1\" content=\"1 minute\" \/>\n<script type=\"application\/ld+json\" class=\"yoast-schema-graph\">{\"@context\":\"https:\/\/schema.org\",\"@graph\":[{\"@type\":\"WebPage\",\"@id\":\"https:\/\/librairie7l.com\/en\/produit\/160-ans-de-collections-les-tresors-du-musee-des-tissus-et-des-arts-decoratifs-de-lyon-2\/\",\"url\":\"https:\/\/librairie7l.com\/en\/produit\/160-ans-de-collections-les-tresors-du-musee-des-tissus-et-des-arts-decoratifs-de-lyon-2\/\",\"name\":\"160 ans de collections : Les tr\u00e9sors du mus\u00e9e des Tissus et des Arts d\u00e9coratifs de Lyon - Librairie 7L\",\"isPartOf\":{\"@id\":\"https:\/\/librairie7l.com\/en\/#website\"},\"datePublished\":\"2024-12-22T08:17:56+00:00\",\"dateModified\":\"2026-04-14T14:04:37+00:00\",\"breadcrumb\":{\"@id\":\"https:\/\/librairie7l.com\/en\/produit\/160-ans-de-collections-les-tresors-du-musee-des-tissus-et-des-arts-decoratifs-de-lyon-2\/#breadcrumb\"},\"inLanguage\":\"en-US\",\"potentialAction\":[{\"@type\":\"ReadAction\",\"target\":[\"https:\/\/librairie7l.com\/en\/produit\/160-ans-de-collections-les-tresors-du-musee-des-tissus-et-des-arts-decoratifs-de-lyon-2\/\"]}]},{\"@type\":\"BreadcrumbList\",\"@id\":\"https:\/\/librairie7l.com\/en\/produit\/160-ans-de-collections-les-tresors-du-musee-des-tissus-et-des-arts-decoratifs-de-lyon-2\/#breadcrumb\",\"itemListElement\":[{\"@type\":\"ListItem\",\"position\":1,\"name\":\"Accueil\",\"item\":\"https:\/\/librairie7l.com\/en\/\"},{\"@type\":\"ListItem\",\"position\":2,\"name\":\"Shop\",\"item\":\"https:\/\/librairie7l.com\/en\/shop\/\"},{\"@type\":\"ListItem\",\"position\":3,\"name\":\"160 ANS DE COLLECTIONS : LES TR\u00c9SORS DU MUS\u00c9E DES TISSUS ET DES ARTS D\u00c9CORATIFS DE LYON\"}]},{\"@type\":\"WebSite\",\"@id\":\"https:\/\/librairie7l.com\/en\/#website\",\"url\":\"https:\/\/librairie7l.com\/en\/\",\"name\":\"Librairie 7L\",\"description\":\"Librairie fond\u00e9e en 1999 par Karl Lagerfeld \u00e0 Paris\",\"publisher\":{\"@id\":\"https:\/\/librairie7l.com\/en\/#organization\"},\"potentialAction\":[{\"@type\":\"SearchAction\",\"target\":{\"@type\":\"EntryPoint\",\"urlTemplate\":\"https:\/\/librairie7l.com\/en\/?s={search_term_string}\"},\"query-input\":\"required name=search_term_string\"}],\"inLanguage\":\"en-US\"},{\"@type\":\"Organization\",\"@id\":\"https:\/\/librairie7l.com\/en\/#organization\",\"name\":\"Librairie 7L\",\"url\":\"https:\/\/librairie7l.com\/en\/\",\"logo\":{\"@type\":\"ImageObject\",\"inLanguage\":\"en-US\",\"@id\":\"https:\/\/librairie7l.com\/en\/#\/schema\/logo\/image\/\",\"url\":\"https:\/\/librairie7l.com\/wp-content\/uploads\/2022\/08\/logo-1.png\",\"contentUrl\":\"https:\/\/librairie7l.com\/wp-content\/uploads\/2022\/08\/logo-1.png\",\"width\":227,\"height\":301,\"caption\":\"Librairie 7L\"},\"image\":{\"@id\":\"https:\/\/librairie7l.com\/en\/#\/schema\/logo\/image\/\"}}]}<\/script>\n<!-- \/ Yoast SEO plugin. -->","yoast_head_json":{"title":"160 ans de collections : Les tr\u00e9sors du mus\u00e9e des Tissus et des Arts d\u00e9coratifs de Lyon - Librairie 7L","robots":{"index":"index","follow":"follow","max-snippet":"max-snippet:-1","max-image-preview":"max-image-preview:large","max-video-preview":"max-video-preview:-1"},"canonical":"https:\/\/librairie7l.com\/en\/produit\/160-ans-de-collections-les-tresors-du-musee-des-tissus-et-des-arts-decoratifs-de-lyon-2\/","og_locale":"en_US","og_type":"article","og_title":"160 ans de collections : Les tr\u00e9sors du mus\u00e9e des Tissus et des Arts d\u00e9coratifs de Lyon - Librairie 7L","og_description":"Le mus\u00e9e des Tissus et des Arts d\u00e9coratifs de Lyon conserve une extraordinaire collection de textiles. Celle-ci couvre 4 500 ans de production, depuis l&#8217;\u00c9gypte pharaonique jusqu&#8217;\u00e0 nos jours, du Japon aux Am\u00e9riques, en passant par la Chine. Pi\u00e8ces de tissus, tapis, tapisseries, costumes, d\u00e9cors int\u00e9rieurs, pi\u00e8ces d&#8217;\u00e9b\u00e9nisterie et d&#8217;orf\u00e8vrerie&#8230; Depuis 2021 le mus\u00e9e est [&hellip;]","og_url":"https:\/\/librairie7l.com\/en\/produit\/160-ans-de-collections-les-tresors-du-musee-des-tissus-et-des-arts-decoratifs-de-lyon-2\/","og_site_name":"Librairie 7L","article_modified_time":"2026-04-14T14:04:37+00:00","og_image":[{"width":600,"height":677,"url":"https:\/\/librairie7l.com\/wp-content\/uploads\/2024\/05\/9782359064483_1_75.jpg","type":"image\/jpeg"}],"twitter_card":"summary_large_image","twitter_misc":{"Est. reading time":"1 minute"},"schema":{"@context":"https:\/\/schema.org","@graph":[{"@type":"WebPage","@id":"https:\/\/librairie7l.com\/en\/produit\/160-ans-de-collections-les-tresors-du-musee-des-tissus-et-des-arts-decoratifs-de-lyon-2\/","url":"https:\/\/librairie7l.com\/en\/produit\/160-ans-de-collections-les-tresors-du-musee-des-tissus-et-des-arts-decoratifs-de-lyon-2\/","name":"160 ans de collections : Les tr\u00e9sors du mus\u00e9e des Tissus et des Arts d\u00e9coratifs de Lyon - Librairie 7L","isPartOf":{"@id":"https:\/\/librairie7l.com\/en\/#website"},"datePublished":"2024-12-22T08:17:56+00:00","dateModified":"2026-04-14T14:04:37+00:00","breadcrumb":{"@id":"https:\/\/librairie7l.com\/en\/produit\/160-ans-de-collections-les-tresors-du-musee-des-tissus-et-des-arts-decoratifs-de-lyon-2\/#breadcrumb"},"inLanguage":"en-US","potentialAction":[{"@type":"ReadAction","target":["https:\/\/librairie7l.com\/en\/produit\/160-ans-de-collections-les-tresors-du-musee-des-tissus-et-des-arts-decoratifs-de-lyon-2\/"]}]},{"@type":"BreadcrumbList","@id":"https:\/\/librairie7l.com\/en\/produit\/160-ans-de-collections-les-tresors-du-musee-des-tissus-et-des-arts-decoratifs-de-lyon-2\/#breadcrumb","itemListElement":[{"@type":"ListItem","position":1,"name":"Accueil","item":"https:\/\/librairie7l.com\/en\/"},{"@type":"ListItem","position":2,"name":"Shop","item":"https:\/\/librairie7l.com\/en\/shop\/"},{"@type":"ListItem","position":3,"name":"160 ANS DE COLLECTIONS : LES TR\u00c9SORS DU MUS\u00c9E DES TISSUS ET DES ARTS D\u00c9CORATIFS DE LYON"}]},{"@type":"WebSite","@id":"https:\/\/librairie7l.com\/en\/#website","url":"https:\/\/librairie7l.com\/en\/","name":"Librairie 7L","description":"Librairie fond\u00e9e en 1999 par Karl Lagerfeld \u00e0 Paris","publisher":{"@id":"https:\/\/librairie7l.com\/en\/#organization"},"potentialAction":[{"@type":"SearchAction","target":{"@type":"EntryPoint","urlTemplate":"https:\/\/librairie7l.com\/en\/?s={search_term_string}"},"query-input":"required name=search_term_string"}],"inLanguage":"en-US"},{"@type":"Organization","@id":"https:\/\/librairie7l.com\/en\/#organization","name":"Librairie 7L","url":"https:\/\/librairie7l.com\/en\/","logo":{"@type":"ImageObject","inLanguage":"en-US","@id":"https:\/\/librairie7l.com\/en\/#\/schema\/logo\/image\/","url":"https:\/\/librairie7l.com\/wp-content\/uploads\/2022\/08\/logo-1.png","contentUrl":"https:\/\/librairie7l.com\/wp-content\/uploads\/2022\/08\/logo-1.png","width":227,"height":301,"caption":"Librairie 7L"},"image":{"@id":"https:\/\/librairie7l.com\/en\/#\/schema\/logo\/image\/"}}]}},"_links":{"self":[{"href":"https:\/\/librairie7l.com\/en\/wp-json\/wp\/v2\/product\/45272"}],"collection":[{"href":"https:\/\/librairie7l.com\/en\/wp-json\/wp\/v2\/product"}],"about":[{"href":"https:\/\/librairie7l.com\/en\/wp-json\/wp\/v2\/types\/product"}],"wp:featuredmedia":[{"embeddable":true,"href":"https:\/\/librairie7l.com\/en\/wp-json\/wp\/v2\/media\/45270"}],"wp:attachment":[{"href":"https:\/\/librairie7l.com\/en\/wp-json\/wp\/v2\/media?parent=45272"}],"wp:term":[{"taxonomy":"product_cat","embeddable":true,"href":"https:\/\/librairie7l.com\/en\/wp-json\/wp\/v2\/product_cat?post=45272"},{"taxonomy":"product_tag","embeddable":true,"href":"https:\/\/librairie7l.com\/en\/wp-json\/wp\/v2\/product_tag?post=45272"}],"curies":[{"name":"wp","href":"https:\/\/api.w.org\/{rel}","templated":true}]}}