{"id":45276,"date":"2024-12-22T18:52:36","date_gmt":"2024-12-22T17:52:36","guid":{"rendered":"https:\/\/librairie7l.com\/?post_type=product&#038;p=45276"},"modified":"2026-04-21T15:15:41","modified_gmt":"2026-04-21T13:15:41","slug":"la-civilisation-de-lamour-lamour-pour-dieu-et-pour-lhomme-en-vue-de-dieu-2","status":"publish","type":"product","link":"https:\/\/librairie7l.com\/en\/produit\/la-civilisation-de-lamour-lamour-pour-dieu-et-pour-lhomme-en-vue-de-dieu-2\/","title":{"rendered":"LA CIVILISATION DE L&#8217;AMOUR : L&#8217;AMOUR POUR DIEU ET POUR L&#8217;HOMME EN VUE DE DIEU"},"content":{"rendered":"<p>Se fondant sur la Civilisation de l&#8217;Amour, Enseignement ancr\u00e9 dans la Doctrine Sociale de l&#8217;\u00c9glise Catholique<br \/>\nUniverselle, l&#8217;auteur de cet essai est convaincu qu&#8217;au-del\u00e0<br \/>\ndu fait que les la\u00efcs catholiques soient invit\u00e9s \u00e0 s&#8217;impr\u00e9gner de cet<br \/>\nEnseignement dans la gestion de la cit\u00e9 temporelle, tout \u00eatre humain, quel qu&#8217;il soit, homme ou femme, diplomate, ouvrier, juriste<br \/>\nou \u00e9conomiste, Japonais ou Br\u00e9silien, gauchiste ou \u00e9cologiste, hindouiste ou pentec\u00f4tiste, etc., est appel\u00e9, en tant que cr\u00e9ature<br \/>\nd&#8217;un Dieu unique, \u00e0 faire sienne cette Civilisation de l&#8217;Amour. En effet, tous les hommes sont cr\u00e9\u00e9s \u00e0 l&#8217;image, ainsi qu&#8217;\u00e0 la<br \/>\nressemblance de Dieu. Ce Dieu est donc un Dieu Amour.<br \/>\nEt se forgeant sur la pl\u00e9nitude de Son amour, l&#8217;homme est invit\u00e9 \u00e0<br \/>\nd\u00e9ployer dans la soci\u00e9t\u00e9 humaine, qui est appel\u00e9e \u00e0 devenir une soci\u00e9t\u00e9 charitable, la libert\u00e9 qu&#8217;Il lui accorde, puisque cette<br \/>\nlibert\u00e9 repr\u00e9sente l&#8217;unique libert\u00e9 \u00e0 m\u00eame de faire de l&#8217;homme un homme amour.<\/p>\n","protected":false},"excerpt":{"rendered":"<p>Se fondant sur la Civilisation de l&#8217;Amour, Enseignement ancr\u00e9 dans la Doctrine Sociale de l&#8217;\u00c9glise Catholique Universelle, l&#8217;auteur de cet essai est convaincu qu&#8217;au-del\u00e0 du fait que les la\u00efcs catholiques soient invit\u00e9s \u00e0 s&#8217;impr\u00e9gner de cet Enseignement dans la gestion de la cit\u00e9 temporelle, tout \u00eatre humain, quel qu&#8217;il soit, homme ou femme, diplomate, ouvrier, [&hellip;]<\/p>\n","protected":false},"featured_media":45274,"template":"","meta":[],"product_cat":[7364,2948],"product_tag":[],"acf":[],"yoast_head":"<!-- This site is optimized with the Yoast SEO plugin v20.11 - https:\/\/yoast.com\/wordpress\/plugins\/seo\/ -->\n<title>La civilisation de l&#039;Amour : L&#039;amour pour Dieu et pour l&#039;homme en vue de Dieu - Librairie 7L<\/title>\n<meta name=\"robots\" content=\"index, follow, max-snippet:-1, max-image-preview:large, max-video-preview:-1\" \/>\n<link rel=\"canonical\" href=\"https:\/\/librairie7l.com\/en\/produit\/la-civilisation-de-lamour-lamour-pour-dieu-et-pour-lhomme-en-vue-de-dieu-2\/\" \/>\n<meta property=\"og:locale\" content=\"en_US\" \/>\n<meta property=\"og:type\" content=\"article\" \/>\n<meta property=\"og:title\" content=\"La civilisation de l&#039;Amour : L&#039;amour pour Dieu et pour l&#039;homme en vue de Dieu - Librairie 7L\" \/>\n<meta property=\"og:description\" content=\"Se fondant sur la Civilisation de l&#8217;Amour, Enseignement ancr\u00e9 dans la Doctrine Sociale de l&#8217;\u00c9glise Catholique Universelle, l&#8217;auteur de cet essai est convaincu qu&#8217;au-del\u00e0 du fait que les la\u00efcs catholiques soient invit\u00e9s \u00e0 s&#8217;impr\u00e9gner de cet Enseignement dans la gestion de la cit\u00e9 temporelle, tout \u00eatre humain, quel qu&#8217;il soit, homme ou femme, diplomate, ouvrier, [&hellip;]\" \/>\n<meta property=\"og:url\" content=\"https:\/\/librairie7l.com\/en\/produit\/la-civilisation-de-lamour-lamour-pour-dieu-et-pour-lhomme-en-vue-de-dieu-2\/\" \/>\n<meta property=\"og:site_name\" content=\"Librairie 7L\" \/>\n<meta property=\"article:modified_time\" content=\"2026-04-21T13:15:41+00:00\" \/>\n<meta property=\"og:image\" content=\"https:\/\/librairie7l.com\/wp-content\/uploads\/2024\/06\/9782385223304_1_75.jpg\" \/>\n\t<meta property=\"og:image:width\" content=\"600\" \/>\n\t<meta property=\"og:image:height\" content=\"953\" \/>\n\t<meta property=\"og:image:type\" content=\"image\/jpeg\" \/>\n<meta name=\"twitter:card\" content=\"summary_large_image\" \/>\n<meta name=\"twitter:label1\" content=\"Est. reading time\" \/>\n\t<meta name=\"twitter:data1\" content=\"1 minute\" \/>\n<script type=\"application\/ld+json\" class=\"yoast-schema-graph\">{\"@context\":\"https:\/\/schema.org\",\"@graph\":[{\"@type\":\"WebPage\",\"@id\":\"https:\/\/librairie7l.com\/en\/produit\/la-civilisation-de-lamour-lamour-pour-dieu-et-pour-lhomme-en-vue-de-dieu-2\/\",\"url\":\"https:\/\/librairie7l.com\/en\/produit\/la-civilisation-de-lamour-lamour-pour-dieu-et-pour-lhomme-en-vue-de-dieu-2\/\",\"name\":\"La civilisation de l'Amour : L'amour pour Dieu et pour l'homme en vue de Dieu - Librairie 7L\",\"isPartOf\":{\"@id\":\"https:\/\/librairie7l.com\/en\/#website\"},\"datePublished\":\"2024-12-22T17:52:36+00:00\",\"dateModified\":\"2026-04-21T13:15:41+00:00\",\"breadcrumb\":{\"@id\":\"https:\/\/librairie7l.com\/en\/produit\/la-civilisation-de-lamour-lamour-pour-dieu-et-pour-lhomme-en-vue-de-dieu-2\/#breadcrumb\"},\"inLanguage\":\"en-US\",\"potentialAction\":[{\"@type\":\"ReadAction\",\"target\":[\"https:\/\/librairie7l.com\/en\/produit\/la-civilisation-de-lamour-lamour-pour-dieu-et-pour-lhomme-en-vue-de-dieu-2\/\"]}]},{\"@type\":\"BreadcrumbList\",\"@id\":\"https:\/\/librairie7l.com\/en\/produit\/la-civilisation-de-lamour-lamour-pour-dieu-et-pour-lhomme-en-vue-de-dieu-2\/#breadcrumb\",\"itemListElement\":[{\"@type\":\"ListItem\",\"position\":1,\"name\":\"Accueil\",\"item\":\"https:\/\/librairie7l.com\/en\/\"},{\"@type\":\"ListItem\",\"position\":2,\"name\":\"Shop\",\"item\":\"https:\/\/librairie7l.com\/en\/shop\/\"},{\"@type\":\"ListItem\",\"position\":3,\"name\":\"LA CIVILISATION DE L&#8217;AMOUR : L&#8217;AMOUR POUR DIEU ET POUR L&#8217;HOMME EN VUE DE DIEU\"}]},{\"@type\":\"WebSite\",\"@id\":\"https:\/\/librairie7l.com\/en\/#website\",\"url\":\"https:\/\/librairie7l.com\/en\/\",\"name\":\"Librairie 7L\",\"description\":\"Librairie fond\u00e9e en 1999 par Karl Lagerfeld \u00e0 Paris\",\"publisher\":{\"@id\":\"https:\/\/librairie7l.com\/en\/#organization\"},\"potentialAction\":[{\"@type\":\"SearchAction\",\"target\":{\"@type\":\"EntryPoint\",\"urlTemplate\":\"https:\/\/librairie7l.com\/en\/?s={search_term_string}\"},\"query-input\":\"required name=search_term_string\"}],\"inLanguage\":\"en-US\"},{\"@type\":\"Organization\",\"@id\":\"https:\/\/librairie7l.com\/en\/#organization\",\"name\":\"Librairie 7L\",\"url\":\"https:\/\/librairie7l.com\/en\/\",\"logo\":{\"@type\":\"ImageObject\",\"inLanguage\":\"en-US\",\"@id\":\"https:\/\/librairie7l.com\/en\/#\/schema\/logo\/image\/\",\"url\":\"https:\/\/librairie7l.com\/wp-content\/uploads\/2022\/08\/logo-1.png\",\"contentUrl\":\"https:\/\/librairie7l.com\/wp-content\/uploads\/2022\/08\/logo-1.png\",\"width\":227,\"height\":301,\"caption\":\"Librairie 7L\"},\"image\":{\"@id\":\"https:\/\/librairie7l.com\/en\/#\/schema\/logo\/image\/\"}}]}<\/script>\n<!-- \/ Yoast SEO plugin. -->","yoast_head_json":{"title":"La civilisation de l'Amour : L'amour pour Dieu et pour l'homme en vue de Dieu - Librairie 7L","robots":{"index":"index","follow":"follow","max-snippet":"max-snippet:-1","max-image-preview":"max-image-preview:large","max-video-preview":"max-video-preview:-1"},"canonical":"https:\/\/librairie7l.com\/en\/produit\/la-civilisation-de-lamour-lamour-pour-dieu-et-pour-lhomme-en-vue-de-dieu-2\/","og_locale":"en_US","og_type":"article","og_title":"La civilisation de l'Amour : L'amour pour Dieu et pour l'homme en vue de Dieu - Librairie 7L","og_description":"Se fondant sur la Civilisation de l&#8217;Amour, Enseignement ancr\u00e9 dans la Doctrine Sociale de l&#8217;\u00c9glise Catholique Universelle, l&#8217;auteur de cet essai est convaincu qu&#8217;au-del\u00e0 du fait que les la\u00efcs catholiques soient invit\u00e9s \u00e0 s&#8217;impr\u00e9gner de cet Enseignement dans la gestion de la cit\u00e9 temporelle, tout \u00eatre humain, quel qu&#8217;il soit, homme ou femme, diplomate, ouvrier, [&hellip;]","og_url":"https:\/\/librairie7l.com\/en\/produit\/la-civilisation-de-lamour-lamour-pour-dieu-et-pour-lhomme-en-vue-de-dieu-2\/","og_site_name":"Librairie 7L","article_modified_time":"2026-04-21T13:15:41+00:00","og_image":[{"width":600,"height":953,"url":"https:\/\/librairie7l.com\/wp-content\/uploads\/2024\/06\/9782385223304_1_75.jpg","type":"image\/jpeg"}],"twitter_card":"summary_large_image","twitter_misc":{"Est. reading time":"1 minute"},"schema":{"@context":"https:\/\/schema.org","@graph":[{"@type":"WebPage","@id":"https:\/\/librairie7l.com\/en\/produit\/la-civilisation-de-lamour-lamour-pour-dieu-et-pour-lhomme-en-vue-de-dieu-2\/","url":"https:\/\/librairie7l.com\/en\/produit\/la-civilisation-de-lamour-lamour-pour-dieu-et-pour-lhomme-en-vue-de-dieu-2\/","name":"La civilisation de l'Amour : L'amour pour Dieu et pour l'homme en vue de Dieu - Librairie 7L","isPartOf":{"@id":"https:\/\/librairie7l.com\/en\/#website"},"datePublished":"2024-12-22T17:52:36+00:00","dateModified":"2026-04-21T13:15:41+00:00","breadcrumb":{"@id":"https:\/\/librairie7l.com\/en\/produit\/la-civilisation-de-lamour-lamour-pour-dieu-et-pour-lhomme-en-vue-de-dieu-2\/#breadcrumb"},"inLanguage":"en-US","potentialAction":[{"@type":"ReadAction","target":["https:\/\/librairie7l.com\/en\/produit\/la-civilisation-de-lamour-lamour-pour-dieu-et-pour-lhomme-en-vue-de-dieu-2\/"]}]},{"@type":"BreadcrumbList","@id":"https:\/\/librairie7l.com\/en\/produit\/la-civilisation-de-lamour-lamour-pour-dieu-et-pour-lhomme-en-vue-de-dieu-2\/#breadcrumb","itemListElement":[{"@type":"ListItem","position":1,"name":"Accueil","item":"https:\/\/librairie7l.com\/en\/"},{"@type":"ListItem","position":2,"name":"Shop","item":"https:\/\/librairie7l.com\/en\/shop\/"},{"@type":"ListItem","position":3,"name":"LA CIVILISATION DE L&#8217;AMOUR : L&#8217;AMOUR POUR DIEU ET POUR L&#8217;HOMME EN VUE DE DIEU"}]},{"@type":"WebSite","@id":"https:\/\/librairie7l.com\/en\/#website","url":"https:\/\/librairie7l.com\/en\/","name":"Librairie 7L","description":"Librairie fond\u00e9e en 1999 par Karl Lagerfeld \u00e0 Paris","publisher":{"@id":"https:\/\/librairie7l.com\/en\/#organization"},"potentialAction":[{"@type":"SearchAction","target":{"@type":"EntryPoint","urlTemplate":"https:\/\/librairie7l.com\/en\/?s={search_term_string}"},"query-input":"required name=search_term_string"}],"inLanguage":"en-US"},{"@type":"Organization","@id":"https:\/\/librairie7l.com\/en\/#organization","name":"Librairie 7L","url":"https:\/\/librairie7l.com\/en\/","logo":{"@type":"ImageObject","inLanguage":"en-US","@id":"https:\/\/librairie7l.com\/en\/#\/schema\/logo\/image\/","url":"https:\/\/librairie7l.com\/wp-content\/uploads\/2022\/08\/logo-1.png","contentUrl":"https:\/\/librairie7l.com\/wp-content\/uploads\/2022\/08\/logo-1.png","width":227,"height":301,"caption":"Librairie 7L"},"image":{"@id":"https:\/\/librairie7l.com\/en\/#\/schema\/logo\/image\/"}}]}},"_links":{"self":[{"href":"https:\/\/librairie7l.com\/en\/wp-json\/wp\/v2\/product\/45276"}],"collection":[{"href":"https:\/\/librairie7l.com\/en\/wp-json\/wp\/v2\/product"}],"about":[{"href":"https:\/\/librairie7l.com\/en\/wp-json\/wp\/v2\/types\/product"}],"wp:featuredmedia":[{"embeddable":true,"href":"https:\/\/librairie7l.com\/en\/wp-json\/wp\/v2\/media\/45274"}],"wp:attachment":[{"href":"https:\/\/librairie7l.com\/en\/wp-json\/wp\/v2\/media?parent=45276"}],"wp:term":[{"taxonomy":"product_cat","embeddable":true,"href":"https:\/\/librairie7l.com\/en\/wp-json\/wp\/v2\/product_cat?post=45276"},{"taxonomy":"product_tag","embeddable":true,"href":"https:\/\/librairie7l.com\/en\/wp-json\/wp\/v2\/product_tag?post=45276"}],"curies":[{"name":"wp","href":"https:\/\/api.w.org\/{rel}","templated":true}]}}