{"id":45294,"date":"2024-12-29T16:12:36","date_gmt":"2024-12-29T15:12:36","guid":{"rendered":"https:\/\/librairie7l.com\/?post_type=product&#038;p=45294"},"modified":"2026-04-21T04:06:30","modified_gmt":"2026-04-21T02:06:30","slug":"parce-que-2","status":"publish","type":"product","link":"https:\/\/librairie7l.com\/en\/produit\/parce-que-2\/","title":{"rendered":"PARCE QUE&#8230;"},"content":{"rendered":"<p>Cette nouvelle \u00e9dition est augment\u00e9e de 6 nouvelles histoires ainsi que de 7 nouvelles photographies.<br \/>\nEn juillet 1985, Sophie Calle a \u00e9t\u00e9 invit\u00e9e, ainsi qu&#8217;Herv\u00e9 Guibert, Jacques Monory et Denis Roche, \u00e0 projeter et commenter mes photographies au Th\u00e9\u00e2tre antique d&#8217;Arles. Denis Roche cl\u00f4turait le programme avec une merveilleuse id\u00e9e. Dans l&#8217;obscurit\u00e9, il racontait les instants qui pr\u00e9c\u00e9daient sa d\u00e9cision de prendre une photo, puis il montrait l&#8217;image le temps d&#8217;un d\u00e9clic &#8220;. C&#8217;est par ce r\u00e9cit, D\u00e9clic, le d\u00e9clic de l&#8217;appareil photo aussi bien que celui du cerveau dans lequel l&#8217;id\u00e9e surgit, que Sophie Calle ouvre Parce que. Comme Denis Roche, elle entreprend d&#8217;y raconter la raison, ou du moins une raison, qui l&#8217;a pouss\u00e9e \u00e0 appuyer sur le d\u00e9clencheur. Inversant ainsi le rapport de primaut\u00e9 naturel entre une image et les mots qui l&#8217;accompagnent,<br \/>\nSophie Calle soul\u00e8ve une r\u00e9flexion sur l&#8217;influence que peuvent avoir ces derniers sur notre r\u00e9ception de la photographie. Celle-ci ne se r\u00e9v\u00e8le d&#8217;ailleurs qu&#8217;a posteriori, dissimul\u00e9e dans l&#8217;interstice de la reliure \u00e0 la japonaise. Loin de se r\u00e9duire \u00e0 de simples l\u00e9gendes, ces mots &#8211; une pens\u00e9e, un r\u00e9cit ou une interrogation &#8211; n&#8217;adh\u00e8rent pas de mani\u00e8re conforme \u00e0 l&#8217;image qui les accompagne : ils marquent, au contraire, un fort contraste avec elle, le plus souvent avec malice, parfois avec nostalgie.<br \/>\nSophie Calle signe ainsi un ouvrage \u00e0 la conception originale, qui s&#8217;inscrit dans la continuit\u00e9 de son oeuvre impertinente et po\u00e9tique.<\/p>\n","protected":false},"excerpt":{"rendered":"<p>Cette nouvelle \u00e9dition est augment\u00e9e de 6 nouvelles histoires ainsi que de 7 nouvelles photographies. En juillet 1985, Sophie Calle a \u00e9t\u00e9 invit\u00e9e, ainsi qu&#8217;Herv\u00e9 Guibert, Jacques Monory et Denis Roche, \u00e0 projeter et commenter mes photographies au Th\u00e9\u00e2tre antique d&#8217;Arles. Denis Roche cl\u00f4turait le programme avec une merveilleuse id\u00e9e. Dans l&#8217;obscurit\u00e9, il racontait les [&hellip;]<\/p>\n","protected":false},"featured_media":45292,"template":"","meta":[],"product_cat":[7364,2948],"product_tag":[],"acf":[],"yoast_head":"<!-- This site is optimized with the Yoast SEO plugin v20.11 - https:\/\/yoast.com\/wordpress\/plugins\/seo\/ -->\n<title>Parce que... - Librairie 7L<\/title>\n<meta name=\"robots\" content=\"index, follow, max-snippet:-1, max-image-preview:large, max-video-preview:-1\" \/>\n<link rel=\"canonical\" href=\"https:\/\/librairie7l.com\/en\/produit\/parce-que-2\/\" \/>\n<meta property=\"og:locale\" content=\"en_US\" \/>\n<meta property=\"og:type\" content=\"article\" \/>\n<meta property=\"og:title\" content=\"Parce que... - Librairie 7L\" \/>\n<meta property=\"og:description\" content=\"Cette nouvelle \u00e9dition est augment\u00e9e de 6 nouvelles histoires ainsi que de 7 nouvelles photographies. En juillet 1985, Sophie Calle a \u00e9t\u00e9 invit\u00e9e, ainsi qu&#8217;Herv\u00e9 Guibert, Jacques Monory et Denis Roche, \u00e0 projeter et commenter mes photographies au Th\u00e9\u00e2tre antique d&#8217;Arles. Denis Roche cl\u00f4turait le programme avec une merveilleuse id\u00e9e. Dans l&#8217;obscurit\u00e9, il racontait les [&hellip;]\" \/>\n<meta property=\"og:url\" content=\"https:\/\/librairie7l.com\/en\/produit\/parce-que-2\/\" \/>\n<meta property=\"og:site_name\" content=\"Librairie 7L\" \/>\n<meta property=\"article:modified_time\" content=\"2026-04-21T02:06:30+00:00\" \/>\n<meta property=\"og:image\" content=\"https:\/\/librairie7l.com\/wp-content\/uploads\/2024\/06\/9782365114080_1_75.jpg\" \/>\n\t<meta property=\"og:image:width\" content=\"400\" \/>\n\t<meta property=\"og:image:height\" content=\"566\" \/>\n\t<meta property=\"og:image:type\" content=\"image\/jpeg\" \/>\n<meta name=\"twitter:card\" content=\"summary_large_image\" \/>\n<meta name=\"twitter:label1\" content=\"Est. reading time\" \/>\n\t<meta name=\"twitter:data1\" content=\"1 minute\" \/>\n<script type=\"application\/ld+json\" class=\"yoast-schema-graph\">{\"@context\":\"https:\/\/schema.org\",\"@graph\":[{\"@type\":\"WebPage\",\"@id\":\"https:\/\/librairie7l.com\/en\/produit\/parce-que-2\/\",\"url\":\"https:\/\/librairie7l.com\/en\/produit\/parce-que-2\/\",\"name\":\"Parce que... - Librairie 7L\",\"isPartOf\":{\"@id\":\"https:\/\/librairie7l.com\/en\/#website\"},\"datePublished\":\"2024-12-29T15:12:36+00:00\",\"dateModified\":\"2026-04-21T02:06:30+00:00\",\"breadcrumb\":{\"@id\":\"https:\/\/librairie7l.com\/en\/produit\/parce-que-2\/#breadcrumb\"},\"inLanguage\":\"en-US\",\"potentialAction\":[{\"@type\":\"ReadAction\",\"target\":[\"https:\/\/librairie7l.com\/en\/produit\/parce-que-2\/\"]}]},{\"@type\":\"BreadcrumbList\",\"@id\":\"https:\/\/librairie7l.com\/en\/produit\/parce-que-2\/#breadcrumb\",\"itemListElement\":[{\"@type\":\"ListItem\",\"position\":1,\"name\":\"Accueil\",\"item\":\"https:\/\/librairie7l.com\/en\/\"},{\"@type\":\"ListItem\",\"position\":2,\"name\":\"Shop\",\"item\":\"https:\/\/librairie7l.com\/en\/shop\/\"},{\"@type\":\"ListItem\",\"position\":3,\"name\":\"PARCE QUE&#8230;\"}]},{\"@type\":\"WebSite\",\"@id\":\"https:\/\/librairie7l.com\/en\/#website\",\"url\":\"https:\/\/librairie7l.com\/en\/\",\"name\":\"Librairie 7L\",\"description\":\"Librairie fond\u00e9e en 1999 par Karl Lagerfeld \u00e0 Paris\",\"publisher\":{\"@id\":\"https:\/\/librairie7l.com\/en\/#organization\"},\"potentialAction\":[{\"@type\":\"SearchAction\",\"target\":{\"@type\":\"EntryPoint\",\"urlTemplate\":\"https:\/\/librairie7l.com\/en\/?s={search_term_string}\"},\"query-input\":\"required name=search_term_string\"}],\"inLanguage\":\"en-US\"},{\"@type\":\"Organization\",\"@id\":\"https:\/\/librairie7l.com\/en\/#organization\",\"name\":\"Librairie 7L\",\"url\":\"https:\/\/librairie7l.com\/en\/\",\"logo\":{\"@type\":\"ImageObject\",\"inLanguage\":\"en-US\",\"@id\":\"https:\/\/librairie7l.com\/en\/#\/schema\/logo\/image\/\",\"url\":\"https:\/\/librairie7l.com\/wp-content\/uploads\/2022\/08\/logo-1.png\",\"contentUrl\":\"https:\/\/librairie7l.com\/wp-content\/uploads\/2022\/08\/logo-1.png\",\"width\":227,\"height\":301,\"caption\":\"Librairie 7L\"},\"image\":{\"@id\":\"https:\/\/librairie7l.com\/en\/#\/schema\/logo\/image\/\"}}]}<\/script>\n<!-- \/ Yoast SEO plugin. -->","yoast_head_json":{"title":"Parce que... - Librairie 7L","robots":{"index":"index","follow":"follow","max-snippet":"max-snippet:-1","max-image-preview":"max-image-preview:large","max-video-preview":"max-video-preview:-1"},"canonical":"https:\/\/librairie7l.com\/en\/produit\/parce-que-2\/","og_locale":"en_US","og_type":"article","og_title":"Parce que... - Librairie 7L","og_description":"Cette nouvelle \u00e9dition est augment\u00e9e de 6 nouvelles histoires ainsi que de 7 nouvelles photographies. En juillet 1985, Sophie Calle a \u00e9t\u00e9 invit\u00e9e, ainsi qu&#8217;Herv\u00e9 Guibert, Jacques Monory et Denis Roche, \u00e0 projeter et commenter mes photographies au Th\u00e9\u00e2tre antique d&#8217;Arles. Denis Roche cl\u00f4turait le programme avec une merveilleuse id\u00e9e. Dans l&#8217;obscurit\u00e9, il racontait les [&hellip;]","og_url":"https:\/\/librairie7l.com\/en\/produit\/parce-que-2\/","og_site_name":"Librairie 7L","article_modified_time":"2026-04-21T02:06:30+00:00","og_image":[{"width":400,"height":566,"url":"https:\/\/librairie7l.com\/wp-content\/uploads\/2024\/06\/9782365114080_1_75.jpg","type":"image\/jpeg"}],"twitter_card":"summary_large_image","twitter_misc":{"Est. reading time":"1 minute"},"schema":{"@context":"https:\/\/schema.org","@graph":[{"@type":"WebPage","@id":"https:\/\/librairie7l.com\/en\/produit\/parce-que-2\/","url":"https:\/\/librairie7l.com\/en\/produit\/parce-que-2\/","name":"Parce que... - Librairie 7L","isPartOf":{"@id":"https:\/\/librairie7l.com\/en\/#website"},"datePublished":"2024-12-29T15:12:36+00:00","dateModified":"2026-04-21T02:06:30+00:00","breadcrumb":{"@id":"https:\/\/librairie7l.com\/en\/produit\/parce-que-2\/#breadcrumb"},"inLanguage":"en-US","potentialAction":[{"@type":"ReadAction","target":["https:\/\/librairie7l.com\/en\/produit\/parce-que-2\/"]}]},{"@type":"BreadcrumbList","@id":"https:\/\/librairie7l.com\/en\/produit\/parce-que-2\/#breadcrumb","itemListElement":[{"@type":"ListItem","position":1,"name":"Accueil","item":"https:\/\/librairie7l.com\/en\/"},{"@type":"ListItem","position":2,"name":"Shop","item":"https:\/\/librairie7l.com\/en\/shop\/"},{"@type":"ListItem","position":3,"name":"PARCE QUE&#8230;"}]},{"@type":"WebSite","@id":"https:\/\/librairie7l.com\/en\/#website","url":"https:\/\/librairie7l.com\/en\/","name":"Librairie 7L","description":"Librairie fond\u00e9e en 1999 par Karl Lagerfeld \u00e0 Paris","publisher":{"@id":"https:\/\/librairie7l.com\/en\/#organization"},"potentialAction":[{"@type":"SearchAction","target":{"@type":"EntryPoint","urlTemplate":"https:\/\/librairie7l.com\/en\/?s={search_term_string}"},"query-input":"required name=search_term_string"}],"inLanguage":"en-US"},{"@type":"Organization","@id":"https:\/\/librairie7l.com\/en\/#organization","name":"Librairie 7L","url":"https:\/\/librairie7l.com\/en\/","logo":{"@type":"ImageObject","inLanguage":"en-US","@id":"https:\/\/librairie7l.com\/en\/#\/schema\/logo\/image\/","url":"https:\/\/librairie7l.com\/wp-content\/uploads\/2022\/08\/logo-1.png","contentUrl":"https:\/\/librairie7l.com\/wp-content\/uploads\/2022\/08\/logo-1.png","width":227,"height":301,"caption":"Librairie 7L"},"image":{"@id":"https:\/\/librairie7l.com\/en\/#\/schema\/logo\/image\/"}}]}},"_links":{"self":[{"href":"https:\/\/librairie7l.com\/en\/wp-json\/wp\/v2\/product\/45294"}],"collection":[{"href":"https:\/\/librairie7l.com\/en\/wp-json\/wp\/v2\/product"}],"about":[{"href":"https:\/\/librairie7l.com\/en\/wp-json\/wp\/v2\/types\/product"}],"wp:featuredmedia":[{"embeddable":true,"href":"https:\/\/librairie7l.com\/en\/wp-json\/wp\/v2\/media\/45292"}],"wp:attachment":[{"href":"https:\/\/librairie7l.com\/en\/wp-json\/wp\/v2\/media?parent=45294"}],"wp:term":[{"taxonomy":"product_cat","embeddable":true,"href":"https:\/\/librairie7l.com\/en\/wp-json\/wp\/v2\/product_cat?post=45294"},{"taxonomy":"product_tag","embeddable":true,"href":"https:\/\/librairie7l.com\/en\/wp-json\/wp\/v2\/product_tag?post=45294"}],"curies":[{"name":"wp","href":"https:\/\/api.w.org\/{rel}","templated":true}]}}