{"id":45310,"date":"2024-12-29T22:20:31","date_gmt":"2024-12-29T21:20:31","guid":{"rendered":"https:\/\/librairie7l.com\/?post_type=product&#038;p=45310"},"modified":"2026-04-17T08:07:05","modified_gmt":"2026-04-17T06:07:05","slug":"etienne-hajdu-2","status":"publish","type":"product","link":"https:\/\/librairie7l.com\/en\/produit\/etienne-hajdu-2\/","title":{"rendered":"ETIENNE HAJDU"},"content":{"rendered":"<p>N\u00e9 en Transylvanie en 1907, Etienne Hajdu d\u00e9m\u00e9nage \u00e0 Paris pour ses \u00e9tudes et en 1927 il devient l&#8217;\u00e9l\u00e8ve d&#8217;Antoine Bourdelle \u00e0 l&#8217;Acad\u00e9mie de la Grande Chaumi\u00e8re. Il parcourt \u00e0 bicyclette la France des \u00e9glises romanes et gothiques. L&#8217;abstraction appara\u00eet dans son oeuvre d\u00e8s 1932-1934 mais c&#8217;est \u00e0 partir des ann\u00e9es 1950 qu&#8217;il cr\u00e9e son style particulier, relevant de la nouvelle \u00c9cole de Paris : il r\u00e9alise des sculptures, bas-reliefs et hauts-reliefs en bois, marbre et onyx, bronze et plomb, aluminium et cuivre, ainsi que des \u00abestampilles\u00bb sur papier. En 1939, il fait ses d\u00e9buts \u00e0 la galerie Jeanne Bucher, aux c\u00f4t\u00e9s de Szenes et Vieira da Silva. Cet ouvrage est la catalogue de son exposition au mus\u00e9e de V\u00e9zelay. Outre les nombreuses reproductions, il rassemble des articles de la revue Cahiers d&#8217;Art de 1953 et de 1956-1957, reproduites ici en facsimil\u00e9, ainsi que des pages de la revue Melpo de 1949 dedi\u00e9es au sculpteur et des lettres entre Etienne Hajdu et Christian Zervos.<\/p>\n","protected":false},"excerpt":{"rendered":"<p>N\u00e9 en Transylvanie en 1907, Etienne Hajdu d\u00e9m\u00e9nage \u00e0 Paris pour ses \u00e9tudes et en 1927 il devient l&#8217;\u00e9l\u00e8ve d&#8217;Antoine Bourdelle \u00e0 l&#8217;Acad\u00e9mie de la Grande Chaumi\u00e8re. Il parcourt \u00e0 bicyclette la France des \u00e9glises romanes et gothiques. L&#8217;abstraction appara\u00eet dans son oeuvre d\u00e8s 1932-1934 mais c&#8217;est \u00e0 partir des ann\u00e9es 1950 qu&#8217;il cr\u00e9e son [&hellip;]<\/p>\n","protected":false},"featured_media":45308,"template":"","meta":[],"product_cat":[7364,2948],"product_tag":[],"acf":[],"yoast_head":"<!-- This site is optimized with the Yoast SEO plugin v20.11 - https:\/\/yoast.com\/wordpress\/plugins\/seo\/ -->\n<title>Etienne Hajdu - Librairie 7L<\/title>\n<meta name=\"robots\" content=\"index, follow, max-snippet:-1, max-image-preview:large, max-video-preview:-1\" \/>\n<link rel=\"canonical\" href=\"https:\/\/librairie7l.com\/en\/produit\/etienne-hajdu-2\/\" \/>\n<meta property=\"og:locale\" content=\"en_US\" \/>\n<meta property=\"og:type\" content=\"article\" \/>\n<meta property=\"og:title\" content=\"Etienne Hajdu - Librairie 7L\" \/>\n<meta property=\"og:description\" content=\"N\u00e9 en Transylvanie en 1907, Etienne Hajdu d\u00e9m\u00e9nage \u00e0 Paris pour ses \u00e9tudes et en 1927 il devient l&#8217;\u00e9l\u00e8ve d&#8217;Antoine Bourdelle \u00e0 l&#8217;Acad\u00e9mie de la Grande Chaumi\u00e8re. Il parcourt \u00e0 bicyclette la France des \u00e9glises romanes et gothiques. L&#8217;abstraction appara\u00eet dans son oeuvre d\u00e8s 1932-1934 mais c&#8217;est \u00e0 partir des ann\u00e9es 1950 qu&#8217;il cr\u00e9e son [&hellip;]\" \/>\n<meta property=\"og:url\" content=\"https:\/\/librairie7l.com\/en\/produit\/etienne-hajdu-2\/\" \/>\n<meta property=\"og:site_name\" content=\"Librairie 7L\" \/>\n<meta property=\"article:modified_time\" content=\"2026-04-17T06:07:05+00:00\" \/>\n<meta property=\"og:image\" content=\"https:\/\/librairie7l.com\/wp-content\/uploads\/2023\/07\/9782851173362_1_75.jpg\" \/>\n\t<meta property=\"og:image:width\" content=\"362\" \/>\n\t<meta property=\"og:image:height\" content=\"500\" \/>\n\t<meta property=\"og:image:type\" content=\"image\/jpeg\" \/>\n<meta name=\"twitter:card\" content=\"summary_large_image\" \/>\n<meta name=\"twitter:label1\" content=\"Est. reading time\" \/>\n\t<meta name=\"twitter:data1\" content=\"1 minute\" \/>\n<script type=\"application\/ld+json\" class=\"yoast-schema-graph\">{\"@context\":\"https:\/\/schema.org\",\"@graph\":[{\"@type\":\"WebPage\",\"@id\":\"https:\/\/librairie7l.com\/en\/produit\/etienne-hajdu-2\/\",\"url\":\"https:\/\/librairie7l.com\/en\/produit\/etienne-hajdu-2\/\",\"name\":\"Etienne Hajdu - Librairie 7L\",\"isPartOf\":{\"@id\":\"https:\/\/librairie7l.com\/en\/#website\"},\"datePublished\":\"2024-12-29T21:20:31+00:00\",\"dateModified\":\"2026-04-17T06:07:05+00:00\",\"breadcrumb\":{\"@id\":\"https:\/\/librairie7l.com\/en\/produit\/etienne-hajdu-2\/#breadcrumb\"},\"inLanguage\":\"en-US\",\"potentialAction\":[{\"@type\":\"ReadAction\",\"target\":[\"https:\/\/librairie7l.com\/en\/produit\/etienne-hajdu-2\/\"]}]},{\"@type\":\"BreadcrumbList\",\"@id\":\"https:\/\/librairie7l.com\/en\/produit\/etienne-hajdu-2\/#breadcrumb\",\"itemListElement\":[{\"@type\":\"ListItem\",\"position\":1,\"name\":\"Accueil\",\"item\":\"https:\/\/librairie7l.com\/en\/\"},{\"@type\":\"ListItem\",\"position\":2,\"name\":\"Shop\",\"item\":\"https:\/\/librairie7l.com\/en\/shop\/\"},{\"@type\":\"ListItem\",\"position\":3,\"name\":\"ETIENNE HAJDU\"}]},{\"@type\":\"WebSite\",\"@id\":\"https:\/\/librairie7l.com\/en\/#website\",\"url\":\"https:\/\/librairie7l.com\/en\/\",\"name\":\"Librairie 7L\",\"description\":\"Librairie fond\u00e9e en 1999 par Karl Lagerfeld \u00e0 Paris\",\"publisher\":{\"@id\":\"https:\/\/librairie7l.com\/en\/#organization\"},\"potentialAction\":[{\"@type\":\"SearchAction\",\"target\":{\"@type\":\"EntryPoint\",\"urlTemplate\":\"https:\/\/librairie7l.com\/en\/?s={search_term_string}\"},\"query-input\":\"required name=search_term_string\"}],\"inLanguage\":\"en-US\"},{\"@type\":\"Organization\",\"@id\":\"https:\/\/librairie7l.com\/en\/#organization\",\"name\":\"Librairie 7L\",\"url\":\"https:\/\/librairie7l.com\/en\/\",\"logo\":{\"@type\":\"ImageObject\",\"inLanguage\":\"en-US\",\"@id\":\"https:\/\/librairie7l.com\/en\/#\/schema\/logo\/image\/\",\"url\":\"https:\/\/librairie7l.com\/wp-content\/uploads\/2022\/08\/logo-1.png\",\"contentUrl\":\"https:\/\/librairie7l.com\/wp-content\/uploads\/2022\/08\/logo-1.png\",\"width\":227,\"height\":301,\"caption\":\"Librairie 7L\"},\"image\":{\"@id\":\"https:\/\/librairie7l.com\/en\/#\/schema\/logo\/image\/\"}}]}<\/script>\n<!-- \/ Yoast SEO plugin. -->","yoast_head_json":{"title":"Etienne Hajdu - Librairie 7L","robots":{"index":"index","follow":"follow","max-snippet":"max-snippet:-1","max-image-preview":"max-image-preview:large","max-video-preview":"max-video-preview:-1"},"canonical":"https:\/\/librairie7l.com\/en\/produit\/etienne-hajdu-2\/","og_locale":"en_US","og_type":"article","og_title":"Etienne Hajdu - Librairie 7L","og_description":"N\u00e9 en Transylvanie en 1907, Etienne Hajdu d\u00e9m\u00e9nage \u00e0 Paris pour ses \u00e9tudes et en 1927 il devient l&#8217;\u00e9l\u00e8ve d&#8217;Antoine Bourdelle \u00e0 l&#8217;Acad\u00e9mie de la Grande Chaumi\u00e8re. Il parcourt \u00e0 bicyclette la France des \u00e9glises romanes et gothiques. L&#8217;abstraction appara\u00eet dans son oeuvre d\u00e8s 1932-1934 mais c&#8217;est \u00e0 partir des ann\u00e9es 1950 qu&#8217;il cr\u00e9e son [&hellip;]","og_url":"https:\/\/librairie7l.com\/en\/produit\/etienne-hajdu-2\/","og_site_name":"Librairie 7L","article_modified_time":"2026-04-17T06:07:05+00:00","og_image":[{"width":362,"height":500,"url":"https:\/\/librairie7l.com\/wp-content\/uploads\/2023\/07\/9782851173362_1_75.jpg","type":"image\/jpeg"}],"twitter_card":"summary_large_image","twitter_misc":{"Est. reading time":"1 minute"},"schema":{"@context":"https:\/\/schema.org","@graph":[{"@type":"WebPage","@id":"https:\/\/librairie7l.com\/en\/produit\/etienne-hajdu-2\/","url":"https:\/\/librairie7l.com\/en\/produit\/etienne-hajdu-2\/","name":"Etienne Hajdu - Librairie 7L","isPartOf":{"@id":"https:\/\/librairie7l.com\/en\/#website"},"datePublished":"2024-12-29T21:20:31+00:00","dateModified":"2026-04-17T06:07:05+00:00","breadcrumb":{"@id":"https:\/\/librairie7l.com\/en\/produit\/etienne-hajdu-2\/#breadcrumb"},"inLanguage":"en-US","potentialAction":[{"@type":"ReadAction","target":["https:\/\/librairie7l.com\/en\/produit\/etienne-hajdu-2\/"]}]},{"@type":"BreadcrumbList","@id":"https:\/\/librairie7l.com\/en\/produit\/etienne-hajdu-2\/#breadcrumb","itemListElement":[{"@type":"ListItem","position":1,"name":"Accueil","item":"https:\/\/librairie7l.com\/en\/"},{"@type":"ListItem","position":2,"name":"Shop","item":"https:\/\/librairie7l.com\/en\/shop\/"},{"@type":"ListItem","position":3,"name":"ETIENNE HAJDU"}]},{"@type":"WebSite","@id":"https:\/\/librairie7l.com\/en\/#website","url":"https:\/\/librairie7l.com\/en\/","name":"Librairie 7L","description":"Librairie fond\u00e9e en 1999 par Karl Lagerfeld \u00e0 Paris","publisher":{"@id":"https:\/\/librairie7l.com\/en\/#organization"},"potentialAction":[{"@type":"SearchAction","target":{"@type":"EntryPoint","urlTemplate":"https:\/\/librairie7l.com\/en\/?s={search_term_string}"},"query-input":"required name=search_term_string"}],"inLanguage":"en-US"},{"@type":"Organization","@id":"https:\/\/librairie7l.com\/en\/#organization","name":"Librairie 7L","url":"https:\/\/librairie7l.com\/en\/","logo":{"@type":"ImageObject","inLanguage":"en-US","@id":"https:\/\/librairie7l.com\/en\/#\/schema\/logo\/image\/","url":"https:\/\/librairie7l.com\/wp-content\/uploads\/2022\/08\/logo-1.png","contentUrl":"https:\/\/librairie7l.com\/wp-content\/uploads\/2022\/08\/logo-1.png","width":227,"height":301,"caption":"Librairie 7L"},"image":{"@id":"https:\/\/librairie7l.com\/en\/#\/schema\/logo\/image\/"}}]}},"_links":{"self":[{"href":"https:\/\/librairie7l.com\/en\/wp-json\/wp\/v2\/product\/45310"}],"collection":[{"href":"https:\/\/librairie7l.com\/en\/wp-json\/wp\/v2\/product"}],"about":[{"href":"https:\/\/librairie7l.com\/en\/wp-json\/wp\/v2\/types\/product"}],"wp:featuredmedia":[{"embeddable":true,"href":"https:\/\/librairie7l.com\/en\/wp-json\/wp\/v2\/media\/45308"}],"wp:attachment":[{"href":"https:\/\/librairie7l.com\/en\/wp-json\/wp\/v2\/media?parent=45310"}],"wp:term":[{"taxonomy":"product_cat","embeddable":true,"href":"https:\/\/librairie7l.com\/en\/wp-json\/wp\/v2\/product_cat?post=45310"},{"taxonomy":"product_tag","embeddable":true,"href":"https:\/\/librairie7l.com\/en\/wp-json\/wp\/v2\/product_tag?post=45310"}],"curies":[{"name":"wp","href":"https:\/\/api.w.org\/{rel}","templated":true}]}}