{"id":45323,"date":"2024-12-31T17:41:56","date_gmt":"2024-12-31T16:41:56","guid":{"rendered":"https:\/\/librairie7l.com\/?post_type=product&#038;p=45323"},"modified":"2026-04-08T15:45:57","modified_gmt":"2026-04-08T13:45:57","slug":"a-travers-la-calabre-napoleonienne-2","status":"publish","type":"product","link":"https:\/\/librairie7l.com\/en\/produit\/a-travers-la-calabre-napoleonienne-2\/","title":{"rendered":"\u00c0 TRAVERS LA CALABRE NAPOL\u00c9ONIENNE"},"content":{"rendered":"<p>En 1811, l&#8217;arch\u00e9ologue Aubin-Louis Millin (1759-1818) part pour l&#8217;Italie, mandat\u00e9 par les autorit\u00e9s imp\u00e9riales pour inspecter les monuments de la p\u00e9ninsule d\u00e9sormais sous autorit\u00e9 fran\u00e7aise. Poussant bien au-del\u00e0 de Naples, il choisit d&#8217;explorer la Calabre o\u00f9 seule une poign\u00e9e de visiteurs a jusque-l\u00e0 fait quelques incursions.<br \/>\nPubli\u00e9es ici pour la premi\u00e8re fois, les notes de voyage consacr\u00e9es \u00e0 l&#8217;itin\u00e9raire de Naples \u00e0 Reggio de Calabre font d\u00e9couvrir au lecteur une r\u00e9gion qui porte encore les stigmates du terrible tremblement de terre de 1783. La faune, la flore, la gastronomie, les sociabilit\u00e9s y sont observ\u00e9es avec le m\u00eame soin que les ruines des cit\u00e9s antiques de la Magna Graecia ou les restes des cath\u00e9drales m\u00e9di\u00e9vales du royaume normand de Sicile.<br \/>\nPour la partie calabraise de son p\u00e9riple, Millin s&#8217;est assur\u00e9 les services du peintre allemand Franz-Ludwig Catel (1778-1856), charg\u00e9 de dessiner les paysages travers\u00e9s et de fournir des relev\u00e9s des monuments visit\u00e9s. Accompagnant le texte, un album offre la reproduction des quelque cent-soixante feuilles r\u00e9alis\u00e9es par Catel tout au long de l&#8217;exp\u00e9dition. Tr\u00e8s \u00e9labor\u00e9s ou rapidement trac\u00e9s, ces dessins sont parfois les uniques t\u00e9moignages de sites et de monuments disparus. Ils t\u00e9moignent aussi du talent d&#8217;un artiste qui, quelques ann\u00e9es plus tard, install\u00e9 \u00e0 Rome, conna\u00eetra le succ\u00e8s.<\/p>\n","protected":false},"excerpt":{"rendered":"<p>En 1811, l&#8217;arch\u00e9ologue Aubin-Louis Millin (1759-1818) part pour l&#8217;Italie, mandat\u00e9 par les autorit\u00e9s imp\u00e9riales pour inspecter les monuments de la p\u00e9ninsule d\u00e9sormais sous autorit\u00e9 fran\u00e7aise. Poussant bien au-del\u00e0 de Naples, il choisit d&#8217;explorer la Calabre o\u00f9 seule une poign\u00e9e de visiteurs a jusque-l\u00e0 fait quelques incursions. Publi\u00e9es ici pour la premi\u00e8re fois, les notes de [&hellip;]<\/p>\n","protected":false},"featured_media":45321,"template":"","meta":[],"product_cat":[7364,2948],"product_tag":[],"acf":[],"yoast_head":"<!-- This site is optimized with the Yoast SEO plugin v20.11 - https:\/\/yoast.com\/wordpress\/plugins\/seo\/ -->\n<title>\u00e0 travers la Calabre napol\u00e9onienne - Librairie 7L<\/title>\n<meta name=\"robots\" content=\"index, follow, max-snippet:-1, max-image-preview:large, max-video-preview:-1\" \/>\n<link rel=\"canonical\" href=\"https:\/\/librairie7l.com\/en\/produit\/a-travers-la-calabre-napoleonienne-2\/\" \/>\n<meta property=\"og:locale\" content=\"en_US\" \/>\n<meta property=\"og:type\" content=\"article\" \/>\n<meta property=\"og:title\" content=\"\u00e0 travers la Calabre napol\u00e9onienne - Librairie 7L\" \/>\n<meta property=\"og:description\" content=\"En 1811, l&#8217;arch\u00e9ologue Aubin-Louis Millin (1759-1818) part pour l&#8217;Italie, mandat\u00e9 par les autorit\u00e9s imp\u00e9riales pour inspecter les monuments de la p\u00e9ninsule d\u00e9sormais sous autorit\u00e9 fran\u00e7aise. Poussant bien au-del\u00e0 de Naples, il choisit d&#8217;explorer la Calabre o\u00f9 seule une poign\u00e9e de visiteurs a jusque-l\u00e0 fait quelques incursions. Publi\u00e9es ici pour la premi\u00e8re fois, les notes de [&hellip;]\" \/>\n<meta property=\"og:url\" content=\"https:\/\/librairie7l.com\/en\/produit\/a-travers-la-calabre-napoleonienne-2\/\" \/>\n<meta property=\"og:site_name\" content=\"Librairie 7L\" \/>\n<meta property=\"article:modified_time\" content=\"2026-04-08T13:45:57+00:00\" \/>\n<meta property=\"og:image\" content=\"https:\/\/librairie7l.com\/wp-content\/uploads\/2021\/05\/9782847424713_1_75.jpg\" \/>\n\t<meta property=\"og:image:width\" content=\"734\" \/>\n\t<meta property=\"og:image:height\" content=\"600\" \/>\n\t<meta property=\"og:image:type\" content=\"image\/jpeg\" \/>\n<meta name=\"twitter:card\" content=\"summary_large_image\" \/>\n<meta name=\"twitter:label1\" content=\"Est. reading time\" \/>\n\t<meta name=\"twitter:data1\" content=\"1 minute\" \/>\n<script type=\"application\/ld+json\" class=\"yoast-schema-graph\">{\"@context\":\"https:\/\/schema.org\",\"@graph\":[{\"@type\":\"WebPage\",\"@id\":\"https:\/\/librairie7l.com\/en\/produit\/a-travers-la-calabre-napoleonienne-2\/\",\"url\":\"https:\/\/librairie7l.com\/en\/produit\/a-travers-la-calabre-napoleonienne-2\/\",\"name\":\"\u00e0 travers la Calabre napol\u00e9onienne - Librairie 7L\",\"isPartOf\":{\"@id\":\"https:\/\/librairie7l.com\/en\/#website\"},\"datePublished\":\"2024-12-31T16:41:56+00:00\",\"dateModified\":\"2026-04-08T13:45:57+00:00\",\"breadcrumb\":{\"@id\":\"https:\/\/librairie7l.com\/en\/produit\/a-travers-la-calabre-napoleonienne-2\/#breadcrumb\"},\"inLanguage\":\"en-US\",\"potentialAction\":[{\"@type\":\"ReadAction\",\"target\":[\"https:\/\/librairie7l.com\/en\/produit\/a-travers-la-calabre-napoleonienne-2\/\"]}]},{\"@type\":\"BreadcrumbList\",\"@id\":\"https:\/\/librairie7l.com\/en\/produit\/a-travers-la-calabre-napoleonienne-2\/#breadcrumb\",\"itemListElement\":[{\"@type\":\"ListItem\",\"position\":1,\"name\":\"Accueil\",\"item\":\"https:\/\/librairie7l.com\/en\/\"},{\"@type\":\"ListItem\",\"position\":2,\"name\":\"Shop\",\"item\":\"https:\/\/librairie7l.com\/en\/shop\/\"},{\"@type\":\"ListItem\",\"position\":3,\"name\":\"\u00c0 TRAVERS LA CALABRE NAPOL\u00c9ONIENNE\"}]},{\"@type\":\"WebSite\",\"@id\":\"https:\/\/librairie7l.com\/en\/#website\",\"url\":\"https:\/\/librairie7l.com\/en\/\",\"name\":\"Librairie 7L\",\"description\":\"Librairie fond\u00e9e en 1999 par Karl Lagerfeld \u00e0 Paris\",\"publisher\":{\"@id\":\"https:\/\/librairie7l.com\/en\/#organization\"},\"potentialAction\":[{\"@type\":\"SearchAction\",\"target\":{\"@type\":\"EntryPoint\",\"urlTemplate\":\"https:\/\/librairie7l.com\/en\/?s={search_term_string}\"},\"query-input\":\"required name=search_term_string\"}],\"inLanguage\":\"en-US\"},{\"@type\":\"Organization\",\"@id\":\"https:\/\/librairie7l.com\/en\/#organization\",\"name\":\"Librairie 7L\",\"url\":\"https:\/\/librairie7l.com\/en\/\",\"logo\":{\"@type\":\"ImageObject\",\"inLanguage\":\"en-US\",\"@id\":\"https:\/\/librairie7l.com\/en\/#\/schema\/logo\/image\/\",\"url\":\"https:\/\/librairie7l.com\/wp-content\/uploads\/2022\/08\/logo-1.png\",\"contentUrl\":\"https:\/\/librairie7l.com\/wp-content\/uploads\/2022\/08\/logo-1.png\",\"width\":227,\"height\":301,\"caption\":\"Librairie 7L\"},\"image\":{\"@id\":\"https:\/\/librairie7l.com\/en\/#\/schema\/logo\/image\/\"}}]}<\/script>\n<!-- \/ Yoast SEO plugin. -->","yoast_head_json":{"title":"\u00e0 travers la Calabre napol\u00e9onienne - Librairie 7L","robots":{"index":"index","follow":"follow","max-snippet":"max-snippet:-1","max-image-preview":"max-image-preview:large","max-video-preview":"max-video-preview:-1"},"canonical":"https:\/\/librairie7l.com\/en\/produit\/a-travers-la-calabre-napoleonienne-2\/","og_locale":"en_US","og_type":"article","og_title":"\u00e0 travers la Calabre napol\u00e9onienne - Librairie 7L","og_description":"En 1811, l&#8217;arch\u00e9ologue Aubin-Louis Millin (1759-1818) part pour l&#8217;Italie, mandat\u00e9 par les autorit\u00e9s imp\u00e9riales pour inspecter les monuments de la p\u00e9ninsule d\u00e9sormais sous autorit\u00e9 fran\u00e7aise. Poussant bien au-del\u00e0 de Naples, il choisit d&#8217;explorer la Calabre o\u00f9 seule une poign\u00e9e de visiteurs a jusque-l\u00e0 fait quelques incursions. Publi\u00e9es ici pour la premi\u00e8re fois, les notes de [&hellip;]","og_url":"https:\/\/librairie7l.com\/en\/produit\/a-travers-la-calabre-napoleonienne-2\/","og_site_name":"Librairie 7L","article_modified_time":"2026-04-08T13:45:57+00:00","og_image":[{"width":734,"height":600,"url":"https:\/\/librairie7l.com\/wp-content\/uploads\/2021\/05\/9782847424713_1_75.jpg","type":"image\/jpeg"}],"twitter_card":"summary_large_image","twitter_misc":{"Est. reading time":"1 minute"},"schema":{"@context":"https:\/\/schema.org","@graph":[{"@type":"WebPage","@id":"https:\/\/librairie7l.com\/en\/produit\/a-travers-la-calabre-napoleonienne-2\/","url":"https:\/\/librairie7l.com\/en\/produit\/a-travers-la-calabre-napoleonienne-2\/","name":"\u00e0 travers la Calabre napol\u00e9onienne - Librairie 7L","isPartOf":{"@id":"https:\/\/librairie7l.com\/en\/#website"},"datePublished":"2024-12-31T16:41:56+00:00","dateModified":"2026-04-08T13:45:57+00:00","breadcrumb":{"@id":"https:\/\/librairie7l.com\/en\/produit\/a-travers-la-calabre-napoleonienne-2\/#breadcrumb"},"inLanguage":"en-US","potentialAction":[{"@type":"ReadAction","target":["https:\/\/librairie7l.com\/en\/produit\/a-travers-la-calabre-napoleonienne-2\/"]}]},{"@type":"BreadcrumbList","@id":"https:\/\/librairie7l.com\/en\/produit\/a-travers-la-calabre-napoleonienne-2\/#breadcrumb","itemListElement":[{"@type":"ListItem","position":1,"name":"Accueil","item":"https:\/\/librairie7l.com\/en\/"},{"@type":"ListItem","position":2,"name":"Shop","item":"https:\/\/librairie7l.com\/en\/shop\/"},{"@type":"ListItem","position":3,"name":"\u00c0 TRAVERS LA CALABRE NAPOL\u00c9ONIENNE"}]},{"@type":"WebSite","@id":"https:\/\/librairie7l.com\/en\/#website","url":"https:\/\/librairie7l.com\/en\/","name":"Librairie 7L","description":"Librairie fond\u00e9e en 1999 par Karl Lagerfeld \u00e0 Paris","publisher":{"@id":"https:\/\/librairie7l.com\/en\/#organization"},"potentialAction":[{"@type":"SearchAction","target":{"@type":"EntryPoint","urlTemplate":"https:\/\/librairie7l.com\/en\/?s={search_term_string}"},"query-input":"required name=search_term_string"}],"inLanguage":"en-US"},{"@type":"Organization","@id":"https:\/\/librairie7l.com\/en\/#organization","name":"Librairie 7L","url":"https:\/\/librairie7l.com\/en\/","logo":{"@type":"ImageObject","inLanguage":"en-US","@id":"https:\/\/librairie7l.com\/en\/#\/schema\/logo\/image\/","url":"https:\/\/librairie7l.com\/wp-content\/uploads\/2022\/08\/logo-1.png","contentUrl":"https:\/\/librairie7l.com\/wp-content\/uploads\/2022\/08\/logo-1.png","width":227,"height":301,"caption":"Librairie 7L"},"image":{"@id":"https:\/\/librairie7l.com\/en\/#\/schema\/logo\/image\/"}}]}},"_links":{"self":[{"href":"https:\/\/librairie7l.com\/en\/wp-json\/wp\/v2\/product\/45323"}],"collection":[{"href":"https:\/\/librairie7l.com\/en\/wp-json\/wp\/v2\/product"}],"about":[{"href":"https:\/\/librairie7l.com\/en\/wp-json\/wp\/v2\/types\/product"}],"wp:featuredmedia":[{"embeddable":true,"href":"https:\/\/librairie7l.com\/en\/wp-json\/wp\/v2\/media\/45321"}],"wp:attachment":[{"href":"https:\/\/librairie7l.com\/en\/wp-json\/wp\/v2\/media?parent=45323"}],"wp:term":[{"taxonomy":"product_cat","embeddable":true,"href":"https:\/\/librairie7l.com\/en\/wp-json\/wp\/v2\/product_cat?post=45323"},{"taxonomy":"product_tag","embeddable":true,"href":"https:\/\/librairie7l.com\/en\/wp-json\/wp\/v2\/product_tag?post=45323"}],"curies":[{"name":"wp","href":"https:\/\/api.w.org\/{rel}","templated":true}]}}