{"id":45333,"date":"2025-01-04T09:17:44","date_gmt":"2025-01-04T08:17:44","guid":{"rendered":"https:\/\/librairie7l.com\/?post_type=product&#038;p=45333"},"modified":"2026-04-06T15:40:20","modified_gmt":"2026-04-06T13:40:20","slug":"architecture-design-scenographie-la-voix-des-femmes-2","status":"publish","type":"product","link":"https:\/\/librairie7l.com\/en\/produit\/architecture-design-scenographie-la-voix-des-femmes-2\/","title":{"rendered":"ARCHITECTURE, DESIGN, SC\u00c9NOGRAPHIE : LA VOIX DES FEMMES"},"content":{"rendered":"<p>Qu&#8217;elles soient du c\u00f4t\u00e9 de la th\u00e9orie ou de la pratique, depuis toujours, les femmes occupent une place d\u00e9cisive dans les m\u00e9tiers de l&#8217;architecture et du design.<\/p>\n<p>Le r\u00e9cit dominant, principalement masculin, n&#8217;est cependant pas \u00e0 la hauteur de leurs contributions, laissant ces femmes exemplaires trop souvent en marge de l&#8217;histoire. La voix des femmes revient sur la vie de cr\u00e9atrices d&#8217;avant-gardes comme Eileen Gray, Lora Lamm et Lella Vignelli, et de forces vives comme Kazuyo Sejima, Hella Jongerius et Neri Oxman.<br \/>\nRichement illustr\u00e9, ce livre offre un rare aper\u00e7u sur le travail de grandes professionnelles de l&#8217;architecture, de la sc\u00e9nographie, du design, du graphisme, de la cr\u00e9ation textile et de l&#8217;innovation technologique.<\/p>\n","protected":false},"excerpt":{"rendered":"<p>Qu&#8217;elles soient du c\u00f4t\u00e9 de la th\u00e9orie ou de la pratique, depuis toujours, les femmes occupent une place d\u00e9cisive dans les m\u00e9tiers de l&#8217;architecture et du design. Le r\u00e9cit dominant, principalement masculin, n&#8217;est cependant pas \u00e0 la hauteur de leurs contributions, laissant ces femmes exemplaires trop souvent en marge de l&#8217;histoire. La voix des femmes [&hellip;]<\/p>\n","protected":false},"featured_media":45331,"template":"","meta":[],"product_cat":[2948],"product_tag":[],"acf":[],"yoast_head":"<!-- This site is optimized with the Yoast SEO plugin v20.11 - https:\/\/yoast.com\/wordpress\/plugins\/seo\/ -->\n<title>Architecture, design, sc\u00e9nographie : la voix des femmes - Librairie 7L<\/title>\n<meta name=\"robots\" content=\"index, follow, max-snippet:-1, max-image-preview:large, max-video-preview:-1\" \/>\n<link rel=\"canonical\" href=\"https:\/\/librairie7l.com\/en\/produit\/architecture-design-scenographie-la-voix-des-femmes-2\/\" \/>\n<meta property=\"og:locale\" content=\"en_US\" \/>\n<meta property=\"og:type\" content=\"article\" \/>\n<meta property=\"og:title\" content=\"Architecture, design, sc\u00e9nographie : la voix des femmes - Librairie 7L\" \/>\n<meta property=\"og:description\" content=\"Qu&#8217;elles soient du c\u00f4t\u00e9 de la th\u00e9orie ou de la pratique, depuis toujours, les femmes occupent une place d\u00e9cisive dans les m\u00e9tiers de l&#8217;architecture et du design. Le r\u00e9cit dominant, principalement masculin, n&#8217;est cependant pas \u00e0 la hauteur de leurs contributions, laissant ces femmes exemplaires trop souvent en marge de l&#8217;histoire. La voix des femmes [&hellip;]\" \/>\n<meta property=\"og:url\" content=\"https:\/\/librairie7l.com\/en\/produit\/architecture-design-scenographie-la-voix-des-femmes-2\/\" \/>\n<meta property=\"og:site_name\" content=\"Librairie 7L\" \/>\n<meta property=\"article:modified_time\" content=\"2026-04-06T13:40:20+00:00\" \/>\n<meta property=\"og:image\" content=\"https:\/\/librairie7l.com\/wp-content\/uploads\/2018\/06\/9782350174297_1_75.jpg\" \/>\n\t<meta property=\"og:image:width\" content=\"600\" \/>\n\t<meta property=\"og:image:height\" content=\"746\" \/>\n\t<meta property=\"og:image:type\" content=\"image\/jpeg\" \/>\n<meta name=\"twitter:card\" content=\"summary_large_image\" \/>\n<meta name=\"twitter:label1\" content=\"Est. reading time\" \/>\n\t<meta name=\"twitter:data1\" content=\"1 minute\" \/>\n<script type=\"application\/ld+json\" class=\"yoast-schema-graph\">{\"@context\":\"https:\/\/schema.org\",\"@graph\":[{\"@type\":\"WebPage\",\"@id\":\"https:\/\/librairie7l.com\/en\/produit\/architecture-design-scenographie-la-voix-des-femmes-2\/\",\"url\":\"https:\/\/librairie7l.com\/en\/produit\/architecture-design-scenographie-la-voix-des-femmes-2\/\",\"name\":\"Architecture, design, sc\u00e9nographie : la voix des femmes - Librairie 7L\",\"isPartOf\":{\"@id\":\"https:\/\/librairie7l.com\/en\/#website\"},\"datePublished\":\"2025-01-04T08:17:44+00:00\",\"dateModified\":\"2026-04-06T13:40:20+00:00\",\"breadcrumb\":{\"@id\":\"https:\/\/librairie7l.com\/en\/produit\/architecture-design-scenographie-la-voix-des-femmes-2\/#breadcrumb\"},\"inLanguage\":\"en-US\",\"potentialAction\":[{\"@type\":\"ReadAction\",\"target\":[\"https:\/\/librairie7l.com\/en\/produit\/architecture-design-scenographie-la-voix-des-femmes-2\/\"]}]},{\"@type\":\"BreadcrumbList\",\"@id\":\"https:\/\/librairie7l.com\/en\/produit\/architecture-design-scenographie-la-voix-des-femmes-2\/#breadcrumb\",\"itemListElement\":[{\"@type\":\"ListItem\",\"position\":1,\"name\":\"Accueil\",\"item\":\"https:\/\/librairie7l.com\/en\/\"},{\"@type\":\"ListItem\",\"position\":2,\"name\":\"Shop\",\"item\":\"https:\/\/librairie7l.com\/en\/shop\/\"},{\"@type\":\"ListItem\",\"position\":3,\"name\":\"ARCHITECTURE, DESIGN, SC\u00c9NOGRAPHIE : LA VOIX DES FEMMES\"}]},{\"@type\":\"WebSite\",\"@id\":\"https:\/\/librairie7l.com\/en\/#website\",\"url\":\"https:\/\/librairie7l.com\/en\/\",\"name\":\"Librairie 7L\",\"description\":\"Librairie fond\u00e9e en 1999 par Karl Lagerfeld \u00e0 Paris\",\"publisher\":{\"@id\":\"https:\/\/librairie7l.com\/en\/#organization\"},\"potentialAction\":[{\"@type\":\"SearchAction\",\"target\":{\"@type\":\"EntryPoint\",\"urlTemplate\":\"https:\/\/librairie7l.com\/en\/?s={search_term_string}\"},\"query-input\":\"required name=search_term_string\"}],\"inLanguage\":\"en-US\"},{\"@type\":\"Organization\",\"@id\":\"https:\/\/librairie7l.com\/en\/#organization\",\"name\":\"Librairie 7L\",\"url\":\"https:\/\/librairie7l.com\/en\/\",\"logo\":{\"@type\":\"ImageObject\",\"inLanguage\":\"en-US\",\"@id\":\"https:\/\/librairie7l.com\/en\/#\/schema\/logo\/image\/\",\"url\":\"https:\/\/librairie7l.com\/wp-content\/uploads\/2022\/08\/logo-1.png\",\"contentUrl\":\"https:\/\/librairie7l.com\/wp-content\/uploads\/2022\/08\/logo-1.png\",\"width\":227,\"height\":301,\"caption\":\"Librairie 7L\"},\"image\":{\"@id\":\"https:\/\/librairie7l.com\/en\/#\/schema\/logo\/image\/\"}}]}<\/script>\n<!-- \/ Yoast SEO plugin. -->","yoast_head_json":{"title":"Architecture, design, sc\u00e9nographie : la voix des femmes - Librairie 7L","robots":{"index":"index","follow":"follow","max-snippet":"max-snippet:-1","max-image-preview":"max-image-preview:large","max-video-preview":"max-video-preview:-1"},"canonical":"https:\/\/librairie7l.com\/en\/produit\/architecture-design-scenographie-la-voix-des-femmes-2\/","og_locale":"en_US","og_type":"article","og_title":"Architecture, design, sc\u00e9nographie : la voix des femmes - Librairie 7L","og_description":"Qu&#8217;elles soient du c\u00f4t\u00e9 de la th\u00e9orie ou de la pratique, depuis toujours, les femmes occupent une place d\u00e9cisive dans les m\u00e9tiers de l&#8217;architecture et du design. Le r\u00e9cit dominant, principalement masculin, n&#8217;est cependant pas \u00e0 la hauteur de leurs contributions, laissant ces femmes exemplaires trop souvent en marge de l&#8217;histoire. La voix des femmes [&hellip;]","og_url":"https:\/\/librairie7l.com\/en\/produit\/architecture-design-scenographie-la-voix-des-femmes-2\/","og_site_name":"Librairie 7L","article_modified_time":"2026-04-06T13:40:20+00:00","og_image":[{"width":600,"height":746,"url":"https:\/\/librairie7l.com\/wp-content\/uploads\/2018\/06\/9782350174297_1_75.jpg","type":"image\/jpeg"}],"twitter_card":"summary_large_image","twitter_misc":{"Est. reading time":"1 minute"},"schema":{"@context":"https:\/\/schema.org","@graph":[{"@type":"WebPage","@id":"https:\/\/librairie7l.com\/en\/produit\/architecture-design-scenographie-la-voix-des-femmes-2\/","url":"https:\/\/librairie7l.com\/en\/produit\/architecture-design-scenographie-la-voix-des-femmes-2\/","name":"Architecture, design, sc\u00e9nographie : la voix des femmes - Librairie 7L","isPartOf":{"@id":"https:\/\/librairie7l.com\/en\/#website"},"datePublished":"2025-01-04T08:17:44+00:00","dateModified":"2026-04-06T13:40:20+00:00","breadcrumb":{"@id":"https:\/\/librairie7l.com\/en\/produit\/architecture-design-scenographie-la-voix-des-femmes-2\/#breadcrumb"},"inLanguage":"en-US","potentialAction":[{"@type":"ReadAction","target":["https:\/\/librairie7l.com\/en\/produit\/architecture-design-scenographie-la-voix-des-femmes-2\/"]}]},{"@type":"BreadcrumbList","@id":"https:\/\/librairie7l.com\/en\/produit\/architecture-design-scenographie-la-voix-des-femmes-2\/#breadcrumb","itemListElement":[{"@type":"ListItem","position":1,"name":"Accueil","item":"https:\/\/librairie7l.com\/en\/"},{"@type":"ListItem","position":2,"name":"Shop","item":"https:\/\/librairie7l.com\/en\/shop\/"},{"@type":"ListItem","position":3,"name":"ARCHITECTURE, DESIGN, SC\u00c9NOGRAPHIE : LA VOIX DES FEMMES"}]},{"@type":"WebSite","@id":"https:\/\/librairie7l.com\/en\/#website","url":"https:\/\/librairie7l.com\/en\/","name":"Librairie 7L","description":"Librairie fond\u00e9e en 1999 par Karl Lagerfeld \u00e0 Paris","publisher":{"@id":"https:\/\/librairie7l.com\/en\/#organization"},"potentialAction":[{"@type":"SearchAction","target":{"@type":"EntryPoint","urlTemplate":"https:\/\/librairie7l.com\/en\/?s={search_term_string}"},"query-input":"required name=search_term_string"}],"inLanguage":"en-US"},{"@type":"Organization","@id":"https:\/\/librairie7l.com\/en\/#organization","name":"Librairie 7L","url":"https:\/\/librairie7l.com\/en\/","logo":{"@type":"ImageObject","inLanguage":"en-US","@id":"https:\/\/librairie7l.com\/en\/#\/schema\/logo\/image\/","url":"https:\/\/librairie7l.com\/wp-content\/uploads\/2022\/08\/logo-1.png","contentUrl":"https:\/\/librairie7l.com\/wp-content\/uploads\/2022\/08\/logo-1.png","width":227,"height":301,"caption":"Librairie 7L"},"image":{"@id":"https:\/\/librairie7l.com\/en\/#\/schema\/logo\/image\/"}}]}},"_links":{"self":[{"href":"https:\/\/librairie7l.com\/en\/wp-json\/wp\/v2\/product\/45333"}],"collection":[{"href":"https:\/\/librairie7l.com\/en\/wp-json\/wp\/v2\/product"}],"about":[{"href":"https:\/\/librairie7l.com\/en\/wp-json\/wp\/v2\/types\/product"}],"wp:featuredmedia":[{"embeddable":true,"href":"https:\/\/librairie7l.com\/en\/wp-json\/wp\/v2\/media\/45331"}],"wp:attachment":[{"href":"https:\/\/librairie7l.com\/en\/wp-json\/wp\/v2\/media?parent=45333"}],"wp:term":[{"taxonomy":"product_cat","embeddable":true,"href":"https:\/\/librairie7l.com\/en\/wp-json\/wp\/v2\/product_cat?post=45333"},{"taxonomy":"product_tag","embeddable":true,"href":"https:\/\/librairie7l.com\/en\/wp-json\/wp\/v2\/product_tag?post=45333"}],"curies":[{"name":"wp","href":"https:\/\/api.w.org\/{rel}","templated":true}]}}