{"id":45337,"date":"2025-01-04T09:17:46","date_gmt":"2025-01-04T08:17:46","guid":{"rendered":"https:\/\/librairie7l.com\/?post_type=product&#038;p=45337"},"modified":"2026-05-02T18:08:32","modified_gmt":"2026-05-02T16:08:32","slug":"lartiste-et-le-vivant-pour-un-art-ecologique-inclusif-et-engage-2","status":"publish","type":"product","link":"https:\/\/librairie7l.com\/en\/produit\/lartiste-et-le-vivant-pour-un-art-ecologique-inclusif-et-engage-2\/","title":{"rendered":"L&#8217;ARTISTE ET LE VIVANT : POUR UN ART \u00c9COLOGIQUE, INCLUSIF ET ENGAG\u00c9"},"content":{"rendered":"<p>Dans cet essai r\u00e9solument optimiste et inspirant, Val\u00e9rie Belmokhtar invite \u00e0 penser l&#8217;art dans le monde d&#8217;aujourd&#8217;hui. Comment r\u00e9pondre aux d\u00e9fis multiples de la crise climatique ?<br \/>\nDe quelle fa\u00e7on inclure toutes les cr\u00e9atrices et tous les cr\u00e9ateurs dans le monde de l&#8217;art ? De quelle mani\u00e8re replacer le vivant au centre de la pratique artistique ?<br \/>\nEn remontant le fil de l&#8217;histoire de l&#8217;art, l&#8217;autrice montre comme les pr\u00e9occupations de pr\u00e9servation des ressources, de transmission des savoir-faire et de r\u00e9enchantement du monde ont pu exister depuis des si\u00e8cles dans le travail de nombreuses et nombreux artistes. Elle dresse un panorama enthousiaste de la cr\u00e9ation contemporaine, en pr\u00e9sentant le travail de femmes et d&#8217;hommes dont l&#8217;art peut \u00eatre d\u00e9fini comme \u00e9cologique. Land art, r\u00e9cup\u00e9ration de mat\u00e9riaux, cr\u00e9ation en circuits courts, travail collaboratif : les pistes de r\u00e9flexion sont nombreuses et stimulantes.<br \/>\nSinc\u00e8re, courageux et profond\u00e9ment humain, cet essai nourri de culture artistique est tr\u00e8s richement illustr\u00e9 par des oeuvres provenant des quatre coins du monde et issues de d\u00e9marches parfois radicales, souvent po\u00e9tiques et toujours engag\u00e9es.<\/p>\n","protected":false},"excerpt":{"rendered":"<p>Dans cet essai r\u00e9solument optimiste et inspirant, Val\u00e9rie Belmokhtar invite \u00e0 penser l&#8217;art dans le monde d&#8217;aujourd&#8217;hui. Comment r\u00e9pondre aux d\u00e9fis multiples de la crise climatique ? De quelle fa\u00e7on inclure toutes les cr\u00e9atrices et tous les cr\u00e9ateurs dans le monde de l&#8217;art ? De quelle mani\u00e8re replacer le vivant au centre de la pratique [&hellip;]<\/p>\n","protected":false},"featured_media":45335,"template":"","meta":[],"product_cat":[2948],"product_tag":[],"acf":[],"yoast_head":"<!-- This site is optimized with the Yoast SEO plugin v20.11 - https:\/\/yoast.com\/wordpress\/plugins\/seo\/ -->\n<title>L&#039;artiste et le vivant : pour un art \u00e9cologique, inclusif et engag\u00e9 - Librairie 7L<\/title>\n<meta name=\"robots\" content=\"index, follow, max-snippet:-1, max-image-preview:large, max-video-preview:-1\" \/>\n<link rel=\"canonical\" href=\"https:\/\/librairie7l.com\/en\/produit\/lartiste-et-le-vivant-pour-un-art-ecologique-inclusif-et-engage-2\/\" \/>\n<meta property=\"og:locale\" content=\"en_US\" \/>\n<meta property=\"og:type\" content=\"article\" \/>\n<meta property=\"og:title\" content=\"L&#039;artiste et le vivant : pour un art \u00e9cologique, inclusif et engag\u00e9 - Librairie 7L\" \/>\n<meta property=\"og:description\" content=\"Dans cet essai r\u00e9solument optimiste et inspirant, Val\u00e9rie Belmokhtar invite \u00e0 penser l&#8217;art dans le monde d&#8217;aujourd&#8217;hui. Comment r\u00e9pondre aux d\u00e9fis multiples de la crise climatique ? De quelle fa\u00e7on inclure toutes les cr\u00e9atrices et tous les cr\u00e9ateurs dans le monde de l&#8217;art ? De quelle mani\u00e8re replacer le vivant au centre de la pratique [&hellip;]\" \/>\n<meta property=\"og:url\" content=\"https:\/\/librairie7l.com\/en\/produit\/lartiste-et-le-vivant-pour-un-art-ecologique-inclusif-et-engage-2\/\" \/>\n<meta property=\"og:site_name\" content=\"Librairie 7L\" \/>\n<meta property=\"article:modified_time\" content=\"2026-05-02T16:08:32+00:00\" \/>\n<meta property=\"og:image\" content=\"https:\/\/librairie7l.com\/wp-content\/uploads\/2022\/07\/9782350175294_1_75.jpg\" \/>\n\t<meta property=\"og:image:width\" content=\"600\" \/>\n\t<meta property=\"og:image:height\" content=\"847\" \/>\n\t<meta property=\"og:image:type\" content=\"image\/jpeg\" \/>\n<meta name=\"twitter:card\" content=\"summary_large_image\" \/>\n<meta name=\"twitter:label1\" content=\"Est. reading time\" \/>\n\t<meta name=\"twitter:data1\" content=\"1 minute\" \/>\n<script type=\"application\/ld+json\" class=\"yoast-schema-graph\">{\"@context\":\"https:\/\/schema.org\",\"@graph\":[{\"@type\":\"WebPage\",\"@id\":\"https:\/\/librairie7l.com\/en\/produit\/lartiste-et-le-vivant-pour-un-art-ecologique-inclusif-et-engage-2\/\",\"url\":\"https:\/\/librairie7l.com\/en\/produit\/lartiste-et-le-vivant-pour-un-art-ecologique-inclusif-et-engage-2\/\",\"name\":\"L'artiste et le vivant : pour un art \u00e9cologique, inclusif et engag\u00e9 - Librairie 7L\",\"isPartOf\":{\"@id\":\"https:\/\/librairie7l.com\/en\/#website\"},\"datePublished\":\"2025-01-04T08:17:46+00:00\",\"dateModified\":\"2026-05-02T16:08:32+00:00\",\"breadcrumb\":{\"@id\":\"https:\/\/librairie7l.com\/en\/produit\/lartiste-et-le-vivant-pour-un-art-ecologique-inclusif-et-engage-2\/#breadcrumb\"},\"inLanguage\":\"en-US\",\"potentialAction\":[{\"@type\":\"ReadAction\",\"target\":[\"https:\/\/librairie7l.com\/en\/produit\/lartiste-et-le-vivant-pour-un-art-ecologique-inclusif-et-engage-2\/\"]}]},{\"@type\":\"BreadcrumbList\",\"@id\":\"https:\/\/librairie7l.com\/en\/produit\/lartiste-et-le-vivant-pour-un-art-ecologique-inclusif-et-engage-2\/#breadcrumb\",\"itemListElement\":[{\"@type\":\"ListItem\",\"position\":1,\"name\":\"Accueil\",\"item\":\"https:\/\/librairie7l.com\/en\/\"},{\"@type\":\"ListItem\",\"position\":2,\"name\":\"Shop\",\"item\":\"https:\/\/librairie7l.com\/en\/shop\/\"},{\"@type\":\"ListItem\",\"position\":3,\"name\":\"L&#8217;ARTISTE ET LE VIVANT : POUR UN ART \u00c9COLOGIQUE, INCLUSIF ET ENGAG\u00c9\"}]},{\"@type\":\"WebSite\",\"@id\":\"https:\/\/librairie7l.com\/en\/#website\",\"url\":\"https:\/\/librairie7l.com\/en\/\",\"name\":\"Librairie 7L\",\"description\":\"Librairie fond\u00e9e en 1999 par Karl Lagerfeld \u00e0 Paris\",\"publisher\":{\"@id\":\"https:\/\/librairie7l.com\/en\/#organization\"},\"potentialAction\":[{\"@type\":\"SearchAction\",\"target\":{\"@type\":\"EntryPoint\",\"urlTemplate\":\"https:\/\/librairie7l.com\/en\/?s={search_term_string}\"},\"query-input\":\"required name=search_term_string\"}],\"inLanguage\":\"en-US\"},{\"@type\":\"Organization\",\"@id\":\"https:\/\/librairie7l.com\/en\/#organization\",\"name\":\"Librairie 7L\",\"url\":\"https:\/\/librairie7l.com\/en\/\",\"logo\":{\"@type\":\"ImageObject\",\"inLanguage\":\"en-US\",\"@id\":\"https:\/\/librairie7l.com\/en\/#\/schema\/logo\/image\/\",\"url\":\"https:\/\/librairie7l.com\/wp-content\/uploads\/2022\/08\/logo-1.png\",\"contentUrl\":\"https:\/\/librairie7l.com\/wp-content\/uploads\/2022\/08\/logo-1.png\",\"width\":227,\"height\":301,\"caption\":\"Librairie 7L\"},\"image\":{\"@id\":\"https:\/\/librairie7l.com\/en\/#\/schema\/logo\/image\/\"}}]}<\/script>\n<!-- \/ Yoast SEO plugin. -->","yoast_head_json":{"title":"L'artiste et le vivant : pour un art \u00e9cologique, inclusif et engag\u00e9 - Librairie 7L","robots":{"index":"index","follow":"follow","max-snippet":"max-snippet:-1","max-image-preview":"max-image-preview:large","max-video-preview":"max-video-preview:-1"},"canonical":"https:\/\/librairie7l.com\/en\/produit\/lartiste-et-le-vivant-pour-un-art-ecologique-inclusif-et-engage-2\/","og_locale":"en_US","og_type":"article","og_title":"L'artiste et le vivant : pour un art \u00e9cologique, inclusif et engag\u00e9 - Librairie 7L","og_description":"Dans cet essai r\u00e9solument optimiste et inspirant, Val\u00e9rie Belmokhtar invite \u00e0 penser l&#8217;art dans le monde d&#8217;aujourd&#8217;hui. Comment r\u00e9pondre aux d\u00e9fis multiples de la crise climatique ? De quelle fa\u00e7on inclure toutes les cr\u00e9atrices et tous les cr\u00e9ateurs dans le monde de l&#8217;art ? De quelle mani\u00e8re replacer le vivant au centre de la pratique [&hellip;]","og_url":"https:\/\/librairie7l.com\/en\/produit\/lartiste-et-le-vivant-pour-un-art-ecologique-inclusif-et-engage-2\/","og_site_name":"Librairie 7L","article_modified_time":"2026-05-02T16:08:32+00:00","og_image":[{"width":600,"height":847,"url":"https:\/\/librairie7l.com\/wp-content\/uploads\/2022\/07\/9782350175294_1_75.jpg","type":"image\/jpeg"}],"twitter_card":"summary_large_image","twitter_misc":{"Est. reading time":"1 minute"},"schema":{"@context":"https:\/\/schema.org","@graph":[{"@type":"WebPage","@id":"https:\/\/librairie7l.com\/en\/produit\/lartiste-et-le-vivant-pour-un-art-ecologique-inclusif-et-engage-2\/","url":"https:\/\/librairie7l.com\/en\/produit\/lartiste-et-le-vivant-pour-un-art-ecologique-inclusif-et-engage-2\/","name":"L'artiste et le vivant : pour un art \u00e9cologique, inclusif et engag\u00e9 - Librairie 7L","isPartOf":{"@id":"https:\/\/librairie7l.com\/en\/#website"},"datePublished":"2025-01-04T08:17:46+00:00","dateModified":"2026-05-02T16:08:32+00:00","breadcrumb":{"@id":"https:\/\/librairie7l.com\/en\/produit\/lartiste-et-le-vivant-pour-un-art-ecologique-inclusif-et-engage-2\/#breadcrumb"},"inLanguage":"en-US","potentialAction":[{"@type":"ReadAction","target":["https:\/\/librairie7l.com\/en\/produit\/lartiste-et-le-vivant-pour-un-art-ecologique-inclusif-et-engage-2\/"]}]},{"@type":"BreadcrumbList","@id":"https:\/\/librairie7l.com\/en\/produit\/lartiste-et-le-vivant-pour-un-art-ecologique-inclusif-et-engage-2\/#breadcrumb","itemListElement":[{"@type":"ListItem","position":1,"name":"Accueil","item":"https:\/\/librairie7l.com\/en\/"},{"@type":"ListItem","position":2,"name":"Shop","item":"https:\/\/librairie7l.com\/en\/shop\/"},{"@type":"ListItem","position":3,"name":"L&#8217;ARTISTE ET LE VIVANT : POUR UN ART \u00c9COLOGIQUE, INCLUSIF ET ENGAG\u00c9"}]},{"@type":"WebSite","@id":"https:\/\/librairie7l.com\/en\/#website","url":"https:\/\/librairie7l.com\/en\/","name":"Librairie 7L","description":"Librairie fond\u00e9e en 1999 par Karl Lagerfeld \u00e0 Paris","publisher":{"@id":"https:\/\/librairie7l.com\/en\/#organization"},"potentialAction":[{"@type":"SearchAction","target":{"@type":"EntryPoint","urlTemplate":"https:\/\/librairie7l.com\/en\/?s={search_term_string}"},"query-input":"required name=search_term_string"}],"inLanguage":"en-US"},{"@type":"Organization","@id":"https:\/\/librairie7l.com\/en\/#organization","name":"Librairie 7L","url":"https:\/\/librairie7l.com\/en\/","logo":{"@type":"ImageObject","inLanguage":"en-US","@id":"https:\/\/librairie7l.com\/en\/#\/schema\/logo\/image\/","url":"https:\/\/librairie7l.com\/wp-content\/uploads\/2022\/08\/logo-1.png","contentUrl":"https:\/\/librairie7l.com\/wp-content\/uploads\/2022\/08\/logo-1.png","width":227,"height":301,"caption":"Librairie 7L"},"image":{"@id":"https:\/\/librairie7l.com\/en\/#\/schema\/logo\/image\/"}}]}},"_links":{"self":[{"href":"https:\/\/librairie7l.com\/en\/wp-json\/wp\/v2\/product\/45337"}],"collection":[{"href":"https:\/\/librairie7l.com\/en\/wp-json\/wp\/v2\/product"}],"about":[{"href":"https:\/\/librairie7l.com\/en\/wp-json\/wp\/v2\/types\/product"}],"wp:featuredmedia":[{"embeddable":true,"href":"https:\/\/librairie7l.com\/en\/wp-json\/wp\/v2\/media\/45335"}],"wp:attachment":[{"href":"https:\/\/librairie7l.com\/en\/wp-json\/wp\/v2\/media?parent=45337"}],"wp:term":[{"taxonomy":"product_cat","embeddable":true,"href":"https:\/\/librairie7l.com\/en\/wp-json\/wp\/v2\/product_cat?post=45337"},{"taxonomy":"product_tag","embeddable":true,"href":"https:\/\/librairie7l.com\/en\/wp-json\/wp\/v2\/product_tag?post=45337"}],"curies":[{"name":"wp","href":"https:\/\/api.w.org\/{rel}","templated":true}]}}