{"id":45345,"date":"2025-01-04T09:17:52","date_gmt":"2025-01-04T08:17:52","guid":{"rendered":"https:\/\/librairie7l.com\/?post_type=product&#038;p=45345"},"modified":"2026-04-21T16:24:15","modified_gmt":"2026-04-21T14:24:15","slug":"design-et-communication-visuelle-2","status":"publish","type":"product","link":"https:\/\/librairie7l.com\/en\/produit\/design-et-communication-visuelle-2\/","title":{"rendered":"DESIGN ET COMMUNICATION VISUELLE"},"content":{"rendered":"<p>Ce titre est un t\u00e9moignage in\u00e9dit de l&#8217;exp\u00e9rience de Munari en tant que professeur.<\/p>\n<p>Le grand designer italien a en effet donn\u00e9 en 1967 un cours de communication visuelle \u00e0 Harvard. La premi\u00e8re partie de ce livre reproduit les lettres qu&#8217;il \u00e9crivait durant cette p\u00e9riode \u00e0 un quotidien milanais, y racontant avec humour son exp\u00e9rience d'&#8221; expatri\u00e9 &#8221; et avec p\u00e9dagogie son quotidien de professeur. La seconde partie reproduit ce qui servit de base au cours dispens\u00e9 par Munari : des notes, des exemples, des sch\u00e9mas, etc.<\/p>\n<p>D&#8217;une incroyable modernit\u00e9, l&#8217;oeuvre professorale de Munari m\u00e9rite d&#8217;\u00eatre d\u00e9couverte pour sa simplicit\u00e9, sa plume alerte et les points de vue qu&#8217;elle d\u00e9fend.<\/p>\n","protected":false},"excerpt":{"rendered":"<p>Ce titre est un t\u00e9moignage in\u00e9dit de l&#8217;exp\u00e9rience de Munari en tant que professeur. Le grand designer italien a en effet donn\u00e9 en 1967 un cours de communication visuelle \u00e0 Harvard. La premi\u00e8re partie de ce livre reproduit les lettres qu&#8217;il \u00e9crivait durant cette p\u00e9riode \u00e0 un quotidien milanais, y racontant avec humour son exp\u00e9rience [&hellip;]<\/p>\n","protected":false},"featured_media":45343,"template":"","meta":[],"product_cat":[2948],"product_tag":[],"acf":[],"yoast_head":"<!-- This site is optimized with the Yoast SEO plugin v20.11 - https:\/\/yoast.com\/wordpress\/plugins\/seo\/ -->\n<title>Design et communication visuelle - Librairie 7L<\/title>\n<meta name=\"robots\" content=\"index, follow, max-snippet:-1, max-image-preview:large, max-video-preview:-1\" \/>\n<link rel=\"canonical\" href=\"https:\/\/librairie7l.com\/en\/produit\/design-et-communication-visuelle-2\/\" \/>\n<meta property=\"og:locale\" content=\"en_US\" \/>\n<meta property=\"og:type\" content=\"article\" \/>\n<meta property=\"og:title\" content=\"Design et communication visuelle - Librairie 7L\" \/>\n<meta property=\"og:description\" content=\"Ce titre est un t\u00e9moignage in\u00e9dit de l&#8217;exp\u00e9rience de Munari en tant que professeur. Le grand designer italien a en effet donn\u00e9 en 1967 un cours de communication visuelle \u00e0 Harvard. La premi\u00e8re partie de ce livre reproduit les lettres qu&#8217;il \u00e9crivait durant cette p\u00e9riode \u00e0 un quotidien milanais, y racontant avec humour son exp\u00e9rience [&hellip;]\" \/>\n<meta property=\"og:url\" content=\"https:\/\/librairie7l.com\/en\/produit\/design-et-communication-visuelle-2\/\" \/>\n<meta property=\"og:site_name\" content=\"Librairie 7L\" \/>\n<meta property=\"article:modified_time\" content=\"2026-04-21T14:24:15+00:00\" \/>\n<meta property=\"og:image\" content=\"https:\/\/librairie7l.com\/wp-content\/uploads\/2013\/12\/9782350173160_1_75.jpg\" \/>\n\t<meta property=\"og:image:width\" content=\"600\" \/>\n\t<meta property=\"og:image:height\" content=\"938\" \/>\n\t<meta property=\"og:image:type\" content=\"image\/jpeg\" \/>\n<meta name=\"twitter:card\" content=\"summary_large_image\" \/>\n<meta name=\"twitter:label1\" content=\"Est. reading time\" \/>\n\t<meta name=\"twitter:data1\" content=\"1 minute\" \/>\n<script type=\"application\/ld+json\" class=\"yoast-schema-graph\">{\"@context\":\"https:\/\/schema.org\",\"@graph\":[{\"@type\":\"WebPage\",\"@id\":\"https:\/\/librairie7l.com\/en\/produit\/design-et-communication-visuelle-2\/\",\"url\":\"https:\/\/librairie7l.com\/en\/produit\/design-et-communication-visuelle-2\/\",\"name\":\"Design et communication visuelle - Librairie 7L\",\"isPartOf\":{\"@id\":\"https:\/\/librairie7l.com\/en\/#website\"},\"datePublished\":\"2025-01-04T08:17:52+00:00\",\"dateModified\":\"2026-04-21T14:24:15+00:00\",\"breadcrumb\":{\"@id\":\"https:\/\/librairie7l.com\/en\/produit\/design-et-communication-visuelle-2\/#breadcrumb\"},\"inLanguage\":\"en-US\",\"potentialAction\":[{\"@type\":\"ReadAction\",\"target\":[\"https:\/\/librairie7l.com\/en\/produit\/design-et-communication-visuelle-2\/\"]}]},{\"@type\":\"BreadcrumbList\",\"@id\":\"https:\/\/librairie7l.com\/en\/produit\/design-et-communication-visuelle-2\/#breadcrumb\",\"itemListElement\":[{\"@type\":\"ListItem\",\"position\":1,\"name\":\"Accueil\",\"item\":\"https:\/\/librairie7l.com\/en\/\"},{\"@type\":\"ListItem\",\"position\":2,\"name\":\"Shop\",\"item\":\"https:\/\/librairie7l.com\/en\/shop\/\"},{\"@type\":\"ListItem\",\"position\":3,\"name\":\"DESIGN ET COMMUNICATION VISUELLE\"}]},{\"@type\":\"WebSite\",\"@id\":\"https:\/\/librairie7l.com\/en\/#website\",\"url\":\"https:\/\/librairie7l.com\/en\/\",\"name\":\"Librairie 7L\",\"description\":\"Librairie fond\u00e9e en 1999 par Karl Lagerfeld \u00e0 Paris\",\"publisher\":{\"@id\":\"https:\/\/librairie7l.com\/en\/#organization\"},\"potentialAction\":[{\"@type\":\"SearchAction\",\"target\":{\"@type\":\"EntryPoint\",\"urlTemplate\":\"https:\/\/librairie7l.com\/en\/?s={search_term_string}\"},\"query-input\":\"required name=search_term_string\"}],\"inLanguage\":\"en-US\"},{\"@type\":\"Organization\",\"@id\":\"https:\/\/librairie7l.com\/en\/#organization\",\"name\":\"Librairie 7L\",\"url\":\"https:\/\/librairie7l.com\/en\/\",\"logo\":{\"@type\":\"ImageObject\",\"inLanguage\":\"en-US\",\"@id\":\"https:\/\/librairie7l.com\/en\/#\/schema\/logo\/image\/\",\"url\":\"https:\/\/librairie7l.com\/wp-content\/uploads\/2022\/08\/logo-1.png\",\"contentUrl\":\"https:\/\/librairie7l.com\/wp-content\/uploads\/2022\/08\/logo-1.png\",\"width\":227,\"height\":301,\"caption\":\"Librairie 7L\"},\"image\":{\"@id\":\"https:\/\/librairie7l.com\/en\/#\/schema\/logo\/image\/\"}}]}<\/script>\n<!-- \/ Yoast SEO plugin. -->","yoast_head_json":{"title":"Design et communication visuelle - Librairie 7L","robots":{"index":"index","follow":"follow","max-snippet":"max-snippet:-1","max-image-preview":"max-image-preview:large","max-video-preview":"max-video-preview:-1"},"canonical":"https:\/\/librairie7l.com\/en\/produit\/design-et-communication-visuelle-2\/","og_locale":"en_US","og_type":"article","og_title":"Design et communication visuelle - Librairie 7L","og_description":"Ce titre est un t\u00e9moignage in\u00e9dit de l&#8217;exp\u00e9rience de Munari en tant que professeur. Le grand designer italien a en effet donn\u00e9 en 1967 un cours de communication visuelle \u00e0 Harvard. La premi\u00e8re partie de ce livre reproduit les lettres qu&#8217;il \u00e9crivait durant cette p\u00e9riode \u00e0 un quotidien milanais, y racontant avec humour son exp\u00e9rience [&hellip;]","og_url":"https:\/\/librairie7l.com\/en\/produit\/design-et-communication-visuelle-2\/","og_site_name":"Librairie 7L","article_modified_time":"2026-04-21T14:24:15+00:00","og_image":[{"width":600,"height":938,"url":"https:\/\/librairie7l.com\/wp-content\/uploads\/2013\/12\/9782350173160_1_75.jpg","type":"image\/jpeg"}],"twitter_card":"summary_large_image","twitter_misc":{"Est. reading time":"1 minute"},"schema":{"@context":"https:\/\/schema.org","@graph":[{"@type":"WebPage","@id":"https:\/\/librairie7l.com\/en\/produit\/design-et-communication-visuelle-2\/","url":"https:\/\/librairie7l.com\/en\/produit\/design-et-communication-visuelle-2\/","name":"Design et communication visuelle - Librairie 7L","isPartOf":{"@id":"https:\/\/librairie7l.com\/en\/#website"},"datePublished":"2025-01-04T08:17:52+00:00","dateModified":"2026-04-21T14:24:15+00:00","breadcrumb":{"@id":"https:\/\/librairie7l.com\/en\/produit\/design-et-communication-visuelle-2\/#breadcrumb"},"inLanguage":"en-US","potentialAction":[{"@type":"ReadAction","target":["https:\/\/librairie7l.com\/en\/produit\/design-et-communication-visuelle-2\/"]}]},{"@type":"BreadcrumbList","@id":"https:\/\/librairie7l.com\/en\/produit\/design-et-communication-visuelle-2\/#breadcrumb","itemListElement":[{"@type":"ListItem","position":1,"name":"Accueil","item":"https:\/\/librairie7l.com\/en\/"},{"@type":"ListItem","position":2,"name":"Shop","item":"https:\/\/librairie7l.com\/en\/shop\/"},{"@type":"ListItem","position":3,"name":"DESIGN ET COMMUNICATION VISUELLE"}]},{"@type":"WebSite","@id":"https:\/\/librairie7l.com\/en\/#website","url":"https:\/\/librairie7l.com\/en\/","name":"Librairie 7L","description":"Librairie fond\u00e9e en 1999 par Karl Lagerfeld \u00e0 Paris","publisher":{"@id":"https:\/\/librairie7l.com\/en\/#organization"},"potentialAction":[{"@type":"SearchAction","target":{"@type":"EntryPoint","urlTemplate":"https:\/\/librairie7l.com\/en\/?s={search_term_string}"},"query-input":"required name=search_term_string"}],"inLanguage":"en-US"},{"@type":"Organization","@id":"https:\/\/librairie7l.com\/en\/#organization","name":"Librairie 7L","url":"https:\/\/librairie7l.com\/en\/","logo":{"@type":"ImageObject","inLanguage":"en-US","@id":"https:\/\/librairie7l.com\/en\/#\/schema\/logo\/image\/","url":"https:\/\/librairie7l.com\/wp-content\/uploads\/2022\/08\/logo-1.png","contentUrl":"https:\/\/librairie7l.com\/wp-content\/uploads\/2022\/08\/logo-1.png","width":227,"height":301,"caption":"Librairie 7L"},"image":{"@id":"https:\/\/librairie7l.com\/en\/#\/schema\/logo\/image\/"}}]}},"_links":{"self":[{"href":"https:\/\/librairie7l.com\/en\/wp-json\/wp\/v2\/product\/45345"}],"collection":[{"href":"https:\/\/librairie7l.com\/en\/wp-json\/wp\/v2\/product"}],"about":[{"href":"https:\/\/librairie7l.com\/en\/wp-json\/wp\/v2\/types\/product"}],"wp:featuredmedia":[{"embeddable":true,"href":"https:\/\/librairie7l.com\/en\/wp-json\/wp\/v2\/media\/45343"}],"wp:attachment":[{"href":"https:\/\/librairie7l.com\/en\/wp-json\/wp\/v2\/media?parent=45345"}],"wp:term":[{"taxonomy":"product_cat","embeddable":true,"href":"https:\/\/librairie7l.com\/en\/wp-json\/wp\/v2\/product_cat?post=45345"},{"taxonomy":"product_tag","embeddable":true,"href":"https:\/\/librairie7l.com\/en\/wp-json\/wp\/v2\/product_tag?post=45345"}],"curies":[{"name":"wp","href":"https:\/\/api.w.org\/{rel}","templated":true}]}}