{"id":45353,"date":"2025-01-04T20:20:10","date_gmt":"2025-01-04T19:20:10","guid":{"rendered":"https:\/\/librairie7l.com\/?post_type=product&#038;p=45353"},"modified":"2026-04-10T14:46:36","modified_gmt":"2026-04-10T12:46:36","slug":"new-york-haiti-tanger-et-autres-lieux-2","status":"publish","type":"product","link":"https:\/\/librairie7l.com\/en\/produit\/new-york-haiti-tanger-et-autres-lieux-2\/","title":{"rendered":"NEW YORK, HA\u00cfTI, TANGER ET AUTRES LIEUX"},"content":{"rendered":"<p>\u00abJ&#8217;abattrais, peut-\u00eatre, une bien plus grande quantit\u00e9 de travail si je quittais New York. Mais, peut-\u00eatre aussi qu&#8217;il n&#8217;en est rien. Jusqu&#8217;\u00e0 ce qu&#8217;on ait un certain \u00e2ge, la campagne semble ennuyeuse. Si j&#8217;aime la nature, de toute fa\u00e7on, c&#8217;est non pas en g\u00e9n\u00e9ral mais en particulier. Ceci pos\u00e9, \u00e0 moins d&#8217;\u00eatre amoureux, ou satisfait, ou pouss\u00e9 par l&#8217;ambition, ou exempt de toute curiosit\u00e9, ou r\u00e9concili\u00e9 (ce qui me semble \u00eatre le synonyme moderne pour d\u00e9signer le bonheur), la ville est comme une monstrueuse machine, pr\u00e9vue de toute \u00e9ternit\u00e9 pour nous faire perdre du temps et d\u00e9vorer nos illusions. Bient\u00f4t notre qu\u00eate, notre exploration peut devenir urgente \u00e0 faire peur, \u00e0 faire suer d&#8217;angoisse. Une course de haies sous le signe de la Benz\u00e9drine et du Nembutal. O\u00f9 donc se trouve ce que vous alliez chercher ? Et, \u00e0 propos, qu&#8217;est-ce que vous cherchez ?\u00bb<\/p>\n","protected":false},"excerpt":{"rendered":"<p>\u00abJ&#8217;abattrais, peut-\u00eatre, une bien plus grande quantit\u00e9 de travail si je quittais New York. Mais, peut-\u00eatre aussi qu&#8217;il n&#8217;en est rien. Jusqu&#8217;\u00e0 ce qu&#8217;on ait un certain \u00e2ge, la campagne semble ennuyeuse. Si j&#8217;aime la nature, de toute fa\u00e7on, c&#8217;est non pas en g\u00e9n\u00e9ral mais en particulier. Ceci pos\u00e9, \u00e0 moins d&#8217;\u00eatre amoureux, ou satisfait, [&hellip;]<\/p>\n","protected":false},"featured_media":45351,"template":"","meta":[],"product_cat":[7364,2948],"product_tag":[],"acf":[],"yoast_head":"<!-- This site is optimized with the Yoast SEO plugin v20.11 - https:\/\/yoast.com\/wordpress\/plugins\/seo\/ -->\n<title>New York, Ha\u00efti, Tanger et autres lieux - Librairie 7L<\/title>\n<meta name=\"robots\" content=\"index, follow, max-snippet:-1, max-image-preview:large, max-video-preview:-1\" \/>\n<link rel=\"canonical\" href=\"https:\/\/librairie7l.com\/en\/produit\/new-york-haiti-tanger-et-autres-lieux-2\/\" \/>\n<meta property=\"og:locale\" content=\"en_US\" \/>\n<meta property=\"og:type\" content=\"article\" \/>\n<meta property=\"og:title\" content=\"New York, Ha\u00efti, Tanger et autres lieux - Librairie 7L\" \/>\n<meta property=\"og:description\" content=\"\u00abJ&#8217;abattrais, peut-\u00eatre, une bien plus grande quantit\u00e9 de travail si je quittais New York. Mais, peut-\u00eatre aussi qu&#8217;il n&#8217;en est rien. Jusqu&#8217;\u00e0 ce qu&#8217;on ait un certain \u00e2ge, la campagne semble ennuyeuse. Si j&#8217;aime la nature, de toute fa\u00e7on, c&#8217;est non pas en g\u00e9n\u00e9ral mais en particulier. Ceci pos\u00e9, \u00e0 moins d&#8217;\u00eatre amoureux, ou satisfait, [&hellip;]\" \/>\n<meta property=\"og:url\" content=\"https:\/\/librairie7l.com\/en\/produit\/new-york-haiti-tanger-et-autres-lieux-2\/\" \/>\n<meta property=\"og:site_name\" content=\"Librairie 7L\" \/>\n<meta property=\"article:modified_time\" content=\"2026-04-10T12:46:36+00:00\" \/>\n<meta property=\"og:image\" content=\"https:\/\/librairie7l.com\/wp-content\/uploads\/2017\/06\/9782072745003_1_75.jpg\" \/>\n\t<meta property=\"og:image:width\" content=\"600\" \/>\n\t<meta property=\"og:image:height\" content=\"988\" \/>\n\t<meta property=\"og:image:type\" content=\"image\/jpeg\" \/>\n<meta name=\"twitter:card\" content=\"summary_large_image\" \/>\n<meta name=\"twitter:label1\" content=\"Est. reading time\" \/>\n\t<meta name=\"twitter:data1\" content=\"1 minute\" \/>\n<script type=\"application\/ld+json\" class=\"yoast-schema-graph\">{\"@context\":\"https:\/\/schema.org\",\"@graph\":[{\"@type\":\"WebPage\",\"@id\":\"https:\/\/librairie7l.com\/en\/produit\/new-york-haiti-tanger-et-autres-lieux-2\/\",\"url\":\"https:\/\/librairie7l.com\/en\/produit\/new-york-haiti-tanger-et-autres-lieux-2\/\",\"name\":\"New York, Ha\u00efti, Tanger et autres lieux - Librairie 7L\",\"isPartOf\":{\"@id\":\"https:\/\/librairie7l.com\/en\/#website\"},\"datePublished\":\"2025-01-04T19:20:10+00:00\",\"dateModified\":\"2026-04-10T12:46:36+00:00\",\"breadcrumb\":{\"@id\":\"https:\/\/librairie7l.com\/en\/produit\/new-york-haiti-tanger-et-autres-lieux-2\/#breadcrumb\"},\"inLanguage\":\"en-US\",\"potentialAction\":[{\"@type\":\"ReadAction\",\"target\":[\"https:\/\/librairie7l.com\/en\/produit\/new-york-haiti-tanger-et-autres-lieux-2\/\"]}]},{\"@type\":\"BreadcrumbList\",\"@id\":\"https:\/\/librairie7l.com\/en\/produit\/new-york-haiti-tanger-et-autres-lieux-2\/#breadcrumb\",\"itemListElement\":[{\"@type\":\"ListItem\",\"position\":1,\"name\":\"Accueil\",\"item\":\"https:\/\/librairie7l.com\/en\/\"},{\"@type\":\"ListItem\",\"position\":2,\"name\":\"Shop\",\"item\":\"https:\/\/librairie7l.com\/en\/shop\/\"},{\"@type\":\"ListItem\",\"position\":3,\"name\":\"NEW YORK, HA\u00cfTI, TANGER ET AUTRES LIEUX\"}]},{\"@type\":\"WebSite\",\"@id\":\"https:\/\/librairie7l.com\/en\/#website\",\"url\":\"https:\/\/librairie7l.com\/en\/\",\"name\":\"Librairie 7L\",\"description\":\"Librairie fond\u00e9e en 1999 par Karl Lagerfeld \u00e0 Paris\",\"publisher\":{\"@id\":\"https:\/\/librairie7l.com\/en\/#organization\"},\"potentialAction\":[{\"@type\":\"SearchAction\",\"target\":{\"@type\":\"EntryPoint\",\"urlTemplate\":\"https:\/\/librairie7l.com\/en\/?s={search_term_string}\"},\"query-input\":\"required name=search_term_string\"}],\"inLanguage\":\"en-US\"},{\"@type\":\"Organization\",\"@id\":\"https:\/\/librairie7l.com\/en\/#organization\",\"name\":\"Librairie 7L\",\"url\":\"https:\/\/librairie7l.com\/en\/\",\"logo\":{\"@type\":\"ImageObject\",\"inLanguage\":\"en-US\",\"@id\":\"https:\/\/librairie7l.com\/en\/#\/schema\/logo\/image\/\",\"url\":\"https:\/\/librairie7l.com\/wp-content\/uploads\/2022\/08\/logo-1.png\",\"contentUrl\":\"https:\/\/librairie7l.com\/wp-content\/uploads\/2022\/08\/logo-1.png\",\"width\":227,\"height\":301,\"caption\":\"Librairie 7L\"},\"image\":{\"@id\":\"https:\/\/librairie7l.com\/en\/#\/schema\/logo\/image\/\"}}]}<\/script>\n<!-- \/ Yoast SEO plugin. -->","yoast_head_json":{"title":"New York, Ha\u00efti, Tanger et autres lieux - Librairie 7L","robots":{"index":"index","follow":"follow","max-snippet":"max-snippet:-1","max-image-preview":"max-image-preview:large","max-video-preview":"max-video-preview:-1"},"canonical":"https:\/\/librairie7l.com\/en\/produit\/new-york-haiti-tanger-et-autres-lieux-2\/","og_locale":"en_US","og_type":"article","og_title":"New York, Ha\u00efti, Tanger et autres lieux - Librairie 7L","og_description":"\u00abJ&#8217;abattrais, peut-\u00eatre, une bien plus grande quantit\u00e9 de travail si je quittais New York. Mais, peut-\u00eatre aussi qu&#8217;il n&#8217;en est rien. Jusqu&#8217;\u00e0 ce qu&#8217;on ait un certain \u00e2ge, la campagne semble ennuyeuse. Si j&#8217;aime la nature, de toute fa\u00e7on, c&#8217;est non pas en g\u00e9n\u00e9ral mais en particulier. Ceci pos\u00e9, \u00e0 moins d&#8217;\u00eatre amoureux, ou satisfait, [&hellip;]","og_url":"https:\/\/librairie7l.com\/en\/produit\/new-york-haiti-tanger-et-autres-lieux-2\/","og_site_name":"Librairie 7L","article_modified_time":"2026-04-10T12:46:36+00:00","og_image":[{"width":600,"height":988,"url":"https:\/\/librairie7l.com\/wp-content\/uploads\/2017\/06\/9782072745003_1_75.jpg","type":"image\/jpeg"}],"twitter_card":"summary_large_image","twitter_misc":{"Est. reading time":"1 minute"},"schema":{"@context":"https:\/\/schema.org","@graph":[{"@type":"WebPage","@id":"https:\/\/librairie7l.com\/en\/produit\/new-york-haiti-tanger-et-autres-lieux-2\/","url":"https:\/\/librairie7l.com\/en\/produit\/new-york-haiti-tanger-et-autres-lieux-2\/","name":"New York, Ha\u00efti, Tanger et autres lieux - Librairie 7L","isPartOf":{"@id":"https:\/\/librairie7l.com\/en\/#website"},"datePublished":"2025-01-04T19:20:10+00:00","dateModified":"2026-04-10T12:46:36+00:00","breadcrumb":{"@id":"https:\/\/librairie7l.com\/en\/produit\/new-york-haiti-tanger-et-autres-lieux-2\/#breadcrumb"},"inLanguage":"en-US","potentialAction":[{"@type":"ReadAction","target":["https:\/\/librairie7l.com\/en\/produit\/new-york-haiti-tanger-et-autres-lieux-2\/"]}]},{"@type":"BreadcrumbList","@id":"https:\/\/librairie7l.com\/en\/produit\/new-york-haiti-tanger-et-autres-lieux-2\/#breadcrumb","itemListElement":[{"@type":"ListItem","position":1,"name":"Accueil","item":"https:\/\/librairie7l.com\/en\/"},{"@type":"ListItem","position":2,"name":"Shop","item":"https:\/\/librairie7l.com\/en\/shop\/"},{"@type":"ListItem","position":3,"name":"NEW YORK, HA\u00cfTI, TANGER ET AUTRES LIEUX"}]},{"@type":"WebSite","@id":"https:\/\/librairie7l.com\/en\/#website","url":"https:\/\/librairie7l.com\/en\/","name":"Librairie 7L","description":"Librairie fond\u00e9e en 1999 par Karl Lagerfeld \u00e0 Paris","publisher":{"@id":"https:\/\/librairie7l.com\/en\/#organization"},"potentialAction":[{"@type":"SearchAction","target":{"@type":"EntryPoint","urlTemplate":"https:\/\/librairie7l.com\/en\/?s={search_term_string}"},"query-input":"required name=search_term_string"}],"inLanguage":"en-US"},{"@type":"Organization","@id":"https:\/\/librairie7l.com\/en\/#organization","name":"Librairie 7L","url":"https:\/\/librairie7l.com\/en\/","logo":{"@type":"ImageObject","inLanguage":"en-US","@id":"https:\/\/librairie7l.com\/en\/#\/schema\/logo\/image\/","url":"https:\/\/librairie7l.com\/wp-content\/uploads\/2022\/08\/logo-1.png","contentUrl":"https:\/\/librairie7l.com\/wp-content\/uploads\/2022\/08\/logo-1.png","width":227,"height":301,"caption":"Librairie 7L"},"image":{"@id":"https:\/\/librairie7l.com\/en\/#\/schema\/logo\/image\/"}}]}},"_links":{"self":[{"href":"https:\/\/librairie7l.com\/en\/wp-json\/wp\/v2\/product\/45353"}],"collection":[{"href":"https:\/\/librairie7l.com\/en\/wp-json\/wp\/v2\/product"}],"about":[{"href":"https:\/\/librairie7l.com\/en\/wp-json\/wp\/v2\/types\/product"}],"wp:featuredmedia":[{"embeddable":true,"href":"https:\/\/librairie7l.com\/en\/wp-json\/wp\/v2\/media\/45351"}],"wp:attachment":[{"href":"https:\/\/librairie7l.com\/en\/wp-json\/wp\/v2\/media?parent=45353"}],"wp:term":[{"taxonomy":"product_cat","embeddable":true,"href":"https:\/\/librairie7l.com\/en\/wp-json\/wp\/v2\/product_cat?post=45353"},{"taxonomy":"product_tag","embeddable":true,"href":"https:\/\/librairie7l.com\/en\/wp-json\/wp\/v2\/product_tag?post=45353"}],"curies":[{"name":"wp","href":"https:\/\/api.w.org\/{rel}","templated":true}]}}