{"id":45385,"date":"2025-01-08T09:17:45","date_gmt":"2025-01-08T08:17:45","guid":{"rendered":"https:\/\/librairie7l.com\/?post_type=product&#038;p=45385"},"modified":"2026-04-08T19:27:42","modified_gmt":"2026-04-08T17:27:42","slug":"les-sept-palais-celestes-de-anselm-kiefer-la-memoire-du-monde-2","status":"publish","type":"product","link":"https:\/\/librairie7l.com\/en\/produit\/les-sept-palais-celestes-de-anselm-kiefer-la-memoire-du-monde-2\/","title":{"rendered":"LES SEPT PALAIS C\u00c9LESTES DE ANSELM KIEFER : LA M\u00c9MOIRE DU MONDE"},"content":{"rendered":"<p>Ce livre aborde Anselm Kiefer, dont on f\u00eatera les quatre-vingts ans en 2024, \u00e0 travers les sept concepts kabbalistiques, qui le hantent et qui constituent une cl\u00e9 de compr\u00e9hension de son oeuvre. D\u00e9miurge, Anselm Kiefer fascine par les th\u00e9matiques vertigineuses qu&#8217;il peint, b\u00e2tit, r\u00eave, autant que par ses formats imposants. Disons-le, il fascine autant qu&#8217;il heurte et c&#8217;est bien le sens de l&#8217;art que de heurter, d&#8217;\u00eatre en dissidence avec le politiquement correct.<\/p>\n","protected":false},"excerpt":{"rendered":"<p>Ce livre aborde Anselm Kiefer, dont on f\u00eatera les quatre-vingts ans en 2024, \u00e0 travers les sept concepts kabbalistiques, qui le hantent et qui constituent une cl\u00e9 de compr\u00e9hension de son oeuvre. D\u00e9miurge, Anselm Kiefer fascine par les th\u00e9matiques vertigineuses qu&#8217;il peint, b\u00e2tit, r\u00eave, autant que par ses formats imposants. Disons-le, il fascine autant qu&#8217;il [&hellip;]<\/p>\n","protected":false},"featured_media":45383,"template":"","meta":[],"product_cat":[2948],"product_tag":[],"acf":[],"yoast_head":"<!-- This site is optimized with the Yoast SEO plugin v20.11 - https:\/\/yoast.com\/wordpress\/plugins\/seo\/ -->\n<title>Les Sept palais c\u00e9lestes de Anselm Kiefer : La M\u00e9moire du monde - Librairie 7L<\/title>\n<meta name=\"robots\" content=\"index, follow, max-snippet:-1, max-image-preview:large, max-video-preview:-1\" \/>\n<link rel=\"canonical\" href=\"https:\/\/librairie7l.com\/en\/produit\/les-sept-palais-celestes-de-anselm-kiefer-la-memoire-du-monde-2\/\" \/>\n<meta property=\"og:locale\" content=\"en_US\" \/>\n<meta property=\"og:type\" content=\"article\" \/>\n<meta property=\"og:title\" content=\"Les Sept palais c\u00e9lestes de Anselm Kiefer : La M\u00e9moire du monde - Librairie 7L\" \/>\n<meta property=\"og:description\" content=\"Ce livre aborde Anselm Kiefer, dont on f\u00eatera les quatre-vingts ans en 2024, \u00e0 travers les sept concepts kabbalistiques, qui le hantent et qui constituent une cl\u00e9 de compr\u00e9hension de son oeuvre. D\u00e9miurge, Anselm Kiefer fascine par les th\u00e9matiques vertigineuses qu&#8217;il peint, b\u00e2tit, r\u00eave, autant que par ses formats imposants. Disons-le, il fascine autant qu&#8217;il [&hellip;]\" \/>\n<meta property=\"og:url\" content=\"https:\/\/librairie7l.com\/en\/produit\/les-sept-palais-celestes-de-anselm-kiefer-la-memoire-du-monde-2\/\" \/>\n<meta property=\"og:site_name\" content=\"Librairie 7L\" \/>\n<meta property=\"article:modified_time\" content=\"2026-04-08T17:27:42+00:00\" \/>\n<meta property=\"og:image\" content=\"https:\/\/librairie7l.com\/wp-content\/uploads\/2024\/09\/9782330199661_1_75.jpg\" \/>\n\t<meta property=\"og:image:width\" content=\"600\" \/>\n\t<meta property=\"og:image:height\" content=\"847\" \/>\n\t<meta property=\"og:image:type\" content=\"image\/jpeg\" \/>\n<meta name=\"twitter:card\" content=\"summary_large_image\" \/>\n<script type=\"application\/ld+json\" class=\"yoast-schema-graph\">{\"@context\":\"https:\/\/schema.org\",\"@graph\":[{\"@type\":\"WebPage\",\"@id\":\"https:\/\/librairie7l.com\/en\/produit\/les-sept-palais-celestes-de-anselm-kiefer-la-memoire-du-monde-2\/\",\"url\":\"https:\/\/librairie7l.com\/en\/produit\/les-sept-palais-celestes-de-anselm-kiefer-la-memoire-du-monde-2\/\",\"name\":\"Les Sept palais c\u00e9lestes de Anselm Kiefer : La M\u00e9moire du monde - Librairie 7L\",\"isPartOf\":{\"@id\":\"https:\/\/librairie7l.com\/en\/#website\"},\"datePublished\":\"2025-01-08T08:17:45+00:00\",\"dateModified\":\"2026-04-08T17:27:42+00:00\",\"breadcrumb\":{\"@id\":\"https:\/\/librairie7l.com\/en\/produit\/les-sept-palais-celestes-de-anselm-kiefer-la-memoire-du-monde-2\/#breadcrumb\"},\"inLanguage\":\"en-US\",\"potentialAction\":[{\"@type\":\"ReadAction\",\"target\":[\"https:\/\/librairie7l.com\/en\/produit\/les-sept-palais-celestes-de-anselm-kiefer-la-memoire-du-monde-2\/\"]}]},{\"@type\":\"BreadcrumbList\",\"@id\":\"https:\/\/librairie7l.com\/en\/produit\/les-sept-palais-celestes-de-anselm-kiefer-la-memoire-du-monde-2\/#breadcrumb\",\"itemListElement\":[{\"@type\":\"ListItem\",\"position\":1,\"name\":\"Accueil\",\"item\":\"https:\/\/librairie7l.com\/en\/\"},{\"@type\":\"ListItem\",\"position\":2,\"name\":\"Shop\",\"item\":\"https:\/\/librairie7l.com\/en\/shop\/\"},{\"@type\":\"ListItem\",\"position\":3,\"name\":\"LES SEPT PALAIS C\u00c9LESTES DE ANSELM KIEFER : LA M\u00c9MOIRE DU MONDE\"}]},{\"@type\":\"WebSite\",\"@id\":\"https:\/\/librairie7l.com\/en\/#website\",\"url\":\"https:\/\/librairie7l.com\/en\/\",\"name\":\"Librairie 7L\",\"description\":\"Librairie fond\u00e9e en 1999 par Karl Lagerfeld \u00e0 Paris\",\"publisher\":{\"@id\":\"https:\/\/librairie7l.com\/en\/#organization\"},\"potentialAction\":[{\"@type\":\"SearchAction\",\"target\":{\"@type\":\"EntryPoint\",\"urlTemplate\":\"https:\/\/librairie7l.com\/en\/?s={search_term_string}\"},\"query-input\":\"required name=search_term_string\"}],\"inLanguage\":\"en-US\"},{\"@type\":\"Organization\",\"@id\":\"https:\/\/librairie7l.com\/en\/#organization\",\"name\":\"Librairie 7L\",\"url\":\"https:\/\/librairie7l.com\/en\/\",\"logo\":{\"@type\":\"ImageObject\",\"inLanguage\":\"en-US\",\"@id\":\"https:\/\/librairie7l.com\/en\/#\/schema\/logo\/image\/\",\"url\":\"https:\/\/librairie7l.com\/wp-content\/uploads\/2022\/08\/logo-1.png\",\"contentUrl\":\"https:\/\/librairie7l.com\/wp-content\/uploads\/2022\/08\/logo-1.png\",\"width\":227,\"height\":301,\"caption\":\"Librairie 7L\"},\"image\":{\"@id\":\"https:\/\/librairie7l.com\/en\/#\/schema\/logo\/image\/\"}}]}<\/script>\n<!-- \/ Yoast SEO plugin. -->","yoast_head_json":{"title":"Les Sept palais c\u00e9lestes de Anselm Kiefer : La M\u00e9moire du monde - Librairie 7L","robots":{"index":"index","follow":"follow","max-snippet":"max-snippet:-1","max-image-preview":"max-image-preview:large","max-video-preview":"max-video-preview:-1"},"canonical":"https:\/\/librairie7l.com\/en\/produit\/les-sept-palais-celestes-de-anselm-kiefer-la-memoire-du-monde-2\/","og_locale":"en_US","og_type":"article","og_title":"Les Sept palais c\u00e9lestes de Anselm Kiefer : La M\u00e9moire du monde - Librairie 7L","og_description":"Ce livre aborde Anselm Kiefer, dont on f\u00eatera les quatre-vingts ans en 2024, \u00e0 travers les sept concepts kabbalistiques, qui le hantent et qui constituent une cl\u00e9 de compr\u00e9hension de son oeuvre. D\u00e9miurge, Anselm Kiefer fascine par les th\u00e9matiques vertigineuses qu&#8217;il peint, b\u00e2tit, r\u00eave, autant que par ses formats imposants. Disons-le, il fascine autant qu&#8217;il [&hellip;]","og_url":"https:\/\/librairie7l.com\/en\/produit\/les-sept-palais-celestes-de-anselm-kiefer-la-memoire-du-monde-2\/","og_site_name":"Librairie 7L","article_modified_time":"2026-04-08T17:27:42+00:00","og_image":[{"width":600,"height":847,"url":"https:\/\/librairie7l.com\/wp-content\/uploads\/2024\/09\/9782330199661_1_75.jpg","type":"image\/jpeg"}],"twitter_card":"summary_large_image","schema":{"@context":"https:\/\/schema.org","@graph":[{"@type":"WebPage","@id":"https:\/\/librairie7l.com\/en\/produit\/les-sept-palais-celestes-de-anselm-kiefer-la-memoire-du-monde-2\/","url":"https:\/\/librairie7l.com\/en\/produit\/les-sept-palais-celestes-de-anselm-kiefer-la-memoire-du-monde-2\/","name":"Les Sept palais c\u00e9lestes de Anselm Kiefer : La M\u00e9moire du monde - Librairie 7L","isPartOf":{"@id":"https:\/\/librairie7l.com\/en\/#website"},"datePublished":"2025-01-08T08:17:45+00:00","dateModified":"2026-04-08T17:27:42+00:00","breadcrumb":{"@id":"https:\/\/librairie7l.com\/en\/produit\/les-sept-palais-celestes-de-anselm-kiefer-la-memoire-du-monde-2\/#breadcrumb"},"inLanguage":"en-US","potentialAction":[{"@type":"ReadAction","target":["https:\/\/librairie7l.com\/en\/produit\/les-sept-palais-celestes-de-anselm-kiefer-la-memoire-du-monde-2\/"]}]},{"@type":"BreadcrumbList","@id":"https:\/\/librairie7l.com\/en\/produit\/les-sept-palais-celestes-de-anselm-kiefer-la-memoire-du-monde-2\/#breadcrumb","itemListElement":[{"@type":"ListItem","position":1,"name":"Accueil","item":"https:\/\/librairie7l.com\/en\/"},{"@type":"ListItem","position":2,"name":"Shop","item":"https:\/\/librairie7l.com\/en\/shop\/"},{"@type":"ListItem","position":3,"name":"LES SEPT PALAIS C\u00c9LESTES DE ANSELM KIEFER : LA M\u00c9MOIRE DU MONDE"}]},{"@type":"WebSite","@id":"https:\/\/librairie7l.com\/en\/#website","url":"https:\/\/librairie7l.com\/en\/","name":"Librairie 7L","description":"Librairie fond\u00e9e en 1999 par Karl Lagerfeld \u00e0 Paris","publisher":{"@id":"https:\/\/librairie7l.com\/en\/#organization"},"potentialAction":[{"@type":"SearchAction","target":{"@type":"EntryPoint","urlTemplate":"https:\/\/librairie7l.com\/en\/?s={search_term_string}"},"query-input":"required name=search_term_string"}],"inLanguage":"en-US"},{"@type":"Organization","@id":"https:\/\/librairie7l.com\/en\/#organization","name":"Librairie 7L","url":"https:\/\/librairie7l.com\/en\/","logo":{"@type":"ImageObject","inLanguage":"en-US","@id":"https:\/\/librairie7l.com\/en\/#\/schema\/logo\/image\/","url":"https:\/\/librairie7l.com\/wp-content\/uploads\/2022\/08\/logo-1.png","contentUrl":"https:\/\/librairie7l.com\/wp-content\/uploads\/2022\/08\/logo-1.png","width":227,"height":301,"caption":"Librairie 7L"},"image":{"@id":"https:\/\/librairie7l.com\/en\/#\/schema\/logo\/image\/"}}]}},"_links":{"self":[{"href":"https:\/\/librairie7l.com\/en\/wp-json\/wp\/v2\/product\/45385"}],"collection":[{"href":"https:\/\/librairie7l.com\/en\/wp-json\/wp\/v2\/product"}],"about":[{"href":"https:\/\/librairie7l.com\/en\/wp-json\/wp\/v2\/types\/product"}],"wp:featuredmedia":[{"embeddable":true,"href":"https:\/\/librairie7l.com\/en\/wp-json\/wp\/v2\/media\/45383"}],"wp:attachment":[{"href":"https:\/\/librairie7l.com\/en\/wp-json\/wp\/v2\/media?parent=45385"}],"wp:term":[{"taxonomy":"product_cat","embeddable":true,"href":"https:\/\/librairie7l.com\/en\/wp-json\/wp\/v2\/product_cat?post=45385"},{"taxonomy":"product_tag","embeddable":true,"href":"https:\/\/librairie7l.com\/en\/wp-json\/wp\/v2\/product_tag?post=45385"}],"curies":[{"name":"wp","href":"https:\/\/api.w.org\/{rel}","templated":true}]}}