{"id":45397,"date":"2025-01-08T15:58:59","date_gmt":"2025-01-08T14:58:59","guid":{"rendered":"https:\/\/librairie7l.com\/?post_type=product&#038;p=45397"},"modified":"2026-04-10T15:49:45","modified_gmt":"2026-04-10T13:49:45","slug":"lhomme-sans-paysage-battre-la-campagne-2","status":"publish","type":"product","link":"https:\/\/librairie7l.com\/en\/produit\/lhomme-sans-paysage-battre-la-campagne-2\/","title":{"rendered":"L&#8217;HOMME SANS PAYSAGE : BATTRE LA CAMPAGNE"},"content":{"rendered":"<p>Dans son premier recueil de po\u00e8mes MACADAM paru en 2020 au Port a jauni, Mo Abbas courait les rues en terrain connu : po\u00e8te urbain, il est habitu\u00e9 \u00e0 battre le pav\u00e9 de Marseille et les rues des villes, avec \u00ab une bonne paire de chaussures, un carnet, un crayon et une tortue imaginaire en laisse \u00bb, selon sa propre expression. Mais quant \u00e0 battre la campagne&#8230; c&#8217;est une autre affaire ! Et d&#8217;ailleurs, qu&#8217;est-ce que la campagne ? La nature ? Un paysage ? Grand lecteur de po\u00e9sies qui t\u00e9moignent de la beaut\u00e9, la puret\u00e9, la puissance de la Nature, Mo Abbas raconte ici sa difficult\u00e9 \u00e0 entrer dans un flot lyrique quand vient son tour d&#8217;\u00e9crire sur le sujet. Mo Abbas a grandi et toujours v\u00e9cu en ville. Une fois dans la nature, il t\u00e9moigne de son ignorance des mots pour bien nommer ce qui l&#8217;entoure, de sa difficult\u00e9 \u00e0 sentir ce qu&#8217;il lui &#8220;faudrait ressentir&#8221;, \u00e0 dire un bien-\u00eatre, une aisance, un \u00e9panouissement qu&#8217;il ne ressent pas, de son incapacit\u00e9 \u00e0 savoir, puisqu&#8217;il ne sait pas ! Homme sans paysage, Mo Abbas raconte sa qu\u00eate de Dame nature et finalement bat la campagne \u00e0 grand renfort de jeux de mots. \u00c0 l&#8217;inverse, l&#8217;illustration de Jeanne Macaigne foisonne de d\u00e9tails v\u00e9g\u00e9taux et de vie naturelle. Et l&#8217;homme, quand il y est pr\u00e9sent sous la forme d&#8217;un homme-papillon, se fond dans le paysage. Nous aimons ces images en contre-point qui, loin d&#8217;illustrer \u00e0 la lettre les po\u00e8mes, t\u00e9moignent d&#8217;un rapport personnel et diff\u00e9rent de l&#8217;illustratrice au corps et au paysage. Le style de Jeanne Macaigne, tr\u00e8s inspir\u00e9 de l&#8217;illustration des ann\u00e9es 70 et de l&#8217;art na\u00eff , nous para\u00eet particuli\u00e8rement riche pour battre la campagne, d&#8217;image en image. Ce livre n&#8217;est donc pas un recueil d&#8217;\u00e9cologie po\u00e9tique ou de po\u00e9sie \u00e9cologique. Il pose la question du point de vue et du ressenti sur les paysages qui nous entourent, il aborde, en substance, la question de la pr\u00e9sence au monde, avec humour et truculence.<\/p>\n","protected":false},"excerpt":{"rendered":"<p>Dans son premier recueil de po\u00e8mes MACADAM paru en 2020 au Port a jauni, Mo Abbas courait les rues en terrain connu : po\u00e8te urbain, il est habitu\u00e9 \u00e0 battre le pav\u00e9 de Marseille et les rues des villes, avec \u00ab une bonne paire de chaussures, un carnet, un crayon et une tortue imaginaire en [&hellip;]<\/p>\n","protected":false},"featured_media":45395,"template":"","meta":[],"product_cat":[7364,2948],"product_tag":[],"acf":[],"yoast_head":"<!-- This site is optimized with the Yoast SEO plugin v20.11 - https:\/\/yoast.com\/wordpress\/plugins\/seo\/ -->\n<title>L&#039;homme sans paysage : Battre la campagne - Librairie 7L<\/title>\n<meta name=\"robots\" content=\"index, follow, max-snippet:-1, max-image-preview:large, max-video-preview:-1\" \/>\n<link rel=\"canonical\" href=\"https:\/\/librairie7l.com\/en\/produit\/lhomme-sans-paysage-battre-la-campagne-2\/\" \/>\n<meta property=\"og:locale\" content=\"en_US\" \/>\n<meta property=\"og:type\" content=\"article\" \/>\n<meta property=\"og:title\" content=\"L&#039;homme sans paysage : Battre la campagne - Librairie 7L\" \/>\n<meta property=\"og:description\" content=\"Dans son premier recueil de po\u00e8mes MACADAM paru en 2020 au Port a jauni, Mo Abbas courait les rues en terrain connu : po\u00e8te urbain, il est habitu\u00e9 \u00e0 battre le pav\u00e9 de Marseille et les rues des villes, avec \u00ab une bonne paire de chaussures, un carnet, un crayon et une tortue imaginaire en [&hellip;]\" \/>\n<meta property=\"og:url\" content=\"https:\/\/librairie7l.com\/en\/produit\/lhomme-sans-paysage-battre-la-campagne-2\/\" \/>\n<meta property=\"og:site_name\" content=\"Librairie 7L\" \/>\n<meta property=\"article:modified_time\" content=\"2026-04-10T13:49:45+00:00\" \/>\n<meta property=\"og:image\" content=\"https:\/\/librairie7l.com\/wp-content\/uploads\/2024\/04\/9782494753143_1_75.jpg\" \/>\n\t<meta property=\"og:image:width\" content=\"927\" \/>\n\t<meta property=\"og:image:height\" content=\"600\" \/>\n\t<meta property=\"og:image:type\" content=\"image\/jpeg\" \/>\n<meta name=\"twitter:card\" content=\"summary_large_image\" \/>\n<meta name=\"twitter:label1\" content=\"Est. reading time\" \/>\n\t<meta name=\"twitter:data1\" content=\"2 minutes\" \/>\n<script type=\"application\/ld+json\" class=\"yoast-schema-graph\">{\"@context\":\"https:\/\/schema.org\",\"@graph\":[{\"@type\":\"WebPage\",\"@id\":\"https:\/\/librairie7l.com\/en\/produit\/lhomme-sans-paysage-battre-la-campagne-2\/\",\"url\":\"https:\/\/librairie7l.com\/en\/produit\/lhomme-sans-paysage-battre-la-campagne-2\/\",\"name\":\"L'homme sans paysage : Battre la campagne - Librairie 7L\",\"isPartOf\":{\"@id\":\"https:\/\/librairie7l.com\/en\/#website\"},\"datePublished\":\"2025-01-08T14:58:59+00:00\",\"dateModified\":\"2026-04-10T13:49:45+00:00\",\"breadcrumb\":{\"@id\":\"https:\/\/librairie7l.com\/en\/produit\/lhomme-sans-paysage-battre-la-campagne-2\/#breadcrumb\"},\"inLanguage\":\"en-US\",\"potentialAction\":[{\"@type\":\"ReadAction\",\"target\":[\"https:\/\/librairie7l.com\/en\/produit\/lhomme-sans-paysage-battre-la-campagne-2\/\"]}]},{\"@type\":\"BreadcrumbList\",\"@id\":\"https:\/\/librairie7l.com\/en\/produit\/lhomme-sans-paysage-battre-la-campagne-2\/#breadcrumb\",\"itemListElement\":[{\"@type\":\"ListItem\",\"position\":1,\"name\":\"Accueil\",\"item\":\"https:\/\/librairie7l.com\/en\/\"},{\"@type\":\"ListItem\",\"position\":2,\"name\":\"Shop\",\"item\":\"https:\/\/librairie7l.com\/en\/shop\/\"},{\"@type\":\"ListItem\",\"position\":3,\"name\":\"L&#8217;HOMME SANS PAYSAGE : BATTRE LA CAMPAGNE\"}]},{\"@type\":\"WebSite\",\"@id\":\"https:\/\/librairie7l.com\/en\/#website\",\"url\":\"https:\/\/librairie7l.com\/en\/\",\"name\":\"Librairie 7L\",\"description\":\"Librairie fond\u00e9e en 1999 par Karl Lagerfeld \u00e0 Paris\",\"publisher\":{\"@id\":\"https:\/\/librairie7l.com\/en\/#organization\"},\"potentialAction\":[{\"@type\":\"SearchAction\",\"target\":{\"@type\":\"EntryPoint\",\"urlTemplate\":\"https:\/\/librairie7l.com\/en\/?s={search_term_string}\"},\"query-input\":\"required name=search_term_string\"}],\"inLanguage\":\"en-US\"},{\"@type\":\"Organization\",\"@id\":\"https:\/\/librairie7l.com\/en\/#organization\",\"name\":\"Librairie 7L\",\"url\":\"https:\/\/librairie7l.com\/en\/\",\"logo\":{\"@type\":\"ImageObject\",\"inLanguage\":\"en-US\",\"@id\":\"https:\/\/librairie7l.com\/en\/#\/schema\/logo\/image\/\",\"url\":\"https:\/\/librairie7l.com\/wp-content\/uploads\/2022\/08\/logo-1.png\",\"contentUrl\":\"https:\/\/librairie7l.com\/wp-content\/uploads\/2022\/08\/logo-1.png\",\"width\":227,\"height\":301,\"caption\":\"Librairie 7L\"},\"image\":{\"@id\":\"https:\/\/librairie7l.com\/en\/#\/schema\/logo\/image\/\"}}]}<\/script>\n<!-- \/ Yoast SEO plugin. -->","yoast_head_json":{"title":"L'homme sans paysage : Battre la campagne - Librairie 7L","robots":{"index":"index","follow":"follow","max-snippet":"max-snippet:-1","max-image-preview":"max-image-preview:large","max-video-preview":"max-video-preview:-1"},"canonical":"https:\/\/librairie7l.com\/en\/produit\/lhomme-sans-paysage-battre-la-campagne-2\/","og_locale":"en_US","og_type":"article","og_title":"L'homme sans paysage : Battre la campagne - Librairie 7L","og_description":"Dans son premier recueil de po\u00e8mes MACADAM paru en 2020 au Port a jauni, Mo Abbas courait les rues en terrain connu : po\u00e8te urbain, il est habitu\u00e9 \u00e0 battre le pav\u00e9 de Marseille et les rues des villes, avec \u00ab une bonne paire de chaussures, un carnet, un crayon et une tortue imaginaire en [&hellip;]","og_url":"https:\/\/librairie7l.com\/en\/produit\/lhomme-sans-paysage-battre-la-campagne-2\/","og_site_name":"Librairie 7L","article_modified_time":"2026-04-10T13:49:45+00:00","og_image":[{"width":927,"height":600,"url":"https:\/\/librairie7l.com\/wp-content\/uploads\/2024\/04\/9782494753143_1_75.jpg","type":"image\/jpeg"}],"twitter_card":"summary_large_image","twitter_misc":{"Est. reading time":"2 minutes"},"schema":{"@context":"https:\/\/schema.org","@graph":[{"@type":"WebPage","@id":"https:\/\/librairie7l.com\/en\/produit\/lhomme-sans-paysage-battre-la-campagne-2\/","url":"https:\/\/librairie7l.com\/en\/produit\/lhomme-sans-paysage-battre-la-campagne-2\/","name":"L'homme sans paysage : Battre la campagne - Librairie 7L","isPartOf":{"@id":"https:\/\/librairie7l.com\/en\/#website"},"datePublished":"2025-01-08T14:58:59+00:00","dateModified":"2026-04-10T13:49:45+00:00","breadcrumb":{"@id":"https:\/\/librairie7l.com\/en\/produit\/lhomme-sans-paysage-battre-la-campagne-2\/#breadcrumb"},"inLanguage":"en-US","potentialAction":[{"@type":"ReadAction","target":["https:\/\/librairie7l.com\/en\/produit\/lhomme-sans-paysage-battre-la-campagne-2\/"]}]},{"@type":"BreadcrumbList","@id":"https:\/\/librairie7l.com\/en\/produit\/lhomme-sans-paysage-battre-la-campagne-2\/#breadcrumb","itemListElement":[{"@type":"ListItem","position":1,"name":"Accueil","item":"https:\/\/librairie7l.com\/en\/"},{"@type":"ListItem","position":2,"name":"Shop","item":"https:\/\/librairie7l.com\/en\/shop\/"},{"@type":"ListItem","position":3,"name":"L&#8217;HOMME SANS PAYSAGE : BATTRE LA CAMPAGNE"}]},{"@type":"WebSite","@id":"https:\/\/librairie7l.com\/en\/#website","url":"https:\/\/librairie7l.com\/en\/","name":"Librairie 7L","description":"Librairie fond\u00e9e en 1999 par Karl Lagerfeld \u00e0 Paris","publisher":{"@id":"https:\/\/librairie7l.com\/en\/#organization"},"potentialAction":[{"@type":"SearchAction","target":{"@type":"EntryPoint","urlTemplate":"https:\/\/librairie7l.com\/en\/?s={search_term_string}"},"query-input":"required name=search_term_string"}],"inLanguage":"en-US"},{"@type":"Organization","@id":"https:\/\/librairie7l.com\/en\/#organization","name":"Librairie 7L","url":"https:\/\/librairie7l.com\/en\/","logo":{"@type":"ImageObject","inLanguage":"en-US","@id":"https:\/\/librairie7l.com\/en\/#\/schema\/logo\/image\/","url":"https:\/\/librairie7l.com\/wp-content\/uploads\/2022\/08\/logo-1.png","contentUrl":"https:\/\/librairie7l.com\/wp-content\/uploads\/2022\/08\/logo-1.png","width":227,"height":301,"caption":"Librairie 7L"},"image":{"@id":"https:\/\/librairie7l.com\/en\/#\/schema\/logo\/image\/"}}]}},"_links":{"self":[{"href":"https:\/\/librairie7l.com\/en\/wp-json\/wp\/v2\/product\/45397"}],"collection":[{"href":"https:\/\/librairie7l.com\/en\/wp-json\/wp\/v2\/product"}],"about":[{"href":"https:\/\/librairie7l.com\/en\/wp-json\/wp\/v2\/types\/product"}],"wp:featuredmedia":[{"embeddable":true,"href":"https:\/\/librairie7l.com\/en\/wp-json\/wp\/v2\/media\/45395"}],"wp:attachment":[{"href":"https:\/\/librairie7l.com\/en\/wp-json\/wp\/v2\/media?parent=45397"}],"wp:term":[{"taxonomy":"product_cat","embeddable":true,"href":"https:\/\/librairie7l.com\/en\/wp-json\/wp\/v2\/product_cat?post=45397"},{"taxonomy":"product_tag","embeddable":true,"href":"https:\/\/librairie7l.com\/en\/wp-json\/wp\/v2\/product_tag?post=45397"}],"curies":[{"name":"wp","href":"https:\/\/api.w.org\/{rel}","templated":true}]}}