{"id":45426,"date":"2025-01-11T18:20:12","date_gmt":"2025-01-11T17:20:12","guid":{"rendered":"https:\/\/librairie7l.com\/?post_type=product&#038;p=45426"},"modified":"2026-04-05T09:10:56","modified_gmt":"2026-04-05T07:10:56","slug":"petite-fille-deviendra-grand-2","status":"publish","type":"product","link":"https:\/\/librairie7l.com\/en\/produit\/petite-fille-deviendra-grand-2\/","title":{"rendered":"PETITE FILLE DEVIENDRA GRAND"},"content":{"rendered":"<p>&#8220;Je ne me suis jamais senti aussi bien de toute ma vie. Pour la premi\u00e8re fois, je n&#8217;ai pas l&#8217;impression d&#8217;\u00eatre incomplet, je n&#8217;ai plus le sentiment de rejet que j&#8217;ai eu pour ma propre personne pendant des ann\u00e9es. J&#8217;ai tellement r\u00eav\u00e9 de ressentir \u00e7a un jour et maintenant que c&#8217;est le cas, j&#8217;ai du mal \u00e0 r\u00e9aliser.&#8221;<\/p>\n<p>De ses questionnements survenus durant son enfance aux diff\u00e9rentes \u00e9tapes qu&#8217;il a parcourues depuis, Louis nous entra\u00eene dans le r\u00e9cit poignant de sa transition. Il partage avec nous les hauts et les bas, l&#8217;acceptation et le rejet, la construction de sa masculinit\u00e9, mais surtout la d\u00e9livrance de devenir celui qu&#8217;il est vraiment : un homme.<\/p>\n","protected":false},"excerpt":{"rendered":"<p>&#8220;Je ne me suis jamais senti aussi bien de toute ma vie. Pour la premi\u00e8re fois, je n&#8217;ai pas l&#8217;impression d&#8217;\u00eatre incomplet, je n&#8217;ai plus le sentiment de rejet que j&#8217;ai eu pour ma propre personne pendant des ann\u00e9es. J&#8217;ai tellement r\u00eav\u00e9 de ressentir \u00e7a un jour et maintenant que c&#8217;est le cas, j&#8217;ai du [&hellip;]<\/p>\n","protected":false},"featured_media":45424,"template":"","meta":[],"product_cat":[7364,2948],"product_tag":[],"acf":[],"yoast_head":"<!-- This site is optimized with the Yoast SEO plugin v20.11 - https:\/\/yoast.com\/wordpress\/plugins\/seo\/ -->\n<title>Petite fille deviendra grand - Librairie 7L<\/title>\n<meta name=\"robots\" content=\"index, follow, max-snippet:-1, max-image-preview:large, max-video-preview:-1\" \/>\n<link rel=\"canonical\" href=\"https:\/\/librairie7l.com\/en\/produit\/petite-fille-deviendra-grand-2\/\" \/>\n<meta property=\"og:locale\" content=\"en_US\" \/>\n<meta property=\"og:type\" content=\"article\" \/>\n<meta property=\"og:title\" content=\"Petite fille deviendra grand - Librairie 7L\" \/>\n<meta property=\"og:description\" content=\"&#8220;Je ne me suis jamais senti aussi bien de toute ma vie. Pour la premi\u00e8re fois, je n&#8217;ai pas l&#8217;impression d&#8217;\u00eatre incomplet, je n&#8217;ai plus le sentiment de rejet que j&#8217;ai eu pour ma propre personne pendant des ann\u00e9es. J&#8217;ai tellement r\u00eav\u00e9 de ressentir \u00e7a un jour et maintenant que c&#8217;est le cas, j&#8217;ai du [&hellip;]\" \/>\n<meta property=\"og:url\" content=\"https:\/\/librairie7l.com\/en\/produit\/petite-fille-deviendra-grand-2\/\" \/>\n<meta property=\"og:site_name\" content=\"Librairie 7L\" \/>\n<meta property=\"article:modified_time\" content=\"2026-04-05T07:10:56+00:00\" \/>\n<meta property=\"og:image\" content=\"https:\/\/librairie7l.com\/wp-content\/uploads\/2024\/03\/9791028531713_1_75.jpg\" \/>\n\t<meta property=\"og:image:width\" content=\"400\" \/>\n\t<meta property=\"og:image:height\" content=\"565\" \/>\n\t<meta property=\"og:image:type\" content=\"image\/jpeg\" \/>\n<meta name=\"twitter:card\" content=\"summary_large_image\" \/>\n<meta name=\"twitter:label1\" content=\"Est. reading time\" \/>\n\t<meta name=\"twitter:data1\" content=\"1 minute\" \/>\n<script type=\"application\/ld+json\" class=\"yoast-schema-graph\">{\"@context\":\"https:\/\/schema.org\",\"@graph\":[{\"@type\":\"WebPage\",\"@id\":\"https:\/\/librairie7l.com\/en\/produit\/petite-fille-deviendra-grand-2\/\",\"url\":\"https:\/\/librairie7l.com\/en\/produit\/petite-fille-deviendra-grand-2\/\",\"name\":\"Petite fille deviendra grand - Librairie 7L\",\"isPartOf\":{\"@id\":\"https:\/\/librairie7l.com\/en\/#website\"},\"datePublished\":\"2025-01-11T17:20:12+00:00\",\"dateModified\":\"2026-04-05T07:10:56+00:00\",\"breadcrumb\":{\"@id\":\"https:\/\/librairie7l.com\/en\/produit\/petite-fille-deviendra-grand-2\/#breadcrumb\"},\"inLanguage\":\"en-US\",\"potentialAction\":[{\"@type\":\"ReadAction\",\"target\":[\"https:\/\/librairie7l.com\/en\/produit\/petite-fille-deviendra-grand-2\/\"]}]},{\"@type\":\"BreadcrumbList\",\"@id\":\"https:\/\/librairie7l.com\/en\/produit\/petite-fille-deviendra-grand-2\/#breadcrumb\",\"itemListElement\":[{\"@type\":\"ListItem\",\"position\":1,\"name\":\"Accueil\",\"item\":\"https:\/\/librairie7l.com\/en\/\"},{\"@type\":\"ListItem\",\"position\":2,\"name\":\"Shop\",\"item\":\"https:\/\/librairie7l.com\/en\/shop\/\"},{\"@type\":\"ListItem\",\"position\":3,\"name\":\"PETITE FILLE DEVIENDRA GRAND\"}]},{\"@type\":\"WebSite\",\"@id\":\"https:\/\/librairie7l.com\/en\/#website\",\"url\":\"https:\/\/librairie7l.com\/en\/\",\"name\":\"Librairie 7L\",\"description\":\"Librairie fond\u00e9e en 1999 par Karl Lagerfeld \u00e0 Paris\",\"publisher\":{\"@id\":\"https:\/\/librairie7l.com\/en\/#organization\"},\"potentialAction\":[{\"@type\":\"SearchAction\",\"target\":{\"@type\":\"EntryPoint\",\"urlTemplate\":\"https:\/\/librairie7l.com\/en\/?s={search_term_string}\"},\"query-input\":\"required name=search_term_string\"}],\"inLanguage\":\"en-US\"},{\"@type\":\"Organization\",\"@id\":\"https:\/\/librairie7l.com\/en\/#organization\",\"name\":\"Librairie 7L\",\"url\":\"https:\/\/librairie7l.com\/en\/\",\"logo\":{\"@type\":\"ImageObject\",\"inLanguage\":\"en-US\",\"@id\":\"https:\/\/librairie7l.com\/en\/#\/schema\/logo\/image\/\",\"url\":\"https:\/\/librairie7l.com\/wp-content\/uploads\/2022\/08\/logo-1.png\",\"contentUrl\":\"https:\/\/librairie7l.com\/wp-content\/uploads\/2022\/08\/logo-1.png\",\"width\":227,\"height\":301,\"caption\":\"Librairie 7L\"},\"image\":{\"@id\":\"https:\/\/librairie7l.com\/en\/#\/schema\/logo\/image\/\"}}]}<\/script>\n<!-- \/ Yoast SEO plugin. -->","yoast_head_json":{"title":"Petite fille deviendra grand - Librairie 7L","robots":{"index":"index","follow":"follow","max-snippet":"max-snippet:-1","max-image-preview":"max-image-preview:large","max-video-preview":"max-video-preview:-1"},"canonical":"https:\/\/librairie7l.com\/en\/produit\/petite-fille-deviendra-grand-2\/","og_locale":"en_US","og_type":"article","og_title":"Petite fille deviendra grand - Librairie 7L","og_description":"&#8220;Je ne me suis jamais senti aussi bien de toute ma vie. Pour la premi\u00e8re fois, je n&#8217;ai pas l&#8217;impression d&#8217;\u00eatre incomplet, je n&#8217;ai plus le sentiment de rejet que j&#8217;ai eu pour ma propre personne pendant des ann\u00e9es. J&#8217;ai tellement r\u00eav\u00e9 de ressentir \u00e7a un jour et maintenant que c&#8217;est le cas, j&#8217;ai du [&hellip;]","og_url":"https:\/\/librairie7l.com\/en\/produit\/petite-fille-deviendra-grand-2\/","og_site_name":"Librairie 7L","article_modified_time":"2026-04-05T07:10:56+00:00","og_image":[{"width":400,"height":565,"url":"https:\/\/librairie7l.com\/wp-content\/uploads\/2024\/03\/9791028531713_1_75.jpg","type":"image\/jpeg"}],"twitter_card":"summary_large_image","twitter_misc":{"Est. reading time":"1 minute"},"schema":{"@context":"https:\/\/schema.org","@graph":[{"@type":"WebPage","@id":"https:\/\/librairie7l.com\/en\/produit\/petite-fille-deviendra-grand-2\/","url":"https:\/\/librairie7l.com\/en\/produit\/petite-fille-deviendra-grand-2\/","name":"Petite fille deviendra grand - Librairie 7L","isPartOf":{"@id":"https:\/\/librairie7l.com\/en\/#website"},"datePublished":"2025-01-11T17:20:12+00:00","dateModified":"2026-04-05T07:10:56+00:00","breadcrumb":{"@id":"https:\/\/librairie7l.com\/en\/produit\/petite-fille-deviendra-grand-2\/#breadcrumb"},"inLanguage":"en-US","potentialAction":[{"@type":"ReadAction","target":["https:\/\/librairie7l.com\/en\/produit\/petite-fille-deviendra-grand-2\/"]}]},{"@type":"BreadcrumbList","@id":"https:\/\/librairie7l.com\/en\/produit\/petite-fille-deviendra-grand-2\/#breadcrumb","itemListElement":[{"@type":"ListItem","position":1,"name":"Accueil","item":"https:\/\/librairie7l.com\/en\/"},{"@type":"ListItem","position":2,"name":"Shop","item":"https:\/\/librairie7l.com\/en\/shop\/"},{"@type":"ListItem","position":3,"name":"PETITE FILLE DEVIENDRA GRAND"}]},{"@type":"WebSite","@id":"https:\/\/librairie7l.com\/en\/#website","url":"https:\/\/librairie7l.com\/en\/","name":"Librairie 7L","description":"Librairie fond\u00e9e en 1999 par Karl Lagerfeld \u00e0 Paris","publisher":{"@id":"https:\/\/librairie7l.com\/en\/#organization"},"potentialAction":[{"@type":"SearchAction","target":{"@type":"EntryPoint","urlTemplate":"https:\/\/librairie7l.com\/en\/?s={search_term_string}"},"query-input":"required name=search_term_string"}],"inLanguage":"en-US"},{"@type":"Organization","@id":"https:\/\/librairie7l.com\/en\/#organization","name":"Librairie 7L","url":"https:\/\/librairie7l.com\/en\/","logo":{"@type":"ImageObject","inLanguage":"en-US","@id":"https:\/\/librairie7l.com\/en\/#\/schema\/logo\/image\/","url":"https:\/\/librairie7l.com\/wp-content\/uploads\/2022\/08\/logo-1.png","contentUrl":"https:\/\/librairie7l.com\/wp-content\/uploads\/2022\/08\/logo-1.png","width":227,"height":301,"caption":"Librairie 7L"},"image":{"@id":"https:\/\/librairie7l.com\/en\/#\/schema\/logo\/image\/"}}]}},"_links":{"self":[{"href":"https:\/\/librairie7l.com\/en\/wp-json\/wp\/v2\/product\/45426"}],"collection":[{"href":"https:\/\/librairie7l.com\/en\/wp-json\/wp\/v2\/product"}],"about":[{"href":"https:\/\/librairie7l.com\/en\/wp-json\/wp\/v2\/types\/product"}],"wp:featuredmedia":[{"embeddable":true,"href":"https:\/\/librairie7l.com\/en\/wp-json\/wp\/v2\/media\/45424"}],"wp:attachment":[{"href":"https:\/\/librairie7l.com\/en\/wp-json\/wp\/v2\/media?parent=45426"}],"wp:term":[{"taxonomy":"product_cat","embeddable":true,"href":"https:\/\/librairie7l.com\/en\/wp-json\/wp\/v2\/product_cat?post=45426"},{"taxonomy":"product_tag","embeddable":true,"href":"https:\/\/librairie7l.com\/en\/wp-json\/wp\/v2\/product_tag?post=45426"}],"curies":[{"name":"wp","href":"https:\/\/api.w.org\/{rel}","templated":true}]}}