{"id":45450,"date":"2025-01-15T09:17:46","date_gmt":"2025-01-15T08:17:46","guid":{"rendered":"https:\/\/librairie7l.com\/?post_type=product&#038;p=45450"},"modified":"2026-04-16T10:04:51","modified_gmt":"2026-04-16T08:04:51","slug":"jardins-persans-une-traversee-architecturale-et-philosophique-2","status":"publish","type":"product","link":"https:\/\/librairie7l.com\/en\/produit\/jardins-persans-une-traversee-architecturale-et-philosophique-2\/","title":{"rendered":"JARDINS PERSANS : UNE TRAVERS\u00c9E ARCHITECTURALE ET PHILOSOPHIQUE"},"content":{"rendered":"<p>Au croisement d&#8217;une approche esth\u00e9tique et \u00e9cologique, cet ouvrage richement illustr\u00e9 restitue la grande diversit\u00e9 des jardins d&#8217;Iran, bien plus somptueux et foisonnants que le mod\u00e8le canonique du<br \/>\nchahar-bagh.<br \/>\nRiche d&#8217;une histoire foisonnante et mill\u00e9naire, le jardin persan ne se r\u00e9duit en rien \u00e0 l&#8217;image famili\u00e8re et fig\u00e9e qui a \u00e9t\u00e9 fa\u00e7onn\u00e9e de l&#8217;int\u00e9rieur par le r\u00e9gime iranien actuel, avide de symboles identitaires, et de l&#8217;ext\u00e9rieur par l&#8217;industrie du tourisme, balis\u00e9e par les labels Unesco. Bien plus vari\u00e9 que le mod\u00e8le canonique du chahar-bagh, cern\u00e9 de murs et d\u00e9coup\u00e9 en quatre parties distinctes par deux canaux orthogonaux se croisant en un bassin central, il est abord\u00e9 ici dans sa plus grande pluralit\u00e9. Les miniatures, les enluminures, les po\u00e8mes et les tapis sont d&#8217;abord explor\u00e9s comme autant de sources pour comprendre la multiplicit\u00e9 de ces jardins. \u00c9chappant aux notions occidentales de g\u00e9om\u00e9trie, de r\u00e9gularit\u00e9 ou de sym\u00e9trie, ils se d\u00e9robent \u00e0 la seule contemplation visuelle et doivent \u00eatre saisis dans la complexit\u00e9 des usages et des pratiques, des mythes et des croyances, des ambiances et des processus, y compris agricoles.<br \/>\nForte de la dizaine de voyages d&#8217;\u00e9tudes qu&#8217;elle a effectu\u00e9s entre 2008 et 2022, Ga\u00ebtane Lamarche-Vadel analyse ces jardins au plus pr\u00e8s du terrain, comme le fruit du croisement entre une ing\u00e9nierie vernaculaire des \u00e9l\u00e9ments de la nature (\u00e9conomie de l&#8217;eau, accueil des vents et des odeurs, pr\u00e9sence de la terre nue du d\u00e9sert, architecture de l&#8217;ombre) et d&#8217;une m\u00e9taphysique zoroastrienne, bien ant\u00e9rieure \u00e0 l&#8217;Islam. La philosophe les interpr\u00e8te finement comme des lieux de m\u00e9tamorphose permanente, de porosit\u00e9 mutuelle entre les flux, les choses et les \u00eatres. Utile pour penser autrement la restauration de ces espaces souvent menac\u00e9s, ce livre le sera plus largement pour m\u00e9diter \u00e0 une \u00e9cologie plus ouverte, inclusive et holistique<\/p>\n","protected":false},"excerpt":{"rendered":"<p>Au croisement d&#8217;une approche esth\u00e9tique et \u00e9cologique, cet ouvrage richement illustr\u00e9 restitue la grande diversit\u00e9 des jardins d&#8217;Iran, bien plus somptueux et foisonnants que le mod\u00e8le canonique du chahar-bagh. Riche d&#8217;une histoire foisonnante et mill\u00e9naire, le jardin persan ne se r\u00e9duit en rien \u00e0 l&#8217;image famili\u00e8re et fig\u00e9e qui a \u00e9t\u00e9 fa\u00e7onn\u00e9e de l&#8217;int\u00e9rieur par [&hellip;]<\/p>\n","protected":false},"featured_media":45448,"template":"","meta":[],"product_cat":[2948,2956],"product_tag":[],"acf":[],"yoast_head":"<!-- This site is optimized with the Yoast SEO plugin v20.11 - https:\/\/yoast.com\/wordpress\/plugins\/seo\/ -->\n<title>Jardins persans : Une travers\u00e9e architecturale et philosophique - Librairie 7L<\/title>\n<meta name=\"robots\" content=\"index, follow, max-snippet:-1, max-image-preview:large, max-video-preview:-1\" \/>\n<link rel=\"canonical\" href=\"https:\/\/librairie7l.com\/en\/produit\/jardins-persans-une-traversee-architecturale-et-philosophique-2\/\" \/>\n<meta property=\"og:locale\" content=\"en_US\" \/>\n<meta property=\"og:type\" content=\"article\" \/>\n<meta property=\"og:title\" content=\"Jardins persans : Une travers\u00e9e architecturale et philosophique - Librairie 7L\" \/>\n<meta property=\"og:description\" content=\"Au croisement d&#8217;une approche esth\u00e9tique et \u00e9cologique, cet ouvrage richement illustr\u00e9 restitue la grande diversit\u00e9 des jardins d&#8217;Iran, bien plus somptueux et foisonnants que le mod\u00e8le canonique du chahar-bagh. Riche d&#8217;une histoire foisonnante et mill\u00e9naire, le jardin persan ne se r\u00e9duit en rien \u00e0 l&#8217;image famili\u00e8re et fig\u00e9e qui a \u00e9t\u00e9 fa\u00e7onn\u00e9e de l&#8217;int\u00e9rieur par [&hellip;]\" \/>\n<meta property=\"og:url\" content=\"https:\/\/librairie7l.com\/en\/produit\/jardins-persans-une-traversee-architecturale-et-philosophique-2\/\" \/>\n<meta property=\"og:site_name\" content=\"Librairie 7L\" \/>\n<meta property=\"article:modified_time\" content=\"2026-04-16T08:04:51+00:00\" \/>\n<meta property=\"og:image\" content=\"https:\/\/librairie7l.com\/wp-content\/uploads\/2023\/12\/9782375560549_1_75.jpg\" \/>\n\t<meta property=\"og:image:width\" content=\"400\" \/>\n\t<meta property=\"og:image:height\" content=\"495\" \/>\n\t<meta property=\"og:image:type\" content=\"image\/jpeg\" \/>\n<meta name=\"twitter:card\" content=\"summary_large_image\" \/>\n<meta name=\"twitter:label1\" content=\"Est. reading time\" \/>\n\t<meta name=\"twitter:data1\" content=\"2 minutes\" \/>\n<script type=\"application\/ld+json\" class=\"yoast-schema-graph\">{\"@context\":\"https:\/\/schema.org\",\"@graph\":[{\"@type\":\"WebPage\",\"@id\":\"https:\/\/librairie7l.com\/en\/produit\/jardins-persans-une-traversee-architecturale-et-philosophique-2\/\",\"url\":\"https:\/\/librairie7l.com\/en\/produit\/jardins-persans-une-traversee-architecturale-et-philosophique-2\/\",\"name\":\"Jardins persans : Une travers\u00e9e architecturale et philosophique - Librairie 7L\",\"isPartOf\":{\"@id\":\"https:\/\/librairie7l.com\/en\/#website\"},\"datePublished\":\"2025-01-15T08:17:46+00:00\",\"dateModified\":\"2026-04-16T08:04:51+00:00\",\"breadcrumb\":{\"@id\":\"https:\/\/librairie7l.com\/en\/produit\/jardins-persans-une-traversee-architecturale-et-philosophique-2\/#breadcrumb\"},\"inLanguage\":\"en-US\",\"potentialAction\":[{\"@type\":\"ReadAction\",\"target\":[\"https:\/\/librairie7l.com\/en\/produit\/jardins-persans-une-traversee-architecturale-et-philosophique-2\/\"]}]},{\"@type\":\"BreadcrumbList\",\"@id\":\"https:\/\/librairie7l.com\/en\/produit\/jardins-persans-une-traversee-architecturale-et-philosophique-2\/#breadcrumb\",\"itemListElement\":[{\"@type\":\"ListItem\",\"position\":1,\"name\":\"Accueil\",\"item\":\"https:\/\/librairie7l.com\/en\/\"},{\"@type\":\"ListItem\",\"position\":2,\"name\":\"Shop\",\"item\":\"https:\/\/librairie7l.com\/en\/shop\/\"},{\"@type\":\"ListItem\",\"position\":3,\"name\":\"JARDINS PERSANS : UNE TRAVERS\u00c9E ARCHITECTURALE ET PHILOSOPHIQUE\"}]},{\"@type\":\"WebSite\",\"@id\":\"https:\/\/librairie7l.com\/en\/#website\",\"url\":\"https:\/\/librairie7l.com\/en\/\",\"name\":\"Librairie 7L\",\"description\":\"Librairie fond\u00e9e en 1999 par Karl Lagerfeld \u00e0 Paris\",\"publisher\":{\"@id\":\"https:\/\/librairie7l.com\/en\/#organization\"},\"potentialAction\":[{\"@type\":\"SearchAction\",\"target\":{\"@type\":\"EntryPoint\",\"urlTemplate\":\"https:\/\/librairie7l.com\/en\/?s={search_term_string}\"},\"query-input\":\"required name=search_term_string\"}],\"inLanguage\":\"en-US\"},{\"@type\":\"Organization\",\"@id\":\"https:\/\/librairie7l.com\/en\/#organization\",\"name\":\"Librairie 7L\",\"url\":\"https:\/\/librairie7l.com\/en\/\",\"logo\":{\"@type\":\"ImageObject\",\"inLanguage\":\"en-US\",\"@id\":\"https:\/\/librairie7l.com\/en\/#\/schema\/logo\/image\/\",\"url\":\"https:\/\/librairie7l.com\/wp-content\/uploads\/2022\/08\/logo-1.png\",\"contentUrl\":\"https:\/\/librairie7l.com\/wp-content\/uploads\/2022\/08\/logo-1.png\",\"width\":227,\"height\":301,\"caption\":\"Librairie 7L\"},\"image\":{\"@id\":\"https:\/\/librairie7l.com\/en\/#\/schema\/logo\/image\/\"}}]}<\/script>\n<!-- \/ Yoast SEO plugin. -->","yoast_head_json":{"title":"Jardins persans : Une travers\u00e9e architecturale et philosophique - Librairie 7L","robots":{"index":"index","follow":"follow","max-snippet":"max-snippet:-1","max-image-preview":"max-image-preview:large","max-video-preview":"max-video-preview:-1"},"canonical":"https:\/\/librairie7l.com\/en\/produit\/jardins-persans-une-traversee-architecturale-et-philosophique-2\/","og_locale":"en_US","og_type":"article","og_title":"Jardins persans : Une travers\u00e9e architecturale et philosophique - Librairie 7L","og_description":"Au croisement d&#8217;une approche esth\u00e9tique et \u00e9cologique, cet ouvrage richement illustr\u00e9 restitue la grande diversit\u00e9 des jardins d&#8217;Iran, bien plus somptueux et foisonnants que le mod\u00e8le canonique du chahar-bagh. Riche d&#8217;une histoire foisonnante et mill\u00e9naire, le jardin persan ne se r\u00e9duit en rien \u00e0 l&#8217;image famili\u00e8re et fig\u00e9e qui a \u00e9t\u00e9 fa\u00e7onn\u00e9e de l&#8217;int\u00e9rieur par [&hellip;]","og_url":"https:\/\/librairie7l.com\/en\/produit\/jardins-persans-une-traversee-architecturale-et-philosophique-2\/","og_site_name":"Librairie 7L","article_modified_time":"2026-04-16T08:04:51+00:00","og_image":[{"width":400,"height":495,"url":"https:\/\/librairie7l.com\/wp-content\/uploads\/2023\/12\/9782375560549_1_75.jpg","type":"image\/jpeg"}],"twitter_card":"summary_large_image","twitter_misc":{"Est. reading time":"2 minutes"},"schema":{"@context":"https:\/\/schema.org","@graph":[{"@type":"WebPage","@id":"https:\/\/librairie7l.com\/en\/produit\/jardins-persans-une-traversee-architecturale-et-philosophique-2\/","url":"https:\/\/librairie7l.com\/en\/produit\/jardins-persans-une-traversee-architecturale-et-philosophique-2\/","name":"Jardins persans : Une travers\u00e9e architecturale et philosophique - Librairie 7L","isPartOf":{"@id":"https:\/\/librairie7l.com\/en\/#website"},"datePublished":"2025-01-15T08:17:46+00:00","dateModified":"2026-04-16T08:04:51+00:00","breadcrumb":{"@id":"https:\/\/librairie7l.com\/en\/produit\/jardins-persans-une-traversee-architecturale-et-philosophique-2\/#breadcrumb"},"inLanguage":"en-US","potentialAction":[{"@type":"ReadAction","target":["https:\/\/librairie7l.com\/en\/produit\/jardins-persans-une-traversee-architecturale-et-philosophique-2\/"]}]},{"@type":"BreadcrumbList","@id":"https:\/\/librairie7l.com\/en\/produit\/jardins-persans-une-traversee-architecturale-et-philosophique-2\/#breadcrumb","itemListElement":[{"@type":"ListItem","position":1,"name":"Accueil","item":"https:\/\/librairie7l.com\/en\/"},{"@type":"ListItem","position":2,"name":"Shop","item":"https:\/\/librairie7l.com\/en\/shop\/"},{"@type":"ListItem","position":3,"name":"JARDINS PERSANS : UNE TRAVERS\u00c9E ARCHITECTURALE ET PHILOSOPHIQUE"}]},{"@type":"WebSite","@id":"https:\/\/librairie7l.com\/en\/#website","url":"https:\/\/librairie7l.com\/en\/","name":"Librairie 7L","description":"Librairie fond\u00e9e en 1999 par Karl Lagerfeld \u00e0 Paris","publisher":{"@id":"https:\/\/librairie7l.com\/en\/#organization"},"potentialAction":[{"@type":"SearchAction","target":{"@type":"EntryPoint","urlTemplate":"https:\/\/librairie7l.com\/en\/?s={search_term_string}"},"query-input":"required name=search_term_string"}],"inLanguage":"en-US"},{"@type":"Organization","@id":"https:\/\/librairie7l.com\/en\/#organization","name":"Librairie 7L","url":"https:\/\/librairie7l.com\/en\/","logo":{"@type":"ImageObject","inLanguage":"en-US","@id":"https:\/\/librairie7l.com\/en\/#\/schema\/logo\/image\/","url":"https:\/\/librairie7l.com\/wp-content\/uploads\/2022\/08\/logo-1.png","contentUrl":"https:\/\/librairie7l.com\/wp-content\/uploads\/2022\/08\/logo-1.png","width":227,"height":301,"caption":"Librairie 7L"},"image":{"@id":"https:\/\/librairie7l.com\/en\/#\/schema\/logo\/image\/"}}]}},"_links":{"self":[{"href":"https:\/\/librairie7l.com\/en\/wp-json\/wp\/v2\/product\/45450"}],"collection":[{"href":"https:\/\/librairie7l.com\/en\/wp-json\/wp\/v2\/product"}],"about":[{"href":"https:\/\/librairie7l.com\/en\/wp-json\/wp\/v2\/types\/product"}],"wp:featuredmedia":[{"embeddable":true,"href":"https:\/\/librairie7l.com\/en\/wp-json\/wp\/v2\/media\/45448"}],"wp:attachment":[{"href":"https:\/\/librairie7l.com\/en\/wp-json\/wp\/v2\/media?parent=45450"}],"wp:term":[{"taxonomy":"product_cat","embeddable":true,"href":"https:\/\/librairie7l.com\/en\/wp-json\/wp\/v2\/product_cat?post=45450"},{"taxonomy":"product_tag","embeddable":true,"href":"https:\/\/librairie7l.com\/en\/wp-json\/wp\/v2\/product_tag?post=45450"}],"curies":[{"name":"wp","href":"https:\/\/api.w.org\/{rel}","templated":true}]}}