{"id":45454,"date":"2025-01-15T09:17:51","date_gmt":"2025-01-15T08:17:51","guid":{"rendered":"https:\/\/librairie7l.com\/?post_type=product&#038;p=45454"},"modified":"2026-04-05T05:59:16","modified_gmt":"2026-04-05T03:59:16","slug":"patrice-cauchetier-createur-de-costumes-2","status":"publish","type":"product","link":"https:\/\/librairie7l.com\/en\/produit\/patrice-cauchetier-createur-de-costumes-2\/","title":{"rendered":"PATRICE CAUCHETIER : CR\u00c9ATEUR DE COSTUMES"},"content":{"rendered":"<p>Jean-Marie Vill\u00e9gier me fit un jour cette affectueuse confidence : \u00ab On conna\u00eet mieux Patrice quand on l&#8217;a vu au cours d&#8217;un d\u00e9jeuner d&#8217;hu\u00eetres. \u00c7a le plonge dans le ravissement. Il est insatiable et gourmet, pas glouton. Il savoure le plaisir de partager un r\u00e9gal avec ses convives. Son travail est un peu du m\u00eame ordre, de l&#8217;ordre de la d\u00e9gustation, de la gourmandise \u00e9clair\u00e9e. Il est gourmand de couleurs, de formes, de mati\u00e8res&#8230; Patrice est un voluptueux qui \u00e9prouve du plaisir \u00e0 toucher et \u00e0 faire toucher les mati\u00e8res. On comprend mieux, en le voyant, son attrait pour la peinture baroque, ses portraits entour\u00e9s de draperies, de mille mati\u00e8res imagin\u00e9es par l&#8217;extr\u00eame ing\u00e9niosit\u00e9 des peintres \u00e0 rendre les dentelles, les velours. \u00bb<\/p>\n","protected":false},"excerpt":{"rendered":"<p>Jean-Marie Vill\u00e9gier me fit un jour cette affectueuse confidence : \u00ab On conna\u00eet mieux Patrice quand on l&#8217;a vu au cours d&#8217;un d\u00e9jeuner d&#8217;hu\u00eetres. \u00c7a le plonge dans le ravissement. Il est insatiable et gourmet, pas glouton. Il savoure le plaisir de partager un r\u00e9gal avec ses convives. Son travail est un peu du m\u00eame [&hellip;]<\/p>\n","protected":false},"featured_media":45452,"template":"","meta":[],"product_cat":[2948],"product_tag":[],"acf":[],"yoast_head":"<!-- This site is optimized with the Yoast SEO plugin v20.11 - https:\/\/yoast.com\/wordpress\/plugins\/seo\/ -->\n<title>Patrice Cauchetier : Cr\u00e9ateur de costumes - Librairie 7L<\/title>\n<meta name=\"robots\" content=\"index, follow, max-snippet:-1, max-image-preview:large, max-video-preview:-1\" \/>\n<link rel=\"canonical\" href=\"https:\/\/librairie7l.com\/en\/produit\/patrice-cauchetier-createur-de-costumes-2\/\" \/>\n<meta property=\"og:locale\" content=\"en_US\" \/>\n<meta property=\"og:type\" content=\"article\" \/>\n<meta property=\"og:title\" content=\"Patrice Cauchetier : Cr\u00e9ateur de costumes - Librairie 7L\" \/>\n<meta property=\"og:description\" content=\"Jean-Marie Vill\u00e9gier me fit un jour cette affectueuse confidence : \u00ab On conna\u00eet mieux Patrice quand on l&#8217;a vu au cours d&#8217;un d\u00e9jeuner d&#8217;hu\u00eetres. \u00c7a le plonge dans le ravissement. Il est insatiable et gourmet, pas glouton. Il savoure le plaisir de partager un r\u00e9gal avec ses convives. Son travail est un peu du m\u00eame [&hellip;]\" \/>\n<meta property=\"og:url\" content=\"https:\/\/librairie7l.com\/en\/produit\/patrice-cauchetier-createur-de-costumes-2\/\" \/>\n<meta property=\"og:site_name\" content=\"Librairie 7L\" \/>\n<meta property=\"article:modified_time\" content=\"2026-04-05T03:59:16+00:00\" \/>\n<meta property=\"og:image\" content=\"https:\/\/librairie7l.com\/wp-content\/uploads\/2024\/06\/9788836657643_1_75.jpg\" \/>\n\t<meta property=\"og:image:width\" content=\"600\" \/>\n\t<meta property=\"og:image:height\" content=\"850\" \/>\n\t<meta property=\"og:image:type\" content=\"image\/jpeg\" \/>\n<meta name=\"twitter:card\" content=\"summary_large_image\" \/>\n<meta name=\"twitter:label1\" content=\"Est. reading time\" \/>\n\t<meta name=\"twitter:data1\" content=\"1 minute\" \/>\n<script type=\"application\/ld+json\" class=\"yoast-schema-graph\">{\"@context\":\"https:\/\/schema.org\",\"@graph\":[{\"@type\":\"WebPage\",\"@id\":\"https:\/\/librairie7l.com\/en\/produit\/patrice-cauchetier-createur-de-costumes-2\/\",\"url\":\"https:\/\/librairie7l.com\/en\/produit\/patrice-cauchetier-createur-de-costumes-2\/\",\"name\":\"Patrice Cauchetier : Cr\u00e9ateur de costumes - Librairie 7L\",\"isPartOf\":{\"@id\":\"https:\/\/librairie7l.com\/en\/#website\"},\"datePublished\":\"2025-01-15T08:17:51+00:00\",\"dateModified\":\"2026-04-05T03:59:16+00:00\",\"breadcrumb\":{\"@id\":\"https:\/\/librairie7l.com\/en\/produit\/patrice-cauchetier-createur-de-costumes-2\/#breadcrumb\"},\"inLanguage\":\"en-US\",\"potentialAction\":[{\"@type\":\"ReadAction\",\"target\":[\"https:\/\/librairie7l.com\/en\/produit\/patrice-cauchetier-createur-de-costumes-2\/\"]}]},{\"@type\":\"BreadcrumbList\",\"@id\":\"https:\/\/librairie7l.com\/en\/produit\/patrice-cauchetier-createur-de-costumes-2\/#breadcrumb\",\"itemListElement\":[{\"@type\":\"ListItem\",\"position\":1,\"name\":\"Accueil\",\"item\":\"https:\/\/librairie7l.com\/en\/\"},{\"@type\":\"ListItem\",\"position\":2,\"name\":\"Shop\",\"item\":\"https:\/\/librairie7l.com\/en\/shop\/\"},{\"@type\":\"ListItem\",\"position\":3,\"name\":\"PATRICE CAUCHETIER : CR\u00c9ATEUR DE COSTUMES\"}]},{\"@type\":\"WebSite\",\"@id\":\"https:\/\/librairie7l.com\/en\/#website\",\"url\":\"https:\/\/librairie7l.com\/en\/\",\"name\":\"Librairie 7L\",\"description\":\"Librairie fond\u00e9e en 1999 par Karl Lagerfeld \u00e0 Paris\",\"publisher\":{\"@id\":\"https:\/\/librairie7l.com\/en\/#organization\"},\"potentialAction\":[{\"@type\":\"SearchAction\",\"target\":{\"@type\":\"EntryPoint\",\"urlTemplate\":\"https:\/\/librairie7l.com\/en\/?s={search_term_string}\"},\"query-input\":\"required name=search_term_string\"}],\"inLanguage\":\"en-US\"},{\"@type\":\"Organization\",\"@id\":\"https:\/\/librairie7l.com\/en\/#organization\",\"name\":\"Librairie 7L\",\"url\":\"https:\/\/librairie7l.com\/en\/\",\"logo\":{\"@type\":\"ImageObject\",\"inLanguage\":\"en-US\",\"@id\":\"https:\/\/librairie7l.com\/en\/#\/schema\/logo\/image\/\",\"url\":\"https:\/\/librairie7l.com\/wp-content\/uploads\/2022\/08\/logo-1.png\",\"contentUrl\":\"https:\/\/librairie7l.com\/wp-content\/uploads\/2022\/08\/logo-1.png\",\"width\":227,\"height\":301,\"caption\":\"Librairie 7L\"},\"image\":{\"@id\":\"https:\/\/librairie7l.com\/en\/#\/schema\/logo\/image\/\"}}]}<\/script>\n<!-- \/ Yoast SEO plugin. -->","yoast_head_json":{"title":"Patrice Cauchetier : Cr\u00e9ateur de costumes - Librairie 7L","robots":{"index":"index","follow":"follow","max-snippet":"max-snippet:-1","max-image-preview":"max-image-preview:large","max-video-preview":"max-video-preview:-1"},"canonical":"https:\/\/librairie7l.com\/en\/produit\/patrice-cauchetier-createur-de-costumes-2\/","og_locale":"en_US","og_type":"article","og_title":"Patrice Cauchetier : Cr\u00e9ateur de costumes - Librairie 7L","og_description":"Jean-Marie Vill\u00e9gier me fit un jour cette affectueuse confidence : \u00ab On conna\u00eet mieux Patrice quand on l&#8217;a vu au cours d&#8217;un d\u00e9jeuner d&#8217;hu\u00eetres. \u00c7a le plonge dans le ravissement. Il est insatiable et gourmet, pas glouton. Il savoure le plaisir de partager un r\u00e9gal avec ses convives. Son travail est un peu du m\u00eame [&hellip;]","og_url":"https:\/\/librairie7l.com\/en\/produit\/patrice-cauchetier-createur-de-costumes-2\/","og_site_name":"Librairie 7L","article_modified_time":"2026-04-05T03:59:16+00:00","og_image":[{"width":600,"height":850,"url":"https:\/\/librairie7l.com\/wp-content\/uploads\/2024\/06\/9788836657643_1_75.jpg","type":"image\/jpeg"}],"twitter_card":"summary_large_image","twitter_misc":{"Est. reading time":"1 minute"},"schema":{"@context":"https:\/\/schema.org","@graph":[{"@type":"WebPage","@id":"https:\/\/librairie7l.com\/en\/produit\/patrice-cauchetier-createur-de-costumes-2\/","url":"https:\/\/librairie7l.com\/en\/produit\/patrice-cauchetier-createur-de-costumes-2\/","name":"Patrice Cauchetier : Cr\u00e9ateur de costumes - Librairie 7L","isPartOf":{"@id":"https:\/\/librairie7l.com\/en\/#website"},"datePublished":"2025-01-15T08:17:51+00:00","dateModified":"2026-04-05T03:59:16+00:00","breadcrumb":{"@id":"https:\/\/librairie7l.com\/en\/produit\/patrice-cauchetier-createur-de-costumes-2\/#breadcrumb"},"inLanguage":"en-US","potentialAction":[{"@type":"ReadAction","target":["https:\/\/librairie7l.com\/en\/produit\/patrice-cauchetier-createur-de-costumes-2\/"]}]},{"@type":"BreadcrumbList","@id":"https:\/\/librairie7l.com\/en\/produit\/patrice-cauchetier-createur-de-costumes-2\/#breadcrumb","itemListElement":[{"@type":"ListItem","position":1,"name":"Accueil","item":"https:\/\/librairie7l.com\/en\/"},{"@type":"ListItem","position":2,"name":"Shop","item":"https:\/\/librairie7l.com\/en\/shop\/"},{"@type":"ListItem","position":3,"name":"PATRICE CAUCHETIER : CR\u00c9ATEUR DE COSTUMES"}]},{"@type":"WebSite","@id":"https:\/\/librairie7l.com\/en\/#website","url":"https:\/\/librairie7l.com\/en\/","name":"Librairie 7L","description":"Librairie fond\u00e9e en 1999 par Karl Lagerfeld \u00e0 Paris","publisher":{"@id":"https:\/\/librairie7l.com\/en\/#organization"},"potentialAction":[{"@type":"SearchAction","target":{"@type":"EntryPoint","urlTemplate":"https:\/\/librairie7l.com\/en\/?s={search_term_string}"},"query-input":"required name=search_term_string"}],"inLanguage":"en-US"},{"@type":"Organization","@id":"https:\/\/librairie7l.com\/en\/#organization","name":"Librairie 7L","url":"https:\/\/librairie7l.com\/en\/","logo":{"@type":"ImageObject","inLanguage":"en-US","@id":"https:\/\/librairie7l.com\/en\/#\/schema\/logo\/image\/","url":"https:\/\/librairie7l.com\/wp-content\/uploads\/2022\/08\/logo-1.png","contentUrl":"https:\/\/librairie7l.com\/wp-content\/uploads\/2022\/08\/logo-1.png","width":227,"height":301,"caption":"Librairie 7L"},"image":{"@id":"https:\/\/librairie7l.com\/en\/#\/schema\/logo\/image\/"}}]}},"_links":{"self":[{"href":"https:\/\/librairie7l.com\/en\/wp-json\/wp\/v2\/product\/45454"}],"collection":[{"href":"https:\/\/librairie7l.com\/en\/wp-json\/wp\/v2\/product"}],"about":[{"href":"https:\/\/librairie7l.com\/en\/wp-json\/wp\/v2\/types\/product"}],"wp:featuredmedia":[{"embeddable":true,"href":"https:\/\/librairie7l.com\/en\/wp-json\/wp\/v2\/media\/45452"}],"wp:attachment":[{"href":"https:\/\/librairie7l.com\/en\/wp-json\/wp\/v2\/media?parent=45454"}],"wp:term":[{"taxonomy":"product_cat","embeddable":true,"href":"https:\/\/librairie7l.com\/en\/wp-json\/wp\/v2\/product_cat?post=45454"},{"taxonomy":"product_tag","embeddable":true,"href":"https:\/\/librairie7l.com\/en\/wp-json\/wp\/v2\/product_tag?post=45454"}],"curies":[{"name":"wp","href":"https:\/\/api.w.org\/{rel}","templated":true}]}}