{"id":45456,"date":"2025-01-15T09:17:54","date_gmt":"2025-01-15T08:17:54","guid":{"rendered":"https:\/\/librairie7l.com\/?post_type=product&#038;p=45456"},"modified":"2026-04-09T13:20:23","modified_gmt":"2026-04-09T11:20:23","slug":"sculpter-a-la-renaissance-un-art-pour-emouvoir-2","status":"publish","type":"product","link":"https:\/\/librairie7l.com\/en\/produit\/sculpter-a-la-renaissance-un-art-pour-emouvoir-2\/","title":{"rendered":"SCULPTER \u00c0 LA RENAISSANCE : UN ART POUR (\u00c9)MOUVOIR"},"content":{"rendered":"<p>Ce volume rassemble les contributions pr\u00e9sent\u00e9es lors du colloque international &#8216;Sculpter \u00e0 la Renaissance. Un art pour (\u00e9)mouvoir&#8217; organis\u00e9 par le Mus\u00e9e du Louvre \u00e0 Paris et le Castello Sforzesco \u00e0 Milan pour accompagner l&#8217;exposition &#8216;Le Corps et l&#8217;\u00c2me. De Donatello \u00e0 Michel-Ange. Sculptures italiennes de la Renaissance&#8217;, organis\u00e9e entre 2020 et 2021 dans les salles des m\u00eames institutions , le catalogue a \u00e9t\u00e9 publi\u00e9 par Officina Libraria. Avec la participation de quelques-uns des plus grands sp\u00e9cialistes de la sculpture de la Renaissance, l&#8217;objectif est d&#8217;\u00e9tudier les interactions, les influences et les \u00e9changes entre les arts plastiques et les autres formes d&#8217;art de la Renaissance capables de r\u00e9v\u00e9ler les sentiments \u00e0 travers l&#8217;expression du corps. Il s&#8217;agit \u00e9galement de replacer dans leur contexte social, d\u00e9votionnel et intellectuel les diff\u00e9rentes manifestations du sentiment dont la sculpture est l&#8217;un des supports privil\u00e9gi\u00e9s. Les huit contributions de ce volume abordent plus particuli\u00e8rement les th\u00e8mes de l&#8217;art sacr\u00e9, en tentant d&#8217;expliquer leur \u00e9volution formelle en relation avec les transformations socioculturelles de l&#8217;\u00e9poque, mais aussi avec les traditions locales et leur dramatisation.  Les essais du volume sont en FRAN\u00c7AIS, ITALIEN et ANGLAIS.<\/p>\n","protected":false},"excerpt":{"rendered":"<p>Ce volume rassemble les contributions pr\u00e9sent\u00e9es lors du colloque international &#8216;Sculpter \u00e0 la Renaissance. Un art pour (\u00e9)mouvoir&#8217; organis\u00e9 par le Mus\u00e9e du Louvre \u00e0 Paris et le Castello Sforzesco \u00e0 Milan pour accompagner l&#8217;exposition &#8216;Le Corps et l&#8217;\u00c2me. De Donatello \u00e0 Michel-Ange. Sculptures italiennes de la Renaissance&#8217;, organis\u00e9e entre 2020 et 2021 dans les [&hellip;]<\/p>\n","protected":false},"featured_media":45987,"template":"","meta":[],"product_cat":[2948],"product_tag":[],"acf":[],"yoast_head":"<!-- This site is optimized with the Yoast SEO plugin v20.11 - https:\/\/yoast.com\/wordpress\/plugins\/seo\/ -->\n<title>Sculpter \u00e0 la Renaissance : Un art pour (\u00e9)mouvoir - Librairie 7L<\/title>\n<meta name=\"robots\" content=\"index, follow, max-snippet:-1, max-image-preview:large, max-video-preview:-1\" \/>\n<link rel=\"canonical\" href=\"https:\/\/librairie7l.com\/en\/produit\/sculpter-a-la-renaissance-un-art-pour-emouvoir-2\/\" \/>\n<meta property=\"og:locale\" content=\"en_US\" \/>\n<meta property=\"og:type\" content=\"article\" \/>\n<meta property=\"og:title\" content=\"Sculpter \u00e0 la Renaissance : Un art pour (\u00e9)mouvoir - Librairie 7L\" \/>\n<meta property=\"og:description\" content=\"Ce volume rassemble les contributions pr\u00e9sent\u00e9es lors du colloque international &#8216;Sculpter \u00e0 la Renaissance. Un art pour (\u00e9)mouvoir&#8217; organis\u00e9 par le Mus\u00e9e du Louvre \u00e0 Paris et le Castello Sforzesco \u00e0 Milan pour accompagner l&#8217;exposition &#8216;Le Corps et l&#8217;\u00c2me. De Donatello \u00e0 Michel-Ange. Sculptures italiennes de la Renaissance&#8217;, organis\u00e9e entre 2020 et 2021 dans les [&hellip;]\" \/>\n<meta property=\"og:url\" content=\"https:\/\/librairie7l.com\/en\/produit\/sculpter-a-la-renaissance-un-art-pour-emouvoir-2\/\" \/>\n<meta property=\"og:site_name\" content=\"Librairie 7L\" \/>\n<meta property=\"article:modified_time\" content=\"2026-04-09T11:20:23+00:00\" \/>\n<meta name=\"twitter:card\" content=\"summary_large_image\" \/>\n<meta name=\"twitter:label1\" content=\"Est. reading time\" \/>\n\t<meta name=\"twitter:data1\" content=\"1 minute\" \/>\n<script type=\"application\/ld+json\" class=\"yoast-schema-graph\">{\"@context\":\"https:\/\/schema.org\",\"@graph\":[{\"@type\":\"WebPage\",\"@id\":\"https:\/\/librairie7l.com\/en\/produit\/sculpter-a-la-renaissance-un-art-pour-emouvoir-2\/\",\"url\":\"https:\/\/librairie7l.com\/en\/produit\/sculpter-a-la-renaissance-un-art-pour-emouvoir-2\/\",\"name\":\"Sculpter \u00e0 la Renaissance : Un art pour (\u00e9)mouvoir - Librairie 7L\",\"isPartOf\":{\"@id\":\"https:\/\/librairie7l.com\/en\/#website\"},\"datePublished\":\"2025-01-15T08:17:54+00:00\",\"dateModified\":\"2026-04-09T11:20:23+00:00\",\"breadcrumb\":{\"@id\":\"https:\/\/librairie7l.com\/en\/produit\/sculpter-a-la-renaissance-un-art-pour-emouvoir-2\/#breadcrumb\"},\"inLanguage\":\"en-US\",\"potentialAction\":[{\"@type\":\"ReadAction\",\"target\":[\"https:\/\/librairie7l.com\/en\/produit\/sculpter-a-la-renaissance-un-art-pour-emouvoir-2\/\"]}]},{\"@type\":\"BreadcrumbList\",\"@id\":\"https:\/\/librairie7l.com\/en\/produit\/sculpter-a-la-renaissance-un-art-pour-emouvoir-2\/#breadcrumb\",\"itemListElement\":[{\"@type\":\"ListItem\",\"position\":1,\"name\":\"Accueil\",\"item\":\"https:\/\/librairie7l.com\/en\/\"},{\"@type\":\"ListItem\",\"position\":2,\"name\":\"Shop\",\"item\":\"https:\/\/librairie7l.com\/en\/shop\/\"},{\"@type\":\"ListItem\",\"position\":3,\"name\":\"SCULPTER \u00c0 LA RENAISSANCE : UN ART POUR (\u00c9)MOUVOIR\"}]},{\"@type\":\"WebSite\",\"@id\":\"https:\/\/librairie7l.com\/en\/#website\",\"url\":\"https:\/\/librairie7l.com\/en\/\",\"name\":\"Librairie 7L\",\"description\":\"Librairie fond\u00e9e en 1999 par Karl Lagerfeld \u00e0 Paris\",\"publisher\":{\"@id\":\"https:\/\/librairie7l.com\/en\/#organization\"},\"potentialAction\":[{\"@type\":\"SearchAction\",\"target\":{\"@type\":\"EntryPoint\",\"urlTemplate\":\"https:\/\/librairie7l.com\/en\/?s={search_term_string}\"},\"query-input\":\"required name=search_term_string\"}],\"inLanguage\":\"en-US\"},{\"@type\":\"Organization\",\"@id\":\"https:\/\/librairie7l.com\/en\/#organization\",\"name\":\"Librairie 7L\",\"url\":\"https:\/\/librairie7l.com\/en\/\",\"logo\":{\"@type\":\"ImageObject\",\"inLanguage\":\"en-US\",\"@id\":\"https:\/\/librairie7l.com\/en\/#\/schema\/logo\/image\/\",\"url\":\"https:\/\/librairie7l.com\/wp-content\/uploads\/2022\/08\/logo-1.png\",\"contentUrl\":\"https:\/\/librairie7l.com\/wp-content\/uploads\/2022\/08\/logo-1.png\",\"width\":227,\"height\":301,\"caption\":\"Librairie 7L\"},\"image\":{\"@id\":\"https:\/\/librairie7l.com\/en\/#\/schema\/logo\/image\/\"}}]}<\/script>\n<!-- \/ Yoast SEO plugin. -->","yoast_head_json":{"title":"Sculpter \u00e0 la Renaissance : Un art pour (\u00e9)mouvoir - Librairie 7L","robots":{"index":"index","follow":"follow","max-snippet":"max-snippet:-1","max-image-preview":"max-image-preview:large","max-video-preview":"max-video-preview:-1"},"canonical":"https:\/\/librairie7l.com\/en\/produit\/sculpter-a-la-renaissance-un-art-pour-emouvoir-2\/","og_locale":"en_US","og_type":"article","og_title":"Sculpter \u00e0 la Renaissance : Un art pour (\u00e9)mouvoir - Librairie 7L","og_description":"Ce volume rassemble les contributions pr\u00e9sent\u00e9es lors du colloque international &#8216;Sculpter \u00e0 la Renaissance. Un art pour (\u00e9)mouvoir&#8217; organis\u00e9 par le Mus\u00e9e du Louvre \u00e0 Paris et le Castello Sforzesco \u00e0 Milan pour accompagner l&#8217;exposition &#8216;Le Corps et l&#8217;\u00c2me. De Donatello \u00e0 Michel-Ange. Sculptures italiennes de la Renaissance&#8217;, organis\u00e9e entre 2020 et 2021 dans les [&hellip;]","og_url":"https:\/\/librairie7l.com\/en\/produit\/sculpter-a-la-renaissance-un-art-pour-emouvoir-2\/","og_site_name":"Librairie 7L","article_modified_time":"2026-04-09T11:20:23+00:00","twitter_card":"summary_large_image","twitter_misc":{"Est. reading time":"1 minute"},"schema":{"@context":"https:\/\/schema.org","@graph":[{"@type":"WebPage","@id":"https:\/\/librairie7l.com\/en\/produit\/sculpter-a-la-renaissance-un-art-pour-emouvoir-2\/","url":"https:\/\/librairie7l.com\/en\/produit\/sculpter-a-la-renaissance-un-art-pour-emouvoir-2\/","name":"Sculpter \u00e0 la Renaissance : Un art pour (\u00e9)mouvoir - Librairie 7L","isPartOf":{"@id":"https:\/\/librairie7l.com\/en\/#website"},"datePublished":"2025-01-15T08:17:54+00:00","dateModified":"2026-04-09T11:20:23+00:00","breadcrumb":{"@id":"https:\/\/librairie7l.com\/en\/produit\/sculpter-a-la-renaissance-un-art-pour-emouvoir-2\/#breadcrumb"},"inLanguage":"en-US","potentialAction":[{"@type":"ReadAction","target":["https:\/\/librairie7l.com\/en\/produit\/sculpter-a-la-renaissance-un-art-pour-emouvoir-2\/"]}]},{"@type":"BreadcrumbList","@id":"https:\/\/librairie7l.com\/en\/produit\/sculpter-a-la-renaissance-un-art-pour-emouvoir-2\/#breadcrumb","itemListElement":[{"@type":"ListItem","position":1,"name":"Accueil","item":"https:\/\/librairie7l.com\/en\/"},{"@type":"ListItem","position":2,"name":"Shop","item":"https:\/\/librairie7l.com\/en\/shop\/"},{"@type":"ListItem","position":3,"name":"SCULPTER \u00c0 LA RENAISSANCE : UN ART POUR (\u00c9)MOUVOIR"}]},{"@type":"WebSite","@id":"https:\/\/librairie7l.com\/en\/#website","url":"https:\/\/librairie7l.com\/en\/","name":"Librairie 7L","description":"Librairie fond\u00e9e en 1999 par Karl Lagerfeld \u00e0 Paris","publisher":{"@id":"https:\/\/librairie7l.com\/en\/#organization"},"potentialAction":[{"@type":"SearchAction","target":{"@type":"EntryPoint","urlTemplate":"https:\/\/librairie7l.com\/en\/?s={search_term_string}"},"query-input":"required name=search_term_string"}],"inLanguage":"en-US"},{"@type":"Organization","@id":"https:\/\/librairie7l.com\/en\/#organization","name":"Librairie 7L","url":"https:\/\/librairie7l.com\/en\/","logo":{"@type":"ImageObject","inLanguage":"en-US","@id":"https:\/\/librairie7l.com\/en\/#\/schema\/logo\/image\/","url":"https:\/\/librairie7l.com\/wp-content\/uploads\/2022\/08\/logo-1.png","contentUrl":"https:\/\/librairie7l.com\/wp-content\/uploads\/2022\/08\/logo-1.png","width":227,"height":301,"caption":"Librairie 7L"},"image":{"@id":"https:\/\/librairie7l.com\/en\/#\/schema\/logo\/image\/"}}]}},"_links":{"self":[{"href":"https:\/\/librairie7l.com\/en\/wp-json\/wp\/v2\/product\/45456"}],"collection":[{"href":"https:\/\/librairie7l.com\/en\/wp-json\/wp\/v2\/product"}],"about":[{"href":"https:\/\/librairie7l.com\/en\/wp-json\/wp\/v2\/types\/product"}],"wp:featuredmedia":[{"embeddable":true,"href":"https:\/\/librairie7l.com\/en\/wp-json\/wp\/v2\/media\/45987"}],"wp:attachment":[{"href":"https:\/\/librairie7l.com\/en\/wp-json\/wp\/v2\/media?parent=45456"}],"wp:term":[{"taxonomy":"product_cat","embeddable":true,"href":"https:\/\/librairie7l.com\/en\/wp-json\/wp\/v2\/product_cat?post=45456"},{"taxonomy":"product_tag","embeddable":true,"href":"https:\/\/librairie7l.com\/en\/wp-json\/wp\/v2\/product_tag?post=45456"}],"curies":[{"name":"wp","href":"https:\/\/api.w.org\/{rel}","templated":true}]}}