{"id":45460,"date":"2025-01-15T09:17:57","date_gmt":"2025-01-15T08:17:57","guid":{"rendered":"https:\/\/librairie7l.com\/?post_type=product&#038;p=45460"},"modified":"2026-04-08T20:20:22","modified_gmt":"2026-04-08T18:20:22","slug":"marie-laure-de-noailles-la-victomtesse-du-bizarre-2","status":"publish","type":"product","link":"https:\/\/librairie7l.com\/en\/produit\/marie-laure-de-noailles-la-victomtesse-du-bizarre-2\/","title":{"rendered":"MARIE-LAURE DE NOAILLES ; LA VICTOMTESSE DU BIZARRE"},"content":{"rendered":"<p>Laurence Bena\u00efm a 38 ans. Journaliste, elle dirige les pages consacr\u00e9es \u00e0 la mode au journal Le Monde. Elle est l&#8217;auteur chez Grasset d&#8217;une biographie d&#8217;Yves Saint Laurent (1993).<\/p>\n<p>Son pr\u00e9nom est plus c\u00e9l\u00e8bre que son nom pourtant illustre : Marie-Laure. N\u00e9e en 1902 dans une famille au croisement de l&#8217;aristocratie (les Chevign\u00e9) et du juda\u00efsme ( les Bishoffsheim), elle est \u00e0 sa mort en 1970 la derni\u00e8re repr\u00e9sentante d&#8217;un monde auquel elle n&#8217;a jamais appartenu. Enfant, elle a d\u00e9chir\u00e9 les lettres de Proust \u00e0 sa grand-m\u00e8re, Laure de Chevign\u00e9, mod\u00e8le d&#8217;Oriane de Guermantes. Elle a grandi dans une maison que fr\u00e9quent\u00e8rent Anatole France, Mistral, Bakst, ou Francis de Croisset,  Bel-ami  qui devient son beau-p\u00e8re. Adolescente, cette jeune femme qui fut \u00e9lev\u00e9e en solitaire conna\u00eet le tourbillon du monde,  Lolita de Cocteau , elle s&#8217;\u00e9tourdit dans les ann\u00e9es folles. Mari\u00e9e \u00e0 Charles de Noailles, le couple concilie l&#8217;argent et le go\u00fbt, m\u00e9c\u00e8ne de l&#8217;\u00e2ge d&#8217;or du surr\u00e9alisme, demandant \u00e0 Mallet-Stevens de leur construire \u00e0 Hy\u00e8res une maison cubiste, \u00e0 Jean-Michel Frank de  d\u00e9meubler  leur salon de la place des Etats-Unis, offrant \u00e0 Bunuel de tourner L&#8217;Age d&#8217;or, dont la projection entra\u00eene l&#8217;un des plus vifs scandales esth\u00e9tiques des ann\u00e9es trente. Une provocatrice ? Une anticonformiste ? En 1936, elle soutient les r\u00e9publicains espagnols et en 1968 elle se rend sur les barricades en Rolls-Royce.<br \/>\nSon plus grand talent ? Sentir l&#8217;\u00e9poque. Il y a un ton Marie-Laure. Il y a un go\u00fbt Marie-Laure : placer sur une chemin\u00e9e \u00e0 la fois des ivoires esquimaux, des vases \u00e9trusques et un r\u00e9veil Faberg\u00e9.  Tortionnaire ador\u00e9e , intelligence  feu follet , choquant le Faubourg Saint-Germain, cette \u00e9ternelle \u00e9trang\u00e8re se m\u00e9tamorphose, \u00e0 la fin de sa vie, en M\u00e8re Ubu enjuponn\u00e9e de gros tweed. La d\u00e9cadence de l&#8217;aristocratie, la sc\u00e8ne avant-gardiste, l&#8217;ascension de la  caf\u00e9-society , le gratin cosmopolite.<br \/>\nAvec une virtuosit\u00e9 d&#8217;\u00e9criture, brassant tout le paysage litt\u00e9raire et artistique, de Cocteau \u00e0 Crevel, de Poulenc \u00e0 Dali, Laurence Bena\u00efm a \u00e9crit le destin d&#8217;une iconoclaste, f\u00e2ch\u00e9e avec sa naissance.<\/p>\n","protected":false},"excerpt":{"rendered":"<p>Laurence Bena\u00efm a 38 ans. Journaliste, elle dirige les pages consacr\u00e9es \u00e0 la mode au journal Le Monde. Elle est l&#8217;auteur chez Grasset d&#8217;une biographie d&#8217;Yves Saint Laurent (1993). Son pr\u00e9nom est plus c\u00e9l\u00e8bre que son nom pourtant illustre : Marie-Laure. N\u00e9e en 1902 dans une famille au croisement de l&#8217;aristocratie (les Chevign\u00e9) et du [&hellip;]<\/p>\n","protected":false},"featured_media":45458,"template":"","meta":[],"product_cat":[2948],"product_tag":[],"acf":[],"yoast_head":"<!-- This site is optimized with the Yoast SEO plugin v20.11 - https:\/\/yoast.com\/wordpress\/plugins\/seo\/ -->\n<title>Marie-Laure de Noailles ; la victomtesse du bizarre - Librairie 7L<\/title>\n<meta name=\"robots\" content=\"index, follow, max-snippet:-1, max-image-preview:large, max-video-preview:-1\" \/>\n<link rel=\"canonical\" href=\"https:\/\/librairie7l.com\/en\/produit\/marie-laure-de-noailles-la-victomtesse-du-bizarre-2\/\" \/>\n<meta property=\"og:locale\" content=\"en_US\" \/>\n<meta property=\"og:type\" content=\"article\" \/>\n<meta property=\"og:title\" content=\"Marie-Laure de Noailles ; la victomtesse du bizarre - Librairie 7L\" \/>\n<meta property=\"og:description\" content=\"Laurence Bena\u00efm a 38 ans. Journaliste, elle dirige les pages consacr\u00e9es \u00e0 la mode au journal Le Monde. Elle est l&#8217;auteur chez Grasset d&#8217;une biographie d&#8217;Yves Saint Laurent (1993). Son pr\u00e9nom est plus c\u00e9l\u00e8bre que son nom pourtant illustre : Marie-Laure. N\u00e9e en 1902 dans une famille au croisement de l&#8217;aristocratie (les Chevign\u00e9) et du [&hellip;]\" \/>\n<meta property=\"og:url\" content=\"https:\/\/librairie7l.com\/en\/produit\/marie-laure-de-noailles-la-victomtesse-du-bizarre-2\/\" \/>\n<meta property=\"og:site_name\" content=\"Librairie 7L\" \/>\n<meta property=\"article:modified_time\" content=\"2026-04-08T18:20:22+00:00\" \/>\n<meta property=\"og:image\" content=\"https:\/\/librairie7l.com\/wp-content\/uploads\/2000\/09\/9782246529811_1_75.jpg\" \/>\n\t<meta property=\"og:image:width\" content=\"600\" \/>\n\t<meta property=\"og:image:height\" content=\"982\" \/>\n\t<meta property=\"og:image:type\" content=\"image\/jpeg\" \/>\n<meta name=\"twitter:card\" content=\"summary_large_image\" \/>\n<meta name=\"twitter:label1\" content=\"Est. reading time\" \/>\n\t<meta name=\"twitter:data1\" content=\"2 minutes\" \/>\n<script type=\"application\/ld+json\" class=\"yoast-schema-graph\">{\"@context\":\"https:\/\/schema.org\",\"@graph\":[{\"@type\":\"WebPage\",\"@id\":\"https:\/\/librairie7l.com\/en\/produit\/marie-laure-de-noailles-la-victomtesse-du-bizarre-2\/\",\"url\":\"https:\/\/librairie7l.com\/en\/produit\/marie-laure-de-noailles-la-victomtesse-du-bizarre-2\/\",\"name\":\"Marie-Laure de Noailles ; la victomtesse du bizarre - Librairie 7L\",\"isPartOf\":{\"@id\":\"https:\/\/librairie7l.com\/en\/#website\"},\"datePublished\":\"2025-01-15T08:17:57+00:00\",\"dateModified\":\"2026-04-08T18:20:22+00:00\",\"breadcrumb\":{\"@id\":\"https:\/\/librairie7l.com\/en\/produit\/marie-laure-de-noailles-la-victomtesse-du-bizarre-2\/#breadcrumb\"},\"inLanguage\":\"en-US\",\"potentialAction\":[{\"@type\":\"ReadAction\",\"target\":[\"https:\/\/librairie7l.com\/en\/produit\/marie-laure-de-noailles-la-victomtesse-du-bizarre-2\/\"]}]},{\"@type\":\"BreadcrumbList\",\"@id\":\"https:\/\/librairie7l.com\/en\/produit\/marie-laure-de-noailles-la-victomtesse-du-bizarre-2\/#breadcrumb\",\"itemListElement\":[{\"@type\":\"ListItem\",\"position\":1,\"name\":\"Accueil\",\"item\":\"https:\/\/librairie7l.com\/en\/\"},{\"@type\":\"ListItem\",\"position\":2,\"name\":\"Shop\",\"item\":\"https:\/\/librairie7l.com\/en\/shop\/\"},{\"@type\":\"ListItem\",\"position\":3,\"name\":\"MARIE-LAURE DE NOAILLES ; LA VICTOMTESSE DU BIZARRE\"}]},{\"@type\":\"WebSite\",\"@id\":\"https:\/\/librairie7l.com\/en\/#website\",\"url\":\"https:\/\/librairie7l.com\/en\/\",\"name\":\"Librairie 7L\",\"description\":\"Librairie fond\u00e9e en 1999 par Karl Lagerfeld \u00e0 Paris\",\"publisher\":{\"@id\":\"https:\/\/librairie7l.com\/en\/#organization\"},\"potentialAction\":[{\"@type\":\"SearchAction\",\"target\":{\"@type\":\"EntryPoint\",\"urlTemplate\":\"https:\/\/librairie7l.com\/en\/?s={search_term_string}\"},\"query-input\":\"required name=search_term_string\"}],\"inLanguage\":\"en-US\"},{\"@type\":\"Organization\",\"@id\":\"https:\/\/librairie7l.com\/en\/#organization\",\"name\":\"Librairie 7L\",\"url\":\"https:\/\/librairie7l.com\/en\/\",\"logo\":{\"@type\":\"ImageObject\",\"inLanguage\":\"en-US\",\"@id\":\"https:\/\/librairie7l.com\/en\/#\/schema\/logo\/image\/\",\"url\":\"https:\/\/librairie7l.com\/wp-content\/uploads\/2022\/08\/logo-1.png\",\"contentUrl\":\"https:\/\/librairie7l.com\/wp-content\/uploads\/2022\/08\/logo-1.png\",\"width\":227,\"height\":301,\"caption\":\"Librairie 7L\"},\"image\":{\"@id\":\"https:\/\/librairie7l.com\/en\/#\/schema\/logo\/image\/\"}}]}<\/script>\n<!-- \/ Yoast SEO plugin. -->","yoast_head_json":{"title":"Marie-Laure de Noailles ; la victomtesse du bizarre - Librairie 7L","robots":{"index":"index","follow":"follow","max-snippet":"max-snippet:-1","max-image-preview":"max-image-preview:large","max-video-preview":"max-video-preview:-1"},"canonical":"https:\/\/librairie7l.com\/en\/produit\/marie-laure-de-noailles-la-victomtesse-du-bizarre-2\/","og_locale":"en_US","og_type":"article","og_title":"Marie-Laure de Noailles ; la victomtesse du bizarre - Librairie 7L","og_description":"Laurence Bena\u00efm a 38 ans. Journaliste, elle dirige les pages consacr\u00e9es \u00e0 la mode au journal Le Monde. Elle est l&#8217;auteur chez Grasset d&#8217;une biographie d&#8217;Yves Saint Laurent (1993). Son pr\u00e9nom est plus c\u00e9l\u00e8bre que son nom pourtant illustre : Marie-Laure. N\u00e9e en 1902 dans une famille au croisement de l&#8217;aristocratie (les Chevign\u00e9) et du [&hellip;]","og_url":"https:\/\/librairie7l.com\/en\/produit\/marie-laure-de-noailles-la-victomtesse-du-bizarre-2\/","og_site_name":"Librairie 7L","article_modified_time":"2026-04-08T18:20:22+00:00","og_image":[{"width":600,"height":982,"url":"https:\/\/librairie7l.com\/wp-content\/uploads\/2000\/09\/9782246529811_1_75.jpg","type":"image\/jpeg"}],"twitter_card":"summary_large_image","twitter_misc":{"Est. reading time":"2 minutes"},"schema":{"@context":"https:\/\/schema.org","@graph":[{"@type":"WebPage","@id":"https:\/\/librairie7l.com\/en\/produit\/marie-laure-de-noailles-la-victomtesse-du-bizarre-2\/","url":"https:\/\/librairie7l.com\/en\/produit\/marie-laure-de-noailles-la-victomtesse-du-bizarre-2\/","name":"Marie-Laure de Noailles ; la victomtesse du bizarre - Librairie 7L","isPartOf":{"@id":"https:\/\/librairie7l.com\/en\/#website"},"datePublished":"2025-01-15T08:17:57+00:00","dateModified":"2026-04-08T18:20:22+00:00","breadcrumb":{"@id":"https:\/\/librairie7l.com\/en\/produit\/marie-laure-de-noailles-la-victomtesse-du-bizarre-2\/#breadcrumb"},"inLanguage":"en-US","potentialAction":[{"@type":"ReadAction","target":["https:\/\/librairie7l.com\/en\/produit\/marie-laure-de-noailles-la-victomtesse-du-bizarre-2\/"]}]},{"@type":"BreadcrumbList","@id":"https:\/\/librairie7l.com\/en\/produit\/marie-laure-de-noailles-la-victomtesse-du-bizarre-2\/#breadcrumb","itemListElement":[{"@type":"ListItem","position":1,"name":"Accueil","item":"https:\/\/librairie7l.com\/en\/"},{"@type":"ListItem","position":2,"name":"Shop","item":"https:\/\/librairie7l.com\/en\/shop\/"},{"@type":"ListItem","position":3,"name":"MARIE-LAURE DE NOAILLES ; LA VICTOMTESSE DU BIZARRE"}]},{"@type":"WebSite","@id":"https:\/\/librairie7l.com\/en\/#website","url":"https:\/\/librairie7l.com\/en\/","name":"Librairie 7L","description":"Librairie fond\u00e9e en 1999 par Karl Lagerfeld \u00e0 Paris","publisher":{"@id":"https:\/\/librairie7l.com\/en\/#organization"},"potentialAction":[{"@type":"SearchAction","target":{"@type":"EntryPoint","urlTemplate":"https:\/\/librairie7l.com\/en\/?s={search_term_string}"},"query-input":"required name=search_term_string"}],"inLanguage":"en-US"},{"@type":"Organization","@id":"https:\/\/librairie7l.com\/en\/#organization","name":"Librairie 7L","url":"https:\/\/librairie7l.com\/en\/","logo":{"@type":"ImageObject","inLanguage":"en-US","@id":"https:\/\/librairie7l.com\/en\/#\/schema\/logo\/image\/","url":"https:\/\/librairie7l.com\/wp-content\/uploads\/2022\/08\/logo-1.png","contentUrl":"https:\/\/librairie7l.com\/wp-content\/uploads\/2022\/08\/logo-1.png","width":227,"height":301,"caption":"Librairie 7L"},"image":{"@id":"https:\/\/librairie7l.com\/en\/#\/schema\/logo\/image\/"}}]}},"_links":{"self":[{"href":"https:\/\/librairie7l.com\/en\/wp-json\/wp\/v2\/product\/45460"}],"collection":[{"href":"https:\/\/librairie7l.com\/en\/wp-json\/wp\/v2\/product"}],"about":[{"href":"https:\/\/librairie7l.com\/en\/wp-json\/wp\/v2\/types\/product"}],"wp:featuredmedia":[{"embeddable":true,"href":"https:\/\/librairie7l.com\/en\/wp-json\/wp\/v2\/media\/45458"}],"wp:attachment":[{"href":"https:\/\/librairie7l.com\/en\/wp-json\/wp\/v2\/media?parent=45460"}],"wp:term":[{"taxonomy":"product_cat","embeddable":true,"href":"https:\/\/librairie7l.com\/en\/wp-json\/wp\/v2\/product_cat?post=45460"},{"taxonomy":"product_tag","embeddable":true,"href":"https:\/\/librairie7l.com\/en\/wp-json\/wp\/v2\/product_tag?post=45460"}],"curies":[{"name":"wp","href":"https:\/\/api.w.org\/{rel}","templated":true}]}}