{"id":45466,"date":"2025-01-16T09:17:45","date_gmt":"2025-01-16T08:17:45","guid":{"rendered":"https:\/\/librairie7l.com\/?post_type=product&#038;p=45466"},"modified":"2026-04-06T08:06:38","modified_gmt":"2026-04-06T06:06:38","slug":"memoires-dun-petit-biquet-2","status":"publish","type":"product","link":"https:\/\/librairie7l.com\/en\/produit\/memoires-dun-petit-biquet-2\/","title":{"rendered":"M\u00c9MOIRES D&#8217;UN PETIT BIQUET"},"content":{"rendered":"<p>Le critique et historien de l&#8217;art David Sylvester (1924-2001) est \u00e0 la fois tr\u00e8s connu et profond\u00e9ment m\u00e9connu. Figure centrale de la sc\u00e8ne artistique londonienne durant toute la seconde moiti\u00e9 du vingti\u00e8me si\u00e8cle, ses \u00e9crits forment une somme consid\u00e9rable, et son nom \u00e9voque un critique passionn\u00e9 et impitoyable qui a fortement marqu\u00e9 le paysage culturel et artistique de l&#8217;Angleterre de l&#8217;apr\u00e8s-guerre.<br \/>\nEn revanche, dans notre pays, o\u00f9 il n&#8217;a jamais \u00e9t\u00e9 un personnage m\u00e9diatique, l&#8217;importance et la port\u00e9e de l&#8217;oeuvre de Sylvester ne sont que tr\u00e8s peu connues en dehors des illustres entretiens men\u00e9s avec Francis Bacon.<br \/>\nLes trois textes autobiographiques qui composent ce volume offrent pour la premi\u00e8re fois au lectorat francophone l&#8217;occasion d&#8217;en apprendre davantage sur la vie et l&#8217;oeuvre de David Sylvester.<br \/>\n*<br \/>\nMemoirs of a Mug (\u00ab M\u00e9moires d&#8217;un cornichon \u00bb) est probablement la premi\u00e8re tentative autobiographique de David Sylvester. Les \u00e9v\u00e9nements dont il est question se d\u00e9roulent entre 1953 et 1959, ann\u00e9es au cours desquelles il est li\u00e9 \u00e0 un groupe d&#8217;artistes et d&#8217;\u00e9crivains gravitant autour de Francis Bacon, qui s&#8217;adonnent quasi-quotidiennement \u00e0 des \u00e9quip\u00e9es nocturnes dans les clubs de Soho. Certains d&#8217;entre eux, Lucian Freud en particulier mais aussi Bacon, sont \u00e0 cette \u00e9poque des passionn\u00e9s de jeu. Portant sur des ann\u00e9es d\u00e9cisives pour Sylvester, cet \u00ab autoportrait en joueur \u00bb d\u00e9voile les pr\u00e9misses d&#8217;une \u00e9volution qui aboutira \u00e0 faire de lui l&#8217;une des figures majeures du monde de l&#8217;art britannique de la seconde moiti\u00e9 du vingti\u00e8me si\u00e8cle.<br \/>\nCurriculum Vitae est le seul des textes \u00e0 avoir \u00e9t\u00e9 publi\u00e9 du vivant de Sylvester. R\u00e9dig\u00e9 pour ouvrir un recueil d&#8217;articles compos\u00e9 et publi\u00e9 en 1996, il a \u00e9t\u00e9 con\u00e7u comme une introduction d&#8217;un catalogue d&#8217;exposition, offrant un aper\u00e7u \u00ab de premi\u00e8re main \u00bb des principales \u00e9tapes de sa carri\u00e8re en tant que critique d&#8217;art, auxquelles s&#8217;entrem\u00ealent des consid\u00e9rations plus subjectives qui apportent un \u00e9clairage in\u00e9dit sur ses go\u00fbts et ses centres d&#8217;int\u00e9r\u00eat, dont on comprend qu&#8217;ils d\u00e9passent largement l&#8217;art du XX\u00e8me si\u00e8cle.<br \/>\nEnfin, Memoirs of a Pet Lamb (\u00ab M\u00e9moires d&#8217;un petit biquet \u00bb) est le fruit de la reprise par David Sylvester du d\u00e9sir d&#8217;\u00e9crire le r\u00e9cit de sa vie, en commen\u00e7ant par le d\u00e9but, seulement quelques mois avant sa disparition en 2001. Il en r\u00e9sulte le r\u00e9cit truculent de ses ann\u00e9es d&#8217;enfance et d&#8217;adolescence pendant l&#8217;entre-deux guerres, au sein d&#8217;une famille juive \u00e9migr\u00e9e de la premi\u00e8re g\u00e9n\u00e9ration, \u00e9tablie dans la banlieue de Londres.<\/p>\n","protected":false},"excerpt":{"rendered":"<p>Le critique et historien de l&#8217;art David Sylvester (1924-2001) est \u00e0 la fois tr\u00e8s connu et profond\u00e9ment m\u00e9connu. Figure centrale de la sc\u00e8ne artistique londonienne durant toute la seconde moiti\u00e9 du vingti\u00e8me si\u00e8cle, ses \u00e9crits forment une somme consid\u00e9rable, et son nom \u00e9voque un critique passionn\u00e9 et impitoyable qui a fortement marqu\u00e9 le paysage culturel [&hellip;]<\/p>\n","protected":false},"featured_media":45464,"template":"","meta":[],"product_cat":[2948],"product_tag":[],"acf":[],"yoast_head":"<!-- This site is optimized with the Yoast SEO plugin v20.11 - https:\/\/yoast.com\/wordpress\/plugins\/seo\/ -->\n<title>M\u00e9moires d&#039;un petit biquet - Librairie 7L<\/title>\n<meta name=\"robots\" content=\"index, follow, max-snippet:-1, max-image-preview:large, max-video-preview:-1\" \/>\n<link rel=\"canonical\" href=\"https:\/\/librairie7l.com\/en\/produit\/memoires-dun-petit-biquet-2\/\" \/>\n<meta property=\"og:locale\" content=\"en_US\" \/>\n<meta property=\"og:type\" content=\"article\" \/>\n<meta property=\"og:title\" content=\"M\u00e9moires d&#039;un petit biquet - Librairie 7L\" \/>\n<meta property=\"og:description\" content=\"Le critique et historien de l&#8217;art David Sylvester (1924-2001) est \u00e0 la fois tr\u00e8s connu et profond\u00e9ment m\u00e9connu. Figure centrale de la sc\u00e8ne artistique londonienne durant toute la seconde moiti\u00e9 du vingti\u00e8me si\u00e8cle, ses \u00e9crits forment une somme consid\u00e9rable, et son nom \u00e9voque un critique passionn\u00e9 et impitoyable qui a fortement marqu\u00e9 le paysage culturel [&hellip;]\" \/>\n<meta property=\"og:url\" content=\"https:\/\/librairie7l.com\/en\/produit\/memoires-dun-petit-biquet-2\/\" \/>\n<meta property=\"og:site_name\" content=\"Librairie 7L\" \/>\n<meta property=\"article:modified_time\" content=\"2026-04-06T06:06:38+00:00\" \/>\n<meta property=\"og:image\" content=\"https:\/\/librairie7l.com\/wp-content\/uploads\/2024\/06\/9782850351709_1_75.jpg\" \/>\n\t<meta property=\"og:image:width\" content=\"600\" \/>\n\t<meta property=\"og:image:height\" content=\"956\" \/>\n\t<meta property=\"og:image:type\" content=\"image\/jpeg\" \/>\n<meta name=\"twitter:card\" content=\"summary_large_image\" \/>\n<meta name=\"twitter:label1\" content=\"Est. reading time\" \/>\n\t<meta name=\"twitter:data1\" content=\"2 minutes\" \/>\n<script type=\"application\/ld+json\" class=\"yoast-schema-graph\">{\"@context\":\"https:\/\/schema.org\",\"@graph\":[{\"@type\":\"WebPage\",\"@id\":\"https:\/\/librairie7l.com\/en\/produit\/memoires-dun-petit-biquet-2\/\",\"url\":\"https:\/\/librairie7l.com\/en\/produit\/memoires-dun-petit-biquet-2\/\",\"name\":\"M\u00e9moires d'un petit biquet - Librairie 7L\",\"isPartOf\":{\"@id\":\"https:\/\/librairie7l.com\/en\/#website\"},\"datePublished\":\"2025-01-16T08:17:45+00:00\",\"dateModified\":\"2026-04-06T06:06:38+00:00\",\"breadcrumb\":{\"@id\":\"https:\/\/librairie7l.com\/en\/produit\/memoires-dun-petit-biquet-2\/#breadcrumb\"},\"inLanguage\":\"en-US\",\"potentialAction\":[{\"@type\":\"ReadAction\",\"target\":[\"https:\/\/librairie7l.com\/en\/produit\/memoires-dun-petit-biquet-2\/\"]}]},{\"@type\":\"BreadcrumbList\",\"@id\":\"https:\/\/librairie7l.com\/en\/produit\/memoires-dun-petit-biquet-2\/#breadcrumb\",\"itemListElement\":[{\"@type\":\"ListItem\",\"position\":1,\"name\":\"Accueil\",\"item\":\"https:\/\/librairie7l.com\/en\/\"},{\"@type\":\"ListItem\",\"position\":2,\"name\":\"Shop\",\"item\":\"https:\/\/librairie7l.com\/en\/shop\/\"},{\"@type\":\"ListItem\",\"position\":3,\"name\":\"M\u00c9MOIRES D&#8217;UN PETIT BIQUET\"}]},{\"@type\":\"WebSite\",\"@id\":\"https:\/\/librairie7l.com\/en\/#website\",\"url\":\"https:\/\/librairie7l.com\/en\/\",\"name\":\"Librairie 7L\",\"description\":\"Librairie fond\u00e9e en 1999 par Karl Lagerfeld \u00e0 Paris\",\"publisher\":{\"@id\":\"https:\/\/librairie7l.com\/en\/#organization\"},\"potentialAction\":[{\"@type\":\"SearchAction\",\"target\":{\"@type\":\"EntryPoint\",\"urlTemplate\":\"https:\/\/librairie7l.com\/en\/?s={search_term_string}\"},\"query-input\":\"required name=search_term_string\"}],\"inLanguage\":\"en-US\"},{\"@type\":\"Organization\",\"@id\":\"https:\/\/librairie7l.com\/en\/#organization\",\"name\":\"Librairie 7L\",\"url\":\"https:\/\/librairie7l.com\/en\/\",\"logo\":{\"@type\":\"ImageObject\",\"inLanguage\":\"en-US\",\"@id\":\"https:\/\/librairie7l.com\/en\/#\/schema\/logo\/image\/\",\"url\":\"https:\/\/librairie7l.com\/wp-content\/uploads\/2022\/08\/logo-1.png\",\"contentUrl\":\"https:\/\/librairie7l.com\/wp-content\/uploads\/2022\/08\/logo-1.png\",\"width\":227,\"height\":301,\"caption\":\"Librairie 7L\"},\"image\":{\"@id\":\"https:\/\/librairie7l.com\/en\/#\/schema\/logo\/image\/\"}}]}<\/script>\n<!-- \/ Yoast SEO plugin. -->","yoast_head_json":{"title":"M\u00e9moires d'un petit biquet - Librairie 7L","robots":{"index":"index","follow":"follow","max-snippet":"max-snippet:-1","max-image-preview":"max-image-preview:large","max-video-preview":"max-video-preview:-1"},"canonical":"https:\/\/librairie7l.com\/en\/produit\/memoires-dun-petit-biquet-2\/","og_locale":"en_US","og_type":"article","og_title":"M\u00e9moires d'un petit biquet - Librairie 7L","og_description":"Le critique et historien de l&#8217;art David Sylvester (1924-2001) est \u00e0 la fois tr\u00e8s connu et profond\u00e9ment m\u00e9connu. Figure centrale de la sc\u00e8ne artistique londonienne durant toute la seconde moiti\u00e9 du vingti\u00e8me si\u00e8cle, ses \u00e9crits forment une somme consid\u00e9rable, et son nom \u00e9voque un critique passionn\u00e9 et impitoyable qui a fortement marqu\u00e9 le paysage culturel [&hellip;]","og_url":"https:\/\/librairie7l.com\/en\/produit\/memoires-dun-petit-biquet-2\/","og_site_name":"Librairie 7L","article_modified_time":"2026-04-06T06:06:38+00:00","og_image":[{"width":600,"height":956,"url":"https:\/\/librairie7l.com\/wp-content\/uploads\/2024\/06\/9782850351709_1_75.jpg","type":"image\/jpeg"}],"twitter_card":"summary_large_image","twitter_misc":{"Est. reading time":"2 minutes"},"schema":{"@context":"https:\/\/schema.org","@graph":[{"@type":"WebPage","@id":"https:\/\/librairie7l.com\/en\/produit\/memoires-dun-petit-biquet-2\/","url":"https:\/\/librairie7l.com\/en\/produit\/memoires-dun-petit-biquet-2\/","name":"M\u00e9moires d'un petit biquet - Librairie 7L","isPartOf":{"@id":"https:\/\/librairie7l.com\/en\/#website"},"datePublished":"2025-01-16T08:17:45+00:00","dateModified":"2026-04-06T06:06:38+00:00","breadcrumb":{"@id":"https:\/\/librairie7l.com\/en\/produit\/memoires-dun-petit-biquet-2\/#breadcrumb"},"inLanguage":"en-US","potentialAction":[{"@type":"ReadAction","target":["https:\/\/librairie7l.com\/en\/produit\/memoires-dun-petit-biquet-2\/"]}]},{"@type":"BreadcrumbList","@id":"https:\/\/librairie7l.com\/en\/produit\/memoires-dun-petit-biquet-2\/#breadcrumb","itemListElement":[{"@type":"ListItem","position":1,"name":"Accueil","item":"https:\/\/librairie7l.com\/en\/"},{"@type":"ListItem","position":2,"name":"Shop","item":"https:\/\/librairie7l.com\/en\/shop\/"},{"@type":"ListItem","position":3,"name":"M\u00c9MOIRES D&#8217;UN PETIT BIQUET"}]},{"@type":"WebSite","@id":"https:\/\/librairie7l.com\/en\/#website","url":"https:\/\/librairie7l.com\/en\/","name":"Librairie 7L","description":"Librairie fond\u00e9e en 1999 par Karl Lagerfeld \u00e0 Paris","publisher":{"@id":"https:\/\/librairie7l.com\/en\/#organization"},"potentialAction":[{"@type":"SearchAction","target":{"@type":"EntryPoint","urlTemplate":"https:\/\/librairie7l.com\/en\/?s={search_term_string}"},"query-input":"required name=search_term_string"}],"inLanguage":"en-US"},{"@type":"Organization","@id":"https:\/\/librairie7l.com\/en\/#organization","name":"Librairie 7L","url":"https:\/\/librairie7l.com\/en\/","logo":{"@type":"ImageObject","inLanguage":"en-US","@id":"https:\/\/librairie7l.com\/en\/#\/schema\/logo\/image\/","url":"https:\/\/librairie7l.com\/wp-content\/uploads\/2022\/08\/logo-1.png","contentUrl":"https:\/\/librairie7l.com\/wp-content\/uploads\/2022\/08\/logo-1.png","width":227,"height":301,"caption":"Librairie 7L"},"image":{"@id":"https:\/\/librairie7l.com\/en\/#\/schema\/logo\/image\/"}}]}},"_links":{"self":[{"href":"https:\/\/librairie7l.com\/en\/wp-json\/wp\/v2\/product\/45466"}],"collection":[{"href":"https:\/\/librairie7l.com\/en\/wp-json\/wp\/v2\/product"}],"about":[{"href":"https:\/\/librairie7l.com\/en\/wp-json\/wp\/v2\/types\/product"}],"wp:featuredmedia":[{"embeddable":true,"href":"https:\/\/librairie7l.com\/en\/wp-json\/wp\/v2\/media\/45464"}],"wp:attachment":[{"href":"https:\/\/librairie7l.com\/en\/wp-json\/wp\/v2\/media?parent=45466"}],"wp:term":[{"taxonomy":"product_cat","embeddable":true,"href":"https:\/\/librairie7l.com\/en\/wp-json\/wp\/v2\/product_cat?post=45466"},{"taxonomy":"product_tag","embeddable":true,"href":"https:\/\/librairie7l.com\/en\/wp-json\/wp\/v2\/product_tag?post=45466"}],"curies":[{"name":"wp","href":"https:\/\/api.w.org\/{rel}","templated":true}]}}