{"id":45470,"date":"2025-01-16T09:17:50","date_gmt":"2025-01-16T08:17:50","guid":{"rendered":"https:\/\/librairie7l.com\/?post_type=product&#038;p=45470"},"modified":"2026-04-05T02:07:12","modified_gmt":"2026-04-05T00:07:12","slug":"letizia-battaglia-2","status":"publish","type":"product","link":"https:\/\/librairie7l.com\/en\/produit\/letizia-battaglia-2\/","title":{"rendered":"LETIZIA BATTAGLIA"},"content":{"rendered":"<p>Dans le cadre de la saison d\u00e9di\u00e9e aux expositions historiques et patrimoniales, le Ch\u00e2teau de Tours pr\u00e9sente une grande exposition in\u00e9dite consacr\u00e9e \u00e0 Letizia Battaglia, grande photographe et photojournaliste italienne (1935-2022), c\u00e9l\u00e8bre pour ses oeuvres sur la mafia qui s\u00e9vit en Italie dans les ann\u00e9es 1970 et 1980.<br \/>\nConstitu\u00e9 de 4 essais &#8211; Walter Guadagnini (Camera), Monica Poggi (Camera), Melissa Harris (Aperture), et Marta Sollima (petite-fille de Letizia Battaglia) -, les quatre sections illustrent son combat contre la Mafia tout autant que son travail sur le corps f\u00e9minin (qui rejoint d&#8217;ailleurs son combat contre la Mafia, la femme repr\u00e9sentant pour elle l&#8217;espoir d&#8217;une soci\u00e9t\u00e9 meilleure).<br \/>\nUne exposition coorganis\u00e9e avec Camera &#8211; Centro Italiano per la Fotografia, Turin.<\/p>\n","protected":false},"excerpt":{"rendered":"<p>Dans le cadre de la saison d\u00e9di\u00e9e aux expositions historiques et patrimoniales, le Ch\u00e2teau de Tours pr\u00e9sente une grande exposition in\u00e9dite consacr\u00e9e \u00e0 Letizia Battaglia, grande photographe et photojournaliste italienne (1935-2022), c\u00e9l\u00e8bre pour ses oeuvres sur la mafia qui s\u00e9vit en Italie dans les ann\u00e9es 1970 et 1980. Constitu\u00e9 de 4 essais &#8211; Walter Guadagnini [&hellip;]<\/p>\n","protected":false},"featured_media":45468,"template":"","meta":[],"product_cat":[2948],"product_tag":[],"acf":[],"yoast_head":"<!-- This site is optimized with the Yoast SEO plugin v20.11 - https:\/\/yoast.com\/wordpress\/plugins\/seo\/ -->\n<title>Letizia Battaglia - Librairie 7L<\/title>\n<meta name=\"robots\" content=\"index, follow, max-snippet:-1, max-image-preview:large, max-video-preview:-1\" \/>\n<link rel=\"canonical\" href=\"https:\/\/librairie7l.com\/en\/produit\/letizia-battaglia-2\/\" \/>\n<meta property=\"og:locale\" content=\"en_US\" \/>\n<meta property=\"og:type\" content=\"article\" \/>\n<meta property=\"og:title\" content=\"Letizia Battaglia - Librairie 7L\" \/>\n<meta property=\"og:description\" content=\"Dans le cadre de la saison d\u00e9di\u00e9e aux expositions historiques et patrimoniales, le Ch\u00e2teau de Tours pr\u00e9sente une grande exposition in\u00e9dite consacr\u00e9e \u00e0 Letizia Battaglia, grande photographe et photojournaliste italienne (1935-2022), c\u00e9l\u00e8bre pour ses oeuvres sur la mafia qui s\u00e9vit en Italie dans les ann\u00e9es 1970 et 1980. Constitu\u00e9 de 4 essais &#8211; Walter Guadagnini [&hellip;]\" \/>\n<meta property=\"og:url\" content=\"https:\/\/librairie7l.com\/en\/produit\/letizia-battaglia-2\/\" \/>\n<meta property=\"og:site_name\" content=\"Librairie 7L\" \/>\n<meta property=\"article:modified_time\" content=\"2026-04-05T00:07:12+00:00\" \/>\n<meta property=\"og:image\" content=\"https:\/\/librairie7l.com\/wp-content\/uploads\/2024\/10\/9791255612841_1_75.jpg\" \/>\n\t<meta property=\"og:image:width\" content=\"600\" \/>\n\t<meta property=\"og:image:height\" content=\"824\" \/>\n\t<meta property=\"og:image:type\" content=\"image\/jpeg\" \/>\n<meta name=\"twitter:card\" content=\"summary_large_image\" \/>\n<meta name=\"twitter:label1\" content=\"Est. reading time\" \/>\n\t<meta name=\"twitter:data1\" content=\"1 minute\" \/>\n<script type=\"application\/ld+json\" class=\"yoast-schema-graph\">{\"@context\":\"https:\/\/schema.org\",\"@graph\":[{\"@type\":\"WebPage\",\"@id\":\"https:\/\/librairie7l.com\/en\/produit\/letizia-battaglia-2\/\",\"url\":\"https:\/\/librairie7l.com\/en\/produit\/letizia-battaglia-2\/\",\"name\":\"Letizia Battaglia - Librairie 7L\",\"isPartOf\":{\"@id\":\"https:\/\/librairie7l.com\/en\/#website\"},\"datePublished\":\"2025-01-16T08:17:50+00:00\",\"dateModified\":\"2026-04-05T00:07:12+00:00\",\"breadcrumb\":{\"@id\":\"https:\/\/librairie7l.com\/en\/produit\/letizia-battaglia-2\/#breadcrumb\"},\"inLanguage\":\"en-US\",\"potentialAction\":[{\"@type\":\"ReadAction\",\"target\":[\"https:\/\/librairie7l.com\/en\/produit\/letizia-battaglia-2\/\"]}]},{\"@type\":\"BreadcrumbList\",\"@id\":\"https:\/\/librairie7l.com\/en\/produit\/letizia-battaglia-2\/#breadcrumb\",\"itemListElement\":[{\"@type\":\"ListItem\",\"position\":1,\"name\":\"Accueil\",\"item\":\"https:\/\/librairie7l.com\/en\/\"},{\"@type\":\"ListItem\",\"position\":2,\"name\":\"Shop\",\"item\":\"https:\/\/librairie7l.com\/en\/shop\/\"},{\"@type\":\"ListItem\",\"position\":3,\"name\":\"LETIZIA BATTAGLIA\"}]},{\"@type\":\"WebSite\",\"@id\":\"https:\/\/librairie7l.com\/en\/#website\",\"url\":\"https:\/\/librairie7l.com\/en\/\",\"name\":\"Librairie 7L\",\"description\":\"Librairie fond\u00e9e en 1999 par Karl Lagerfeld \u00e0 Paris\",\"publisher\":{\"@id\":\"https:\/\/librairie7l.com\/en\/#organization\"},\"potentialAction\":[{\"@type\":\"SearchAction\",\"target\":{\"@type\":\"EntryPoint\",\"urlTemplate\":\"https:\/\/librairie7l.com\/en\/?s={search_term_string}\"},\"query-input\":\"required name=search_term_string\"}],\"inLanguage\":\"en-US\"},{\"@type\":\"Organization\",\"@id\":\"https:\/\/librairie7l.com\/en\/#organization\",\"name\":\"Librairie 7L\",\"url\":\"https:\/\/librairie7l.com\/en\/\",\"logo\":{\"@type\":\"ImageObject\",\"inLanguage\":\"en-US\",\"@id\":\"https:\/\/librairie7l.com\/en\/#\/schema\/logo\/image\/\",\"url\":\"https:\/\/librairie7l.com\/wp-content\/uploads\/2022\/08\/logo-1.png\",\"contentUrl\":\"https:\/\/librairie7l.com\/wp-content\/uploads\/2022\/08\/logo-1.png\",\"width\":227,\"height\":301,\"caption\":\"Librairie 7L\"},\"image\":{\"@id\":\"https:\/\/librairie7l.com\/en\/#\/schema\/logo\/image\/\"}}]}<\/script>\n<!-- \/ Yoast SEO plugin. -->","yoast_head_json":{"title":"Letizia Battaglia - Librairie 7L","robots":{"index":"index","follow":"follow","max-snippet":"max-snippet:-1","max-image-preview":"max-image-preview:large","max-video-preview":"max-video-preview:-1"},"canonical":"https:\/\/librairie7l.com\/en\/produit\/letizia-battaglia-2\/","og_locale":"en_US","og_type":"article","og_title":"Letizia Battaglia - Librairie 7L","og_description":"Dans le cadre de la saison d\u00e9di\u00e9e aux expositions historiques et patrimoniales, le Ch\u00e2teau de Tours pr\u00e9sente une grande exposition in\u00e9dite consacr\u00e9e \u00e0 Letizia Battaglia, grande photographe et photojournaliste italienne (1935-2022), c\u00e9l\u00e8bre pour ses oeuvres sur la mafia qui s\u00e9vit en Italie dans les ann\u00e9es 1970 et 1980. Constitu\u00e9 de 4 essais &#8211; Walter Guadagnini [&hellip;]","og_url":"https:\/\/librairie7l.com\/en\/produit\/letizia-battaglia-2\/","og_site_name":"Librairie 7L","article_modified_time":"2026-04-05T00:07:12+00:00","og_image":[{"width":600,"height":824,"url":"https:\/\/librairie7l.com\/wp-content\/uploads\/2024\/10\/9791255612841_1_75.jpg","type":"image\/jpeg"}],"twitter_card":"summary_large_image","twitter_misc":{"Est. reading time":"1 minute"},"schema":{"@context":"https:\/\/schema.org","@graph":[{"@type":"WebPage","@id":"https:\/\/librairie7l.com\/en\/produit\/letizia-battaglia-2\/","url":"https:\/\/librairie7l.com\/en\/produit\/letizia-battaglia-2\/","name":"Letizia Battaglia - Librairie 7L","isPartOf":{"@id":"https:\/\/librairie7l.com\/en\/#website"},"datePublished":"2025-01-16T08:17:50+00:00","dateModified":"2026-04-05T00:07:12+00:00","breadcrumb":{"@id":"https:\/\/librairie7l.com\/en\/produit\/letizia-battaglia-2\/#breadcrumb"},"inLanguage":"en-US","potentialAction":[{"@type":"ReadAction","target":["https:\/\/librairie7l.com\/en\/produit\/letizia-battaglia-2\/"]}]},{"@type":"BreadcrumbList","@id":"https:\/\/librairie7l.com\/en\/produit\/letizia-battaglia-2\/#breadcrumb","itemListElement":[{"@type":"ListItem","position":1,"name":"Accueil","item":"https:\/\/librairie7l.com\/en\/"},{"@type":"ListItem","position":2,"name":"Shop","item":"https:\/\/librairie7l.com\/en\/shop\/"},{"@type":"ListItem","position":3,"name":"LETIZIA BATTAGLIA"}]},{"@type":"WebSite","@id":"https:\/\/librairie7l.com\/en\/#website","url":"https:\/\/librairie7l.com\/en\/","name":"Librairie 7L","description":"Librairie fond\u00e9e en 1999 par Karl Lagerfeld \u00e0 Paris","publisher":{"@id":"https:\/\/librairie7l.com\/en\/#organization"},"potentialAction":[{"@type":"SearchAction","target":{"@type":"EntryPoint","urlTemplate":"https:\/\/librairie7l.com\/en\/?s={search_term_string}"},"query-input":"required name=search_term_string"}],"inLanguage":"en-US"},{"@type":"Organization","@id":"https:\/\/librairie7l.com\/en\/#organization","name":"Librairie 7L","url":"https:\/\/librairie7l.com\/en\/","logo":{"@type":"ImageObject","inLanguage":"en-US","@id":"https:\/\/librairie7l.com\/en\/#\/schema\/logo\/image\/","url":"https:\/\/librairie7l.com\/wp-content\/uploads\/2022\/08\/logo-1.png","contentUrl":"https:\/\/librairie7l.com\/wp-content\/uploads\/2022\/08\/logo-1.png","width":227,"height":301,"caption":"Librairie 7L"},"image":{"@id":"https:\/\/librairie7l.com\/en\/#\/schema\/logo\/image\/"}}]}},"_links":{"self":[{"href":"https:\/\/librairie7l.com\/en\/wp-json\/wp\/v2\/product\/45470"}],"collection":[{"href":"https:\/\/librairie7l.com\/en\/wp-json\/wp\/v2\/product"}],"about":[{"href":"https:\/\/librairie7l.com\/en\/wp-json\/wp\/v2\/types\/product"}],"wp:featuredmedia":[{"embeddable":true,"href":"https:\/\/librairie7l.com\/en\/wp-json\/wp\/v2\/media\/45468"}],"wp:attachment":[{"href":"https:\/\/librairie7l.com\/en\/wp-json\/wp\/v2\/media?parent=45470"}],"wp:term":[{"taxonomy":"product_cat","embeddable":true,"href":"https:\/\/librairie7l.com\/en\/wp-json\/wp\/v2\/product_cat?post=45470"},{"taxonomy":"product_tag","embeddable":true,"href":"https:\/\/librairie7l.com\/en\/wp-json\/wp\/v2\/product_tag?post=45470"}],"curies":[{"name":"wp","href":"https:\/\/api.w.org\/{rel}","templated":true}]}}