{"id":45474,"date":"2025-01-16T09:17:53","date_gmt":"2025-01-16T08:17:53","guid":{"rendered":"https:\/\/librairie7l.com\/?post_type=product&#038;p=45474"},"modified":"2026-05-02T16:09:10","modified_gmt":"2026-05-02T14:09:10","slug":"la-nature-en-heritage-regards-croises-sur-les-collections-du-musee-henri-dupuis-2","status":"publish","type":"product","link":"https:\/\/librairie7l.com\/en\/produit\/la-nature-en-heritage-regards-croises-sur-les-collections-du-musee-henri-dupuis-2\/","title":{"rendered":"LA NATURE EN H\u00c9RITAGE : REGARDS CROIS\u00c9S SUR LES COLLECTIONS DU MUS\u00c9E HENRI DUPUIS"},"content":{"rendered":"<p>Qu&#8217;est-ce donc qui anime un collectionneur ? Quels sont les enjeux et les imp\u00e9ratifs<br \/>\nd&#8217;une collection ? Celles d&#8217;Henri Dupuis (1819-1889) et de Charles van Kempen (1844-1917) parlent pour eux. Ils ont non seulement collect\u00e9, mais aussi \u00e9tudi\u00e9, class\u00e9, nomm\u00e9 et admir\u00e9.<br \/>\nCet ouvrage c\u00e9l\u00e8bre leur passion pour les sciences naturelles. \u00c0 l&#8217;\u00e9vidence, l&#8217;entreprise de ces deux collectionneurs, avec 30 000 sp\u00e9cimens pour Henri Dupuis et 20 000 pour Charles van Kempen, d\u00e9passe les limites de l&#8217;usuel cabinet d&#8217;amateur. Le premier est all\u00e9 jusqu&#8217;\u00e0 cr\u00e9er son propre mus\u00e9e priv\u00e9, en transformant la plus grande partie de sa maison en salles d&#8217;expositions couvertes d&#8217;immenses vitrines et en y adjoignant une aile destin\u00e9e \u00e0 abriter deux galeries de dimensions palatiales pour les c\u00e9ramiques et les coquillages. Outre leur port\u00e9e scientifique, ces collections ont une grande valeur patrimoniale qu&#8217;il importe de pr\u00e9server et de transmettre.<br \/>\nC&#8217;est dans cet effort que s&#8217;inscrit La Nature en h\u00e9ritage, couronnant dix ann\u00e9es de travail intense pour faire sortir de la poussi\u00e8re et de l&#8217;oubli ces collections exceptionnelles. En favorisant une approche plurielle o\u00f9 alternent propos scientifiques et textes po\u00e9tiques, regards crois\u00e9s et voix en \u00e9cho, l&#8217;ouvrage est en soi un \u00e9l\u00e9gant petit mus\u00e9e o\u00f9 s&#8217;invente, au fil des chapitres richement illustr\u00e9s, une singuli\u00e8re visite guid\u00e9e.<\/p>\n","protected":false},"excerpt":{"rendered":"<p>Qu&#8217;est-ce donc qui anime un collectionneur ? Quels sont les enjeux et les imp\u00e9ratifs d&#8217;une collection ? Celles d&#8217;Henri Dupuis (1819-1889) et de Charles van Kempen (1844-1917) parlent pour eux. Ils ont non seulement collect\u00e9, mais aussi \u00e9tudi\u00e9, class\u00e9, nomm\u00e9 et admir\u00e9. Cet ouvrage c\u00e9l\u00e8bre leur passion pour les sciences naturelles. \u00c0 l&#8217;\u00e9vidence, l&#8217;entreprise de [&hellip;]<\/p>\n","protected":false},"featured_media":45472,"template":"","meta":[],"product_cat":[2948],"product_tag":[],"acf":[],"yoast_head":"<!-- This site is optimized with the Yoast SEO plugin v20.11 - https:\/\/yoast.com\/wordpress\/plugins\/seo\/ -->\n<title>La Nature en h\u00e9ritage : Regards crois\u00e9s sur les collections du mus\u00e9e Henri Dupuis - Librairie 7L<\/title>\n<meta name=\"robots\" content=\"index, follow, max-snippet:-1, max-image-preview:large, max-video-preview:-1\" \/>\n<link rel=\"canonical\" href=\"https:\/\/librairie7l.com\/en\/produit\/la-nature-en-heritage-regards-croises-sur-les-collections-du-musee-henri-dupuis-2\/\" \/>\n<meta property=\"og:locale\" content=\"en_US\" \/>\n<meta property=\"og:type\" content=\"article\" \/>\n<meta property=\"og:title\" content=\"La Nature en h\u00e9ritage : Regards crois\u00e9s sur les collections du mus\u00e9e Henri Dupuis - Librairie 7L\" \/>\n<meta property=\"og:description\" content=\"Qu&#8217;est-ce donc qui anime un collectionneur ? Quels sont les enjeux et les imp\u00e9ratifs d&#8217;une collection ? Celles d&#8217;Henri Dupuis (1819-1889) et de Charles van Kempen (1844-1917) parlent pour eux. Ils ont non seulement collect\u00e9, mais aussi \u00e9tudi\u00e9, class\u00e9, nomm\u00e9 et admir\u00e9. Cet ouvrage c\u00e9l\u00e8bre leur passion pour les sciences naturelles. \u00c0 l&#8217;\u00e9vidence, l&#8217;entreprise de [&hellip;]\" \/>\n<meta property=\"og:url\" content=\"https:\/\/librairie7l.com\/en\/produit\/la-nature-en-heritage-regards-croises-sur-les-collections-du-musee-henri-dupuis-2\/\" \/>\n<meta property=\"og:site_name\" content=\"Librairie 7L\" \/>\n<meta property=\"article:modified_time\" content=\"2026-05-02T14:09:10+00:00\" \/>\n<meta property=\"og:image\" content=\"https:\/\/librairie7l.com\/wp-content\/uploads\/2024\/10\/9782376801337_1_75.jpg\" \/>\n\t<meta property=\"og:image:width\" content=\"600\" \/>\n\t<meta property=\"og:image:height\" content=\"759\" \/>\n\t<meta property=\"og:image:type\" content=\"image\/jpeg\" \/>\n<meta name=\"twitter:card\" content=\"summary_large_image\" \/>\n<meta name=\"twitter:label1\" content=\"Est. reading time\" \/>\n\t<meta name=\"twitter:data1\" content=\"1 minute\" \/>\n<script type=\"application\/ld+json\" class=\"yoast-schema-graph\">{\"@context\":\"https:\/\/schema.org\",\"@graph\":[{\"@type\":\"WebPage\",\"@id\":\"https:\/\/librairie7l.com\/en\/produit\/la-nature-en-heritage-regards-croises-sur-les-collections-du-musee-henri-dupuis-2\/\",\"url\":\"https:\/\/librairie7l.com\/en\/produit\/la-nature-en-heritage-regards-croises-sur-les-collections-du-musee-henri-dupuis-2\/\",\"name\":\"La Nature en h\u00e9ritage : Regards crois\u00e9s sur les collections du mus\u00e9e Henri Dupuis - Librairie 7L\",\"isPartOf\":{\"@id\":\"https:\/\/librairie7l.com\/en\/#website\"},\"datePublished\":\"2025-01-16T08:17:53+00:00\",\"dateModified\":\"2026-05-02T14:09:10+00:00\",\"breadcrumb\":{\"@id\":\"https:\/\/librairie7l.com\/en\/produit\/la-nature-en-heritage-regards-croises-sur-les-collections-du-musee-henri-dupuis-2\/#breadcrumb\"},\"inLanguage\":\"en-US\",\"potentialAction\":[{\"@type\":\"ReadAction\",\"target\":[\"https:\/\/librairie7l.com\/en\/produit\/la-nature-en-heritage-regards-croises-sur-les-collections-du-musee-henri-dupuis-2\/\"]}]},{\"@type\":\"BreadcrumbList\",\"@id\":\"https:\/\/librairie7l.com\/en\/produit\/la-nature-en-heritage-regards-croises-sur-les-collections-du-musee-henri-dupuis-2\/#breadcrumb\",\"itemListElement\":[{\"@type\":\"ListItem\",\"position\":1,\"name\":\"Accueil\",\"item\":\"https:\/\/librairie7l.com\/en\/\"},{\"@type\":\"ListItem\",\"position\":2,\"name\":\"Shop\",\"item\":\"https:\/\/librairie7l.com\/en\/shop\/\"},{\"@type\":\"ListItem\",\"position\":3,\"name\":\"LA NATURE EN H\u00c9RITAGE : REGARDS CROIS\u00c9S SUR LES COLLECTIONS DU MUS\u00c9E HENRI DUPUIS\"}]},{\"@type\":\"WebSite\",\"@id\":\"https:\/\/librairie7l.com\/en\/#website\",\"url\":\"https:\/\/librairie7l.com\/en\/\",\"name\":\"Librairie 7L\",\"description\":\"Librairie fond\u00e9e en 1999 par Karl Lagerfeld \u00e0 Paris\",\"publisher\":{\"@id\":\"https:\/\/librairie7l.com\/en\/#organization\"},\"potentialAction\":[{\"@type\":\"SearchAction\",\"target\":{\"@type\":\"EntryPoint\",\"urlTemplate\":\"https:\/\/librairie7l.com\/en\/?s={search_term_string}\"},\"query-input\":\"required name=search_term_string\"}],\"inLanguage\":\"en-US\"},{\"@type\":\"Organization\",\"@id\":\"https:\/\/librairie7l.com\/en\/#organization\",\"name\":\"Librairie 7L\",\"url\":\"https:\/\/librairie7l.com\/en\/\",\"logo\":{\"@type\":\"ImageObject\",\"inLanguage\":\"en-US\",\"@id\":\"https:\/\/librairie7l.com\/en\/#\/schema\/logo\/image\/\",\"url\":\"https:\/\/librairie7l.com\/wp-content\/uploads\/2022\/08\/logo-1.png\",\"contentUrl\":\"https:\/\/librairie7l.com\/wp-content\/uploads\/2022\/08\/logo-1.png\",\"width\":227,\"height\":301,\"caption\":\"Librairie 7L\"},\"image\":{\"@id\":\"https:\/\/librairie7l.com\/en\/#\/schema\/logo\/image\/\"}}]}<\/script>\n<!-- \/ Yoast SEO plugin. -->","yoast_head_json":{"title":"La Nature en h\u00e9ritage : Regards crois\u00e9s sur les collections du mus\u00e9e Henri Dupuis - Librairie 7L","robots":{"index":"index","follow":"follow","max-snippet":"max-snippet:-1","max-image-preview":"max-image-preview:large","max-video-preview":"max-video-preview:-1"},"canonical":"https:\/\/librairie7l.com\/en\/produit\/la-nature-en-heritage-regards-croises-sur-les-collections-du-musee-henri-dupuis-2\/","og_locale":"en_US","og_type":"article","og_title":"La Nature en h\u00e9ritage : Regards crois\u00e9s sur les collections du mus\u00e9e Henri Dupuis - Librairie 7L","og_description":"Qu&#8217;est-ce donc qui anime un collectionneur ? Quels sont les enjeux et les imp\u00e9ratifs d&#8217;une collection ? Celles d&#8217;Henri Dupuis (1819-1889) et de Charles van Kempen (1844-1917) parlent pour eux. Ils ont non seulement collect\u00e9, mais aussi \u00e9tudi\u00e9, class\u00e9, nomm\u00e9 et admir\u00e9. Cet ouvrage c\u00e9l\u00e8bre leur passion pour les sciences naturelles. \u00c0 l&#8217;\u00e9vidence, l&#8217;entreprise de [&hellip;]","og_url":"https:\/\/librairie7l.com\/en\/produit\/la-nature-en-heritage-regards-croises-sur-les-collections-du-musee-henri-dupuis-2\/","og_site_name":"Librairie 7L","article_modified_time":"2026-05-02T14:09:10+00:00","og_image":[{"width":600,"height":759,"url":"https:\/\/librairie7l.com\/wp-content\/uploads\/2024\/10\/9782376801337_1_75.jpg","type":"image\/jpeg"}],"twitter_card":"summary_large_image","twitter_misc":{"Est. reading time":"1 minute"},"schema":{"@context":"https:\/\/schema.org","@graph":[{"@type":"WebPage","@id":"https:\/\/librairie7l.com\/en\/produit\/la-nature-en-heritage-regards-croises-sur-les-collections-du-musee-henri-dupuis-2\/","url":"https:\/\/librairie7l.com\/en\/produit\/la-nature-en-heritage-regards-croises-sur-les-collections-du-musee-henri-dupuis-2\/","name":"La Nature en h\u00e9ritage : Regards crois\u00e9s sur les collections du mus\u00e9e Henri Dupuis - Librairie 7L","isPartOf":{"@id":"https:\/\/librairie7l.com\/en\/#website"},"datePublished":"2025-01-16T08:17:53+00:00","dateModified":"2026-05-02T14:09:10+00:00","breadcrumb":{"@id":"https:\/\/librairie7l.com\/en\/produit\/la-nature-en-heritage-regards-croises-sur-les-collections-du-musee-henri-dupuis-2\/#breadcrumb"},"inLanguage":"en-US","potentialAction":[{"@type":"ReadAction","target":["https:\/\/librairie7l.com\/en\/produit\/la-nature-en-heritage-regards-croises-sur-les-collections-du-musee-henri-dupuis-2\/"]}]},{"@type":"BreadcrumbList","@id":"https:\/\/librairie7l.com\/en\/produit\/la-nature-en-heritage-regards-croises-sur-les-collections-du-musee-henri-dupuis-2\/#breadcrumb","itemListElement":[{"@type":"ListItem","position":1,"name":"Accueil","item":"https:\/\/librairie7l.com\/en\/"},{"@type":"ListItem","position":2,"name":"Shop","item":"https:\/\/librairie7l.com\/en\/shop\/"},{"@type":"ListItem","position":3,"name":"LA NATURE EN H\u00c9RITAGE : REGARDS CROIS\u00c9S SUR LES COLLECTIONS DU MUS\u00c9E HENRI DUPUIS"}]},{"@type":"WebSite","@id":"https:\/\/librairie7l.com\/en\/#website","url":"https:\/\/librairie7l.com\/en\/","name":"Librairie 7L","description":"Librairie fond\u00e9e en 1999 par Karl Lagerfeld \u00e0 Paris","publisher":{"@id":"https:\/\/librairie7l.com\/en\/#organization"},"potentialAction":[{"@type":"SearchAction","target":{"@type":"EntryPoint","urlTemplate":"https:\/\/librairie7l.com\/en\/?s={search_term_string}"},"query-input":"required name=search_term_string"}],"inLanguage":"en-US"},{"@type":"Organization","@id":"https:\/\/librairie7l.com\/en\/#organization","name":"Librairie 7L","url":"https:\/\/librairie7l.com\/en\/","logo":{"@type":"ImageObject","inLanguage":"en-US","@id":"https:\/\/librairie7l.com\/en\/#\/schema\/logo\/image\/","url":"https:\/\/librairie7l.com\/wp-content\/uploads\/2022\/08\/logo-1.png","contentUrl":"https:\/\/librairie7l.com\/wp-content\/uploads\/2022\/08\/logo-1.png","width":227,"height":301,"caption":"Librairie 7L"},"image":{"@id":"https:\/\/librairie7l.com\/en\/#\/schema\/logo\/image\/"}}]}},"_links":{"self":[{"href":"https:\/\/librairie7l.com\/en\/wp-json\/wp\/v2\/product\/45474"}],"collection":[{"href":"https:\/\/librairie7l.com\/en\/wp-json\/wp\/v2\/product"}],"about":[{"href":"https:\/\/librairie7l.com\/en\/wp-json\/wp\/v2\/types\/product"}],"wp:featuredmedia":[{"embeddable":true,"href":"https:\/\/librairie7l.com\/en\/wp-json\/wp\/v2\/media\/45472"}],"wp:attachment":[{"href":"https:\/\/librairie7l.com\/en\/wp-json\/wp\/v2\/media?parent=45474"}],"wp:term":[{"taxonomy":"product_cat","embeddable":true,"href":"https:\/\/librairie7l.com\/en\/wp-json\/wp\/v2\/product_cat?post=45474"},{"taxonomy":"product_tag","embeddable":true,"href":"https:\/\/librairie7l.com\/en\/wp-json\/wp\/v2\/product_tag?post=45474"}],"curies":[{"name":"wp","href":"https:\/\/api.w.org\/{rel}","templated":true}]}}