{"id":45478,"date":"2025-01-16T09:17:58","date_gmt":"2025-01-16T08:17:58","guid":{"rendered":"https:\/\/librairie7l.com\/?post_type=product&#038;p=45478"},"modified":"2026-04-05T07:30:05","modified_gmt":"2026-04-05T05:30:05","slug":"christofle-2","status":"publish","type":"product","link":"https:\/\/librairie7l.com\/en\/produit\/christofle-2\/","title":{"rendered":"CHRISTOFLE"},"content":{"rendered":"<p>Le mus\u00e9e des Arts d\u00e9coratifs, qui entretient des liens \u00e9troits avec Christofle depuis la seconde moiti\u00e9 du XIXe si\u00e8cle, met \u00e0 l&#8217;honneur les cr\u00e9ations<br \/>\net le savoir-faire d&#8217;excellence de cette maison d&#8217;orf\u00e8vrerie en organisant la plus grande exposition jamais d\u00e9di\u00e9e \u00e0 cette manufacture riche<br \/>\nde pr\u00e8s de deux cents ans d&#8217;histoire. Depuis sa fondation dans les ann\u00e9es 1830, cette lign\u00e9e d&#8217;orf\u00e8vres, cr\u00e9\u00e9e par Charles<br \/>\nChristofle et poursuivie par Henri Bouilhet, m\u00e9tamorphose les lignes et les d\u00e9cors de l&#8217;argent pour les adapter \u00e0 la vie quotidienne. Associ\u00e9 aux plus grands cr\u00e9ateurs tels que Luc Lanel, Gio Ponti, Andr\u00e9e Putman ou Karl Lagerfeld, Christofle est un laboratoire artistique qui r\u00e9volutionne l&#8217;orf\u00e8vrerie traditionnelle en renouvelant ses usages et en la<br \/>\nparant de couleurs et de d\u00e9cors in\u00e9dits. La riche iconographie du catalogue de l&#8217;exposition nous invite \u00e0 d\u00e9couvrir des pi\u00e8ces plus remarquables les unes que les autres. Ce faisant, il nous plonge dans le faste de grands restaurants et palaces comme le Ritz, de trains, paquebots et avions de l\u00e9gende comme l&#8217;Orient-Express, le Normandie et le<br \/>\nConcorde, mais aussi de lieux du pouvoir politique, tous \u00e9quip\u00e9s par Christofle, ambassadeur, en France comme \u00e0 l&#8217;\u00e9tranger, de l&#8217;art de vivre et du luxe \u00e0 la fran\u00e7aise.<br \/>\n\u00c0 travers treize essais th\u00e9matiques r\u00e9partis en quatre chapitres, cet ouvrage retrace l&#8217;extraordinaire destin de la maison Christofle. Soixante et une notices d\u00e9ploient une histoire des arts d\u00e9coratifs traduite en orf\u00e8vrerie, de l&#8217;historicisme au japonisme, de l&#8217;Art nouveau \u00e0 l&#8217;Art d\u00e9co, du design des ann\u00e9es 1950 au plus contemporain.<\/p>\n","protected":false},"excerpt":{"rendered":"<p>Le mus\u00e9e des Arts d\u00e9coratifs, qui entretient des liens \u00e9troits avec Christofle depuis la seconde moiti\u00e9 du XIXe si\u00e8cle, met \u00e0 l&#8217;honneur les cr\u00e9ations et le savoir-faire d&#8217;excellence de cette maison d&#8217;orf\u00e8vrerie en organisant la plus grande exposition jamais d\u00e9di\u00e9e \u00e0 cette manufacture riche de pr\u00e8s de deux cents ans d&#8217;histoire. Depuis sa fondation dans [&hellip;]<\/p>\n","protected":false},"featured_media":45476,"template":"","meta":[],"product_cat":[2948],"product_tag":[],"acf":[],"yoast_head":"<!-- This site is optimized with the Yoast SEO plugin v20.11 - https:\/\/yoast.com\/wordpress\/plugins\/seo\/ -->\n<title>Christofle - Librairie 7L<\/title>\n<meta name=\"robots\" content=\"index, follow, max-snippet:-1, max-image-preview:large, max-video-preview:-1\" \/>\n<link rel=\"canonical\" href=\"https:\/\/librairie7l.com\/en\/produit\/christofle-2\/\" \/>\n<meta property=\"og:locale\" content=\"en_US\" \/>\n<meta property=\"og:type\" content=\"article\" \/>\n<meta property=\"og:title\" content=\"Christofle - Librairie 7L\" \/>\n<meta property=\"og:description\" content=\"Le mus\u00e9e des Arts d\u00e9coratifs, qui entretient des liens \u00e9troits avec Christofle depuis la seconde moiti\u00e9 du XIXe si\u00e8cle, met \u00e0 l&#8217;honneur les cr\u00e9ations et le savoir-faire d&#8217;excellence de cette maison d&#8217;orf\u00e8vrerie en organisant la plus grande exposition jamais d\u00e9di\u00e9e \u00e0 cette manufacture riche de pr\u00e8s de deux cents ans d&#8217;histoire. Depuis sa fondation dans [&hellip;]\" \/>\n<meta property=\"og:url\" content=\"https:\/\/librairie7l.com\/en\/produit\/christofle-2\/\" \/>\n<meta property=\"og:site_name\" content=\"Librairie 7L\" \/>\n<meta property=\"article:modified_time\" content=\"2026-04-05T05:30:05+00:00\" \/>\n<meta property=\"og:image\" content=\"https:\/\/librairie7l.com\/wp-content\/uploads\/2024\/07\/9782383140269_1_75.jpg\" \/>\n\t<meta property=\"og:image:width\" content=\"381\" \/>\n\t<meta property=\"og:image:height\" content=\"500\" \/>\n\t<meta property=\"og:image:type\" content=\"image\/jpeg\" \/>\n<meta name=\"twitter:card\" content=\"summary_large_image\" \/>\n<meta name=\"twitter:label1\" content=\"Est. reading time\" \/>\n\t<meta name=\"twitter:data1\" content=\"1 minute\" \/>\n<script type=\"application\/ld+json\" class=\"yoast-schema-graph\">{\"@context\":\"https:\/\/schema.org\",\"@graph\":[{\"@type\":\"WebPage\",\"@id\":\"https:\/\/librairie7l.com\/en\/produit\/christofle-2\/\",\"url\":\"https:\/\/librairie7l.com\/en\/produit\/christofle-2\/\",\"name\":\"Christofle - Librairie 7L\",\"isPartOf\":{\"@id\":\"https:\/\/librairie7l.com\/en\/#website\"},\"datePublished\":\"2025-01-16T08:17:58+00:00\",\"dateModified\":\"2026-04-05T05:30:05+00:00\",\"breadcrumb\":{\"@id\":\"https:\/\/librairie7l.com\/en\/produit\/christofle-2\/#breadcrumb\"},\"inLanguage\":\"en-US\",\"potentialAction\":[{\"@type\":\"ReadAction\",\"target\":[\"https:\/\/librairie7l.com\/en\/produit\/christofle-2\/\"]}]},{\"@type\":\"BreadcrumbList\",\"@id\":\"https:\/\/librairie7l.com\/en\/produit\/christofle-2\/#breadcrumb\",\"itemListElement\":[{\"@type\":\"ListItem\",\"position\":1,\"name\":\"Accueil\",\"item\":\"https:\/\/librairie7l.com\/en\/\"},{\"@type\":\"ListItem\",\"position\":2,\"name\":\"Shop\",\"item\":\"https:\/\/librairie7l.com\/en\/shop\/\"},{\"@type\":\"ListItem\",\"position\":3,\"name\":\"CHRISTOFLE\"}]},{\"@type\":\"WebSite\",\"@id\":\"https:\/\/librairie7l.com\/en\/#website\",\"url\":\"https:\/\/librairie7l.com\/en\/\",\"name\":\"Librairie 7L\",\"description\":\"Librairie fond\u00e9e en 1999 par Karl Lagerfeld \u00e0 Paris\",\"publisher\":{\"@id\":\"https:\/\/librairie7l.com\/en\/#organization\"},\"potentialAction\":[{\"@type\":\"SearchAction\",\"target\":{\"@type\":\"EntryPoint\",\"urlTemplate\":\"https:\/\/librairie7l.com\/en\/?s={search_term_string}\"},\"query-input\":\"required name=search_term_string\"}],\"inLanguage\":\"en-US\"},{\"@type\":\"Organization\",\"@id\":\"https:\/\/librairie7l.com\/en\/#organization\",\"name\":\"Librairie 7L\",\"url\":\"https:\/\/librairie7l.com\/en\/\",\"logo\":{\"@type\":\"ImageObject\",\"inLanguage\":\"en-US\",\"@id\":\"https:\/\/librairie7l.com\/en\/#\/schema\/logo\/image\/\",\"url\":\"https:\/\/librairie7l.com\/wp-content\/uploads\/2022\/08\/logo-1.png\",\"contentUrl\":\"https:\/\/librairie7l.com\/wp-content\/uploads\/2022\/08\/logo-1.png\",\"width\":227,\"height\":301,\"caption\":\"Librairie 7L\"},\"image\":{\"@id\":\"https:\/\/librairie7l.com\/en\/#\/schema\/logo\/image\/\"}}]}<\/script>\n<!-- \/ Yoast SEO plugin. -->","yoast_head_json":{"title":"Christofle - Librairie 7L","robots":{"index":"index","follow":"follow","max-snippet":"max-snippet:-1","max-image-preview":"max-image-preview:large","max-video-preview":"max-video-preview:-1"},"canonical":"https:\/\/librairie7l.com\/en\/produit\/christofle-2\/","og_locale":"en_US","og_type":"article","og_title":"Christofle - Librairie 7L","og_description":"Le mus\u00e9e des Arts d\u00e9coratifs, qui entretient des liens \u00e9troits avec Christofle depuis la seconde moiti\u00e9 du XIXe si\u00e8cle, met \u00e0 l&#8217;honneur les cr\u00e9ations et le savoir-faire d&#8217;excellence de cette maison d&#8217;orf\u00e8vrerie en organisant la plus grande exposition jamais d\u00e9di\u00e9e \u00e0 cette manufacture riche de pr\u00e8s de deux cents ans d&#8217;histoire. Depuis sa fondation dans [&hellip;]","og_url":"https:\/\/librairie7l.com\/en\/produit\/christofle-2\/","og_site_name":"Librairie 7L","article_modified_time":"2026-04-05T05:30:05+00:00","og_image":[{"width":381,"height":500,"url":"https:\/\/librairie7l.com\/wp-content\/uploads\/2024\/07\/9782383140269_1_75.jpg","type":"image\/jpeg"}],"twitter_card":"summary_large_image","twitter_misc":{"Est. reading time":"1 minute"},"schema":{"@context":"https:\/\/schema.org","@graph":[{"@type":"WebPage","@id":"https:\/\/librairie7l.com\/en\/produit\/christofle-2\/","url":"https:\/\/librairie7l.com\/en\/produit\/christofle-2\/","name":"Christofle - Librairie 7L","isPartOf":{"@id":"https:\/\/librairie7l.com\/en\/#website"},"datePublished":"2025-01-16T08:17:58+00:00","dateModified":"2026-04-05T05:30:05+00:00","breadcrumb":{"@id":"https:\/\/librairie7l.com\/en\/produit\/christofle-2\/#breadcrumb"},"inLanguage":"en-US","potentialAction":[{"@type":"ReadAction","target":["https:\/\/librairie7l.com\/en\/produit\/christofle-2\/"]}]},{"@type":"BreadcrumbList","@id":"https:\/\/librairie7l.com\/en\/produit\/christofle-2\/#breadcrumb","itemListElement":[{"@type":"ListItem","position":1,"name":"Accueil","item":"https:\/\/librairie7l.com\/en\/"},{"@type":"ListItem","position":2,"name":"Shop","item":"https:\/\/librairie7l.com\/en\/shop\/"},{"@type":"ListItem","position":3,"name":"CHRISTOFLE"}]},{"@type":"WebSite","@id":"https:\/\/librairie7l.com\/en\/#website","url":"https:\/\/librairie7l.com\/en\/","name":"Librairie 7L","description":"Librairie fond\u00e9e en 1999 par Karl Lagerfeld \u00e0 Paris","publisher":{"@id":"https:\/\/librairie7l.com\/en\/#organization"},"potentialAction":[{"@type":"SearchAction","target":{"@type":"EntryPoint","urlTemplate":"https:\/\/librairie7l.com\/en\/?s={search_term_string}"},"query-input":"required name=search_term_string"}],"inLanguage":"en-US"},{"@type":"Organization","@id":"https:\/\/librairie7l.com\/en\/#organization","name":"Librairie 7L","url":"https:\/\/librairie7l.com\/en\/","logo":{"@type":"ImageObject","inLanguage":"en-US","@id":"https:\/\/librairie7l.com\/en\/#\/schema\/logo\/image\/","url":"https:\/\/librairie7l.com\/wp-content\/uploads\/2022\/08\/logo-1.png","contentUrl":"https:\/\/librairie7l.com\/wp-content\/uploads\/2022\/08\/logo-1.png","width":227,"height":301,"caption":"Librairie 7L"},"image":{"@id":"https:\/\/librairie7l.com\/en\/#\/schema\/logo\/image\/"}}]}},"_links":{"self":[{"href":"https:\/\/librairie7l.com\/en\/wp-json\/wp\/v2\/product\/45478"}],"collection":[{"href":"https:\/\/librairie7l.com\/en\/wp-json\/wp\/v2\/product"}],"about":[{"href":"https:\/\/librairie7l.com\/en\/wp-json\/wp\/v2\/types\/product"}],"wp:featuredmedia":[{"embeddable":true,"href":"https:\/\/librairie7l.com\/en\/wp-json\/wp\/v2\/media\/45476"}],"wp:attachment":[{"href":"https:\/\/librairie7l.com\/en\/wp-json\/wp\/v2\/media?parent=45478"}],"wp:term":[{"taxonomy":"product_cat","embeddable":true,"href":"https:\/\/librairie7l.com\/en\/wp-json\/wp\/v2\/product_cat?post=45478"},{"taxonomy":"product_tag","embeddable":true,"href":"https:\/\/librairie7l.com\/en\/wp-json\/wp\/v2\/product_tag?post=45478"}],"curies":[{"name":"wp","href":"https:\/\/api.w.org\/{rel}","templated":true}]}}