{"id":45492,"date":"2025-01-16T09:18:18","date_gmt":"2025-01-16T08:18:18","guid":{"rendered":"https:\/\/librairie7l.com\/?post_type=product&#038;p=45492"},"modified":"2026-04-16T15:22:27","modified_gmt":"2026-04-16T13:22:27","slug":"elles-les-eleves-de-jean-jacques-henner-2","status":"publish","type":"product","link":"https:\/\/librairie7l.com\/en\/produit\/elles-les-eleves-de-jean-jacques-henner-2\/","title":{"rendered":"ELLES LES \u00c9L\u00c8VES DE JEAN JACQUES HENNER"},"content":{"rendered":"<p>LE LIVRE<\/p>\n<p>Jusqu&#8217;en 1897, les femmes ne sont pas admises \u00e0 l&#8217;Ecole nationale des Beaux-Arts, notamment \u00e0 cause de la nudit\u00e9 des mod\u00e8les masculins. Les ateliers priv\u00e9s se d\u00e9veloppent alors durant la seconde moiti\u00e9 du xixe si\u00e8cle afin de leur offrir une formation artistique.  Jean-Jacques Henner est sollicit\u00e9 en 1874 par son coll\u00e8gue et ami Carolus-Duran pour venir \u00ab enseigner \u00bb dans l&#8217;\u00ab Atelier des Dames \u00bb, alors situ\u00e9 81 Boulevard du Montparnasse, puis qui d\u00e9m\u00e9nage en 1877 au 17 Quai Voltaire. Le peintre alsacien y restera fid\u00e8le jusqu&#8217;en 1889, date de son \u00e9lection \u00e0 l&#8217;Institut. Parmi ses \u00e9l\u00e8ves, on trouve Louise Abb\u00e9ma, Ana\u00efs Beauvais, Marie Cayron-Vasselon, Virginie Porg\u00e8s, No\u00e9mie Guillaume, Ida Deurbergue, Aline Boulian ou encore des artistes \u00e9trang\u00e8res : la britannique Dorothy Tennant, future \u00e9pouse de l&#8217;explorateur Stanley, ou la suissesse Ottilie W. Roederstein. En parall\u00e8le, et apr\u00e8s la fermeture de cet \u00ab atelier de dames \u00bb, Henner re\u00e7oit certaines \u00e9l\u00e8ves dans son atelier personnel, place Pigalle, comme Marie Petiet, Madeleine Smith, Laura Leroux ou Germaine Dawis. Certaines de ses mod\u00e8les b\u00e9n\u00e9ficient \u00e9galement de son apprentissage, \u00e0 l&#8217;instar de l&#8217;italienne Juana Romani. Par ailleurs, Henner assurait \u00e9galement des s\u00e9ances de corrections dans l&#8217;atelier pour femmes d&#8217;Edouard Krug et de son grand ami, le peintre Hector Leroux. L&#8217;exposition est ainsi l&#8217;occasion de remettre en lumi\u00e8re ces femmes artistes, l&#8217;enseignement qu&#8217;elles ont re\u00e7u de Jean-Jacques Henner pendant leurs ann\u00e9es de formations ainsi que leur production. <\/p>\n<p>Un catalogue, richement illustr\u00e9 et comprenant de nombreuses contributions, accompagne l&#8217;exposition. L&#8217;ouvrage est divis\u00e9 en trois parties.<br \/>\nLa premi\u00e8re est consacr\u00e9e \u00e0 des essais sur la formation des femmes artistes dans les ateliers priv\u00e9s \u00e0 Paris dans la seconde moiti\u00e9 du xixe si\u00e8cle, la place de l&#8217;atelier Carolus-Duran\/Henner au sein de ce r\u00e9seau, les enseignements des deux professeurs et leurs m\u00e9thodes d&#8217;apprentissage, la pr\u00e9sentation des origines sociales et g\u00e9ographiques de ces artistes, ainsi que leurs amiti\u00e9s et compagnonnages d&#8217;atelier pour une strat\u00e9gie de carri\u00e8re. Des entr\u00e9es biographiques sur les \u00e9l\u00e8ves pr\u00e9sentes dans l&#8217;exposition sont incluses sous forme d&#8217;articles d\u00e9velopp\u00e9s.<br \/>\nLa deuxi\u00e8me partie retrace le parcours de l&#8217;exposition avec la cinquantaine de peintures expos\u00e9es (en grande partie des portraits et des sc\u00e8nes religieuses) qui b\u00e9n\u00e9ficient de notices d\u00e9taill\u00e9es. <\/p>\n<p>La troisi\u00e8me partie prend la forme d&#8217;un dictionnaire recensant pr\u00e8s de 150 noms d&#8217;\u00e9l\u00e8ves retrouv\u00e9es gr\u00e2ce \u00e0 de nombreuses sources et archives, et notamment aux livrets d&#8217;exposition des Salons, particuli\u00e8rement ceux de la Soci\u00e9t\u00e9 des Artistes Fran\u00e7ais (SAF), de la Soci\u00e9t\u00e9 Nationale des Beaux-arts (SNBA) et de l&#8217;Union des Femmes Peintres et Sculpteurs (UFPS).<\/p>\n<p>Ce catalogue est la premi\u00e8re publication scientifique consacr\u00e9e \u00e0 ce sujet avec des contenus in\u00e9dits gr\u00e2ce \u00e0 des oeuvres jamais expos\u00e9es et \u00e0 un important travail de recherche en archives, dont certaines en mains priv\u00e9s.<\/p>\n","protected":false},"excerpt":{"rendered":"<p>LE LIVRE Jusqu&#8217;en 1897, les femmes ne sont pas admises \u00e0 l&#8217;Ecole nationale des Beaux-Arts, notamment \u00e0 cause de la nudit\u00e9 des mod\u00e8les masculins. Les ateliers priv\u00e9s se d\u00e9veloppent alors durant la seconde moiti\u00e9 du xixe si\u00e8cle afin de leur offrir une formation artistique. Jean-Jacques Henner est sollicit\u00e9 en 1874 par son coll\u00e8gue et ami [&hellip;]<\/p>\n","protected":false},"featured_media":46432,"template":"","meta":[],"product_cat":[2948],"product_tag":[],"acf":[],"yoast_head":"<!-- This site is optimized with the Yoast SEO plugin v20.11 - https:\/\/yoast.com\/wordpress\/plugins\/seo\/ -->\n<title>Elles les \u00e9l\u00e8ves de Jean Jacques Henner - Librairie 7L<\/title>\n<meta name=\"robots\" content=\"index, follow, max-snippet:-1, max-image-preview:large, max-video-preview:-1\" \/>\n<link rel=\"canonical\" href=\"https:\/\/librairie7l.com\/en\/produit\/elles-les-eleves-de-jean-jacques-henner-2\/\" \/>\n<meta property=\"og:locale\" content=\"en_US\" \/>\n<meta property=\"og:type\" content=\"article\" \/>\n<meta property=\"og:title\" content=\"Elles les \u00e9l\u00e8ves de Jean Jacques Henner - Librairie 7L\" \/>\n<meta property=\"og:description\" content=\"LE LIVRE Jusqu&#8217;en 1897, les femmes ne sont pas admises \u00e0 l&#8217;Ecole nationale des Beaux-Arts, notamment \u00e0 cause de la nudit\u00e9 des mod\u00e8les masculins. Les ateliers priv\u00e9s se d\u00e9veloppent alors durant la seconde moiti\u00e9 du xixe si\u00e8cle afin de leur offrir une formation artistique. Jean-Jacques Henner est sollicit\u00e9 en 1874 par son coll\u00e8gue et ami [&hellip;]\" \/>\n<meta property=\"og:url\" content=\"https:\/\/librairie7l.com\/en\/produit\/elles-les-eleves-de-jean-jacques-henner-2\/\" \/>\n<meta property=\"og:site_name\" content=\"Librairie 7L\" \/>\n<meta property=\"article:modified_time\" content=\"2026-04-16T13:22:27+00:00\" \/>\n<meta name=\"twitter:card\" content=\"summary_large_image\" \/>\n<meta name=\"twitter:label1\" content=\"Est. reading time\" \/>\n\t<meta name=\"twitter:data1\" content=\"2 minutes\" \/>\n<script type=\"application\/ld+json\" class=\"yoast-schema-graph\">{\"@context\":\"https:\/\/schema.org\",\"@graph\":[{\"@type\":\"WebPage\",\"@id\":\"https:\/\/librairie7l.com\/en\/produit\/elles-les-eleves-de-jean-jacques-henner-2\/\",\"url\":\"https:\/\/librairie7l.com\/en\/produit\/elles-les-eleves-de-jean-jacques-henner-2\/\",\"name\":\"Elles les \u00e9l\u00e8ves de Jean Jacques Henner - Librairie 7L\",\"isPartOf\":{\"@id\":\"https:\/\/librairie7l.com\/en\/#website\"},\"datePublished\":\"2025-01-16T08:18:18+00:00\",\"dateModified\":\"2026-04-16T13:22:27+00:00\",\"breadcrumb\":{\"@id\":\"https:\/\/librairie7l.com\/en\/produit\/elles-les-eleves-de-jean-jacques-henner-2\/#breadcrumb\"},\"inLanguage\":\"en-US\",\"potentialAction\":[{\"@type\":\"ReadAction\",\"target\":[\"https:\/\/librairie7l.com\/en\/produit\/elles-les-eleves-de-jean-jacques-henner-2\/\"]}]},{\"@type\":\"BreadcrumbList\",\"@id\":\"https:\/\/librairie7l.com\/en\/produit\/elles-les-eleves-de-jean-jacques-henner-2\/#breadcrumb\",\"itemListElement\":[{\"@type\":\"ListItem\",\"position\":1,\"name\":\"Accueil\",\"item\":\"https:\/\/librairie7l.com\/en\/\"},{\"@type\":\"ListItem\",\"position\":2,\"name\":\"Shop\",\"item\":\"https:\/\/librairie7l.com\/en\/shop\/\"},{\"@type\":\"ListItem\",\"position\":3,\"name\":\"ELLES LES \u00c9L\u00c8VES DE JEAN JACQUES HENNER\"}]},{\"@type\":\"WebSite\",\"@id\":\"https:\/\/librairie7l.com\/en\/#website\",\"url\":\"https:\/\/librairie7l.com\/en\/\",\"name\":\"Librairie 7L\",\"description\":\"Librairie fond\u00e9e en 1999 par Karl Lagerfeld \u00e0 Paris\",\"publisher\":{\"@id\":\"https:\/\/librairie7l.com\/en\/#organization\"},\"potentialAction\":[{\"@type\":\"SearchAction\",\"target\":{\"@type\":\"EntryPoint\",\"urlTemplate\":\"https:\/\/librairie7l.com\/en\/?s={search_term_string}\"},\"query-input\":\"required name=search_term_string\"}],\"inLanguage\":\"en-US\"},{\"@type\":\"Organization\",\"@id\":\"https:\/\/librairie7l.com\/en\/#organization\",\"name\":\"Librairie 7L\",\"url\":\"https:\/\/librairie7l.com\/en\/\",\"logo\":{\"@type\":\"ImageObject\",\"inLanguage\":\"en-US\",\"@id\":\"https:\/\/librairie7l.com\/en\/#\/schema\/logo\/image\/\",\"url\":\"https:\/\/librairie7l.com\/wp-content\/uploads\/2022\/08\/logo-1.png\",\"contentUrl\":\"https:\/\/librairie7l.com\/wp-content\/uploads\/2022\/08\/logo-1.png\",\"width\":227,\"height\":301,\"caption\":\"Librairie 7L\"},\"image\":{\"@id\":\"https:\/\/librairie7l.com\/en\/#\/schema\/logo\/image\/\"}}]}<\/script>\n<!-- \/ Yoast SEO plugin. -->","yoast_head_json":{"title":"Elles les \u00e9l\u00e8ves de Jean Jacques Henner - Librairie 7L","robots":{"index":"index","follow":"follow","max-snippet":"max-snippet:-1","max-image-preview":"max-image-preview:large","max-video-preview":"max-video-preview:-1"},"canonical":"https:\/\/librairie7l.com\/en\/produit\/elles-les-eleves-de-jean-jacques-henner-2\/","og_locale":"en_US","og_type":"article","og_title":"Elles les \u00e9l\u00e8ves de Jean Jacques Henner - Librairie 7L","og_description":"LE LIVRE Jusqu&#8217;en 1897, les femmes ne sont pas admises \u00e0 l&#8217;Ecole nationale des Beaux-Arts, notamment \u00e0 cause de la nudit\u00e9 des mod\u00e8les masculins. Les ateliers priv\u00e9s se d\u00e9veloppent alors durant la seconde moiti\u00e9 du xixe si\u00e8cle afin de leur offrir une formation artistique. Jean-Jacques Henner est sollicit\u00e9 en 1874 par son coll\u00e8gue et ami [&hellip;]","og_url":"https:\/\/librairie7l.com\/en\/produit\/elles-les-eleves-de-jean-jacques-henner-2\/","og_site_name":"Librairie 7L","article_modified_time":"2026-04-16T13:22:27+00:00","twitter_card":"summary_large_image","twitter_misc":{"Est. reading time":"2 minutes"},"schema":{"@context":"https:\/\/schema.org","@graph":[{"@type":"WebPage","@id":"https:\/\/librairie7l.com\/en\/produit\/elles-les-eleves-de-jean-jacques-henner-2\/","url":"https:\/\/librairie7l.com\/en\/produit\/elles-les-eleves-de-jean-jacques-henner-2\/","name":"Elles les \u00e9l\u00e8ves de Jean Jacques Henner - Librairie 7L","isPartOf":{"@id":"https:\/\/librairie7l.com\/en\/#website"},"datePublished":"2025-01-16T08:18:18+00:00","dateModified":"2026-04-16T13:22:27+00:00","breadcrumb":{"@id":"https:\/\/librairie7l.com\/en\/produit\/elles-les-eleves-de-jean-jacques-henner-2\/#breadcrumb"},"inLanguage":"en-US","potentialAction":[{"@type":"ReadAction","target":["https:\/\/librairie7l.com\/en\/produit\/elles-les-eleves-de-jean-jacques-henner-2\/"]}]},{"@type":"BreadcrumbList","@id":"https:\/\/librairie7l.com\/en\/produit\/elles-les-eleves-de-jean-jacques-henner-2\/#breadcrumb","itemListElement":[{"@type":"ListItem","position":1,"name":"Accueil","item":"https:\/\/librairie7l.com\/en\/"},{"@type":"ListItem","position":2,"name":"Shop","item":"https:\/\/librairie7l.com\/en\/shop\/"},{"@type":"ListItem","position":3,"name":"ELLES LES \u00c9L\u00c8VES DE JEAN JACQUES HENNER"}]},{"@type":"WebSite","@id":"https:\/\/librairie7l.com\/en\/#website","url":"https:\/\/librairie7l.com\/en\/","name":"Librairie 7L","description":"Librairie fond\u00e9e en 1999 par Karl Lagerfeld \u00e0 Paris","publisher":{"@id":"https:\/\/librairie7l.com\/en\/#organization"},"potentialAction":[{"@type":"SearchAction","target":{"@type":"EntryPoint","urlTemplate":"https:\/\/librairie7l.com\/en\/?s={search_term_string}"},"query-input":"required name=search_term_string"}],"inLanguage":"en-US"},{"@type":"Organization","@id":"https:\/\/librairie7l.com\/en\/#organization","name":"Librairie 7L","url":"https:\/\/librairie7l.com\/en\/","logo":{"@type":"ImageObject","inLanguage":"en-US","@id":"https:\/\/librairie7l.com\/en\/#\/schema\/logo\/image\/","url":"https:\/\/librairie7l.com\/wp-content\/uploads\/2022\/08\/logo-1.png","contentUrl":"https:\/\/librairie7l.com\/wp-content\/uploads\/2022\/08\/logo-1.png","width":227,"height":301,"caption":"Librairie 7L"},"image":{"@id":"https:\/\/librairie7l.com\/en\/#\/schema\/logo\/image\/"}}]}},"_links":{"self":[{"href":"https:\/\/librairie7l.com\/en\/wp-json\/wp\/v2\/product\/45492"}],"collection":[{"href":"https:\/\/librairie7l.com\/en\/wp-json\/wp\/v2\/product"}],"about":[{"href":"https:\/\/librairie7l.com\/en\/wp-json\/wp\/v2\/types\/product"}],"wp:featuredmedia":[{"embeddable":true,"href":"https:\/\/librairie7l.com\/en\/wp-json\/wp\/v2\/media\/46432"}],"wp:attachment":[{"href":"https:\/\/librairie7l.com\/en\/wp-json\/wp\/v2\/media?parent=45492"}],"wp:term":[{"taxonomy":"product_cat","embeddable":true,"href":"https:\/\/librairie7l.com\/en\/wp-json\/wp\/v2\/product_cat?post=45492"},{"taxonomy":"product_tag","embeddable":true,"href":"https:\/\/librairie7l.com\/en\/wp-json\/wp\/v2\/product_tag?post=45492"}],"curies":[{"name":"wp","href":"https:\/\/api.w.org\/{rel}","templated":true}]}}