{"id":45496,"date":"2025-01-16T09:18:21","date_gmt":"2025-01-16T08:18:21","guid":{"rendered":"https:\/\/librairie7l.com\/?post_type=product&#038;p=45496"},"modified":"2026-04-10T14:26:54","modified_gmt":"2026-04-10T12:26:54","slug":"fers-forges-immobiliers-en-europe-du-moyen-age-au-xxe-siecle-2","status":"publish","type":"product","link":"https:\/\/librairie7l.com\/en\/produit\/fers-forges-immobiliers-en-europe-du-moyen-age-au-xxe-siecle-2\/","title":{"rendered":"FERS FORG\u00c9S IMMOBILIERS EN EUROPE ; DU MOYEN \u00c2GE AU XXE SI\u00c8CLE"},"content":{"rendered":"<p>Le livre de Bernard Wodon offre un panorama des oeuvres de ferronnerie europ\u00e9ennes du Moyen \u00c2ge au XXe si\u00e8cle et permet de s&#8217;initier, non seulement \u00e0 la technique, mais aussi \u00e0 la lecture graphique de quelques oeuvres jalons.<br \/>\nLa premi\u00e8re partie de l&#8217;ouvrage pr\u00e9sente le m\u00e9tier de ferronnier et sa technique, la deuxi\u00e8me traite des \u00e9poques et de leurs \u00e9coles du XIIe si\u00e8cle au XXe si\u00e8cle, et la troisi\u00e8me partie est consacr\u00e9e \u00e0 la terminologie des formes et des techniques, pr\u00e9sent\u00e9e sous forme de lexique illustr\u00e9, outil totalement in\u00e9dit.<br \/>\nEnviron 400 photographies valorisent la vie de la mati\u00e8re dompt\u00e9e par le travail forcen\u00e9, mais pr\u00e9cis et sensible, du marteau. Certaines d&#8217;entre elles exploitent les fortes oppositions d&#8217;ombre et de lumi\u00e8re. La lecture des oeuvres \u00ab d\u00e9code \u00bb l&#8217;agencement des motifs, leur \u00e9quilibre graphique et l&#8217;ing\u00e9niosit\u00e9 technique de leur assemblage.<br \/>\nCon\u00e7u \u00e0 la fois comme un outil et comme un livre d&#8217;art, tr\u00e8s illustr\u00e9, l&#8217;ouvrage s&#8217;adresse aussi bien aux acteurs du patrimoine, aux serruriersferronniers et aux architectes-restaurateurs qu&#8217;aux historiens d&#8217;art, antiquaires, ornemanistes ou amateurs.<\/p>\n","protected":false},"excerpt":{"rendered":"<p>Le livre de Bernard Wodon offre un panorama des oeuvres de ferronnerie europ\u00e9ennes du Moyen \u00c2ge au XXe si\u00e8cle et permet de s&#8217;initier, non seulement \u00e0 la technique, mais aussi \u00e0 la lecture graphique de quelques oeuvres jalons. La premi\u00e8re partie de l&#8217;ouvrage pr\u00e9sente le m\u00e9tier de ferronnier et sa technique, la deuxi\u00e8me traite des [&hellip;]<\/p>\n","protected":false},"featured_media":45494,"template":"","meta":[],"product_cat":[2948],"product_tag":[],"acf":[],"yoast_head":"<!-- This site is optimized with the Yoast SEO plugin v20.11 - https:\/\/yoast.com\/wordpress\/plugins\/seo\/ -->\n<title>Fers forg\u00e9s immobiliers en Europe ; du Moyen \u00e2ge au XXe si\u00e8cle - Librairie 7L<\/title>\n<meta name=\"robots\" content=\"index, follow, max-snippet:-1, max-image-preview:large, max-video-preview:-1\" \/>\n<link rel=\"canonical\" href=\"https:\/\/librairie7l.com\/en\/produit\/fers-forges-immobiliers-en-europe-du-moyen-age-au-xxe-siecle-2\/\" \/>\n<meta property=\"og:locale\" content=\"en_US\" \/>\n<meta property=\"og:type\" content=\"article\" \/>\n<meta property=\"og:title\" content=\"Fers forg\u00e9s immobiliers en Europe ; du Moyen \u00e2ge au XXe si\u00e8cle - Librairie 7L\" \/>\n<meta property=\"og:description\" content=\"Le livre de Bernard Wodon offre un panorama des oeuvres de ferronnerie europ\u00e9ennes du Moyen \u00c2ge au XXe si\u00e8cle et permet de s&#8217;initier, non seulement \u00e0 la technique, mais aussi \u00e0 la lecture graphique de quelques oeuvres jalons. La premi\u00e8re partie de l&#8217;ouvrage pr\u00e9sente le m\u00e9tier de ferronnier et sa technique, la deuxi\u00e8me traite des [&hellip;]\" \/>\n<meta property=\"og:url\" content=\"https:\/\/librairie7l.com\/en\/produit\/fers-forges-immobiliers-en-europe-du-moyen-age-au-xxe-siecle-2\/\" \/>\n<meta property=\"og:site_name\" content=\"Librairie 7L\" \/>\n<meta property=\"article:modified_time\" content=\"2026-04-10T12:26:54+00:00\" \/>\n<meta property=\"og:image\" content=\"https:\/\/librairie7l.com\/wp-content\/uploads\/2018\/04\/9782878442465_1_75.jpg\" \/>\n\t<meta property=\"og:image:width\" content=\"600\" \/>\n\t<meta property=\"og:image:height\" content=\"802\" \/>\n\t<meta property=\"og:image:type\" content=\"image\/jpeg\" \/>\n<meta name=\"twitter:card\" content=\"summary_large_image\" \/>\n<meta name=\"twitter:label1\" content=\"Est. reading time\" \/>\n\t<meta name=\"twitter:data1\" content=\"1 minute\" \/>\n<script type=\"application\/ld+json\" class=\"yoast-schema-graph\">{\"@context\":\"https:\/\/schema.org\",\"@graph\":[{\"@type\":\"WebPage\",\"@id\":\"https:\/\/librairie7l.com\/en\/produit\/fers-forges-immobiliers-en-europe-du-moyen-age-au-xxe-siecle-2\/\",\"url\":\"https:\/\/librairie7l.com\/en\/produit\/fers-forges-immobiliers-en-europe-du-moyen-age-au-xxe-siecle-2\/\",\"name\":\"Fers forg\u00e9s immobiliers en Europe ; du Moyen \u00e2ge au XXe si\u00e8cle - Librairie 7L\",\"isPartOf\":{\"@id\":\"https:\/\/librairie7l.com\/en\/#website\"},\"datePublished\":\"2025-01-16T08:18:21+00:00\",\"dateModified\":\"2026-04-10T12:26:54+00:00\",\"breadcrumb\":{\"@id\":\"https:\/\/librairie7l.com\/en\/produit\/fers-forges-immobiliers-en-europe-du-moyen-age-au-xxe-siecle-2\/#breadcrumb\"},\"inLanguage\":\"en-US\",\"potentialAction\":[{\"@type\":\"ReadAction\",\"target\":[\"https:\/\/librairie7l.com\/en\/produit\/fers-forges-immobiliers-en-europe-du-moyen-age-au-xxe-siecle-2\/\"]}]},{\"@type\":\"BreadcrumbList\",\"@id\":\"https:\/\/librairie7l.com\/en\/produit\/fers-forges-immobiliers-en-europe-du-moyen-age-au-xxe-siecle-2\/#breadcrumb\",\"itemListElement\":[{\"@type\":\"ListItem\",\"position\":1,\"name\":\"Accueil\",\"item\":\"https:\/\/librairie7l.com\/en\/\"},{\"@type\":\"ListItem\",\"position\":2,\"name\":\"Shop\",\"item\":\"https:\/\/librairie7l.com\/en\/shop\/\"},{\"@type\":\"ListItem\",\"position\":3,\"name\":\"FERS FORG\u00c9S IMMOBILIERS EN EUROPE ; DU MOYEN \u00c2GE AU XXE SI\u00c8CLE\"}]},{\"@type\":\"WebSite\",\"@id\":\"https:\/\/librairie7l.com\/en\/#website\",\"url\":\"https:\/\/librairie7l.com\/en\/\",\"name\":\"Librairie 7L\",\"description\":\"Librairie fond\u00e9e en 1999 par Karl Lagerfeld \u00e0 Paris\",\"publisher\":{\"@id\":\"https:\/\/librairie7l.com\/en\/#organization\"},\"potentialAction\":[{\"@type\":\"SearchAction\",\"target\":{\"@type\":\"EntryPoint\",\"urlTemplate\":\"https:\/\/librairie7l.com\/en\/?s={search_term_string}\"},\"query-input\":\"required name=search_term_string\"}],\"inLanguage\":\"en-US\"},{\"@type\":\"Organization\",\"@id\":\"https:\/\/librairie7l.com\/en\/#organization\",\"name\":\"Librairie 7L\",\"url\":\"https:\/\/librairie7l.com\/en\/\",\"logo\":{\"@type\":\"ImageObject\",\"inLanguage\":\"en-US\",\"@id\":\"https:\/\/librairie7l.com\/en\/#\/schema\/logo\/image\/\",\"url\":\"https:\/\/librairie7l.com\/wp-content\/uploads\/2022\/08\/logo-1.png\",\"contentUrl\":\"https:\/\/librairie7l.com\/wp-content\/uploads\/2022\/08\/logo-1.png\",\"width\":227,\"height\":301,\"caption\":\"Librairie 7L\"},\"image\":{\"@id\":\"https:\/\/librairie7l.com\/en\/#\/schema\/logo\/image\/\"}}]}<\/script>\n<!-- \/ Yoast SEO plugin. -->","yoast_head_json":{"title":"Fers forg\u00e9s immobiliers en Europe ; du Moyen \u00e2ge au XXe si\u00e8cle - Librairie 7L","robots":{"index":"index","follow":"follow","max-snippet":"max-snippet:-1","max-image-preview":"max-image-preview:large","max-video-preview":"max-video-preview:-1"},"canonical":"https:\/\/librairie7l.com\/en\/produit\/fers-forges-immobiliers-en-europe-du-moyen-age-au-xxe-siecle-2\/","og_locale":"en_US","og_type":"article","og_title":"Fers forg\u00e9s immobiliers en Europe ; du Moyen \u00e2ge au XXe si\u00e8cle - Librairie 7L","og_description":"Le livre de Bernard Wodon offre un panorama des oeuvres de ferronnerie europ\u00e9ennes du Moyen \u00c2ge au XXe si\u00e8cle et permet de s&#8217;initier, non seulement \u00e0 la technique, mais aussi \u00e0 la lecture graphique de quelques oeuvres jalons. La premi\u00e8re partie de l&#8217;ouvrage pr\u00e9sente le m\u00e9tier de ferronnier et sa technique, la deuxi\u00e8me traite des [&hellip;]","og_url":"https:\/\/librairie7l.com\/en\/produit\/fers-forges-immobiliers-en-europe-du-moyen-age-au-xxe-siecle-2\/","og_site_name":"Librairie 7L","article_modified_time":"2026-04-10T12:26:54+00:00","og_image":[{"width":600,"height":802,"url":"https:\/\/librairie7l.com\/wp-content\/uploads\/2018\/04\/9782878442465_1_75.jpg","type":"image\/jpeg"}],"twitter_card":"summary_large_image","twitter_misc":{"Est. reading time":"1 minute"},"schema":{"@context":"https:\/\/schema.org","@graph":[{"@type":"WebPage","@id":"https:\/\/librairie7l.com\/en\/produit\/fers-forges-immobiliers-en-europe-du-moyen-age-au-xxe-siecle-2\/","url":"https:\/\/librairie7l.com\/en\/produit\/fers-forges-immobiliers-en-europe-du-moyen-age-au-xxe-siecle-2\/","name":"Fers forg\u00e9s immobiliers en Europe ; du Moyen \u00e2ge au XXe si\u00e8cle - Librairie 7L","isPartOf":{"@id":"https:\/\/librairie7l.com\/en\/#website"},"datePublished":"2025-01-16T08:18:21+00:00","dateModified":"2026-04-10T12:26:54+00:00","breadcrumb":{"@id":"https:\/\/librairie7l.com\/en\/produit\/fers-forges-immobiliers-en-europe-du-moyen-age-au-xxe-siecle-2\/#breadcrumb"},"inLanguage":"en-US","potentialAction":[{"@type":"ReadAction","target":["https:\/\/librairie7l.com\/en\/produit\/fers-forges-immobiliers-en-europe-du-moyen-age-au-xxe-siecle-2\/"]}]},{"@type":"BreadcrumbList","@id":"https:\/\/librairie7l.com\/en\/produit\/fers-forges-immobiliers-en-europe-du-moyen-age-au-xxe-siecle-2\/#breadcrumb","itemListElement":[{"@type":"ListItem","position":1,"name":"Accueil","item":"https:\/\/librairie7l.com\/en\/"},{"@type":"ListItem","position":2,"name":"Shop","item":"https:\/\/librairie7l.com\/en\/shop\/"},{"@type":"ListItem","position":3,"name":"FERS FORG\u00c9S IMMOBILIERS EN EUROPE ; DU MOYEN \u00c2GE AU XXE SI\u00c8CLE"}]},{"@type":"WebSite","@id":"https:\/\/librairie7l.com\/en\/#website","url":"https:\/\/librairie7l.com\/en\/","name":"Librairie 7L","description":"Librairie fond\u00e9e en 1999 par Karl Lagerfeld \u00e0 Paris","publisher":{"@id":"https:\/\/librairie7l.com\/en\/#organization"},"potentialAction":[{"@type":"SearchAction","target":{"@type":"EntryPoint","urlTemplate":"https:\/\/librairie7l.com\/en\/?s={search_term_string}"},"query-input":"required name=search_term_string"}],"inLanguage":"en-US"},{"@type":"Organization","@id":"https:\/\/librairie7l.com\/en\/#organization","name":"Librairie 7L","url":"https:\/\/librairie7l.com\/en\/","logo":{"@type":"ImageObject","inLanguage":"en-US","@id":"https:\/\/librairie7l.com\/en\/#\/schema\/logo\/image\/","url":"https:\/\/librairie7l.com\/wp-content\/uploads\/2022\/08\/logo-1.png","contentUrl":"https:\/\/librairie7l.com\/wp-content\/uploads\/2022\/08\/logo-1.png","width":227,"height":301,"caption":"Librairie 7L"},"image":{"@id":"https:\/\/librairie7l.com\/en\/#\/schema\/logo\/image\/"}}]}},"_links":{"self":[{"href":"https:\/\/librairie7l.com\/en\/wp-json\/wp\/v2\/product\/45496"}],"collection":[{"href":"https:\/\/librairie7l.com\/en\/wp-json\/wp\/v2\/product"}],"about":[{"href":"https:\/\/librairie7l.com\/en\/wp-json\/wp\/v2\/types\/product"}],"wp:featuredmedia":[{"embeddable":true,"href":"https:\/\/librairie7l.com\/en\/wp-json\/wp\/v2\/media\/45494"}],"wp:attachment":[{"href":"https:\/\/librairie7l.com\/en\/wp-json\/wp\/v2\/media?parent=45496"}],"wp:term":[{"taxonomy":"product_cat","embeddable":true,"href":"https:\/\/librairie7l.com\/en\/wp-json\/wp\/v2\/product_cat?post=45496"},{"taxonomy":"product_tag","embeddable":true,"href":"https:\/\/librairie7l.com\/en\/wp-json\/wp\/v2\/product_tag?post=45496"}],"curies":[{"name":"wp","href":"https:\/\/api.w.org\/{rel}","templated":true}]}}